{"id":104859,"date":"2025-12-03T14:24:07","date_gmt":"2025-12-03T14:24:07","guid":{"rendered":"https:\/\/lovme.pt\/?post_type=product&p=104859"},"modified":"2026-02-19T20:07:22","modified_gmt":"2026-02-19T20:07:22","slug":"satisfyer-pure-gravity-1-dildo-de-aco-inoxidavel-com-duas-extremidades","status":"publish","type":"product","link":"https:\/\/lovme.pt\/index.php\/produto\/satisfyer-pure-gravity-1-dildo-de-aco-inoxidavel-com-duas-extremidades\/","title":{"rendered":"SATISFYER &#8211; PURE GRAVITY 1 DILDO DE A\u00c7O INOXID\u00c1VEL COM DUAS EXTREMIDADES"},"content":{"rendered":"<p>Experimente um novo tipo de atra\u00e7\u00e3o irresist\u00edvel com Pure Gravity 1. Este vibrador sensualmente curvado, feito de a\u00e7o inoxid\u00e1vel de alta qualidade, guia voc\u00ea elegantemente para o \u00eaxtase \u2014 projetado para todos que desejam experimentar o prazer em sua mais pura perfei\u00e7\u00e3o.<\/p>\n<ul>\n<li> Fabricado em a\u00e7o inoxid\u00e1vel robusto e de alta qualidade.<\/li>\n<li> Material resistente \u00e0 temperatura, perfeito para explorar sensa\u00e7\u00f5es de quente e frio.<\/li>\n<li> Com formato perfeito para alcan\u00e7ar o ponto G e proporcionar uma estimula\u00e7\u00e3o intensa.<\/li>\n<li> Utiliz\u00e1vel em ambas as extremidades<\/li>\n<li> F\u00e1cil de limpar<\/li>\n<li> A\u00e7o inoxid\u00e1vel maci\u00e7o<\/li>\n<li> Prazer intenso gra\u00e7as ao seu peso consider\u00e1vel.<\/li>\n<\/ul>\n<p> <strong>for\u00e7a gravitacional ext\u00e1tica<\/strong><\/p>\n<p> Experimente a pura sensualidade com Pure Gravity 1, um vibrador de a\u00e7o inoxid\u00e1vel com curvas elegantes que leva o seu prazer a uma nova dimens\u00e3o. Seu formato ergon\u00f4mico acompanha as curvas naturais do seu corpo, proporcionando estimula\u00e7\u00e3o precisa do ponto G e do clit\u00f3ris. O peso impressionante do Pure Gravity 1 cria uma press\u00e3o profunda e satisfat\u00f3ria que amplifica cada movimento, proporcionando uma sensa\u00e7\u00e3o de prazer intensa e sem esfor\u00e7o.<\/p>\n<p> Este vibrador \u00e9 feito de a\u00e7o inoxid\u00e1vel precioso e de alta qualidade, que \u00e9 ao mesmo tempo dur\u00e1vel e elegante. Sua superf\u00edcie lisa e higi\u00eanica n\u00e3o se desgasta, independentemente da frequ\u00eancia de uso ou limpeza. O Pure Gravity 1 \u00e9 compat\u00edvel com qualquer lubrificante \u2014 \u00e0 base de \u00e1gua, silicone ou \u00f3leo.<\/p>\n<p> Aque\u00e7a-o em \u00e1gua quente para um deslizamento relaxante e sensual que solta os m\u00fasculos, ou resfrie-o na geladeira e proporcione a si mesmo ou ao seu parceiro uma experi\u00eancia estimulante com diferentes temperaturas. Com Pure Gravity 1, o prazer leva voc\u00ea a novas dimens\u00f5es c\u00f3smicas. Do primeiro toque na pele ao orgasmo \u2014 estimula\u00e7\u00e3o pura e completa.<\/p>\n<p> <strong>brincadeira apaixonada com temperatura<\/strong><\/p>\n<p> Explore sensa\u00e7\u00f5es t\u00e9rmicas emocionantes: quente para relaxar e se entregar, ou frio para despertar uma excita\u00e7\u00e3o vibrante e formigante. Pure Gravity 1 convida voc\u00ea a brincar, experimentar e se render a prazeres inesperados que far\u00e3o voc\u00ea flutuar. Deixe a gravidade fazer o trabalho \u2014 e o prazer tomar conta por completo.<\/p>\n","protected":false},"excerpt":{"rendered":"<p>SATISFYER &#8211; PURE GRAVITY 1 DILDO DE A\u00c7O INOXID\u00c1VEL COM DUAS EXTREMIDADES<\/p>\n","protected":false},"featured_media":104860,"template":"","meta":{"_acf_changed":false},"product_brand":[],"product_cat":[17,56],"product_tag":[],"class_list":{"0":"post-104859","1":"product","2":"type-product","3":"status-publish","4":"has-post-thumbnail","6":"product_cat-brinquedos-de-bem-estar-sexual","7":"product_cat-dildos-e-arneses","8":"yith_product_brand-satisfyer","9":"yith_product_brand-satisfyer-satisfyer-dildo","11":"first","12":"instock","13":"taxable","14":"shipping-taxable","15":"purchasable","16":"product-type-simple"},"acf":[],"yoast_head":"<!-- This site is optimized with the Yoast SEO plugin v27.4 - https:\/\/yoast.com\/product\/yoast-seo-wordpress\/ -->\n<title>SATISFYER - PURE GRAVITY 1 DILDO DE A\u00c7O INOXID\u00c1VEL COM DUAS EXTREMIDADES - Lovme<\/title>\n<meta name=\"robots\" content=\"index, follow, max-snippet:-1, max-image-preview:large, max-video-preview:-1\" \/>\n<link rel=\"canonical\" href=\"https:\/\/lovme.pt\/index.php\/produto\/satisfyer-pure-gravity-1-dildo-de-aco-inoxidavel-com-duas-extremidades\/\" \/>\n<meta property=\"og:locale\" content=\"pt_PT\" \/>\n<meta property=\"og:type\" content=\"article\" \/>\n<meta property=\"og:title\" content=\"SATISFYER - PURE GRAVITY 1 DILDO DE A\u00c7O INOXID\u00c1VEL COM DUAS EXTREMIDADES - Lovme\" \/>\n<meta property=\"og:description\" content=\"SATISFYER - PURE GRAVITY 1 DILDO DE A\u00c7O INOXID\u00c1VEL COM DUAS EXTREMIDADES\" \/>\n<meta property=\"og:url\" content=\"https:\/\/lovme.pt\/index.php\/produto\/satisfyer-pure-gravity-1-dildo-de-aco-inoxidavel-com-duas-extremidades\/\" \/>\n<meta property=\"og:site_name\" content=\"Lovme\" \/>\n<meta property=\"article:modified_time\" content=\"2026-02-19T20:07:22+00:00\" \/>\n<meta property=\"og:image\" content=\"https:\/\/erki24nd3ub.exactdn.com\/wp-content\/uploads\/dream\/img\/img_217750_e9f1e15df94c10a7766b137ae2c40ac8_1.jpg?strip=all\" \/>\n\t<meta property=\"og:image:width\" content=\"900\" \/>\n\t<meta property=\"og:image:height\" content=\"900\" \/>\n\t<meta property=\"og:image:type\" content=\"image\/jpeg\" \/>\n<meta name=\"twitter:card\" content=\"summary_large_image\" \/>\n<meta name=\"twitter:label1\" content=\"Tempo estimado de leitura\" \/>\n\t<meta name=\"twitter:data1\" content=\"2 minutos\" \/>\n<script type=\"application\/ld+json\" class=\"yoast-schema-graph\">{\"@context\":\"https:\\\/\\\/schema.org\",\"@graph\":[{\"@type\":\"WebPage\",\"@id\":\"https:\\\/\\\/lovme.pt\\\/index.php\\\/produto\\\/satisfyer-pure-gravity-1-dildo-de-aco-inoxidavel-com-duas-extremidades\\\/\",\"url\":\"https:\\\/\\\/lovme.pt\\\/index.php\\\/produto\\\/satisfyer-pure-gravity-1-dildo-de-aco-inoxidavel-com-duas-extremidades\\\/\",\"name\":\"SATISFYER - PURE GRAVITY 1 DILDO DE A\u00c7O INOXID\u00c1VEL COM DUAS EXTREMIDADES - Lovme\",\"isPartOf\":{\"@id\":\"https:\\\/\\\/lovme.pt\\\/#website\"},\"primaryImageOfPage\":{\"@id\":\"https:\\\/\\\/lovme.pt\\\/index.php\\\/produto\\\/satisfyer-pure-gravity-1-dildo-de-aco-inoxidavel-com-duas-extremidades\\\/#primaryimage\"},\"image\":{\"@id\":\"https:\\\/\\\/lovme.pt\\\/index.php\\\/produto\\\/satisfyer-pure-gravity-1-dildo-de-aco-inoxidavel-com-duas-extremidades\\\/#primaryimage\"},\"thumbnailUrl\":\"https:\\\/\\\/erki24nd3ub.exactdn.com\\\/wp-content\\\/uploads\\\/dream\\\/img\\\/img_217750_e9f1e15df94c10a7766b137ae2c40ac8_1.jpg?strip=all\",\"datePublished\":\"2025-12-03T14:24:07+00:00\",\"dateModified\":\"2026-02-19T20:07:22+00:00\",\"breadcrumb\":{\"@id\":\"https:\\\/\\\/lovme.pt\\\/index.php\\\/produto\\\/satisfyer-pure-gravity-1-dildo-de-aco-inoxidavel-com-duas-extremidades\\\/#breadcrumb\"},\"inLanguage\":\"pt-PT\",\"potentialAction\":[{\"@type\":\"ReadAction\",\"target\":[\"https:\\\/\\\/lovme.pt\\\/index.php\\\/produto\\\/satisfyer-pure-gravity-1-dildo-de-aco-inoxidavel-com-duas-extremidades\\\/\"]}]},{\"@type\":\"ImageObject\",\"inLanguage\":\"pt-PT\",\"@id\":\"https:\\\/\\\/lovme.pt\\\/index.php\\\/produto\\\/satisfyer-pure-gravity-1-dildo-de-aco-inoxidavel-com-duas-extremidades\\\/#primaryimage\",\"url\":\"https:\\\/\\\/erki24nd3ub.exactdn.com\\\/wp-content\\\/uploads\\\/dream\\\/img\\\/img_217750_e9f1e15df94c10a7766b137ae2c40ac8_1.jpg?strip=all\",\"contentUrl\":\"https:\\\/\\\/erki24nd3ub.exactdn.com\\\/wp-content\\\/uploads\\\/dream\\\/img\\\/img_217750_e9f1e15df94c10a7766b137ae2c40ac8_1.jpg?strip=all\",\"width\":900,\"height\":900},{\"@type\":\"BreadcrumbList\",\"@id\":\"https:\\\/\\\/lovme.pt\\\/index.php\\\/produto\\\/satisfyer-pure-gravity-1-dildo-de-aco-inoxidavel-com-duas-extremidades\\\/#breadcrumb\",\"itemListElement\":[{\"@type\":\"ListItem\",\"position\":1,\"name\":\"In\u00edcio\",\"item\":\"https:\\\/\\\/lovme.pt\\\/\"},{\"@type\":\"ListItem\",\"position\":2,\"name\":\"Loja\",\"item\":\"https:\\\/\\\/lovme.pt\\\/index.php\\\/loja\\\/\"},{\"@type\":\"ListItem\",\"position\":3,\"name\":\"SATISFYER &#8211; PURE GRAVITY 1 DILDO DE A\u00c7O INOXID\u00c1VEL COM DUAS EXTREMIDADES\"}]},{\"@type\":\"WebSite\",\"@id\":\"https:\\\/\\\/lovme.pt\\\/#website\",\"url\":\"https:\\\/\\\/lovme.pt\\\/\",\"name\":\"Lovme Loja Er\u00f3tica N\u00ba1 em Portugal\",\"description\":\"A melhor loja er\u00f3tica de Portugal.\",\"alternateName\":\"Loja Er\u00f3tica Lovme\",\"potentialAction\":[{\"@type\":\"SearchAction\",\"target\":{\"@type\":\"EntryPoint\",\"urlTemplate\":\"https:\\\/\\\/lovme.pt\\\/?s={search_term_string}\"},\"query-input\":{\"@type\":\"PropertyValueSpecification\",\"valueRequired\":true,\"valueName\":\"search_term_string\"}}],\"inLanguage\":\"pt-PT\"}]}<\/script>\n<!-- \/ Yoast SEO plugin. -->","yoast_head_json":{"title":"SATISFYER - PURE GRAVITY 1 DILDO DE A\u00c7O INOXID\u00c1VEL COM DUAS EXTREMIDADES - Lovme","robots":{"index":"index","follow":"follow","max-snippet":"max-snippet:-1","max-image-preview":"max-image-preview:large","max-video-preview":"max-video-preview:-1"},"canonical":"https:\/\/lovme.pt\/index.php\/produto\/satisfyer-pure-gravity-1-dildo-de-aco-inoxidavel-com-duas-extremidades\/","og_locale":"pt_PT","og_type":"article","og_title":"SATISFYER - PURE GRAVITY 1 DILDO DE A\u00c7O INOXID\u00c1VEL COM DUAS EXTREMIDADES - Lovme","og_description":"SATISFYER - PURE GRAVITY 1 DILDO DE A\u00c7O INOXID\u00c1VEL COM DUAS EXTREMIDADES","og_url":"https:\/\/lovme.pt\/index.php\/produto\/satisfyer-pure-gravity-1-dildo-de-aco-inoxidavel-com-duas-extremidades\/","og_site_name":"Lovme","article_modified_time":"2026-02-19T20:07:22+00:00","og_image":[{"width":900,"height":900,"url":"https:\/\/erki24nd3ub.exactdn.com\/wp-content\/uploads\/dream\/img\/img_217750_e9f1e15df94c10a7766b137ae2c40ac8_1.jpg?strip=all","type":"image\/jpeg"}],"twitter_card":"summary_large_image","twitter_misc":{"Tempo estimado de leitura":"2 minutos"},"schema":{"@context":"https:\/\/schema.org","@graph":[{"@type":"WebPage","@id":"https:\/\/lovme.pt\/index.php\/produto\/satisfyer-pure-gravity-1-dildo-de-aco-inoxidavel-com-duas-extremidades\/","url":"https:\/\/lovme.pt\/index.php\/produto\/satisfyer-pure-gravity-1-dildo-de-aco-inoxidavel-com-duas-extremidades\/","name":"SATISFYER - PURE GRAVITY 1 DILDO DE A\u00c7O INOXID\u00c1VEL COM DUAS EXTREMIDADES - Lovme","isPartOf":{"@id":"https:\/\/lovme.pt\/#website"},"primaryImageOfPage":{"@id":"https:\/\/lovme.pt\/index.php\/produto\/satisfyer-pure-gravity-1-dildo-de-aco-inoxidavel-com-duas-extremidades\/#primaryimage"},"image":{"@id":"https:\/\/lovme.pt\/index.php\/produto\/satisfyer-pure-gravity-1-dildo-de-aco-inoxidavel-com-duas-extremidades\/#primaryimage"},"thumbnailUrl":"https:\/\/erki24nd3ub.exactdn.com\/wp-content\/uploads\/dream\/img\/img_217750_e9f1e15df94c10a7766b137ae2c40ac8_1.jpg?strip=all","datePublished":"2025-12-03T14:24:07+00:00","dateModified":"2026-02-19T20:07:22+00:00","breadcrumb":{"@id":"https:\/\/lovme.pt\/index.php\/produto\/satisfyer-pure-gravity-1-dildo-de-aco-inoxidavel-com-duas-extremidades\/#breadcrumb"},"inLanguage":"pt-PT","potentialAction":[{"@type":"ReadAction","target":["https:\/\/lovme.pt\/index.php\/produto\/satisfyer-pure-gravity-1-dildo-de-aco-inoxidavel-com-duas-extremidades\/"]}]},{"@type":"ImageObject","inLanguage":"pt-PT","@id":"https:\/\/lovme.pt\/index.php\/produto\/satisfyer-pure-gravity-1-dildo-de-aco-inoxidavel-com-duas-extremidades\/#primaryimage","url":"https:\/\/erki24nd3ub.exactdn.com\/wp-content\/uploads\/dream\/img\/img_217750_e9f1e15df94c10a7766b137ae2c40ac8_1.jpg?strip=all","contentUrl":"https:\/\/erki24nd3ub.exactdn.com\/wp-content\/uploads\/dream\/img\/img_217750_e9f1e15df94c10a7766b137ae2c40ac8_1.jpg?strip=all","width":900,"height":900},{"@type":"BreadcrumbList","@id":"https:\/\/lovme.pt\/index.php\/produto\/satisfyer-pure-gravity-1-dildo-de-aco-inoxidavel-com-duas-extremidades\/#breadcrumb","itemListElement":[{"@type":"ListItem","position":1,"name":"In\u00edcio","item":"https:\/\/lovme.pt\/"},{"@type":"ListItem","position":2,"name":"Loja","item":"https:\/\/lovme.pt\/index.php\/loja\/"},{"@type":"ListItem","position":3,"name":"SATISFYER &#8211; PURE GRAVITY 1 DILDO DE A\u00c7O INOXID\u00c1VEL COM DUAS EXTREMIDADES"}]},{"@type":"WebSite","@id":"https:\/\/lovme.pt\/#website","url":"https:\/\/lovme.pt\/","name":"Lovme Loja Er\u00f3tica N\u00ba1 em Portugal","description":"A melhor loja er\u00f3tica de Portugal.","alternateName":"Loja Er\u00f3tica Lovme","potentialAction":[{"@type":"SearchAction","target":{"@type":"EntryPoint","urlTemplate":"https:\/\/lovme.pt\/?s={search_term_string}"},"query-input":{"@type":"PropertyValueSpecification","valueRequired":true,"valueName":"search_term_string"}}],"inLanguage":"pt-PT"}]}},"_links":{"self":[{"href":"https:\/\/lovme.pt\/index.php\/wp-json\/wp\/v2\/product\/104859","targetHints":{"allow":["GET"]}}],"collection":[{"href":"https:\/\/lovme.pt\/index.php\/wp-json\/wp\/v2\/product"}],"about":[{"href":"https:\/\/lovme.pt\/index.php\/wp-json\/wp\/v2\/types\/product"}],"wp:featuredmedia":[{"embeddable":true,"href":"https:\/\/lovme.pt\/index.php\/wp-json\/wp\/v2\/media\/104860"}],"wp:attachment":[{"href":"https:\/\/lovme.pt\/index.php\/wp-json\/wp\/v2\/media?parent=104859"}],"wp:term":[{"taxonomy":"product_brand","embeddable":true,"href":"https:\/\/lovme.pt\/index.php\/wp-json\/wp\/v2\/product_brand?post=104859"},{"taxonomy":"product_cat","embeddable":true,"href":"https:\/\/lovme.pt\/index.php\/wp-json\/wp\/v2\/product_cat?post=104859"},{"taxonomy":"product_tag","embeddable":true,"href":"https:\/\/lovme.pt\/index.php\/wp-json\/wp\/v2\/product_tag?post=104859"}],"curies":[{"name":"wp","href":"https:\/\/api.w.org\/{rel}","templated":true}]}}