{"id":104853,"date":"2025-12-03T14:24:02","date_gmt":"2025-12-03T14:24:02","guid":{"rendered":"https:\/\/lovme.pt\/?post_type=product&p=104853"},"modified":"2026-02-19T20:07:22","modified_gmt":"2026-02-19T20:07:22","slug":"satisfyer-cosmic-crest-2-dildo-de-aco-inoxidavel-com-duas-extremidades","status":"publish","type":"product","link":"https:\/\/lovme.pt\/index.php\/produto\/satisfyer-cosmic-crest-2-dildo-de-aco-inoxidavel-com-duas-extremidades\/","title":{"rendered":"SATISFYER &#8211; COSMIC CREST 2 DILDO DE A\u00c7O INOXID\u00c1VEL COM DUAS EXTREMIDADES"},"content":{"rendered":"<p>Pronta para decolar? O Cosmic Crest 2 leva voc\u00ea a uma jornada aventureira pela Via L\u00e1ctea do prazer. Descubra novas gal\u00e1xias de deleite com este belo vibrador de a\u00e7o inoxid\u00e1vel, feito de um material dur\u00e1vel e sedutor.<\/p>\n<ul>\n<li> Fabricado em a\u00e7o inoxid\u00e1vel dur\u00e1vel e de alta qualidade.<\/li>\n<li> Ideal para explorar brincadeiras em temperaturas frias e quentes.<\/li>\n<li> Com formato ideal para alcan\u00e7ar o ponto G e proporcionar uma estimula\u00e7\u00e3o intensa.<\/li>\n<li> Utiliz\u00e1vel em ambas as extremidades<\/li>\n<li> F\u00e1cil de limpar<\/li>\n<li> A\u00e7o inoxid\u00e1vel maci\u00e7o<\/li>\n<li> Estimula\u00e7\u00e3o sensual do ponto G<\/li>\n<li> Design robusto para um prazer intenso<\/li>\n<\/ul>\n<p> <strong>Ondas de prazer, esculpidas em a\u00e7o.<\/strong><\/p>\n<p> O Satisfyer Cosmic Crest 2 convida voc\u00ea para uma jornada interestelar de puro \u00eaxtase. Esculpido em a\u00e7o inoxid\u00e1vel s\u00f3lido e elegante, com uma textura ondulada hipn\u00f3tica, este vibrador de a\u00e7o sofisticado oferece estimula\u00e7\u00e3o profunda e r\u00edtmica, direcionada \u00e0s suas zonas \u00edntimas mais sens\u00edveis \u2014 especialmente o ponto G. Cada curva, cada ondula\u00e7\u00e3o, foi projetada para intensificar seu prazer com precis\u00e3o.<\/p>\n<p> Gra\u00e7as \u00e0 sua superf\u00edcie ultramacia e higi\u00eanica, o Cosmic Crest 2 desliza sem esfor\u00e7o com ou sem lubrificante e \u00e9 perfeito para brincadeiras com temperatura. Basta aquec\u00ea-lo ou resfri\u00e1-lo para explorar um espectro totalmente novo de sensa\u00e7\u00f5es. Compacto (20,5 cm) e projetado para um manuseio confort\u00e1vel, \u00e9 tanto uma pe\u00e7a esteticamente deslumbrante quanto um instrumento de prazer duradouro. Resistente, hipoalerg\u00eanico e infinitamente reutiliz\u00e1vel, o Cosmic Crest 2 proporciona intimidade de alta qualidade que n\u00e3o apenas proporciona uma sensa\u00e7\u00e3o agrad\u00e1vel, mas sim absolutamente incr\u00edvel.<\/p>\n<p> <strong>Experimente a sensa\u00e7\u00e3o de leveza do \u00eaxtase.<\/strong><\/p>\n<p> Seja voc\u00ea um astronauta experiente ou esteja apenas come\u00e7ando sua aventura, o Cosmic Crest 2 oferece um universo de possibilidades de estimula\u00e7\u00e3o. \u00c9 f\u00e1cil de limpar com \u00e1gua morna e um pouco de higienizador de brinquedos, permitindo que voc\u00ea se concentre inteiramente no seu prazer. Deixe-se seduzir por seu formato \u00fanico e charme c\u00f3smico e descubra a sensualidade infinita.<\/p>\n","protected":false},"excerpt":{"rendered":"<p>SATISFYER &#8211; COSMIC CREST 2 DILDO DE A\u00c7O INOXID\u00c1VEL COM DUAS EXTREMIDADES<\/p>\n","protected":false},"featured_media":104854,"template":"","meta":{"_acf_changed":false},"product_brand":[],"product_cat":[17,56],"product_tag":[],"class_list":{"0":"post-104853","1":"product","2":"type-product","3":"status-publish","4":"has-post-thumbnail","6":"product_cat-brinquedos-de-bem-estar-sexual","7":"product_cat-dildos-e-arneses","8":"yith_product_brand-satisfyer","9":"yith_product_brand-satisfyer-satisfyer-dildo","11":"first","12":"instock","13":"taxable","14":"shipping-taxable","15":"purchasable","16":"product-type-simple"},"acf":[],"yoast_head":"<!-- This site is optimized with the Yoast SEO plugin v27.4 - https:\/\/yoast.com\/product\/yoast-seo-wordpress\/ -->\n<title>SATISFYER - COSMIC CREST 2 DILDO DE A\u00c7O INOXID\u00c1VEL COM DUAS EXTREMIDADES - Lovme<\/title>\n<meta name=\"robots\" content=\"index, follow, max-snippet:-1, max-image-preview:large, max-video-preview:-1\" \/>\n<link rel=\"canonical\" href=\"https:\/\/lovme.pt\/index.php\/produto\/satisfyer-cosmic-crest-2-dildo-de-aco-inoxidavel-com-duas-extremidades\/\" \/>\n<meta property=\"og:locale\" content=\"pt_PT\" \/>\n<meta property=\"og:type\" content=\"article\" \/>\n<meta property=\"og:title\" content=\"SATISFYER - COSMIC CREST 2 DILDO DE A\u00c7O INOXID\u00c1VEL COM DUAS EXTREMIDADES - Lovme\" \/>\n<meta property=\"og:description\" content=\"SATISFYER - COSMIC CREST 2 DILDO DE A\u00c7O INOXID\u00c1VEL COM DUAS EXTREMIDADES\" \/>\n<meta property=\"og:url\" content=\"https:\/\/lovme.pt\/index.php\/produto\/satisfyer-cosmic-crest-2-dildo-de-aco-inoxidavel-com-duas-extremidades\/\" \/>\n<meta property=\"og:site_name\" content=\"Lovme\" \/>\n<meta property=\"article:modified_time\" content=\"2026-02-19T20:07:22+00:00\" \/>\n<meta property=\"og:image\" content=\"https:\/\/erki24nd3ub.exactdn.com\/wp-content\/uploads\/dream\/img\/img_217742_da27763ee889ca7e4bef9a867c2f4f3c_1.jpg?strip=all\" \/>\n\t<meta property=\"og:image:width\" content=\"900\" \/>\n\t<meta property=\"og:image:height\" content=\"900\" \/>\n\t<meta property=\"og:image:type\" content=\"image\/jpeg\" \/>\n<meta name=\"twitter:card\" content=\"summary_large_image\" \/>\n<meta name=\"twitter:label1\" content=\"Tempo estimado de leitura\" \/>\n\t<meta name=\"twitter:data1\" content=\"2 minutos\" \/>\n<script type=\"application\/ld+json\" class=\"yoast-schema-graph\">{\"@context\":\"https:\\\/\\\/schema.org\",\"@graph\":[{\"@type\":\"WebPage\",\"@id\":\"https:\\\/\\\/lovme.pt\\\/index.php\\\/produto\\\/satisfyer-cosmic-crest-2-dildo-de-aco-inoxidavel-com-duas-extremidades\\\/\",\"url\":\"https:\\\/\\\/lovme.pt\\\/index.php\\\/produto\\\/satisfyer-cosmic-crest-2-dildo-de-aco-inoxidavel-com-duas-extremidades\\\/\",\"name\":\"SATISFYER - COSMIC CREST 2 DILDO DE A\u00c7O INOXID\u00c1VEL COM DUAS EXTREMIDADES - Lovme\",\"isPartOf\":{\"@id\":\"https:\\\/\\\/lovme.pt\\\/#website\"},\"primaryImageOfPage\":{\"@id\":\"https:\\\/\\\/lovme.pt\\\/index.php\\\/produto\\\/satisfyer-cosmic-crest-2-dildo-de-aco-inoxidavel-com-duas-extremidades\\\/#primaryimage\"},\"image\":{\"@id\":\"https:\\\/\\\/lovme.pt\\\/index.php\\\/produto\\\/satisfyer-cosmic-crest-2-dildo-de-aco-inoxidavel-com-duas-extremidades\\\/#primaryimage\"},\"thumbnailUrl\":\"https:\\\/\\\/erki24nd3ub.exactdn.com\\\/wp-content\\\/uploads\\\/dream\\\/img\\\/img_217742_da27763ee889ca7e4bef9a867c2f4f3c_1.jpg?strip=all\",\"datePublished\":\"2025-12-03T14:24:02+00:00\",\"dateModified\":\"2026-02-19T20:07:22+00:00\",\"breadcrumb\":{\"@id\":\"https:\\\/\\\/lovme.pt\\\/index.php\\\/produto\\\/satisfyer-cosmic-crest-2-dildo-de-aco-inoxidavel-com-duas-extremidades\\\/#breadcrumb\"},\"inLanguage\":\"pt-PT\",\"potentialAction\":[{\"@type\":\"ReadAction\",\"target\":[\"https:\\\/\\\/lovme.pt\\\/index.php\\\/produto\\\/satisfyer-cosmic-crest-2-dildo-de-aco-inoxidavel-com-duas-extremidades\\\/\"]}]},{\"@type\":\"ImageObject\",\"inLanguage\":\"pt-PT\",\"@id\":\"https:\\\/\\\/lovme.pt\\\/index.php\\\/produto\\\/satisfyer-cosmic-crest-2-dildo-de-aco-inoxidavel-com-duas-extremidades\\\/#primaryimage\",\"url\":\"https:\\\/\\\/erki24nd3ub.exactdn.com\\\/wp-content\\\/uploads\\\/dream\\\/img\\\/img_217742_da27763ee889ca7e4bef9a867c2f4f3c_1.jpg?strip=all\",\"contentUrl\":\"https:\\\/\\\/erki24nd3ub.exactdn.com\\\/wp-content\\\/uploads\\\/dream\\\/img\\\/img_217742_da27763ee889ca7e4bef9a867c2f4f3c_1.jpg?strip=all\",\"width\":900,\"height\":900},{\"@type\":\"BreadcrumbList\",\"@id\":\"https:\\\/\\\/lovme.pt\\\/index.php\\\/produto\\\/satisfyer-cosmic-crest-2-dildo-de-aco-inoxidavel-com-duas-extremidades\\\/#breadcrumb\",\"itemListElement\":[{\"@type\":\"ListItem\",\"position\":1,\"name\":\"In\u00edcio\",\"item\":\"https:\\\/\\\/lovme.pt\\\/\"},{\"@type\":\"ListItem\",\"position\":2,\"name\":\"Loja\",\"item\":\"https:\\\/\\\/lovme.pt\\\/index.php\\\/loja\\\/\"},{\"@type\":\"ListItem\",\"position\":3,\"name\":\"SATISFYER &#8211; COSMIC CREST 2 DILDO DE A\u00c7O INOXID\u00c1VEL COM DUAS EXTREMIDADES\"}]},{\"@type\":\"WebSite\",\"@id\":\"https:\\\/\\\/lovme.pt\\\/#website\",\"url\":\"https:\\\/\\\/lovme.pt\\\/\",\"name\":\"Lovme Loja Er\u00f3tica N\u00ba1 em Portugal\",\"description\":\"A melhor loja er\u00f3tica de Portugal.\",\"alternateName\":\"Loja Er\u00f3tica Lovme\",\"potentialAction\":[{\"@type\":\"SearchAction\",\"target\":{\"@type\":\"EntryPoint\",\"urlTemplate\":\"https:\\\/\\\/lovme.pt\\\/?s={search_term_string}\"},\"query-input\":{\"@type\":\"PropertyValueSpecification\",\"valueRequired\":true,\"valueName\":\"search_term_string\"}}],\"inLanguage\":\"pt-PT\"}]}<\/script>\n<!-- \/ Yoast SEO plugin. -->","yoast_head_json":{"title":"SATISFYER - COSMIC CREST 2 DILDO DE A\u00c7O INOXID\u00c1VEL COM DUAS EXTREMIDADES - Lovme","robots":{"index":"index","follow":"follow","max-snippet":"max-snippet:-1","max-image-preview":"max-image-preview:large","max-video-preview":"max-video-preview:-1"},"canonical":"https:\/\/lovme.pt\/index.php\/produto\/satisfyer-cosmic-crest-2-dildo-de-aco-inoxidavel-com-duas-extremidades\/","og_locale":"pt_PT","og_type":"article","og_title":"SATISFYER - COSMIC CREST 2 DILDO DE A\u00c7O INOXID\u00c1VEL COM DUAS EXTREMIDADES - Lovme","og_description":"SATISFYER - COSMIC CREST 2 DILDO DE A\u00c7O INOXID\u00c1VEL COM DUAS EXTREMIDADES","og_url":"https:\/\/lovme.pt\/index.php\/produto\/satisfyer-cosmic-crest-2-dildo-de-aco-inoxidavel-com-duas-extremidades\/","og_site_name":"Lovme","article_modified_time":"2026-02-19T20:07:22+00:00","og_image":[{"width":900,"height":900,"url":"https:\/\/erki24nd3ub.exactdn.com\/wp-content\/uploads\/dream\/img\/img_217742_da27763ee889ca7e4bef9a867c2f4f3c_1.jpg?strip=all","type":"image\/jpeg"}],"twitter_card":"summary_large_image","twitter_misc":{"Tempo estimado de leitura":"2 minutos"},"schema":{"@context":"https:\/\/schema.org","@graph":[{"@type":"WebPage","@id":"https:\/\/lovme.pt\/index.php\/produto\/satisfyer-cosmic-crest-2-dildo-de-aco-inoxidavel-com-duas-extremidades\/","url":"https:\/\/lovme.pt\/index.php\/produto\/satisfyer-cosmic-crest-2-dildo-de-aco-inoxidavel-com-duas-extremidades\/","name":"SATISFYER - COSMIC CREST 2 DILDO DE A\u00c7O INOXID\u00c1VEL COM DUAS EXTREMIDADES - Lovme","isPartOf":{"@id":"https:\/\/lovme.pt\/#website"},"primaryImageOfPage":{"@id":"https:\/\/lovme.pt\/index.php\/produto\/satisfyer-cosmic-crest-2-dildo-de-aco-inoxidavel-com-duas-extremidades\/#primaryimage"},"image":{"@id":"https:\/\/lovme.pt\/index.php\/produto\/satisfyer-cosmic-crest-2-dildo-de-aco-inoxidavel-com-duas-extremidades\/#primaryimage"},"thumbnailUrl":"https:\/\/erki24nd3ub.exactdn.com\/wp-content\/uploads\/dream\/img\/img_217742_da27763ee889ca7e4bef9a867c2f4f3c_1.jpg?strip=all","datePublished":"2025-12-03T14:24:02+00:00","dateModified":"2026-02-19T20:07:22+00:00","breadcrumb":{"@id":"https:\/\/lovme.pt\/index.php\/produto\/satisfyer-cosmic-crest-2-dildo-de-aco-inoxidavel-com-duas-extremidades\/#breadcrumb"},"inLanguage":"pt-PT","potentialAction":[{"@type":"ReadAction","target":["https:\/\/lovme.pt\/index.php\/produto\/satisfyer-cosmic-crest-2-dildo-de-aco-inoxidavel-com-duas-extremidades\/"]}]},{"@type":"ImageObject","inLanguage":"pt-PT","@id":"https:\/\/lovme.pt\/index.php\/produto\/satisfyer-cosmic-crest-2-dildo-de-aco-inoxidavel-com-duas-extremidades\/#primaryimage","url":"https:\/\/erki24nd3ub.exactdn.com\/wp-content\/uploads\/dream\/img\/img_217742_da27763ee889ca7e4bef9a867c2f4f3c_1.jpg?strip=all","contentUrl":"https:\/\/erki24nd3ub.exactdn.com\/wp-content\/uploads\/dream\/img\/img_217742_da27763ee889ca7e4bef9a867c2f4f3c_1.jpg?strip=all","width":900,"height":900},{"@type":"BreadcrumbList","@id":"https:\/\/lovme.pt\/index.php\/produto\/satisfyer-cosmic-crest-2-dildo-de-aco-inoxidavel-com-duas-extremidades\/#breadcrumb","itemListElement":[{"@type":"ListItem","position":1,"name":"In\u00edcio","item":"https:\/\/lovme.pt\/"},{"@type":"ListItem","position":2,"name":"Loja","item":"https:\/\/lovme.pt\/index.php\/loja\/"},{"@type":"ListItem","position":3,"name":"SATISFYER &#8211; COSMIC CREST 2 DILDO DE A\u00c7O INOXID\u00c1VEL COM DUAS EXTREMIDADES"}]},{"@type":"WebSite","@id":"https:\/\/lovme.pt\/#website","url":"https:\/\/lovme.pt\/","name":"Lovme Loja Er\u00f3tica N\u00ba1 em Portugal","description":"A melhor loja er\u00f3tica de Portugal.","alternateName":"Loja Er\u00f3tica Lovme","potentialAction":[{"@type":"SearchAction","target":{"@type":"EntryPoint","urlTemplate":"https:\/\/lovme.pt\/?s={search_term_string}"},"query-input":{"@type":"PropertyValueSpecification","valueRequired":true,"valueName":"search_term_string"}}],"inLanguage":"pt-PT"}]}},"_links":{"self":[{"href":"https:\/\/lovme.pt\/index.php\/wp-json\/wp\/v2\/product\/104853","targetHints":{"allow":["GET"]}}],"collection":[{"href":"https:\/\/lovme.pt\/index.php\/wp-json\/wp\/v2\/product"}],"about":[{"href":"https:\/\/lovme.pt\/index.php\/wp-json\/wp\/v2\/types\/product"}],"wp:featuredmedia":[{"embeddable":true,"href":"https:\/\/lovme.pt\/index.php\/wp-json\/wp\/v2\/media\/104854"}],"wp:attachment":[{"href":"https:\/\/lovme.pt\/index.php\/wp-json\/wp\/v2\/media?parent=104853"}],"wp:term":[{"taxonomy":"product_brand","embeddable":true,"href":"https:\/\/lovme.pt\/index.php\/wp-json\/wp\/v2\/product_brand?post=104853"},{"taxonomy":"product_cat","embeddable":true,"href":"https:\/\/lovme.pt\/index.php\/wp-json\/wp\/v2\/product_cat?post=104853"},{"taxonomy":"product_tag","embeddable":true,"href":"https:\/\/lovme.pt\/index.php\/wp-json\/wp\/v2\/product_tag?post=104853"}],"curies":[{"name":"wp","href":"https:\/\/api.w.org\/{rel}","templated":true}]}}