{"id":104835,"date":"2025-12-03T14:19:44","date_gmt":"2025-12-03T14:19:44","guid":{"rendered":"https:\/\/lovme.pt\/?post_type=product&p=104835"},"modified":"2026-02-19T20:06:30","modified_gmt":"2026-02-19T20:06:30","slug":"toyjoy-vibrador-coelho-taygeta","status":"publish","type":"product","link":"https:\/\/lovme.pt\/index.php\/produto\/toyjoy-vibrador-coelho-taygeta\/","title":{"rendered":"TOYJOY &#8211; VIBRADOR COELHO TAYGETA"},"content":{"rendered":"<p>Apresentamos <strong>Taygeta<\/strong> , o Coelho do Prazer \u2014 uma adi\u00e7\u00e3o revolucion\u00e1ria \u00e0 cole\u00e7\u00e3o TOYJOY Designer Edition. Este <strong>vibrador de dupla a\u00e7\u00e3o<\/strong> foi projetado para quem busca sensa\u00e7\u00f5es intensas. Com seu corpo interno curvado e orelhas de coelho macias e flex\u00edveis, <strong>Taygeta<\/strong> estimula simultaneamente o <strong>ponto G<\/strong> e o <strong>clit\u00f3ris,<\/strong> proporcionando uma experi\u00eancia verdadeiramente prazerosa, seja sozinha ou com seu parceiro(a).<\/p>\n<p> Seus dois motores potentes e silenciosos oferecem <strong>10 modos de vibra\u00e7\u00e3o personaliz\u00e1veis<\/strong> , permitindo que voc\u00ea explore desde pulsa\u00e7\u00f5es suaves at\u00e9 ritmos intensos. Basta posicionar as orelhas para estimula\u00e7\u00e3o clitoriana enquanto a haste proporciona prazer interno profundo e satisfat\u00f3rio. Assuma o controle com seus bot\u00f5es f\u00e1ceis de usar \u2014 ou entregue-o ao seu parceiro para adicionar um toque especial \u00e0 sua brincadeira. Compacto, por\u00e9m potente, <strong>o Taygeta<\/strong> , o Coelho do Prazer, oferece o dobro do prazer para momentos inesquec\u00edveis, transformando cada sess\u00e3o em uma aventura de puro \u00eaxtase.<\/p>\n<p> <u><strong>CARACTER\u00cdSTICAS<\/strong><\/u> :<\/p>\n<ul>\n<li> Dimens\u00f5es do produto: Total: 21 x 7 cm  Haste: 14 x 3,5 cm  Estimulador: 7,5 x 2 cm<\/li>\n<li> Comprimento total: 21 cm<\/li>\n<li> Comprimento inser\u00edvel: 12 cm<\/li>\n<li> Di\u00e2metro inser\u00edvel: 3,5 cm<\/li>\n<li> Material: Silicone  Pl\u00e1stico ABS<\/li>\n<li> Recarreg\u00e1vel: Sim<\/li>\n<li> Resistente \u00e0 \u00e1gua: IPX6<\/li>\n<li> Modos de vibra\u00e7\u00e3o: 10<\/li>\n<li> Tipo de bateria: \u00edon de l\u00edtio<\/li>\n<\/ul>\n<p> <strong>ToyJoy<\/strong> \u00e9 uma marca vibrante e inovadora no mundo dos produtos l\u00fadicos e \u00edntimos. Reconhecida pela sua gama diversificada e de alta qualidade, a ToyJoy oferece uma ampla variedade de artigos para todos os gostos e prefer\u00eancias. A marca concentra-se na cria\u00e7\u00e3o de produtos divertidos, seguros e f\u00e1ceis de usar, garantindo que sejam acess\u00edveis e agrad\u00e1veis para todos. Com grande aten\u00e7\u00e3o ao design, \u00e0 funcionalidade e \u00e0 utiliza\u00e7\u00e3o de materiais seguros para o corpo, a ToyJoy integra as mais recentes tecnologias nos seus produtos, tornando-se uma das favoritas entre os consumidores que procuram adicionar um toque de alegria e emo\u00e7\u00e3o \u00e0s suas vidas pessoais. A ToyJoy destaca-se pelo seu compromisso com a satisfa\u00e7\u00e3o do cliente, a excel\u00eancia dos produtos e a seguran\u00e7a.<\/p>\n","protected":false},"excerpt":{"rendered":"<p>TOYJOY &#8211; VIBRADOR COELHO TAYGETA<\/p>\n","protected":false},"featured_media":104836,"template":"","meta":{"_acf_changed":false},"product_brand":[],"product_cat":[17,76],"product_tag":[],"class_list":{"0":"post-104835","1":"product","2":"type-product","3":"status-publish","4":"has-post-thumbnail","6":"product_cat-brinquedos-de-bem-estar-sexual","7":"product_cat-vibradores","8":"yith_product_brand-toyjoy","10":"first","11":"instock","12":"taxable","13":"shipping-taxable","14":"purchasable","15":"product-type-simple"},"acf":[],"yoast_head":"<!-- This site is optimized with the Yoast SEO plugin v27.4 - https:\/\/yoast.com\/product\/yoast-seo-wordpress\/ -->\n<title>TOYJOY - VIBRADOR COELHO TAYGETA - Lovme<\/title>\n<meta name=\"robots\" content=\"index, follow, max-snippet:-1, max-image-preview:large, max-video-preview:-1\" \/>\n<link rel=\"canonical\" href=\"https:\/\/lovme.pt\/index.php\/produto\/toyjoy-vibrador-coelho-taygeta\/\" \/>\n<meta property=\"og:locale\" content=\"pt_PT\" \/>\n<meta property=\"og:type\" content=\"article\" \/>\n<meta property=\"og:title\" content=\"TOYJOY - VIBRADOR COELHO TAYGETA - Lovme\" \/>\n<meta property=\"og:description\" content=\"TOYJOY - VIBRADOR COELHO TAYGETA\" \/>\n<meta property=\"og:url\" content=\"https:\/\/lovme.pt\/index.php\/produto\/toyjoy-vibrador-coelho-taygeta\/\" \/>\n<meta property=\"og:site_name\" content=\"Lovme\" \/>\n<meta property=\"article:modified_time\" content=\"2026-02-19T20:06:30+00:00\" \/>\n<meta property=\"og:image\" content=\"https:\/\/erki24nd3ub.exactdn.com\/wp-content\/uploads\/dream\/img\/img_217101_8d1bf0f02f42999726e2960951eb5c4c_1.jpg?strip=all\" \/>\n\t<meta property=\"og:image:width\" content=\"900\" \/>\n\t<meta property=\"og:image:height\" content=\"900\" \/>\n\t<meta property=\"og:image:type\" content=\"image\/jpeg\" \/>\n<meta name=\"twitter:card\" content=\"summary_large_image\" \/>\n<meta name=\"twitter:label1\" content=\"Tempo estimado de leitura\" \/>\n\t<meta name=\"twitter:data1\" content=\"2 minutos\" \/>\n<script type=\"application\/ld+json\" class=\"yoast-schema-graph\">{\"@context\":\"https:\\\/\\\/schema.org\",\"@graph\":[{\"@type\":\"WebPage\",\"@id\":\"https:\\\/\\\/lovme.pt\\\/index.php\\\/produto\\\/toyjoy-vibrador-coelho-taygeta\\\/\",\"url\":\"https:\\\/\\\/lovme.pt\\\/index.php\\\/produto\\\/toyjoy-vibrador-coelho-taygeta\\\/\",\"name\":\"TOYJOY - VIBRADOR COELHO TAYGETA - Lovme\",\"isPartOf\":{\"@id\":\"https:\\\/\\\/lovme.pt\\\/#website\"},\"primaryImageOfPage\":{\"@id\":\"https:\\\/\\\/lovme.pt\\\/index.php\\\/produto\\\/toyjoy-vibrador-coelho-taygeta\\\/#primaryimage\"},\"image\":{\"@id\":\"https:\\\/\\\/lovme.pt\\\/index.php\\\/produto\\\/toyjoy-vibrador-coelho-taygeta\\\/#primaryimage\"},\"thumbnailUrl\":\"https:\\\/\\\/erki24nd3ub.exactdn.com\\\/wp-content\\\/uploads\\\/dream\\\/img\\\/img_217101_8d1bf0f02f42999726e2960951eb5c4c_1.jpg?strip=all\",\"datePublished\":\"2025-12-03T14:19:44+00:00\",\"dateModified\":\"2026-02-19T20:06:30+00:00\",\"breadcrumb\":{\"@id\":\"https:\\\/\\\/lovme.pt\\\/index.php\\\/produto\\\/toyjoy-vibrador-coelho-taygeta\\\/#breadcrumb\"},\"inLanguage\":\"pt-PT\",\"potentialAction\":[{\"@type\":\"ReadAction\",\"target\":[\"https:\\\/\\\/lovme.pt\\\/index.php\\\/produto\\\/toyjoy-vibrador-coelho-taygeta\\\/\"]}]},{\"@type\":\"ImageObject\",\"inLanguage\":\"pt-PT\",\"@id\":\"https:\\\/\\\/lovme.pt\\\/index.php\\\/produto\\\/toyjoy-vibrador-coelho-taygeta\\\/#primaryimage\",\"url\":\"https:\\\/\\\/erki24nd3ub.exactdn.com\\\/wp-content\\\/uploads\\\/dream\\\/img\\\/img_217101_8d1bf0f02f42999726e2960951eb5c4c_1.jpg?strip=all\",\"contentUrl\":\"https:\\\/\\\/erki24nd3ub.exactdn.com\\\/wp-content\\\/uploads\\\/dream\\\/img\\\/img_217101_8d1bf0f02f42999726e2960951eb5c4c_1.jpg?strip=all\",\"width\":900,\"height\":900},{\"@type\":\"BreadcrumbList\",\"@id\":\"https:\\\/\\\/lovme.pt\\\/index.php\\\/produto\\\/toyjoy-vibrador-coelho-taygeta\\\/#breadcrumb\",\"itemListElement\":[{\"@type\":\"ListItem\",\"position\":1,\"name\":\"In\u00edcio\",\"item\":\"https:\\\/\\\/lovme.pt\\\/\"},{\"@type\":\"ListItem\",\"position\":2,\"name\":\"Loja\",\"item\":\"https:\\\/\\\/lovme.pt\\\/index.php\\\/loja\\\/\"},{\"@type\":\"ListItem\",\"position\":3,\"name\":\"TOYJOY &#8211; VIBRADOR COELHO TAYGETA\"}]},{\"@type\":\"WebSite\",\"@id\":\"https:\\\/\\\/lovme.pt\\\/#website\",\"url\":\"https:\\\/\\\/lovme.pt\\\/\",\"name\":\"Lovme Loja Er\u00f3tica N\u00ba1 em Portugal\",\"description\":\"A melhor loja er\u00f3tica de Portugal.\",\"alternateName\":\"Loja Er\u00f3tica Lovme\",\"potentialAction\":[{\"@type\":\"SearchAction\",\"target\":{\"@type\":\"EntryPoint\",\"urlTemplate\":\"https:\\\/\\\/lovme.pt\\\/?s={search_term_string}\"},\"query-input\":{\"@type\":\"PropertyValueSpecification\",\"valueRequired\":true,\"valueName\":\"search_term_string\"}}],\"inLanguage\":\"pt-PT\"}]}<\/script>\n<!-- \/ Yoast SEO plugin. -->","yoast_head_json":{"title":"TOYJOY - VIBRADOR COELHO TAYGETA - Lovme","robots":{"index":"index","follow":"follow","max-snippet":"max-snippet:-1","max-image-preview":"max-image-preview:large","max-video-preview":"max-video-preview:-1"},"canonical":"https:\/\/lovme.pt\/index.php\/produto\/toyjoy-vibrador-coelho-taygeta\/","og_locale":"pt_PT","og_type":"article","og_title":"TOYJOY - VIBRADOR COELHO TAYGETA - Lovme","og_description":"TOYJOY - VIBRADOR COELHO TAYGETA","og_url":"https:\/\/lovme.pt\/index.php\/produto\/toyjoy-vibrador-coelho-taygeta\/","og_site_name":"Lovme","article_modified_time":"2026-02-19T20:06:30+00:00","og_image":[{"width":900,"height":900,"url":"https:\/\/erki24nd3ub.exactdn.com\/wp-content\/uploads\/dream\/img\/img_217101_8d1bf0f02f42999726e2960951eb5c4c_1.jpg?strip=all","type":"image\/jpeg"}],"twitter_card":"summary_large_image","twitter_misc":{"Tempo estimado de leitura":"2 minutos"},"schema":{"@context":"https:\/\/schema.org","@graph":[{"@type":"WebPage","@id":"https:\/\/lovme.pt\/index.php\/produto\/toyjoy-vibrador-coelho-taygeta\/","url":"https:\/\/lovme.pt\/index.php\/produto\/toyjoy-vibrador-coelho-taygeta\/","name":"TOYJOY - VIBRADOR COELHO TAYGETA - Lovme","isPartOf":{"@id":"https:\/\/lovme.pt\/#website"},"primaryImageOfPage":{"@id":"https:\/\/lovme.pt\/index.php\/produto\/toyjoy-vibrador-coelho-taygeta\/#primaryimage"},"image":{"@id":"https:\/\/lovme.pt\/index.php\/produto\/toyjoy-vibrador-coelho-taygeta\/#primaryimage"},"thumbnailUrl":"https:\/\/erki24nd3ub.exactdn.com\/wp-content\/uploads\/dream\/img\/img_217101_8d1bf0f02f42999726e2960951eb5c4c_1.jpg?strip=all","datePublished":"2025-12-03T14:19:44+00:00","dateModified":"2026-02-19T20:06:30+00:00","breadcrumb":{"@id":"https:\/\/lovme.pt\/index.php\/produto\/toyjoy-vibrador-coelho-taygeta\/#breadcrumb"},"inLanguage":"pt-PT","potentialAction":[{"@type":"ReadAction","target":["https:\/\/lovme.pt\/index.php\/produto\/toyjoy-vibrador-coelho-taygeta\/"]}]},{"@type":"ImageObject","inLanguage":"pt-PT","@id":"https:\/\/lovme.pt\/index.php\/produto\/toyjoy-vibrador-coelho-taygeta\/#primaryimage","url":"https:\/\/erki24nd3ub.exactdn.com\/wp-content\/uploads\/dream\/img\/img_217101_8d1bf0f02f42999726e2960951eb5c4c_1.jpg?strip=all","contentUrl":"https:\/\/erki24nd3ub.exactdn.com\/wp-content\/uploads\/dream\/img\/img_217101_8d1bf0f02f42999726e2960951eb5c4c_1.jpg?strip=all","width":900,"height":900},{"@type":"BreadcrumbList","@id":"https:\/\/lovme.pt\/index.php\/produto\/toyjoy-vibrador-coelho-taygeta\/#breadcrumb","itemListElement":[{"@type":"ListItem","position":1,"name":"In\u00edcio","item":"https:\/\/lovme.pt\/"},{"@type":"ListItem","position":2,"name":"Loja","item":"https:\/\/lovme.pt\/index.php\/loja\/"},{"@type":"ListItem","position":3,"name":"TOYJOY &#8211; VIBRADOR COELHO TAYGETA"}]},{"@type":"WebSite","@id":"https:\/\/lovme.pt\/#website","url":"https:\/\/lovme.pt\/","name":"Lovme Loja Er\u00f3tica N\u00ba1 em Portugal","description":"A melhor loja er\u00f3tica de Portugal.","alternateName":"Loja Er\u00f3tica Lovme","potentialAction":[{"@type":"SearchAction","target":{"@type":"EntryPoint","urlTemplate":"https:\/\/lovme.pt\/?s={search_term_string}"},"query-input":{"@type":"PropertyValueSpecification","valueRequired":true,"valueName":"search_term_string"}}],"inLanguage":"pt-PT"}]}},"_links":{"self":[{"href":"https:\/\/lovme.pt\/index.php\/wp-json\/wp\/v2\/product\/104835","targetHints":{"allow":["GET"]}}],"collection":[{"href":"https:\/\/lovme.pt\/index.php\/wp-json\/wp\/v2\/product"}],"about":[{"href":"https:\/\/lovme.pt\/index.php\/wp-json\/wp\/v2\/types\/product"}],"wp:featuredmedia":[{"embeddable":true,"href":"https:\/\/lovme.pt\/index.php\/wp-json\/wp\/v2\/media\/104836"}],"wp:attachment":[{"href":"https:\/\/lovme.pt\/index.php\/wp-json\/wp\/v2\/media?parent=104835"}],"wp:term":[{"taxonomy":"product_brand","embeddable":true,"href":"https:\/\/lovme.pt\/index.php\/wp-json\/wp\/v2\/product_brand?post=104835"},{"taxonomy":"product_cat","embeddable":true,"href":"https:\/\/lovme.pt\/index.php\/wp-json\/wp\/v2\/product_cat?post=104835"},{"taxonomy":"product_tag","embeddable":true,"href":"https:\/\/lovme.pt\/index.php\/wp-json\/wp\/v2\/product_tag?post=104835"}],"curies":[{"name":"wp","href":"https:\/\/api.w.org\/{rel}","templated":true}]}}