{"id":104670,"date":"2025-11-28T20:01:15","date_gmt":"2025-11-28T20:01:15","guid":{"rendered":"https:\/\/lovme.pt\/?post_type=product&p=104670"},"modified":"2026-02-19T20:01:09","modified_gmt":"2026-02-19T20:01:09","slug":"get-real-penis-realista-de-luxo-com-testiculos-extra-grossos-de-17-cm","status":"publish","type":"product","link":"https:\/\/lovme.pt\/index.php\/produto\/get-real-penis-realista-de-luxo-com-testiculos-extra-grossos-de-17-cm\/","title":{"rendered":"GET REAL &#8211; P\u00caNIS REALISTA DE LUXO COM TEST\u00cdCULOS EXTRA GROSSOS DE 17 CM"},"content":{"rendered":"<p>Experimente um prazer incompar\u00e1vel com os vibradores Get Real Deluxe Extra Thick da TOYJOY. Projetados para quem exige mais, esses produtos de prazer premium incorporam nossa inovadora tecnologia Supreme Vital Skin para uma apar\u00eancia e sensa\u00e7\u00e3o incrivelmente realistas. Com uma constru\u00e7\u00e3o de dupla densidade, cada vibrador combina um n\u00facleo firme com um exterior macio e flex\u00edvel, proporcionando a combina\u00e7\u00e3o perfeita de conforto e realismo. Sua espessura extra oferece sensa\u00e7\u00f5es intensas e uma experi\u00eancia completa e satisfat\u00f3ria, enquanto seu design detalhado, com test\u00edculos realistas, aprimora a autenticidade visual e f\u00edsica. Gra\u00e7as \u00e0 sua poderosa base de suc\u00e7\u00e3o, voc\u00ea pode desfrutar de aventuras sem usar as m\u00e3os, a qualquer hora e em qualquer lugar. Explore seus desejos mais profundos com os vibradores Get Real Deluxe Extra Thick.<\/p>\n<p><u><strong>CARACTER\u00cdSTICAS<\/strong><\/u> :<\/p>\n<ul>\n<li>Dimens\u00f5es do produto: 17 x 12,5 x 4,5 cm<\/li>\n<li>Comprimento total: 17 cm<\/li>\n<li>Comprimento inser\u00edvel: 12,5 cm<\/li>\n<li>Di\u00e2metro inser\u00edvel: 4,5 cm<\/li>\n<li>Material: TPE<\/li>\n<li>Ventosa: Sim<\/li>\n<\/ul>\n<p><strong>ToyJoy<\/strong> \u00e9 uma marca vibrante e inovadora no mundo dos brinquedos e produtos para o bem-estar \u00edntimo. Reconhecida pela sua gama diversificada e de alta qualidade, a ToyJoy oferece uma ampla variedade de artigos para todos os gostos e prefer\u00eancias. A marca concentra-se na cria\u00e7\u00e3o de produtos divertidos, seguros e f\u00e1ceis de usar, garantindo que sejam acess\u00edveis e agrad\u00e1veis para todos. Com grande aten\u00e7\u00e3o ao design, \u00e0 funcionalidade e \u00e0 utiliza\u00e7\u00e3o de materiais seguros para o corpo, a ToyJoy integra as mais recentes tecnologias nos seus produtos, tornando-se uma marca favorita entre os consumidores que procuram adicionar um toque de alegria e emo\u00e7\u00e3o \u00e0s suas vidas. A ToyJoy destaca-se pelo seu compromisso com a satisfa\u00e7\u00e3o do cliente, a excel\u00eancia dos produtos e a seguran\u00e7a.<\/p>\n","protected":false},"excerpt":{"rendered":"<p>GET REAL &#8211; P\u00caNIS REALISTA DE LUXO COM TEST\u00cdCULOS EXTRA GROSSOS DE 17 CM<\/p>\n","protected":false},"featured_media":104671,"template":"","meta":{"_acf_changed":false},"product_brand":[],"product_cat":[17,56,88],"product_tag":[],"class_list":{"0":"post-104670","1":"product","2":"type-product","3":"status-publish","4":"has-post-thumbnail","6":"product_cat-brinquedos-de-bem-estar-sexual","7":"product_cat-dildos-e-arneses","8":"product_cat-novidades","9":"yith_product_brand-get-real","11":"first","12":"instock","13":"taxable","14":"shipping-taxable","15":"purchasable","16":"product-type-simple"},"acf":[],"yoast_head":"<!-- This site is optimized with the Yoast SEO plugin v27.3 - https:\/\/yoast.com\/product\/yoast-seo-wordpress\/ -->\n<title>GET REAL - P\u00caNIS REALISTA DE LUXO COM TEST\u00cdCULOS EXTRA GROSSOS DE 17 CM - Lovme<\/title>\n<meta name=\"robots\" content=\"index, follow, max-snippet:-1, max-image-preview:large, max-video-preview:-1\" \/>\n<link rel=\"canonical\" href=\"https:\/\/lovme.pt\/index.php\/produto\/get-real-penis-realista-de-luxo-com-testiculos-extra-grossos-de-17-cm\/\" \/>\n<meta property=\"og:locale\" content=\"pt_PT\" \/>\n<meta property=\"og:type\" content=\"article\" \/>\n<meta property=\"og:title\" content=\"GET REAL - P\u00caNIS REALISTA DE LUXO COM TEST\u00cdCULOS EXTRA GROSSOS DE 17 CM - Lovme\" \/>\n<meta property=\"og:description\" content=\"GET REAL - P\u00caNIS REALISTA DE LUXO COM TEST\u00cdCULOS EXTRA GROSSOS DE 17 CM\" \/>\n<meta property=\"og:url\" content=\"https:\/\/lovme.pt\/index.php\/produto\/get-real-penis-realista-de-luxo-com-testiculos-extra-grossos-de-17-cm\/\" \/>\n<meta property=\"og:site_name\" content=\"Lovme\" \/>\n<meta property=\"article:modified_time\" content=\"2026-02-19T20:01:09+00:00\" \/>\n<meta property=\"og:image\" content=\"https:\/\/erki24nd3ub.exactdn.com\/wp-content\/uploads\/dream\/img\/img_217115_c423087794fcd3567f73174499e743df_1.jpg?strip=all\" \/>\n\t<meta property=\"og:image:width\" content=\"900\" \/>\n\t<meta property=\"og:image:height\" content=\"900\" \/>\n\t<meta property=\"og:image:type\" content=\"image\/jpeg\" \/>\n<meta name=\"twitter:card\" content=\"summary_large_image\" \/>\n<meta name=\"twitter:label1\" content=\"Tempo estimado de leitura\" \/>\n\t<meta name=\"twitter:data1\" content=\"1 minuto\" \/>\n<script type=\"application\/ld+json\" class=\"yoast-schema-graph\">{\"@context\":\"https:\\\/\\\/schema.org\",\"@graph\":[{\"@type\":\"WebPage\",\"@id\":\"https:\\\/\\\/lovme.pt\\\/index.php\\\/produto\\\/get-real-penis-realista-de-luxo-com-testiculos-extra-grossos-de-17-cm\\\/\",\"url\":\"https:\\\/\\\/lovme.pt\\\/index.php\\\/produto\\\/get-real-penis-realista-de-luxo-com-testiculos-extra-grossos-de-17-cm\\\/\",\"name\":\"GET REAL - P\u00caNIS REALISTA DE LUXO COM TEST\u00cdCULOS EXTRA GROSSOS DE 17 CM - Lovme\",\"isPartOf\":{\"@id\":\"https:\\\/\\\/lovme.pt\\\/#website\"},\"primaryImageOfPage\":{\"@id\":\"https:\\\/\\\/lovme.pt\\\/index.php\\\/produto\\\/get-real-penis-realista-de-luxo-com-testiculos-extra-grossos-de-17-cm\\\/#primaryimage\"},\"image\":{\"@id\":\"https:\\\/\\\/lovme.pt\\\/index.php\\\/produto\\\/get-real-penis-realista-de-luxo-com-testiculos-extra-grossos-de-17-cm\\\/#primaryimage\"},\"thumbnailUrl\":\"https:\\\/\\\/erki24nd3ub.exactdn.com\\\/wp-content\\\/uploads\\\/dream\\\/img\\\/img_217115_c423087794fcd3567f73174499e743df_1.jpg?strip=all\",\"datePublished\":\"2025-11-28T20:01:15+00:00\",\"dateModified\":\"2026-02-19T20:01:09+00:00\",\"breadcrumb\":{\"@id\":\"https:\\\/\\\/lovme.pt\\\/index.php\\\/produto\\\/get-real-penis-realista-de-luxo-com-testiculos-extra-grossos-de-17-cm\\\/#breadcrumb\"},\"inLanguage\":\"pt-PT\",\"potentialAction\":[{\"@type\":\"ReadAction\",\"target\":[\"https:\\\/\\\/lovme.pt\\\/index.php\\\/produto\\\/get-real-penis-realista-de-luxo-com-testiculos-extra-grossos-de-17-cm\\\/\"]}]},{\"@type\":\"ImageObject\",\"inLanguage\":\"pt-PT\",\"@id\":\"https:\\\/\\\/lovme.pt\\\/index.php\\\/produto\\\/get-real-penis-realista-de-luxo-com-testiculos-extra-grossos-de-17-cm\\\/#primaryimage\",\"url\":\"https:\\\/\\\/erki24nd3ub.exactdn.com\\\/wp-content\\\/uploads\\\/dream\\\/img\\\/img_217115_c423087794fcd3567f73174499e743df_1.jpg?strip=all\",\"contentUrl\":\"https:\\\/\\\/erki24nd3ub.exactdn.com\\\/wp-content\\\/uploads\\\/dream\\\/img\\\/img_217115_c423087794fcd3567f73174499e743df_1.jpg?strip=all\",\"width\":900,\"height\":900},{\"@type\":\"BreadcrumbList\",\"@id\":\"https:\\\/\\\/lovme.pt\\\/index.php\\\/produto\\\/get-real-penis-realista-de-luxo-com-testiculos-extra-grossos-de-17-cm\\\/#breadcrumb\",\"itemListElement\":[{\"@type\":\"ListItem\",\"position\":1,\"name\":\"In\u00edcio\",\"item\":\"https:\\\/\\\/lovme.pt\\\/\"},{\"@type\":\"ListItem\",\"position\":2,\"name\":\"Loja\",\"item\":\"https:\\\/\\\/lovme.pt\\\/index.php\\\/loja\\\/\"},{\"@type\":\"ListItem\",\"position\":3,\"name\":\"GET REAL &#8211; P\u00caNIS REALISTA DE LUXO COM TEST\u00cdCULOS EXTRA GROSSOS DE 17 CM\"}]},{\"@type\":\"WebSite\",\"@id\":\"https:\\\/\\\/lovme.pt\\\/#website\",\"url\":\"https:\\\/\\\/lovme.pt\\\/\",\"name\":\"Lovme Loja Er\u00f3tica N\u00ba1 em Portugal\",\"description\":\"A melhor loja er\u00f3tica de Portugal.\",\"alternateName\":\"Loja Er\u00f3tica Lovme\",\"potentialAction\":[{\"@type\":\"SearchAction\",\"target\":{\"@type\":\"EntryPoint\",\"urlTemplate\":\"https:\\\/\\\/lovme.pt\\\/?s={search_term_string}\"},\"query-input\":{\"@type\":\"PropertyValueSpecification\",\"valueRequired\":true,\"valueName\":\"search_term_string\"}}],\"inLanguage\":\"pt-PT\"}]}<\/script>\n<!-- \/ Yoast SEO plugin. -->","yoast_head_json":{"title":"GET REAL - P\u00caNIS REALISTA DE LUXO COM TEST\u00cdCULOS EXTRA GROSSOS DE 17 CM - Lovme","robots":{"index":"index","follow":"follow","max-snippet":"max-snippet:-1","max-image-preview":"max-image-preview:large","max-video-preview":"max-video-preview:-1"},"canonical":"https:\/\/lovme.pt\/index.php\/produto\/get-real-penis-realista-de-luxo-com-testiculos-extra-grossos-de-17-cm\/","og_locale":"pt_PT","og_type":"article","og_title":"GET REAL - P\u00caNIS REALISTA DE LUXO COM TEST\u00cdCULOS EXTRA GROSSOS DE 17 CM - Lovme","og_description":"GET REAL - P\u00caNIS REALISTA DE LUXO COM TEST\u00cdCULOS EXTRA GROSSOS DE 17 CM","og_url":"https:\/\/lovme.pt\/index.php\/produto\/get-real-penis-realista-de-luxo-com-testiculos-extra-grossos-de-17-cm\/","og_site_name":"Lovme","article_modified_time":"2026-02-19T20:01:09+00:00","og_image":[{"width":900,"height":900,"url":"https:\/\/erki24nd3ub.exactdn.com\/wp-content\/uploads\/dream\/img\/img_217115_c423087794fcd3567f73174499e743df_1.jpg?strip=all","type":"image\/jpeg"}],"twitter_card":"summary_large_image","twitter_misc":{"Tempo estimado de leitura":"1 minuto"},"schema":{"@context":"https:\/\/schema.org","@graph":[{"@type":"WebPage","@id":"https:\/\/lovme.pt\/index.php\/produto\/get-real-penis-realista-de-luxo-com-testiculos-extra-grossos-de-17-cm\/","url":"https:\/\/lovme.pt\/index.php\/produto\/get-real-penis-realista-de-luxo-com-testiculos-extra-grossos-de-17-cm\/","name":"GET REAL - P\u00caNIS REALISTA DE LUXO COM TEST\u00cdCULOS EXTRA GROSSOS DE 17 CM - Lovme","isPartOf":{"@id":"https:\/\/lovme.pt\/#website"},"primaryImageOfPage":{"@id":"https:\/\/lovme.pt\/index.php\/produto\/get-real-penis-realista-de-luxo-com-testiculos-extra-grossos-de-17-cm\/#primaryimage"},"image":{"@id":"https:\/\/lovme.pt\/index.php\/produto\/get-real-penis-realista-de-luxo-com-testiculos-extra-grossos-de-17-cm\/#primaryimage"},"thumbnailUrl":"https:\/\/erki24nd3ub.exactdn.com\/wp-content\/uploads\/dream\/img\/img_217115_c423087794fcd3567f73174499e743df_1.jpg?strip=all","datePublished":"2025-11-28T20:01:15+00:00","dateModified":"2026-02-19T20:01:09+00:00","breadcrumb":{"@id":"https:\/\/lovme.pt\/index.php\/produto\/get-real-penis-realista-de-luxo-com-testiculos-extra-grossos-de-17-cm\/#breadcrumb"},"inLanguage":"pt-PT","potentialAction":[{"@type":"ReadAction","target":["https:\/\/lovme.pt\/index.php\/produto\/get-real-penis-realista-de-luxo-com-testiculos-extra-grossos-de-17-cm\/"]}]},{"@type":"ImageObject","inLanguage":"pt-PT","@id":"https:\/\/lovme.pt\/index.php\/produto\/get-real-penis-realista-de-luxo-com-testiculos-extra-grossos-de-17-cm\/#primaryimage","url":"https:\/\/erki24nd3ub.exactdn.com\/wp-content\/uploads\/dream\/img\/img_217115_c423087794fcd3567f73174499e743df_1.jpg?strip=all","contentUrl":"https:\/\/erki24nd3ub.exactdn.com\/wp-content\/uploads\/dream\/img\/img_217115_c423087794fcd3567f73174499e743df_1.jpg?strip=all","width":900,"height":900},{"@type":"BreadcrumbList","@id":"https:\/\/lovme.pt\/index.php\/produto\/get-real-penis-realista-de-luxo-com-testiculos-extra-grossos-de-17-cm\/#breadcrumb","itemListElement":[{"@type":"ListItem","position":1,"name":"In\u00edcio","item":"https:\/\/lovme.pt\/"},{"@type":"ListItem","position":2,"name":"Loja","item":"https:\/\/lovme.pt\/index.php\/loja\/"},{"@type":"ListItem","position":3,"name":"GET REAL &#8211; P\u00caNIS REALISTA DE LUXO COM TEST\u00cdCULOS EXTRA GROSSOS DE 17 CM"}]},{"@type":"WebSite","@id":"https:\/\/lovme.pt\/#website","url":"https:\/\/lovme.pt\/","name":"Lovme Loja Er\u00f3tica N\u00ba1 em Portugal","description":"A melhor loja er\u00f3tica de Portugal.","alternateName":"Loja Er\u00f3tica Lovme","potentialAction":[{"@type":"SearchAction","target":{"@type":"EntryPoint","urlTemplate":"https:\/\/lovme.pt\/?s={search_term_string}"},"query-input":{"@type":"PropertyValueSpecification","valueRequired":true,"valueName":"search_term_string"}}],"inLanguage":"pt-PT"}]}},"_links":{"self":[{"href":"https:\/\/lovme.pt\/index.php\/wp-json\/wp\/v2\/product\/104670","targetHints":{"allow":["GET"]}}],"collection":[{"href":"https:\/\/lovme.pt\/index.php\/wp-json\/wp\/v2\/product"}],"about":[{"href":"https:\/\/lovme.pt\/index.php\/wp-json\/wp\/v2\/types\/product"}],"wp:featuredmedia":[{"embeddable":true,"href":"https:\/\/lovme.pt\/index.php\/wp-json\/wp\/v2\/media\/104671"}],"wp:attachment":[{"href":"https:\/\/lovme.pt\/index.php\/wp-json\/wp\/v2\/media?parent=104670"}],"wp:term":[{"taxonomy":"product_brand","embeddable":true,"href":"https:\/\/lovme.pt\/index.php\/wp-json\/wp\/v2\/product_brand?post=104670"},{"taxonomy":"product_cat","embeddable":true,"href":"https:\/\/lovme.pt\/index.php\/wp-json\/wp\/v2\/product_cat?post=104670"},{"taxonomy":"product_tag","embeddable":true,"href":"https:\/\/lovme.pt\/index.php\/wp-json\/wp\/v2\/product_tag?post=104670"}],"curies":[{"name":"wp","href":"https:\/\/api.w.org\/{rel}","templated":true}]}}