{"id":104579,"date":"2025-11-28T14:11:26","date_gmt":"2025-11-28T14:11:26","guid":{"rendered":"https:\/\/lovme.pt\/?post_type=product&p=104579"},"modified":"2026-02-19T20:12:25","modified_gmt":"2026-02-19T20:12:25","slug":"diablo-goloso-50-pirulitos-de-penis-aroma-de-cannabis","status":"publish","type":"product","link":"https:\/\/lovme.pt\/index.php\/produto\/diablo-goloso-50-pirulitos-de-penis-aroma-de-cannabis\/","title":{"rendered":"DIABLO GOLOSO &#8211; 50 PIRULITOS DE P\u00caNIS AROMA DE CANNABIS"},"content":{"rendered":"<p>Surpreenda a todos com um toque de humor, sabor e travessura com os pirulitos em formato de p\u00eanis com aroma de maconha da DIVERTY SEX. Um doce divertido, original e ousado que garante risadas e bons momentos em qualquer festa ou reuni\u00e3o.<\/p>\n<p> Este pote expositor inclui 50 pirulitos doces, cada um com um aroma irresist\u00edvel de maconha e uma cor verde-claro marcante que os torna inconfund\u00edveis. Medindo aproximadamente 5 cm (mais o palito) e pesando 13 gramas, estes pirulitos combinam um design provocante com um sabor doce que conquistar\u00e1 a todos, at\u00e9 mesmo os paladares mais exigentes.<\/p>\n<p> Perfeitos para despedidas de solteiro(a), anivers\u00e1rios, festas tem\u00e1ticas ou como um presente divertido, estes pirulitos adicionam um toque de humor e ousadia que transforma qualquer ocasi\u00e3o em um momento inesquec\u00edvel. Tamb\u00e9m s\u00e3o ideais para decorar mesas de doces ou incluir em cestas de presentes originais. Experimente&#8230; voc\u00ea n\u00e3o vai se arrepender, porque um doce nunca \u00e9 demais. Solte sua imagina\u00e7\u00e3o com Pirulitos Sabor Maconha<\/p>\n<p> <u><strong>CARACTER\u00cdSTICAS<\/strong><\/u> :<\/p>\n<ul>\n<li> Pote de exposi\u00e7\u00e3o com 50 pirulitos em formato de p\u00eanis.<\/li>\n<li> Cheiro de maconha, com sabor doce e divertido.<\/li>\n<li> Cor verde, tamanho aproximado 5 cm + bast\u00e3o, 13 g cada.<\/li>\n<li> Perfeito para despedidas de solteiro(a), festas e comemora\u00e7\u00f5es divertidas.<\/li>\n<li> Doces ousados e deliciosos que garantem risadas e um bom ambiente.<\/li>\n<\/ul>\n<p> Um cl\u00e1ssico da DIVERTY SEX &#8211; Com mais de 20 anos de experi\u00eancia no mercado de brinquedos sexuais, <strong>a DIVERTY SEX<\/strong> se consolidou como refer\u00eancia em presentes sensuais, originais e bem-humorados. Sua filosofia: fazer as pessoas rirem, surpreenderem e desestressarem. Seja para animar uma comemora\u00e7\u00e3o, presentear um amigo secretamente ou quebrar o gelo com humor, este produto \u00e9 essencial na sua cole\u00e7\u00e3o festiva.<\/p>\n","protected":false},"excerpt":{"rendered":"<p>DIABLO GOLOSO &#8211; 50 PIRULITOS DE P\u00caNIS AROMA DE CANNABIS<\/p>\n","protected":false},"featured_media":104580,"template":"","meta":{"_acf_changed":false},"product_brand":[],"product_cat":[15],"product_tag":[],"class_list":{"0":"post-104579","1":"product","2":"type-product","3":"status-publish","4":"has-post-thumbnail","6":"product_cat-loja","7":"yith_product_brand-diverty-sexdiablo-goloso","8":"yith_product_brand-diverty-sex","10":"first","11":"instock","12":"taxable","13":"shipping-taxable","14":"purchasable","15":"product-type-simple"},"acf":[],"yoast_head":"<!-- This site is optimized with the Yoast SEO plugin v27.4 - https:\/\/yoast.com\/product\/yoast-seo-wordpress\/ -->\n<title>DIABLO GOLOSO - 50 PIRULITOS DE P\u00caNIS AROMA DE CANNABIS - Lovme<\/title>\n<meta name=\"robots\" content=\"index, follow, max-snippet:-1, max-image-preview:large, max-video-preview:-1\" \/>\n<link rel=\"canonical\" href=\"https:\/\/lovme.pt\/index.php\/produto\/diablo-goloso-50-pirulitos-de-penis-aroma-de-cannabis\/\" \/>\n<meta property=\"og:locale\" content=\"pt_PT\" \/>\n<meta property=\"og:type\" content=\"article\" \/>\n<meta property=\"og:title\" content=\"DIABLO GOLOSO - 50 PIRULITOS DE P\u00caNIS AROMA DE CANNABIS - Lovme\" \/>\n<meta property=\"og:description\" content=\"DIABLO GOLOSO - 50 PIRULITOS DE P\u00caNIS AROMA DE CANNABIS\" \/>\n<meta property=\"og:url\" content=\"https:\/\/lovme.pt\/index.php\/produto\/diablo-goloso-50-pirulitos-de-penis-aroma-de-cannabis\/\" \/>\n<meta property=\"og:site_name\" content=\"Lovme\" \/>\n<meta property=\"article:modified_time\" content=\"2026-02-19T20:12:25+00:00\" \/>\n<meta property=\"og:image\" content=\"https:\/\/erki24nd3ub.exactdn.com\/wp-content\/uploads\/dream\/img\/img_216778_5573dc6eed64f11ced251262d36ca98e_1.jpg?strip=all\" \/>\n\t<meta property=\"og:image:width\" content=\"900\" \/>\n\t<meta property=\"og:image:height\" content=\"900\" \/>\n\t<meta property=\"og:image:type\" content=\"image\/jpeg\" \/>\n<meta name=\"twitter:card\" content=\"summary_large_image\" \/>\n<meta name=\"twitter:label1\" content=\"Tempo estimado de leitura\" \/>\n\t<meta name=\"twitter:data1\" content=\"1 minuto\" \/>\n<script type=\"application\/ld+json\" class=\"yoast-schema-graph\">{\"@context\":\"https:\\\/\\\/schema.org\",\"@graph\":[{\"@type\":\"WebPage\",\"@id\":\"https:\\\/\\\/lovme.pt\\\/index.php\\\/produto\\\/diablo-goloso-50-pirulitos-de-penis-aroma-de-cannabis\\\/\",\"url\":\"https:\\\/\\\/lovme.pt\\\/index.php\\\/produto\\\/diablo-goloso-50-pirulitos-de-penis-aroma-de-cannabis\\\/\",\"name\":\"DIABLO GOLOSO - 50 PIRULITOS DE P\u00caNIS AROMA DE CANNABIS - Lovme\",\"isPartOf\":{\"@id\":\"https:\\\/\\\/lovme.pt\\\/#website\"},\"primaryImageOfPage\":{\"@id\":\"https:\\\/\\\/lovme.pt\\\/index.php\\\/produto\\\/diablo-goloso-50-pirulitos-de-penis-aroma-de-cannabis\\\/#primaryimage\"},\"image\":{\"@id\":\"https:\\\/\\\/lovme.pt\\\/index.php\\\/produto\\\/diablo-goloso-50-pirulitos-de-penis-aroma-de-cannabis\\\/#primaryimage\"},\"thumbnailUrl\":\"https:\\\/\\\/erki24nd3ub.exactdn.com\\\/wp-content\\\/uploads\\\/dream\\\/img\\\/img_216778_5573dc6eed64f11ced251262d36ca98e_1.jpg?strip=all\",\"datePublished\":\"2025-11-28T14:11:26+00:00\",\"dateModified\":\"2026-02-19T20:12:25+00:00\",\"breadcrumb\":{\"@id\":\"https:\\\/\\\/lovme.pt\\\/index.php\\\/produto\\\/diablo-goloso-50-pirulitos-de-penis-aroma-de-cannabis\\\/#breadcrumb\"},\"inLanguage\":\"pt-PT\",\"potentialAction\":[{\"@type\":\"ReadAction\",\"target\":[\"https:\\\/\\\/lovme.pt\\\/index.php\\\/produto\\\/diablo-goloso-50-pirulitos-de-penis-aroma-de-cannabis\\\/\"]}]},{\"@type\":\"ImageObject\",\"inLanguage\":\"pt-PT\",\"@id\":\"https:\\\/\\\/lovme.pt\\\/index.php\\\/produto\\\/diablo-goloso-50-pirulitos-de-penis-aroma-de-cannabis\\\/#primaryimage\",\"url\":\"https:\\\/\\\/erki24nd3ub.exactdn.com\\\/wp-content\\\/uploads\\\/dream\\\/img\\\/img_216778_5573dc6eed64f11ced251262d36ca98e_1.jpg?strip=all\",\"contentUrl\":\"https:\\\/\\\/erki24nd3ub.exactdn.com\\\/wp-content\\\/uploads\\\/dream\\\/img\\\/img_216778_5573dc6eed64f11ced251262d36ca98e_1.jpg?strip=all\",\"width\":900,\"height\":900},{\"@type\":\"BreadcrumbList\",\"@id\":\"https:\\\/\\\/lovme.pt\\\/index.php\\\/produto\\\/diablo-goloso-50-pirulitos-de-penis-aroma-de-cannabis\\\/#breadcrumb\",\"itemListElement\":[{\"@type\":\"ListItem\",\"position\":1,\"name\":\"In\u00edcio\",\"item\":\"https:\\\/\\\/lovme.pt\\\/\"},{\"@type\":\"ListItem\",\"position\":2,\"name\":\"Loja\",\"item\":\"https:\\\/\\\/lovme.pt\\\/index.php\\\/loja\\\/\"},{\"@type\":\"ListItem\",\"position\":3,\"name\":\"DIABLO GOLOSO &#8211; 50 PIRULITOS DE P\u00caNIS AROMA DE CANNABIS\"}]},{\"@type\":\"WebSite\",\"@id\":\"https:\\\/\\\/lovme.pt\\\/#website\",\"url\":\"https:\\\/\\\/lovme.pt\\\/\",\"name\":\"Lovme Loja Er\u00f3tica N\u00ba1 em Portugal\",\"description\":\"A melhor loja er\u00f3tica de Portugal.\",\"alternateName\":\"Loja Er\u00f3tica Lovme\",\"potentialAction\":[{\"@type\":\"SearchAction\",\"target\":{\"@type\":\"EntryPoint\",\"urlTemplate\":\"https:\\\/\\\/lovme.pt\\\/?s={search_term_string}\"},\"query-input\":{\"@type\":\"PropertyValueSpecification\",\"valueRequired\":true,\"valueName\":\"search_term_string\"}}],\"inLanguage\":\"pt-PT\"}]}<\/script>\n<!-- \/ Yoast SEO plugin. -->","yoast_head_json":{"title":"DIABLO GOLOSO - 50 PIRULITOS DE P\u00caNIS AROMA DE CANNABIS - Lovme","robots":{"index":"index","follow":"follow","max-snippet":"max-snippet:-1","max-image-preview":"max-image-preview:large","max-video-preview":"max-video-preview:-1"},"canonical":"https:\/\/lovme.pt\/index.php\/produto\/diablo-goloso-50-pirulitos-de-penis-aroma-de-cannabis\/","og_locale":"pt_PT","og_type":"article","og_title":"DIABLO GOLOSO - 50 PIRULITOS DE P\u00caNIS AROMA DE CANNABIS - Lovme","og_description":"DIABLO GOLOSO - 50 PIRULITOS DE P\u00caNIS AROMA DE CANNABIS","og_url":"https:\/\/lovme.pt\/index.php\/produto\/diablo-goloso-50-pirulitos-de-penis-aroma-de-cannabis\/","og_site_name":"Lovme","article_modified_time":"2026-02-19T20:12:25+00:00","og_image":[{"width":900,"height":900,"url":"https:\/\/erki24nd3ub.exactdn.com\/wp-content\/uploads\/dream\/img\/img_216778_5573dc6eed64f11ced251262d36ca98e_1.jpg?strip=all","type":"image\/jpeg"}],"twitter_card":"summary_large_image","twitter_misc":{"Tempo estimado de leitura":"1 minuto"},"schema":{"@context":"https:\/\/schema.org","@graph":[{"@type":"WebPage","@id":"https:\/\/lovme.pt\/index.php\/produto\/diablo-goloso-50-pirulitos-de-penis-aroma-de-cannabis\/","url":"https:\/\/lovme.pt\/index.php\/produto\/diablo-goloso-50-pirulitos-de-penis-aroma-de-cannabis\/","name":"DIABLO GOLOSO - 50 PIRULITOS DE P\u00caNIS AROMA DE CANNABIS - Lovme","isPartOf":{"@id":"https:\/\/lovme.pt\/#website"},"primaryImageOfPage":{"@id":"https:\/\/lovme.pt\/index.php\/produto\/diablo-goloso-50-pirulitos-de-penis-aroma-de-cannabis\/#primaryimage"},"image":{"@id":"https:\/\/lovme.pt\/index.php\/produto\/diablo-goloso-50-pirulitos-de-penis-aroma-de-cannabis\/#primaryimage"},"thumbnailUrl":"https:\/\/erki24nd3ub.exactdn.com\/wp-content\/uploads\/dream\/img\/img_216778_5573dc6eed64f11ced251262d36ca98e_1.jpg?strip=all","datePublished":"2025-11-28T14:11:26+00:00","dateModified":"2026-02-19T20:12:25+00:00","breadcrumb":{"@id":"https:\/\/lovme.pt\/index.php\/produto\/diablo-goloso-50-pirulitos-de-penis-aroma-de-cannabis\/#breadcrumb"},"inLanguage":"pt-PT","potentialAction":[{"@type":"ReadAction","target":["https:\/\/lovme.pt\/index.php\/produto\/diablo-goloso-50-pirulitos-de-penis-aroma-de-cannabis\/"]}]},{"@type":"ImageObject","inLanguage":"pt-PT","@id":"https:\/\/lovme.pt\/index.php\/produto\/diablo-goloso-50-pirulitos-de-penis-aroma-de-cannabis\/#primaryimage","url":"https:\/\/erki24nd3ub.exactdn.com\/wp-content\/uploads\/dream\/img\/img_216778_5573dc6eed64f11ced251262d36ca98e_1.jpg?strip=all","contentUrl":"https:\/\/erki24nd3ub.exactdn.com\/wp-content\/uploads\/dream\/img\/img_216778_5573dc6eed64f11ced251262d36ca98e_1.jpg?strip=all","width":900,"height":900},{"@type":"BreadcrumbList","@id":"https:\/\/lovme.pt\/index.php\/produto\/diablo-goloso-50-pirulitos-de-penis-aroma-de-cannabis\/#breadcrumb","itemListElement":[{"@type":"ListItem","position":1,"name":"In\u00edcio","item":"https:\/\/lovme.pt\/"},{"@type":"ListItem","position":2,"name":"Loja","item":"https:\/\/lovme.pt\/index.php\/loja\/"},{"@type":"ListItem","position":3,"name":"DIABLO GOLOSO &#8211; 50 PIRULITOS DE P\u00caNIS AROMA DE CANNABIS"}]},{"@type":"WebSite","@id":"https:\/\/lovme.pt\/#website","url":"https:\/\/lovme.pt\/","name":"Lovme Loja Er\u00f3tica N\u00ba1 em Portugal","description":"A melhor loja er\u00f3tica de Portugal.","alternateName":"Loja Er\u00f3tica Lovme","potentialAction":[{"@type":"SearchAction","target":{"@type":"EntryPoint","urlTemplate":"https:\/\/lovme.pt\/?s={search_term_string}"},"query-input":{"@type":"PropertyValueSpecification","valueRequired":true,"valueName":"search_term_string"}}],"inLanguage":"pt-PT"}]}},"_links":{"self":[{"href":"https:\/\/lovme.pt\/index.php\/wp-json\/wp\/v2\/product\/104579","targetHints":{"allow":["GET"]}}],"collection":[{"href":"https:\/\/lovme.pt\/index.php\/wp-json\/wp\/v2\/product"}],"about":[{"href":"https:\/\/lovme.pt\/index.php\/wp-json\/wp\/v2\/types\/product"}],"wp:featuredmedia":[{"embeddable":true,"href":"https:\/\/lovme.pt\/index.php\/wp-json\/wp\/v2\/media\/104580"}],"wp:attachment":[{"href":"https:\/\/lovme.pt\/index.php\/wp-json\/wp\/v2\/media?parent=104579"}],"wp:term":[{"taxonomy":"product_brand","embeddable":true,"href":"https:\/\/lovme.pt\/index.php\/wp-json\/wp\/v2\/product_brand?post=104579"},{"taxonomy":"product_cat","embeddable":true,"href":"https:\/\/lovme.pt\/index.php\/wp-json\/wp\/v2\/product_cat?post=104579"},{"taxonomy":"product_tag","embeddable":true,"href":"https:\/\/lovme.pt\/index.php\/wp-json\/wp\/v2\/product_tag?post=104579"}],"curies":[{"name":"wp","href":"https:\/\/api.w.org\/{rel}","templated":true}]}}