{"id":104575,"date":"2025-11-28T14:11:22","date_gmt":"2025-11-28T14:11:22","guid":{"rendered":"https:\/\/lovme.pt\/?post_type=product&p=104575"},"modified":"2026-02-19T20:12:25","modified_gmt":"2026-02-19T20:12:25","slug":"diablo-goloso-50-pirulitos-de-penis-gin-tonica-sabor-morango-10-alcool","status":"publish","type":"product","link":"https:\/\/lovme.pt\/index.php\/produto\/diablo-goloso-50-pirulitos-de-penis-gin-tonica-sabor-morango-10-alcool\/","title":{"rendered":"DIABLO GOLOSO &#8211; 50 PIRULITOS DE P\u00caNIS GIN T\u00d4NICA SABOR MORANGO 10% \u00c1LCOOL"},"content":{"rendered":"<p>Ouse saborear a divers\u00e3o com os pirulitos em formato de p\u00eanis de Gin T\u00f4nica de Morango com 10% de \u00c1lcool da DIVERTY SEX! Uma del\u00edcia diferente, ousada e bem-humorada, perfeita para quem curte sabores intensos e risadas entre amigos.<\/p>\n<p> Cada pote expositor cont\u00e9m 50 pirulitos doces com um formato irresist\u00edvel e travesso, feitos com um delicioso sabor de gim t\u00f4nica de morango e 10% de \u00e1lcool, ideais para animar qualquer comemora\u00e7\u00e3o. Sua cor rosa claro e seu tamanho de 5 cm (mais o palito) os tornam t\u00e3o chamativos quanto deliciosos, com um peso aproximado de 13 gramas cada.<\/p>\n<p> Estes pirulitos n\u00e3o s\u00f3 cativam o paladar, como tamb\u00e9m os olhos. S\u00e3o perfeitos para despedidas de solteiro(a), anivers\u00e1rios, festas tem\u00e1ticas ou presentes originais, onde o bom humor e a travessura s\u00e3o os protagonistas. Experimente&#8230; voc\u00ea n\u00e3o vai se arrepender, porque um toque doce e gracioso nunca \u00e9 demais. Deixe sua imagina\u00e7\u00e3o correr solta com os pirulitos de Gin T\u00f4nica.<\/p>\n<p> <u><strong>CARACTER\u00cdSTICAS<\/strong><\/u> :<\/p>\n<ul>\n<li> Pote de exposi\u00e7\u00e3o com 50 pirulitos em formato de p\u00eanis.<\/li>\n<li> Sabor Gin T\u00f4nica de Morango, com 10% de \u00e1lcool.<\/li>\n<li> Cor rosa claro, tamanho aproximado 5 cm + bast\u00e3o, 13 g cada.<\/li>\n<li> Perfeito para despedidas de solteiro(a), festas e comemora\u00e7\u00f5es divertidas.<\/li>\n<li> Doces ousados e deliciosos que garantem risadas e um bom ambiente.<\/li>\n<\/ul>\n<p> Um cl\u00e1ssico <strong>da DIVERTY SEX<\/strong> &#8211; Com mais de 20 anos de experi\u00eancia no mercado de brinquedos sexuais, <strong>a DIVERTY SEX<\/strong> se consolidou como refer\u00eancia em presentes sensuais, originais e bem-humorados. Sua filosofia: fazer as pessoas rirem, surpreenderem e desestressarem. Seja para animar uma comemora\u00e7\u00e3o, presentear um amigo secretamente ou quebrar o gelo com humor, este produto \u00e9 essencial na sua cole\u00e7\u00e3o festiva.<\/p>\n","protected":false},"excerpt":{"rendered":"<p>DIABLO GOLOSO &#8211; 50 PIRULITOS DE P\u00caNIS GIN T\u00d4NICA SABOR MORANGO 10% \u00c1LCOOL<\/p>\n","protected":false},"featured_media":104576,"template":"","meta":{"_acf_changed":false},"product_brand":[],"product_cat":[15],"product_tag":[],"class_list":{"0":"post-104575","1":"product","2":"type-product","3":"status-publish","4":"has-post-thumbnail","6":"product_cat-loja","7":"yith_product_brand-diverty-sexdiablo-goloso","8":"yith_product_brand-diverty-sex","10":"first","11":"instock","12":"taxable","13":"shipping-taxable","14":"purchasable","15":"product-type-simple"},"acf":[],"yoast_head":"<!-- This site is optimized with the Yoast SEO plugin v27.4 - https:\/\/yoast.com\/product\/yoast-seo-wordpress\/ -->\n<title>DIABLO GOLOSO - 50 PIRULITOS DE P\u00caNIS GIN T\u00d4NICA SABOR MORANGO 10% \u00c1LCOOL - Lovme<\/title>\n<meta name=\"robots\" content=\"index, follow, max-snippet:-1, max-image-preview:large, max-video-preview:-1\" \/>\n<link rel=\"canonical\" href=\"https:\/\/lovme.pt\/index.php\/produto\/diablo-goloso-50-pirulitos-de-penis-gin-tonica-sabor-morango-10-alcool\/\" \/>\n<meta property=\"og:locale\" content=\"pt_PT\" \/>\n<meta property=\"og:type\" content=\"article\" \/>\n<meta property=\"og:title\" content=\"DIABLO GOLOSO - 50 PIRULITOS DE P\u00caNIS GIN T\u00d4NICA SABOR MORANGO 10% \u00c1LCOOL - Lovme\" \/>\n<meta property=\"og:description\" content=\"DIABLO GOLOSO - 50 PIRULITOS DE P\u00caNIS GIN T\u00d4NICA SABOR MORANGO 10% \u00c1LCOOL\" \/>\n<meta property=\"og:url\" content=\"https:\/\/lovme.pt\/index.php\/produto\/diablo-goloso-50-pirulitos-de-penis-gin-tonica-sabor-morango-10-alcool\/\" \/>\n<meta property=\"og:site_name\" content=\"Lovme\" \/>\n<meta property=\"article:modified_time\" content=\"2026-02-19T20:12:25+00:00\" \/>\n<meta property=\"og:image\" content=\"https:\/\/erki24nd3ub.exactdn.com\/wp-content\/uploads\/dream\/img\/img_216776_5e3f6b2562d987f0d036661b880866a1_1.jpg?strip=all\" \/>\n\t<meta property=\"og:image:width\" content=\"900\" \/>\n\t<meta property=\"og:image:height\" content=\"900\" \/>\n\t<meta property=\"og:image:type\" content=\"image\/jpeg\" \/>\n<meta name=\"twitter:card\" content=\"summary_large_image\" \/>\n<meta name=\"twitter:label1\" content=\"Tempo estimado de leitura\" \/>\n\t<meta name=\"twitter:data1\" content=\"1 minuto\" \/>\n<script type=\"application\/ld+json\" class=\"yoast-schema-graph\">{\"@context\":\"https:\\\/\\\/schema.org\",\"@graph\":[{\"@type\":\"WebPage\",\"@id\":\"https:\\\/\\\/lovme.pt\\\/index.php\\\/produto\\\/diablo-goloso-50-pirulitos-de-penis-gin-tonica-sabor-morango-10-alcool\\\/\",\"url\":\"https:\\\/\\\/lovme.pt\\\/index.php\\\/produto\\\/diablo-goloso-50-pirulitos-de-penis-gin-tonica-sabor-morango-10-alcool\\\/\",\"name\":\"DIABLO GOLOSO - 50 PIRULITOS DE P\u00caNIS GIN T\u00d4NICA SABOR MORANGO 10% \u00c1LCOOL - Lovme\",\"isPartOf\":{\"@id\":\"https:\\\/\\\/lovme.pt\\\/#website\"},\"primaryImageOfPage\":{\"@id\":\"https:\\\/\\\/lovme.pt\\\/index.php\\\/produto\\\/diablo-goloso-50-pirulitos-de-penis-gin-tonica-sabor-morango-10-alcool\\\/#primaryimage\"},\"image\":{\"@id\":\"https:\\\/\\\/lovme.pt\\\/index.php\\\/produto\\\/diablo-goloso-50-pirulitos-de-penis-gin-tonica-sabor-morango-10-alcool\\\/#primaryimage\"},\"thumbnailUrl\":\"https:\\\/\\\/erki24nd3ub.exactdn.com\\\/wp-content\\\/uploads\\\/dream\\\/img\\\/img_216776_5e3f6b2562d987f0d036661b880866a1_1.jpg?strip=all\",\"datePublished\":\"2025-11-28T14:11:22+00:00\",\"dateModified\":\"2026-02-19T20:12:25+00:00\",\"breadcrumb\":{\"@id\":\"https:\\\/\\\/lovme.pt\\\/index.php\\\/produto\\\/diablo-goloso-50-pirulitos-de-penis-gin-tonica-sabor-morango-10-alcool\\\/#breadcrumb\"},\"inLanguage\":\"pt-PT\",\"potentialAction\":[{\"@type\":\"ReadAction\",\"target\":[\"https:\\\/\\\/lovme.pt\\\/index.php\\\/produto\\\/diablo-goloso-50-pirulitos-de-penis-gin-tonica-sabor-morango-10-alcool\\\/\"]}]},{\"@type\":\"ImageObject\",\"inLanguage\":\"pt-PT\",\"@id\":\"https:\\\/\\\/lovme.pt\\\/index.php\\\/produto\\\/diablo-goloso-50-pirulitos-de-penis-gin-tonica-sabor-morango-10-alcool\\\/#primaryimage\",\"url\":\"https:\\\/\\\/erki24nd3ub.exactdn.com\\\/wp-content\\\/uploads\\\/dream\\\/img\\\/img_216776_5e3f6b2562d987f0d036661b880866a1_1.jpg?strip=all\",\"contentUrl\":\"https:\\\/\\\/erki24nd3ub.exactdn.com\\\/wp-content\\\/uploads\\\/dream\\\/img\\\/img_216776_5e3f6b2562d987f0d036661b880866a1_1.jpg?strip=all\",\"width\":900,\"height\":900},{\"@type\":\"BreadcrumbList\",\"@id\":\"https:\\\/\\\/lovme.pt\\\/index.php\\\/produto\\\/diablo-goloso-50-pirulitos-de-penis-gin-tonica-sabor-morango-10-alcool\\\/#breadcrumb\",\"itemListElement\":[{\"@type\":\"ListItem\",\"position\":1,\"name\":\"In\u00edcio\",\"item\":\"https:\\\/\\\/lovme.pt\\\/\"},{\"@type\":\"ListItem\",\"position\":2,\"name\":\"Loja\",\"item\":\"https:\\\/\\\/lovme.pt\\\/index.php\\\/loja\\\/\"},{\"@type\":\"ListItem\",\"position\":3,\"name\":\"DIABLO GOLOSO &#8211; 50 PIRULITOS DE P\u00caNIS GIN T\u00d4NICA SABOR MORANGO 10% \u00c1LCOOL\"}]},{\"@type\":\"WebSite\",\"@id\":\"https:\\\/\\\/lovme.pt\\\/#website\",\"url\":\"https:\\\/\\\/lovme.pt\\\/\",\"name\":\"Lovme Loja Er\u00f3tica N\u00ba1 em Portugal\",\"description\":\"A melhor loja er\u00f3tica de Portugal.\",\"alternateName\":\"Loja Er\u00f3tica Lovme\",\"potentialAction\":[{\"@type\":\"SearchAction\",\"target\":{\"@type\":\"EntryPoint\",\"urlTemplate\":\"https:\\\/\\\/lovme.pt\\\/?s={search_term_string}\"},\"query-input\":{\"@type\":\"PropertyValueSpecification\",\"valueRequired\":true,\"valueName\":\"search_term_string\"}}],\"inLanguage\":\"pt-PT\"}]}<\/script>\n<!-- \/ Yoast SEO plugin. -->","yoast_head_json":{"title":"DIABLO GOLOSO - 50 PIRULITOS DE P\u00caNIS GIN T\u00d4NICA SABOR MORANGO 10% \u00c1LCOOL - Lovme","robots":{"index":"index","follow":"follow","max-snippet":"max-snippet:-1","max-image-preview":"max-image-preview:large","max-video-preview":"max-video-preview:-1"},"canonical":"https:\/\/lovme.pt\/index.php\/produto\/diablo-goloso-50-pirulitos-de-penis-gin-tonica-sabor-morango-10-alcool\/","og_locale":"pt_PT","og_type":"article","og_title":"DIABLO GOLOSO - 50 PIRULITOS DE P\u00caNIS GIN T\u00d4NICA SABOR MORANGO 10% \u00c1LCOOL - Lovme","og_description":"DIABLO GOLOSO - 50 PIRULITOS DE P\u00caNIS GIN T\u00d4NICA SABOR MORANGO 10% \u00c1LCOOL","og_url":"https:\/\/lovme.pt\/index.php\/produto\/diablo-goloso-50-pirulitos-de-penis-gin-tonica-sabor-morango-10-alcool\/","og_site_name":"Lovme","article_modified_time":"2026-02-19T20:12:25+00:00","og_image":[{"width":900,"height":900,"url":"https:\/\/erki24nd3ub.exactdn.com\/wp-content\/uploads\/dream\/img\/img_216776_5e3f6b2562d987f0d036661b880866a1_1.jpg?strip=all","type":"image\/jpeg"}],"twitter_card":"summary_large_image","twitter_misc":{"Tempo estimado de leitura":"1 minuto"},"schema":{"@context":"https:\/\/schema.org","@graph":[{"@type":"WebPage","@id":"https:\/\/lovme.pt\/index.php\/produto\/diablo-goloso-50-pirulitos-de-penis-gin-tonica-sabor-morango-10-alcool\/","url":"https:\/\/lovme.pt\/index.php\/produto\/diablo-goloso-50-pirulitos-de-penis-gin-tonica-sabor-morango-10-alcool\/","name":"DIABLO GOLOSO - 50 PIRULITOS DE P\u00caNIS GIN T\u00d4NICA SABOR MORANGO 10% \u00c1LCOOL - Lovme","isPartOf":{"@id":"https:\/\/lovme.pt\/#website"},"primaryImageOfPage":{"@id":"https:\/\/lovme.pt\/index.php\/produto\/diablo-goloso-50-pirulitos-de-penis-gin-tonica-sabor-morango-10-alcool\/#primaryimage"},"image":{"@id":"https:\/\/lovme.pt\/index.php\/produto\/diablo-goloso-50-pirulitos-de-penis-gin-tonica-sabor-morango-10-alcool\/#primaryimage"},"thumbnailUrl":"https:\/\/erki24nd3ub.exactdn.com\/wp-content\/uploads\/dream\/img\/img_216776_5e3f6b2562d987f0d036661b880866a1_1.jpg?strip=all","datePublished":"2025-11-28T14:11:22+00:00","dateModified":"2026-02-19T20:12:25+00:00","breadcrumb":{"@id":"https:\/\/lovme.pt\/index.php\/produto\/diablo-goloso-50-pirulitos-de-penis-gin-tonica-sabor-morango-10-alcool\/#breadcrumb"},"inLanguage":"pt-PT","potentialAction":[{"@type":"ReadAction","target":["https:\/\/lovme.pt\/index.php\/produto\/diablo-goloso-50-pirulitos-de-penis-gin-tonica-sabor-morango-10-alcool\/"]}]},{"@type":"ImageObject","inLanguage":"pt-PT","@id":"https:\/\/lovme.pt\/index.php\/produto\/diablo-goloso-50-pirulitos-de-penis-gin-tonica-sabor-morango-10-alcool\/#primaryimage","url":"https:\/\/erki24nd3ub.exactdn.com\/wp-content\/uploads\/dream\/img\/img_216776_5e3f6b2562d987f0d036661b880866a1_1.jpg?strip=all","contentUrl":"https:\/\/erki24nd3ub.exactdn.com\/wp-content\/uploads\/dream\/img\/img_216776_5e3f6b2562d987f0d036661b880866a1_1.jpg?strip=all","width":900,"height":900},{"@type":"BreadcrumbList","@id":"https:\/\/lovme.pt\/index.php\/produto\/diablo-goloso-50-pirulitos-de-penis-gin-tonica-sabor-morango-10-alcool\/#breadcrumb","itemListElement":[{"@type":"ListItem","position":1,"name":"In\u00edcio","item":"https:\/\/lovme.pt\/"},{"@type":"ListItem","position":2,"name":"Loja","item":"https:\/\/lovme.pt\/index.php\/loja\/"},{"@type":"ListItem","position":3,"name":"DIABLO GOLOSO &#8211; 50 PIRULITOS DE P\u00caNIS GIN T\u00d4NICA SABOR MORANGO 10% \u00c1LCOOL"}]},{"@type":"WebSite","@id":"https:\/\/lovme.pt\/#website","url":"https:\/\/lovme.pt\/","name":"Lovme Loja Er\u00f3tica N\u00ba1 em Portugal","description":"A melhor loja er\u00f3tica de Portugal.","alternateName":"Loja Er\u00f3tica Lovme","potentialAction":[{"@type":"SearchAction","target":{"@type":"EntryPoint","urlTemplate":"https:\/\/lovme.pt\/?s={search_term_string}"},"query-input":{"@type":"PropertyValueSpecification","valueRequired":true,"valueName":"search_term_string"}}],"inLanguage":"pt-PT"}]}},"_links":{"self":[{"href":"https:\/\/lovme.pt\/index.php\/wp-json\/wp\/v2\/product\/104575","targetHints":{"allow":["GET"]}}],"collection":[{"href":"https:\/\/lovme.pt\/index.php\/wp-json\/wp\/v2\/product"}],"about":[{"href":"https:\/\/lovme.pt\/index.php\/wp-json\/wp\/v2\/types\/product"}],"wp:featuredmedia":[{"embeddable":true,"href":"https:\/\/lovme.pt\/index.php\/wp-json\/wp\/v2\/media\/104576"}],"wp:attachment":[{"href":"https:\/\/lovme.pt\/index.php\/wp-json\/wp\/v2\/media?parent=104575"}],"wp:term":[{"taxonomy":"product_brand","embeddable":true,"href":"https:\/\/lovme.pt\/index.php\/wp-json\/wp\/v2\/product_brand?post=104575"},{"taxonomy":"product_cat","embeddable":true,"href":"https:\/\/lovme.pt\/index.php\/wp-json\/wp\/v2\/product_cat?post=104575"},{"taxonomy":"product_tag","embeddable":true,"href":"https:\/\/lovme.pt\/index.php\/wp-json\/wp\/v2\/product_tag?post=104575"}],"curies":[{"name":"wp","href":"https:\/\/api.w.org\/{rel}","templated":true}]}}