{"id":104559,"date":"2025-11-28T14:04:33","date_gmt":"2025-11-28T14:04:33","guid":{"rendered":"https:\/\/lovme.pt\/?post_type=product&p=104559"},"modified":"2026-02-19T20:05:32","modified_gmt":"2026-02-19T20:05:32","slug":"diablo-picante-esponja-amarela-em-formato-de-penis","status":"publish","type":"product","link":"https:\/\/lovme.pt\/index.php\/produto\/diablo-picante-esponja-amarela-em-formato-de-penis\/","title":{"rendered":"DIABLO PICANTE &#8211; ESPONJA AMARELA EM FORMATO DE P\u00caNIS"},"content":{"rendered":"<p>Transforme a hora do banho em um momento cheio de risadas com a divertida esponja de banho em formato de p\u00eanis da DIVERTY SEX. Originais, macias e ousadas, essas esponjas s\u00e3o o acess\u00f3rio perfeito para quem gosta de presentes com humor e um toque picante.<\/p>\n<p> Medindo 170 x 105 x 40 mm e com uma cor amarela marcante, essas esponjas n\u00e3o s\u00f3 cumprem sua fun\u00e7\u00e3o, como tamb\u00e9m se tornam um presente divertido e inesquec\u00edvel para despedidas de solteiro(a), anivers\u00e1rios, festas tem\u00e1ticas ou eventos com amigos. Sua textura agrad\u00e1vel as torna ideais para uso no chuveiro, bem como para decora\u00e7\u00e3o ou inclus\u00e3o em cestas de presentes divertidas. Porque at\u00e9 o banho pode ser divertido, com a esponja em formato de p\u00eanis, as risadas s\u00e3o garantidas dentro e fora do chuveiro!<\/p>\n<p> <u><strong>CARACTER\u00cdSTICAS<\/strong><\/u> :<\/p>\n<ul>\n<li> Esponja de banho em formato de p\u00eanis, original e muito divertida.<\/li>\n<li> Dimens\u00f5es: 170 x 105 x 40 mm.<\/li>\n<li> Cor amarelo brilhante, ideal para se destacar.<\/li>\n<li> Textura macia e agrad\u00e1vel ao toque.<\/li>\n<li> Um detalhe ousado e fofo que garante risadas e um bom clima.<\/li>\n<\/ul>\n<p> Um cl\u00e1ssico da <strong>DIVERTY SEX<\/strong> &#8211; Com mais de 20 anos de experi\u00eancia no mercado de brinquedos sexuais, <strong>a DIVERTY SEX<\/strong> se consolidou como l\u00edder em presentes sensuais e originais com uma abordagem bem-humorada. Sua filosofia: fazer as pessoas rirem, surpreenderem e desestressarem. Seja para animar uma celebra\u00e7\u00e3o, presentear um amigo secretamente ou quebrar o gelo com humor, este produto \u00e9 essencial na sua cole\u00e7\u00e3o festiva.<\/p>\n","protected":false},"excerpt":{"rendered":"<p>DIABLO PICANTE &#8211; ESPONJA AMARELA EM FORMATO DE P\u00caNIS<\/p>\n","protected":false},"featured_media":104560,"template":"","meta":{"_acf_changed":false},"product_brand":[],"product_cat":[50,69,15],"product_tag":[],"class_list":{"0":"post-104559","1":"product","2":"type-product","3":"status-publish","4":"has-post-thumbnail","6":"product_cat-complementos-e-acessorios","7":"product_cat-jogos-eroticos","8":"product_cat-loja","9":"yith_product_brand-diverty-sexdiablo-picante","10":"yith_product_brand-diverty-sex","12":"first","13":"instock","14":"taxable","15":"shipping-taxable","16":"purchasable","17":"product-type-simple"},"acf":[],"yoast_head":"<!-- This site is optimized with the Yoast SEO plugin v27.4 - https:\/\/yoast.com\/product\/yoast-seo-wordpress\/ -->\n<title>DIABLO PICANTE - ESPONJA AMARELA EM FORMATO DE P\u00caNIS - Lovme<\/title>\n<meta name=\"robots\" content=\"index, follow, max-snippet:-1, max-image-preview:large, max-video-preview:-1\" \/>\n<link rel=\"canonical\" href=\"https:\/\/lovme.pt\/index.php\/produto\/diablo-picante-esponja-amarela-em-formato-de-penis\/\" \/>\n<meta property=\"og:locale\" content=\"pt_PT\" \/>\n<meta property=\"og:type\" content=\"article\" \/>\n<meta property=\"og:title\" content=\"DIABLO PICANTE - ESPONJA AMARELA EM FORMATO DE P\u00caNIS - Lovme\" \/>\n<meta property=\"og:description\" content=\"DIABLO PICANTE - ESPONJA AMARELA EM FORMATO DE P\u00caNIS\" \/>\n<meta property=\"og:url\" content=\"https:\/\/lovme.pt\/index.php\/produto\/diablo-picante-esponja-amarela-em-formato-de-penis\/\" \/>\n<meta property=\"og:site_name\" content=\"Lovme\" \/>\n<meta property=\"article:modified_time\" content=\"2026-02-19T20:05:32+00:00\" \/>\n<meta property=\"og:image\" content=\"https:\/\/erki24nd3ub.exactdn.com\/wp-content\/uploads\/dream\/img\/img_216785_73c9eb9a987fc98ce4715980905e8ae0_1.jpg?strip=all\" \/>\n\t<meta property=\"og:image:width\" content=\"900\" \/>\n\t<meta property=\"og:image:height\" content=\"900\" \/>\n\t<meta property=\"og:image:type\" content=\"image\/jpeg\" \/>\n<meta name=\"twitter:card\" content=\"summary_large_image\" \/>\n<meta name=\"twitter:label1\" content=\"Tempo estimado de leitura\" \/>\n\t<meta name=\"twitter:data1\" content=\"1 minuto\" \/>\n<script type=\"application\/ld+json\" class=\"yoast-schema-graph\">{\"@context\":\"https:\\\/\\\/schema.org\",\"@graph\":[{\"@type\":\"WebPage\",\"@id\":\"https:\\\/\\\/lovme.pt\\\/index.php\\\/produto\\\/diablo-picante-esponja-amarela-em-formato-de-penis\\\/\",\"url\":\"https:\\\/\\\/lovme.pt\\\/index.php\\\/produto\\\/diablo-picante-esponja-amarela-em-formato-de-penis\\\/\",\"name\":\"DIABLO PICANTE - ESPONJA AMARELA EM FORMATO DE P\u00caNIS - Lovme\",\"isPartOf\":{\"@id\":\"https:\\\/\\\/lovme.pt\\\/#website\"},\"primaryImageOfPage\":{\"@id\":\"https:\\\/\\\/lovme.pt\\\/index.php\\\/produto\\\/diablo-picante-esponja-amarela-em-formato-de-penis\\\/#primaryimage\"},\"image\":{\"@id\":\"https:\\\/\\\/lovme.pt\\\/index.php\\\/produto\\\/diablo-picante-esponja-amarela-em-formato-de-penis\\\/#primaryimage\"},\"thumbnailUrl\":\"https:\\\/\\\/erki24nd3ub.exactdn.com\\\/wp-content\\\/uploads\\\/dream\\\/img\\\/img_216785_73c9eb9a987fc98ce4715980905e8ae0_1.jpg?strip=all\",\"datePublished\":\"2025-11-28T14:04:33+00:00\",\"dateModified\":\"2026-02-19T20:05:32+00:00\",\"breadcrumb\":{\"@id\":\"https:\\\/\\\/lovme.pt\\\/index.php\\\/produto\\\/diablo-picante-esponja-amarela-em-formato-de-penis\\\/#breadcrumb\"},\"inLanguage\":\"pt-PT\",\"potentialAction\":[{\"@type\":\"ReadAction\",\"target\":[\"https:\\\/\\\/lovme.pt\\\/index.php\\\/produto\\\/diablo-picante-esponja-amarela-em-formato-de-penis\\\/\"]}]},{\"@type\":\"ImageObject\",\"inLanguage\":\"pt-PT\",\"@id\":\"https:\\\/\\\/lovme.pt\\\/index.php\\\/produto\\\/diablo-picante-esponja-amarela-em-formato-de-penis\\\/#primaryimage\",\"url\":\"https:\\\/\\\/erki24nd3ub.exactdn.com\\\/wp-content\\\/uploads\\\/dream\\\/img\\\/img_216785_73c9eb9a987fc98ce4715980905e8ae0_1.jpg?strip=all\",\"contentUrl\":\"https:\\\/\\\/erki24nd3ub.exactdn.com\\\/wp-content\\\/uploads\\\/dream\\\/img\\\/img_216785_73c9eb9a987fc98ce4715980905e8ae0_1.jpg?strip=all\",\"width\":900,\"height\":900},{\"@type\":\"BreadcrumbList\",\"@id\":\"https:\\\/\\\/lovme.pt\\\/index.php\\\/produto\\\/diablo-picante-esponja-amarela-em-formato-de-penis\\\/#breadcrumb\",\"itemListElement\":[{\"@type\":\"ListItem\",\"position\":1,\"name\":\"In\u00edcio\",\"item\":\"https:\\\/\\\/lovme.pt\\\/\"},{\"@type\":\"ListItem\",\"position\":2,\"name\":\"Loja\",\"item\":\"https:\\\/\\\/lovme.pt\\\/index.php\\\/loja\\\/\"},{\"@type\":\"ListItem\",\"position\":3,\"name\":\"DIABLO PICANTE &#8211; ESPONJA AMARELA EM FORMATO DE P\u00caNIS\"}]},{\"@type\":\"WebSite\",\"@id\":\"https:\\\/\\\/lovme.pt\\\/#website\",\"url\":\"https:\\\/\\\/lovme.pt\\\/\",\"name\":\"Lovme Loja Er\u00f3tica N\u00ba1 em Portugal\",\"description\":\"A melhor loja er\u00f3tica de Portugal.\",\"alternateName\":\"Loja Er\u00f3tica Lovme\",\"potentialAction\":[{\"@type\":\"SearchAction\",\"target\":{\"@type\":\"EntryPoint\",\"urlTemplate\":\"https:\\\/\\\/lovme.pt\\\/?s={search_term_string}\"},\"query-input\":{\"@type\":\"PropertyValueSpecification\",\"valueRequired\":true,\"valueName\":\"search_term_string\"}}],\"inLanguage\":\"pt-PT\"}]}<\/script>\n<!-- \/ Yoast SEO plugin. -->","yoast_head_json":{"title":"DIABLO PICANTE - ESPONJA AMARELA EM FORMATO DE P\u00caNIS - Lovme","robots":{"index":"index","follow":"follow","max-snippet":"max-snippet:-1","max-image-preview":"max-image-preview:large","max-video-preview":"max-video-preview:-1"},"canonical":"https:\/\/lovme.pt\/index.php\/produto\/diablo-picante-esponja-amarela-em-formato-de-penis\/","og_locale":"pt_PT","og_type":"article","og_title":"DIABLO PICANTE - ESPONJA AMARELA EM FORMATO DE P\u00caNIS - Lovme","og_description":"DIABLO PICANTE - ESPONJA AMARELA EM FORMATO DE P\u00caNIS","og_url":"https:\/\/lovme.pt\/index.php\/produto\/diablo-picante-esponja-amarela-em-formato-de-penis\/","og_site_name":"Lovme","article_modified_time":"2026-02-19T20:05:32+00:00","og_image":[{"width":900,"height":900,"url":"https:\/\/erki24nd3ub.exactdn.com\/wp-content\/uploads\/dream\/img\/img_216785_73c9eb9a987fc98ce4715980905e8ae0_1.jpg?strip=all","type":"image\/jpeg"}],"twitter_card":"summary_large_image","twitter_misc":{"Tempo estimado de leitura":"1 minuto"},"schema":{"@context":"https:\/\/schema.org","@graph":[{"@type":"WebPage","@id":"https:\/\/lovme.pt\/index.php\/produto\/diablo-picante-esponja-amarela-em-formato-de-penis\/","url":"https:\/\/lovme.pt\/index.php\/produto\/diablo-picante-esponja-amarela-em-formato-de-penis\/","name":"DIABLO PICANTE - ESPONJA AMARELA EM FORMATO DE P\u00caNIS - Lovme","isPartOf":{"@id":"https:\/\/lovme.pt\/#website"},"primaryImageOfPage":{"@id":"https:\/\/lovme.pt\/index.php\/produto\/diablo-picante-esponja-amarela-em-formato-de-penis\/#primaryimage"},"image":{"@id":"https:\/\/lovme.pt\/index.php\/produto\/diablo-picante-esponja-amarela-em-formato-de-penis\/#primaryimage"},"thumbnailUrl":"https:\/\/erki24nd3ub.exactdn.com\/wp-content\/uploads\/dream\/img\/img_216785_73c9eb9a987fc98ce4715980905e8ae0_1.jpg?strip=all","datePublished":"2025-11-28T14:04:33+00:00","dateModified":"2026-02-19T20:05:32+00:00","breadcrumb":{"@id":"https:\/\/lovme.pt\/index.php\/produto\/diablo-picante-esponja-amarela-em-formato-de-penis\/#breadcrumb"},"inLanguage":"pt-PT","potentialAction":[{"@type":"ReadAction","target":["https:\/\/lovme.pt\/index.php\/produto\/diablo-picante-esponja-amarela-em-formato-de-penis\/"]}]},{"@type":"ImageObject","inLanguage":"pt-PT","@id":"https:\/\/lovme.pt\/index.php\/produto\/diablo-picante-esponja-amarela-em-formato-de-penis\/#primaryimage","url":"https:\/\/erki24nd3ub.exactdn.com\/wp-content\/uploads\/dream\/img\/img_216785_73c9eb9a987fc98ce4715980905e8ae0_1.jpg?strip=all","contentUrl":"https:\/\/erki24nd3ub.exactdn.com\/wp-content\/uploads\/dream\/img\/img_216785_73c9eb9a987fc98ce4715980905e8ae0_1.jpg?strip=all","width":900,"height":900},{"@type":"BreadcrumbList","@id":"https:\/\/lovme.pt\/index.php\/produto\/diablo-picante-esponja-amarela-em-formato-de-penis\/#breadcrumb","itemListElement":[{"@type":"ListItem","position":1,"name":"In\u00edcio","item":"https:\/\/lovme.pt\/"},{"@type":"ListItem","position":2,"name":"Loja","item":"https:\/\/lovme.pt\/index.php\/loja\/"},{"@type":"ListItem","position":3,"name":"DIABLO PICANTE &#8211; ESPONJA AMARELA EM FORMATO DE P\u00caNIS"}]},{"@type":"WebSite","@id":"https:\/\/lovme.pt\/#website","url":"https:\/\/lovme.pt\/","name":"Lovme Loja Er\u00f3tica N\u00ba1 em Portugal","description":"A melhor loja er\u00f3tica de Portugal.","alternateName":"Loja Er\u00f3tica Lovme","potentialAction":[{"@type":"SearchAction","target":{"@type":"EntryPoint","urlTemplate":"https:\/\/lovme.pt\/?s={search_term_string}"},"query-input":{"@type":"PropertyValueSpecification","valueRequired":true,"valueName":"search_term_string"}}],"inLanguage":"pt-PT"}]}},"_links":{"self":[{"href":"https:\/\/lovme.pt\/index.php\/wp-json\/wp\/v2\/product\/104559","targetHints":{"allow":["GET"]}}],"collection":[{"href":"https:\/\/lovme.pt\/index.php\/wp-json\/wp\/v2\/product"}],"about":[{"href":"https:\/\/lovme.pt\/index.php\/wp-json\/wp\/v2\/types\/product"}],"wp:featuredmedia":[{"embeddable":true,"href":"https:\/\/lovme.pt\/index.php\/wp-json\/wp\/v2\/media\/104560"}],"wp:attachment":[{"href":"https:\/\/lovme.pt\/index.php\/wp-json\/wp\/v2\/media?parent=104559"}],"wp:term":[{"taxonomy":"product_brand","embeddable":true,"href":"https:\/\/lovme.pt\/index.php\/wp-json\/wp\/v2\/product_brand?post=104559"},{"taxonomy":"product_cat","embeddable":true,"href":"https:\/\/lovme.pt\/index.php\/wp-json\/wp\/v2\/product_cat?post=104559"},{"taxonomy":"product_tag","embeddable":true,"href":"https:\/\/lovme.pt\/index.php\/wp-json\/wp\/v2\/product_tag?post=104559"}],"curies":[{"name":"wp","href":"https:\/\/api.w.org\/{rel}","templated":true}]}}