{"id":104504,"date":"2025-11-25T06:05:06","date_gmt":"2025-11-25T06:05:06","guid":{"rendered":"https:\/\/lovme.pt\/?post_type=product&p=104504"},"modified":"2026-02-19T20:09:57","modified_gmt":"2026-02-19T20:09:57","slug":"pjur-man-lust-pleasure-gel-estimulacao-intensa-e-duradoura-15-ml","status":"publish","type":"product","link":"https:\/\/lovme.pt\/index.php\/produto\/pjur-man-lust-pleasure-gel-estimulacao-intensa-e-duradoura-15-ml\/","title":{"rendered":"PJUR &#8211; MAN LUST PLEASURE GEL ESTIMULA\u00c7\u00c3O INTENSA E DURADOURA 15 ML"},"content":{"rendered":"<p>GEL DO PRAZER &#8211; <strong>pjur MAN Lust<\/strong> convida os homens a redefinir a paix\u00e3o. Sua f\u00f3rmula inovadora com agri\u00e3o natural (espilantol) ativa em segundos, proporcionando uma sensa\u00e7\u00e3o de formigamento intensa que dura at\u00e9 15 minutos.<\/p>\n<p>O gel tamb\u00e9m nutre e refresca a pele da regi\u00e3o \u00edntima externa, deixando uma sensa\u00e7\u00e3o sedosa e suave. Seja usado sozinho, com um masturbador ou como um complemento excitante para as preliminares, <strong>o pjur MAN Lust<\/strong> oferece maneiras vers\u00e1teis de elevar o prazer masculino e ultrapassar os limites. Sua f\u00f3rmula \u00e0 base de \u00e1gua garante uma aplica\u00e7\u00e3o confort\u00e1vel e compatibilidade com brinquedos sexuais. <strong>Pjur MAN Lust<\/strong> \u00e9 o novo gel de prazer para homens que querem mais. Mais intensidade, mais sensa\u00e7\u00f5es, mais paix\u00e3o.<\/p>\n<ul>\n<li>F\u00f3rmula \u00e0 base de \u00e1gua, tamb\u00e9m adequada para masturbadores.<\/li>\n<li>Come\u00e7a a agir em segundos e proporciona estimula\u00e7\u00e3o intensa por at\u00e9 15 minutos.<\/li>\n<li>Complexo ativo inovador com agri\u00e3o natural (spilantol) para estimular as sensa\u00e7\u00f5es.<\/li>\n<li>Completa a linha pjur com uma inova\u00e7\u00e3o \u00fanica.<\/li>\n<li>Tamb\u00e9m serve como complemento aos dois produtos WOMAN Lust.<\/li>\n<li>Ideal para uso com masturbadores, com grande potencial de vendas cruzadas.<\/li>\n<li>Sua efic\u00e1cia e qualidade garantem alta satisfa\u00e7\u00e3o do cliente e compras recorrentes.<\/li>\n<\/ul>\n<p><u><strong>CARACTER\u00cdSTICAS<\/strong><\/u> :<\/p>\n<ul>\n<li>Tipo: Gel<\/li>\n<li>Ingredientes: \u00c1gua, glicerina, polissorbato 80, aroma, extrato da flor de Spilanthes acmella, niacinamida, goma xantana, sacarina s\u00f3dica, benzoato de s\u00f3dio, \u00e1cido c\u00edtrico.<\/li>\n<li>Tamanho: 15 ML<\/li>\n<li>Idiomas: DE, EN, NL, FR, ES<\/li>\n<\/ul>\n","protected":false},"excerpt":{"rendered":"<p>PJUR &#8211; MAN LUST PLEASURE GEL ESTIMULA\u00c7\u00c3O INTENSA E DURADOURA 15 ML<\/p>\n","protected":false},"featured_media":104505,"template":"","meta":{"_acf_changed":false},"product_brand":[],"product_cat":[49,52],"product_tag":[],"class_list":{"0":"post-104504","1":"product","2":"type-product","3":"status-publish","4":"has-post-thumbnail","6":"product_cat-cosmeticos","7":"product_cat-estimulantes","8":"yith_product_brand-pjur","10":"first","11":"instock","12":"taxable","13":"shipping-taxable","14":"purchasable","15":"product-type-simple"},"acf":[],"yoast_head":"<!-- This site is optimized with the Yoast SEO plugin v27.4 - https:\/\/yoast.com\/product\/yoast-seo-wordpress\/ -->\n<title>PJUR - MAN LUST PLEASURE GEL ESTIMULA\u00c7\u00c3O INTENSA E DURADOURA 15 ML - Lovme<\/title>\n<meta name=\"robots\" content=\"index, follow, max-snippet:-1, max-image-preview:large, max-video-preview:-1\" \/>\n<link rel=\"canonical\" href=\"https:\/\/lovme.pt\/index.php\/produto\/pjur-man-lust-pleasure-gel-estimulacao-intensa-e-duradoura-15-ml\/\" \/>\n<meta property=\"og:locale\" content=\"pt_PT\" \/>\n<meta property=\"og:type\" content=\"article\" \/>\n<meta property=\"og:title\" content=\"PJUR - MAN LUST PLEASURE GEL ESTIMULA\u00c7\u00c3O INTENSA E DURADOURA 15 ML - Lovme\" \/>\n<meta property=\"og:description\" content=\"PJUR - MAN LUST PLEASURE GEL ESTIMULA\u00c7\u00c3O INTENSA E DURADOURA 15 ML\" \/>\n<meta property=\"og:url\" content=\"https:\/\/lovme.pt\/index.php\/produto\/pjur-man-lust-pleasure-gel-estimulacao-intensa-e-duradoura-15-ml\/\" \/>\n<meta property=\"og:site_name\" content=\"Lovme\" \/>\n<meta property=\"article:modified_time\" content=\"2026-02-19T20:09:57+00:00\" \/>\n<meta property=\"og:image\" content=\"https:\/\/erki24nd3ub.exactdn.com\/wp-content\/uploads\/dream\/img\/img_216213_29e3bb930bca7f722202ab385fa0efff_1.jpg?strip=all\" \/>\n\t<meta property=\"og:image:width\" content=\"900\" \/>\n\t<meta property=\"og:image:height\" content=\"900\" \/>\n\t<meta property=\"og:image:type\" content=\"image\/jpeg\" \/>\n<meta name=\"twitter:card\" content=\"summary_large_image\" \/>\n<meta name=\"twitter:label1\" content=\"Tempo estimado de leitura\" \/>\n\t<meta name=\"twitter:data1\" content=\"1 minuto\" \/>\n<script type=\"application\/ld+json\" class=\"yoast-schema-graph\">{\"@context\":\"https:\\\/\\\/schema.org\",\"@graph\":[{\"@type\":\"WebPage\",\"@id\":\"https:\\\/\\\/lovme.pt\\\/index.php\\\/produto\\\/pjur-man-lust-pleasure-gel-estimulacao-intensa-e-duradoura-15-ml\\\/\",\"url\":\"https:\\\/\\\/lovme.pt\\\/index.php\\\/produto\\\/pjur-man-lust-pleasure-gel-estimulacao-intensa-e-duradoura-15-ml\\\/\",\"name\":\"PJUR - MAN LUST PLEASURE GEL ESTIMULA\u00c7\u00c3O INTENSA E DURADOURA 15 ML - Lovme\",\"isPartOf\":{\"@id\":\"https:\\\/\\\/lovme.pt\\\/#website\"},\"primaryImageOfPage\":{\"@id\":\"https:\\\/\\\/lovme.pt\\\/index.php\\\/produto\\\/pjur-man-lust-pleasure-gel-estimulacao-intensa-e-duradoura-15-ml\\\/#primaryimage\"},\"image\":{\"@id\":\"https:\\\/\\\/lovme.pt\\\/index.php\\\/produto\\\/pjur-man-lust-pleasure-gel-estimulacao-intensa-e-duradoura-15-ml\\\/#primaryimage\"},\"thumbnailUrl\":\"https:\\\/\\\/erki24nd3ub.exactdn.com\\\/wp-content\\\/uploads\\\/dream\\\/img\\\/img_216213_29e3bb930bca7f722202ab385fa0efff_1.jpg?strip=all\",\"datePublished\":\"2025-11-25T06:05:06+00:00\",\"dateModified\":\"2026-02-19T20:09:57+00:00\",\"breadcrumb\":{\"@id\":\"https:\\\/\\\/lovme.pt\\\/index.php\\\/produto\\\/pjur-man-lust-pleasure-gel-estimulacao-intensa-e-duradoura-15-ml\\\/#breadcrumb\"},\"inLanguage\":\"pt-PT\",\"potentialAction\":[{\"@type\":\"ReadAction\",\"target\":[\"https:\\\/\\\/lovme.pt\\\/index.php\\\/produto\\\/pjur-man-lust-pleasure-gel-estimulacao-intensa-e-duradoura-15-ml\\\/\"]}]},{\"@type\":\"ImageObject\",\"inLanguage\":\"pt-PT\",\"@id\":\"https:\\\/\\\/lovme.pt\\\/index.php\\\/produto\\\/pjur-man-lust-pleasure-gel-estimulacao-intensa-e-duradoura-15-ml\\\/#primaryimage\",\"url\":\"https:\\\/\\\/erki24nd3ub.exactdn.com\\\/wp-content\\\/uploads\\\/dream\\\/img\\\/img_216213_29e3bb930bca7f722202ab385fa0efff_1.jpg?strip=all\",\"contentUrl\":\"https:\\\/\\\/erki24nd3ub.exactdn.com\\\/wp-content\\\/uploads\\\/dream\\\/img\\\/img_216213_29e3bb930bca7f722202ab385fa0efff_1.jpg?strip=all\",\"width\":900,\"height\":900},{\"@type\":\"BreadcrumbList\",\"@id\":\"https:\\\/\\\/lovme.pt\\\/index.php\\\/produto\\\/pjur-man-lust-pleasure-gel-estimulacao-intensa-e-duradoura-15-ml\\\/#breadcrumb\",\"itemListElement\":[{\"@type\":\"ListItem\",\"position\":1,\"name\":\"In\u00edcio\",\"item\":\"https:\\\/\\\/lovme.pt\\\/\"},{\"@type\":\"ListItem\",\"position\":2,\"name\":\"Loja\",\"item\":\"https:\\\/\\\/lovme.pt\\\/index.php\\\/loja\\\/\"},{\"@type\":\"ListItem\",\"position\":3,\"name\":\"PJUR &#8211; MAN LUST PLEASURE GEL ESTIMULA\u00c7\u00c3O INTENSA E DURADOURA 15 ML\"}]},{\"@type\":\"WebSite\",\"@id\":\"https:\\\/\\\/lovme.pt\\\/#website\",\"url\":\"https:\\\/\\\/lovme.pt\\\/\",\"name\":\"Lovme Loja Er\u00f3tica N\u00ba1 em Portugal\",\"description\":\"A melhor loja er\u00f3tica de Portugal.\",\"alternateName\":\"Loja Er\u00f3tica Lovme\",\"potentialAction\":[{\"@type\":\"SearchAction\",\"target\":{\"@type\":\"EntryPoint\",\"urlTemplate\":\"https:\\\/\\\/lovme.pt\\\/?s={search_term_string}\"},\"query-input\":{\"@type\":\"PropertyValueSpecification\",\"valueRequired\":true,\"valueName\":\"search_term_string\"}}],\"inLanguage\":\"pt-PT\"}]}<\/script>\n<!-- \/ Yoast SEO plugin. -->","yoast_head_json":{"title":"PJUR - MAN LUST PLEASURE GEL ESTIMULA\u00c7\u00c3O INTENSA E DURADOURA 15 ML - Lovme","robots":{"index":"index","follow":"follow","max-snippet":"max-snippet:-1","max-image-preview":"max-image-preview:large","max-video-preview":"max-video-preview:-1"},"canonical":"https:\/\/lovme.pt\/index.php\/produto\/pjur-man-lust-pleasure-gel-estimulacao-intensa-e-duradoura-15-ml\/","og_locale":"pt_PT","og_type":"article","og_title":"PJUR - MAN LUST PLEASURE GEL ESTIMULA\u00c7\u00c3O INTENSA E DURADOURA 15 ML - Lovme","og_description":"PJUR - MAN LUST PLEASURE GEL ESTIMULA\u00c7\u00c3O INTENSA E DURADOURA 15 ML","og_url":"https:\/\/lovme.pt\/index.php\/produto\/pjur-man-lust-pleasure-gel-estimulacao-intensa-e-duradoura-15-ml\/","og_site_name":"Lovme","article_modified_time":"2026-02-19T20:09:57+00:00","og_image":[{"width":900,"height":900,"url":"https:\/\/erki24nd3ub.exactdn.com\/wp-content\/uploads\/dream\/img\/img_216213_29e3bb930bca7f722202ab385fa0efff_1.jpg?strip=all","type":"image\/jpeg"}],"twitter_card":"summary_large_image","twitter_misc":{"Tempo estimado de leitura":"1 minuto"},"schema":{"@context":"https:\/\/schema.org","@graph":[{"@type":"WebPage","@id":"https:\/\/lovme.pt\/index.php\/produto\/pjur-man-lust-pleasure-gel-estimulacao-intensa-e-duradoura-15-ml\/","url":"https:\/\/lovme.pt\/index.php\/produto\/pjur-man-lust-pleasure-gel-estimulacao-intensa-e-duradoura-15-ml\/","name":"PJUR - MAN LUST PLEASURE GEL ESTIMULA\u00c7\u00c3O INTENSA E DURADOURA 15 ML - Lovme","isPartOf":{"@id":"https:\/\/lovme.pt\/#website"},"primaryImageOfPage":{"@id":"https:\/\/lovme.pt\/index.php\/produto\/pjur-man-lust-pleasure-gel-estimulacao-intensa-e-duradoura-15-ml\/#primaryimage"},"image":{"@id":"https:\/\/lovme.pt\/index.php\/produto\/pjur-man-lust-pleasure-gel-estimulacao-intensa-e-duradoura-15-ml\/#primaryimage"},"thumbnailUrl":"https:\/\/erki24nd3ub.exactdn.com\/wp-content\/uploads\/dream\/img\/img_216213_29e3bb930bca7f722202ab385fa0efff_1.jpg?strip=all","datePublished":"2025-11-25T06:05:06+00:00","dateModified":"2026-02-19T20:09:57+00:00","breadcrumb":{"@id":"https:\/\/lovme.pt\/index.php\/produto\/pjur-man-lust-pleasure-gel-estimulacao-intensa-e-duradoura-15-ml\/#breadcrumb"},"inLanguage":"pt-PT","potentialAction":[{"@type":"ReadAction","target":["https:\/\/lovme.pt\/index.php\/produto\/pjur-man-lust-pleasure-gel-estimulacao-intensa-e-duradoura-15-ml\/"]}]},{"@type":"ImageObject","inLanguage":"pt-PT","@id":"https:\/\/lovme.pt\/index.php\/produto\/pjur-man-lust-pleasure-gel-estimulacao-intensa-e-duradoura-15-ml\/#primaryimage","url":"https:\/\/erki24nd3ub.exactdn.com\/wp-content\/uploads\/dream\/img\/img_216213_29e3bb930bca7f722202ab385fa0efff_1.jpg?strip=all","contentUrl":"https:\/\/erki24nd3ub.exactdn.com\/wp-content\/uploads\/dream\/img\/img_216213_29e3bb930bca7f722202ab385fa0efff_1.jpg?strip=all","width":900,"height":900},{"@type":"BreadcrumbList","@id":"https:\/\/lovme.pt\/index.php\/produto\/pjur-man-lust-pleasure-gel-estimulacao-intensa-e-duradoura-15-ml\/#breadcrumb","itemListElement":[{"@type":"ListItem","position":1,"name":"In\u00edcio","item":"https:\/\/lovme.pt\/"},{"@type":"ListItem","position":2,"name":"Loja","item":"https:\/\/lovme.pt\/index.php\/loja\/"},{"@type":"ListItem","position":3,"name":"PJUR &#8211; MAN LUST PLEASURE GEL ESTIMULA\u00c7\u00c3O INTENSA E DURADOURA 15 ML"}]},{"@type":"WebSite","@id":"https:\/\/lovme.pt\/#website","url":"https:\/\/lovme.pt\/","name":"Lovme Loja Er\u00f3tica N\u00ba1 em Portugal","description":"A melhor loja er\u00f3tica de Portugal.","alternateName":"Loja Er\u00f3tica Lovme","potentialAction":[{"@type":"SearchAction","target":{"@type":"EntryPoint","urlTemplate":"https:\/\/lovme.pt\/?s={search_term_string}"},"query-input":{"@type":"PropertyValueSpecification","valueRequired":true,"valueName":"search_term_string"}}],"inLanguage":"pt-PT"}]}},"_links":{"self":[{"href":"https:\/\/lovme.pt\/index.php\/wp-json\/wp\/v2\/product\/104504","targetHints":{"allow":["GET"]}}],"collection":[{"href":"https:\/\/lovme.pt\/index.php\/wp-json\/wp\/v2\/product"}],"about":[{"href":"https:\/\/lovme.pt\/index.php\/wp-json\/wp\/v2\/types\/product"}],"wp:featuredmedia":[{"embeddable":true,"href":"https:\/\/lovme.pt\/index.php\/wp-json\/wp\/v2\/media\/104505"}],"wp:attachment":[{"href":"https:\/\/lovme.pt\/index.php\/wp-json\/wp\/v2\/media?parent=104504"}],"wp:term":[{"taxonomy":"product_brand","embeddable":true,"href":"https:\/\/lovme.pt\/index.php\/wp-json\/wp\/v2\/product_brand?post=104504"},{"taxonomy":"product_cat","embeddable":true,"href":"https:\/\/lovme.pt\/index.php\/wp-json\/wp\/v2\/product_cat?post=104504"},{"taxonomy":"product_tag","embeddable":true,"href":"https:\/\/lovme.pt\/index.php\/wp-json\/wp\/v2\/product_tag?post=104504"}],"curies":[{"name":"wp","href":"https:\/\/api.w.org\/{rel}","templated":true}]}}