{"id":104499,"date":"2025-11-24T23:10:17","date_gmt":"2025-11-24T23:10:17","guid":{"rendered":"https:\/\/lovme.pt\/?post_type=product&p=104499"},"modified":"2026-02-19T20:18:48","modified_gmt":"2026-02-19T20:18:48","slug":"mister-size-kit-de-teste-com-3-camisinhas-de-tamanhos-diferentes-fita-metrica","status":"publish","type":"product","link":"https:\/\/lovme.pt\/index.php\/produto\/mister-size-kit-de-teste-com-3-camisinhas-de-tamanhos-diferentes-fita-metrica\/","title":{"rendered":"MISTER SIZE &#8211; KIT DE TESTE COM 3 CAMISINHAS DE TAMANHOS DIFERENTES + FITA M\u00c9TRICA"},"content":{"rendered":"<p>Experimente o conforto perfeito com preservativos. Cada homem \u00e9 \u00fanico, e isso tamb\u00e9m se aplica ao seu melhor parceiro. Por isso, para <strong>a MISTER SIZE<\/strong> , \u00e9 essencial que os preservativos se ajustem ao tamanho do seu p\u00eanis. Somente usando o tamanho correto voc\u00ea poder\u00e1 desfrutar de sexo totalmente livre e prazeroso, sem preocupa\u00e7\u00f5es. Chega de belisc\u00f5es inc\u00f4modos ou do medo constante de que algo escorregue. Voc\u00ea vai adorar a diferen\u00e7a.<\/p>\n<p><u><strong>CONT\u00c9M<\/strong><\/u> :<\/p>\n<ul>\n<li>Fita m\u00e9trica e instru\u00e7\u00f5es para descobrir o tamanho do seu preservativo.<\/li>\n<li>3 preservativos MISTER SIZE nos tamanhos 53, 57 e 60 mm<\/li>\n<li>Ideal para encontrar o seu tamanho exato.\n<ul>\n<li>Ajuste ideal<\/li>\n<li>Sensa\u00e7\u00e3o intensa<\/li>\n<li>Transparente e suave, extra lubrificado<\/li>\n<li>Recomendado para circunfer\u00eancias de 10,5 cm a 14,5 cm.<\/li>\n<\/ul>\n<\/li>\n<\/ul>\n<p>Descubra o seu tamanho com o kit de teste. O kit <strong>MISTER SIZE<\/strong> , com fita m\u00e9trica e embalagem de tamanho m\u00e9dio para teste, ajuda voc\u00ea a descobrir o tamanho ideal de preservativo. Os tamanhos 53 mm, 57 mm e 60 mm inclu\u00eddos no kit abrangem os mais comuns. Se voc\u00ea usa um tamanho diferente, pode conferir com a fita m\u00e9trica e sentir a diferen\u00e7a com a embalagem de tamanho m\u00e9dio para teste.<\/p>\n<p><u><strong>CARACTER\u00cdSTICAS<\/strong><\/u> :<\/p>\n<ul>\n<li>Larguras nominais: 53 mm, 57 mm, 60 mm<\/li>\n<li>Comprimentos dos preservativos: 185 mm, 200 mm<\/li>\n<li>Espessura da parede (espessura da camisinha): 0,05 mm<\/li>\n<li>Cor: transparente<\/li>\n<li>Formato: cil\u00edndrico, encaixe ideal, f\u00e1cil de desenrolar, com ponta reservat\u00f3rio<\/li>\n<li>Lubrificante: dimeticona (\u00f3leo de silicone), hidratante extra<\/li>\n<li>Vegano: sim<\/li>\n<li>Testado dermatologicamente e 100% eletronicamente  Certifica\u00e7\u00e3o: CE 0123 \/ ISO 4074<\/li>\n<\/ul>\n<p>Com sete tamanhos diferentes de preservativos, <strong>o MISTER SIZE<\/strong> ajuda voc\u00ea a desfrutar de sexo prazeroso e sem preocupa\u00e7\u00f5es. A largura varia de 47 mm a 69 mm. A maneira mais r\u00e1pida de encontrar o tamanho ideal \u00e9 com o kit de teste. <strong>O MISTER SIZE<\/strong> proporciona uma experi\u00eancia sexual completamente nova, oferecendo seguran\u00e7a m\u00e1xima. Porque essa \u00e9 a \u00fanica maneira de se entregar totalmente durante o sexo.<\/p>\n<p>O principal componente dos preservativos <strong>MISTER SIZE<\/strong> \u00e9 o l\u00e1tex. Obtido da seringueira, \u00e9 um produto completamente natural que, al\u00e9m da borracha, \u00e9 composto principalmente de \u00e1gua, mas tamb\u00e9m cont\u00e9m pequenas quantidades de resinas, prote\u00ednas e minerais. Na produ\u00e7\u00e3o dos preservativos <strong>MISTER SIZE<\/strong> , utiliza-se apenas l\u00e1tex de borracha natural da mais alta qualidade, proveniente de fornecedores cuidadosamente selecionados. A mistura de l\u00e1tex tamb\u00e9m inclui outros ingredientes que lhe conferem boa elasticidade, resist\u00eancia confi\u00e1vel a rasgos e um agrad\u00e1vel odor neutro.<\/p>\n<p><strong>*<\/strong> <u><strong>Ingredientes<\/strong><\/u> : cis-1,4-poliisopreno (l\u00e1tex de borracha natural), dietilditiocarbamato de zinco (acelerador), fenol, 4-metil, produtos de rea\u00e7\u00e3o com diciclopentadieno e isobuteno (antioxidante), dibutilditiocarbamato de zinco (acelerador), \u00f3xido de zinco (ativador de vulcaniza\u00e7\u00e3o), enxofre (agente vulcanizante), hidr\u00f3xido de pot\u00e1ssio (sab\u00e3o), \u00e1lcool graxo (sab\u00e3o).<\/p>\n","protected":false},"excerpt":{"rendered":"<p>EMBALAGEM DISPON\u00cdVEL EM: \/en\/de\/fr\/es\/it\/nl\/hu\/hr\/sl\/<\/p>\n","protected":false},"featured_media":104500,"template":"","meta":{"_acf_changed":false},"product_brand":[],"product_cat":[73],"product_tag":[],"class_list":{"0":"post-104499","1":"product","2":"type-product","3":"status-publish","4":"has-post-thumbnail","6":"product_cat-preservativos","7":"yith_product_brand-mister-size","9":"first","10":"instock","11":"taxable","12":"shipping-taxable","13":"purchasable","14":"product-type-simple"},"acf":[],"yoast_head":"<!-- This site is optimized with the Yoast SEO plugin v27.4 - https:\/\/yoast.com\/product\/yoast-seo-wordpress\/ -->\n<title>MISTER SIZE - KIT DE TESTE COM 3 CAMISINHAS DE TAMANHOS DIFERENTES + FITA M\u00c9TRICA - Lovme<\/title>\n<meta name=\"robots\" content=\"index, follow, max-snippet:-1, max-image-preview:large, max-video-preview:-1\" \/>\n<link rel=\"canonical\" href=\"https:\/\/lovme.pt\/index.php\/produto\/mister-size-kit-de-teste-com-3-camisinhas-de-tamanhos-diferentes-fita-metrica\/\" \/>\n<meta property=\"og:locale\" content=\"pt_PT\" \/>\n<meta property=\"og:type\" content=\"article\" \/>\n<meta property=\"og:title\" content=\"MISTER SIZE - KIT DE TESTE COM 3 CAMISINHAS DE TAMANHOS DIFERENTES + FITA M\u00c9TRICA - Lovme\" \/>\n<meta property=\"og:description\" content=\"EMBALAGEM DISPON\u00cdVEL EM: \/en\/de\/fr\/es\/it\/nl\/hu\/hr\/sl\/\" \/>\n<meta property=\"og:url\" content=\"https:\/\/lovme.pt\/index.php\/produto\/mister-size-kit-de-teste-com-3-camisinhas-de-tamanhos-diferentes-fita-metrica\/\" \/>\n<meta property=\"og:site_name\" content=\"Lovme\" \/>\n<meta property=\"article:modified_time\" content=\"2026-02-19T20:18:48+00:00\" \/>\n<meta property=\"og:image\" content=\"https:\/\/erki24nd3ub.exactdn.com\/wp-content\/uploads\/dream\/img\/img_217030_920820bffa1fa2ee77287ae845e5f22b_1.jpg?strip=all\" \/>\n\t<meta property=\"og:image:width\" content=\"900\" \/>\n\t<meta property=\"og:image:height\" content=\"900\" \/>\n\t<meta property=\"og:image:type\" content=\"image\/jpeg\" \/>\n<meta name=\"twitter:card\" content=\"summary_large_image\" \/>\n<meta name=\"twitter:label1\" content=\"Tempo estimado de leitura\" \/>\n\t<meta name=\"twitter:data1\" content=\"2 minutos\" \/>\n<script type=\"application\/ld+json\" class=\"yoast-schema-graph\">{\"@context\":\"https:\\\/\\\/schema.org\",\"@graph\":[{\"@type\":\"WebPage\",\"@id\":\"https:\\\/\\\/lovme.pt\\\/index.php\\\/produto\\\/mister-size-kit-de-teste-com-3-camisinhas-de-tamanhos-diferentes-fita-metrica\\\/\",\"url\":\"https:\\\/\\\/lovme.pt\\\/index.php\\\/produto\\\/mister-size-kit-de-teste-com-3-camisinhas-de-tamanhos-diferentes-fita-metrica\\\/\",\"name\":\"MISTER SIZE - KIT DE TESTE COM 3 CAMISINHAS DE TAMANHOS DIFERENTES + FITA M\u00c9TRICA - Lovme\",\"isPartOf\":{\"@id\":\"https:\\\/\\\/lovme.pt\\\/#website\"},\"primaryImageOfPage\":{\"@id\":\"https:\\\/\\\/lovme.pt\\\/index.php\\\/produto\\\/mister-size-kit-de-teste-com-3-camisinhas-de-tamanhos-diferentes-fita-metrica\\\/#primaryimage\"},\"image\":{\"@id\":\"https:\\\/\\\/lovme.pt\\\/index.php\\\/produto\\\/mister-size-kit-de-teste-com-3-camisinhas-de-tamanhos-diferentes-fita-metrica\\\/#primaryimage\"},\"thumbnailUrl\":\"https:\\\/\\\/erki24nd3ub.exactdn.com\\\/wp-content\\\/uploads\\\/dream\\\/img\\\/img_217030_920820bffa1fa2ee77287ae845e5f22b_1.jpg?strip=all\",\"datePublished\":\"2025-11-24T23:10:17+00:00\",\"dateModified\":\"2026-02-19T20:18:48+00:00\",\"breadcrumb\":{\"@id\":\"https:\\\/\\\/lovme.pt\\\/index.php\\\/produto\\\/mister-size-kit-de-teste-com-3-camisinhas-de-tamanhos-diferentes-fita-metrica\\\/#breadcrumb\"},\"inLanguage\":\"pt-PT\",\"potentialAction\":[{\"@type\":\"ReadAction\",\"target\":[\"https:\\\/\\\/lovme.pt\\\/index.php\\\/produto\\\/mister-size-kit-de-teste-com-3-camisinhas-de-tamanhos-diferentes-fita-metrica\\\/\"]}]},{\"@type\":\"ImageObject\",\"inLanguage\":\"pt-PT\",\"@id\":\"https:\\\/\\\/lovme.pt\\\/index.php\\\/produto\\\/mister-size-kit-de-teste-com-3-camisinhas-de-tamanhos-diferentes-fita-metrica\\\/#primaryimage\",\"url\":\"https:\\\/\\\/erki24nd3ub.exactdn.com\\\/wp-content\\\/uploads\\\/dream\\\/img\\\/img_217030_920820bffa1fa2ee77287ae845e5f22b_1.jpg?strip=all\",\"contentUrl\":\"https:\\\/\\\/erki24nd3ub.exactdn.com\\\/wp-content\\\/uploads\\\/dream\\\/img\\\/img_217030_920820bffa1fa2ee77287ae845e5f22b_1.jpg?strip=all\",\"width\":900,\"height\":900},{\"@type\":\"BreadcrumbList\",\"@id\":\"https:\\\/\\\/lovme.pt\\\/index.php\\\/produto\\\/mister-size-kit-de-teste-com-3-camisinhas-de-tamanhos-diferentes-fita-metrica\\\/#breadcrumb\",\"itemListElement\":[{\"@type\":\"ListItem\",\"position\":1,\"name\":\"In\u00edcio\",\"item\":\"https:\\\/\\\/lovme.pt\\\/\"},{\"@type\":\"ListItem\",\"position\":2,\"name\":\"Loja\",\"item\":\"https:\\\/\\\/lovme.pt\\\/index.php\\\/loja\\\/\"},{\"@type\":\"ListItem\",\"position\":3,\"name\":\"MISTER SIZE &#8211; KIT DE TESTE COM 3 CAMISINHAS DE TAMANHOS DIFERENTES + FITA M\u00c9TRICA\"}]},{\"@type\":\"WebSite\",\"@id\":\"https:\\\/\\\/lovme.pt\\\/#website\",\"url\":\"https:\\\/\\\/lovme.pt\\\/\",\"name\":\"Lovme Loja Er\u00f3tica N\u00ba1 em Portugal\",\"description\":\"A melhor loja er\u00f3tica de Portugal.\",\"alternateName\":\"Loja Er\u00f3tica Lovme\",\"potentialAction\":[{\"@type\":\"SearchAction\",\"target\":{\"@type\":\"EntryPoint\",\"urlTemplate\":\"https:\\\/\\\/lovme.pt\\\/?s={search_term_string}\"},\"query-input\":{\"@type\":\"PropertyValueSpecification\",\"valueRequired\":true,\"valueName\":\"search_term_string\"}}],\"inLanguage\":\"pt-PT\"}]}<\/script>\n<!-- \/ Yoast SEO plugin. -->","yoast_head_json":{"title":"MISTER SIZE - KIT DE TESTE COM 3 CAMISINHAS DE TAMANHOS DIFERENTES + FITA M\u00c9TRICA - Lovme","robots":{"index":"index","follow":"follow","max-snippet":"max-snippet:-1","max-image-preview":"max-image-preview:large","max-video-preview":"max-video-preview:-1"},"canonical":"https:\/\/lovme.pt\/index.php\/produto\/mister-size-kit-de-teste-com-3-camisinhas-de-tamanhos-diferentes-fita-metrica\/","og_locale":"pt_PT","og_type":"article","og_title":"MISTER SIZE - KIT DE TESTE COM 3 CAMISINHAS DE TAMANHOS DIFERENTES + FITA M\u00c9TRICA - Lovme","og_description":"EMBALAGEM DISPON\u00cdVEL EM: \/en\/de\/fr\/es\/it\/nl\/hu\/hr\/sl\/","og_url":"https:\/\/lovme.pt\/index.php\/produto\/mister-size-kit-de-teste-com-3-camisinhas-de-tamanhos-diferentes-fita-metrica\/","og_site_name":"Lovme","article_modified_time":"2026-02-19T20:18:48+00:00","og_image":[{"width":900,"height":900,"url":"https:\/\/erki24nd3ub.exactdn.com\/wp-content\/uploads\/dream\/img\/img_217030_920820bffa1fa2ee77287ae845e5f22b_1.jpg?strip=all","type":"image\/jpeg"}],"twitter_card":"summary_large_image","twitter_misc":{"Tempo estimado de leitura":"2 minutos"},"schema":{"@context":"https:\/\/schema.org","@graph":[{"@type":"WebPage","@id":"https:\/\/lovme.pt\/index.php\/produto\/mister-size-kit-de-teste-com-3-camisinhas-de-tamanhos-diferentes-fita-metrica\/","url":"https:\/\/lovme.pt\/index.php\/produto\/mister-size-kit-de-teste-com-3-camisinhas-de-tamanhos-diferentes-fita-metrica\/","name":"MISTER SIZE - KIT DE TESTE COM 3 CAMISINHAS DE TAMANHOS DIFERENTES + FITA M\u00c9TRICA - Lovme","isPartOf":{"@id":"https:\/\/lovme.pt\/#website"},"primaryImageOfPage":{"@id":"https:\/\/lovme.pt\/index.php\/produto\/mister-size-kit-de-teste-com-3-camisinhas-de-tamanhos-diferentes-fita-metrica\/#primaryimage"},"image":{"@id":"https:\/\/lovme.pt\/index.php\/produto\/mister-size-kit-de-teste-com-3-camisinhas-de-tamanhos-diferentes-fita-metrica\/#primaryimage"},"thumbnailUrl":"https:\/\/erki24nd3ub.exactdn.com\/wp-content\/uploads\/dream\/img\/img_217030_920820bffa1fa2ee77287ae845e5f22b_1.jpg?strip=all","datePublished":"2025-11-24T23:10:17+00:00","dateModified":"2026-02-19T20:18:48+00:00","breadcrumb":{"@id":"https:\/\/lovme.pt\/index.php\/produto\/mister-size-kit-de-teste-com-3-camisinhas-de-tamanhos-diferentes-fita-metrica\/#breadcrumb"},"inLanguage":"pt-PT","potentialAction":[{"@type":"ReadAction","target":["https:\/\/lovme.pt\/index.php\/produto\/mister-size-kit-de-teste-com-3-camisinhas-de-tamanhos-diferentes-fita-metrica\/"]}]},{"@type":"ImageObject","inLanguage":"pt-PT","@id":"https:\/\/lovme.pt\/index.php\/produto\/mister-size-kit-de-teste-com-3-camisinhas-de-tamanhos-diferentes-fita-metrica\/#primaryimage","url":"https:\/\/erki24nd3ub.exactdn.com\/wp-content\/uploads\/dream\/img\/img_217030_920820bffa1fa2ee77287ae845e5f22b_1.jpg?strip=all","contentUrl":"https:\/\/erki24nd3ub.exactdn.com\/wp-content\/uploads\/dream\/img\/img_217030_920820bffa1fa2ee77287ae845e5f22b_1.jpg?strip=all","width":900,"height":900},{"@type":"BreadcrumbList","@id":"https:\/\/lovme.pt\/index.php\/produto\/mister-size-kit-de-teste-com-3-camisinhas-de-tamanhos-diferentes-fita-metrica\/#breadcrumb","itemListElement":[{"@type":"ListItem","position":1,"name":"In\u00edcio","item":"https:\/\/lovme.pt\/"},{"@type":"ListItem","position":2,"name":"Loja","item":"https:\/\/lovme.pt\/index.php\/loja\/"},{"@type":"ListItem","position":3,"name":"MISTER SIZE &#8211; KIT DE TESTE COM 3 CAMISINHAS DE TAMANHOS DIFERENTES + FITA M\u00c9TRICA"}]},{"@type":"WebSite","@id":"https:\/\/lovme.pt\/#website","url":"https:\/\/lovme.pt\/","name":"Lovme Loja Er\u00f3tica N\u00ba1 em Portugal","description":"A melhor loja er\u00f3tica de Portugal.","alternateName":"Loja Er\u00f3tica Lovme","potentialAction":[{"@type":"SearchAction","target":{"@type":"EntryPoint","urlTemplate":"https:\/\/lovme.pt\/?s={search_term_string}"},"query-input":{"@type":"PropertyValueSpecification","valueRequired":true,"valueName":"search_term_string"}}],"inLanguage":"pt-PT"}]}},"_links":{"self":[{"href":"https:\/\/lovme.pt\/index.php\/wp-json\/wp\/v2\/product\/104499","targetHints":{"allow":["GET"]}}],"collection":[{"href":"https:\/\/lovme.pt\/index.php\/wp-json\/wp\/v2\/product"}],"about":[{"href":"https:\/\/lovme.pt\/index.php\/wp-json\/wp\/v2\/types\/product"}],"wp:featuredmedia":[{"embeddable":true,"href":"https:\/\/lovme.pt\/index.php\/wp-json\/wp\/v2\/media\/104500"}],"wp:attachment":[{"href":"https:\/\/lovme.pt\/index.php\/wp-json\/wp\/v2\/media?parent=104499"}],"wp:term":[{"taxonomy":"product_brand","embeddable":true,"href":"https:\/\/lovme.pt\/index.php\/wp-json\/wp\/v2\/product_brand?post=104499"},{"taxonomy":"product_cat","embeddable":true,"href":"https:\/\/lovme.pt\/index.php\/wp-json\/wp\/v2\/product_cat?post=104499"},{"taxonomy":"product_tag","embeddable":true,"href":"https:\/\/lovme.pt\/index.php\/wp-json\/wp\/v2\/product_tag?post=104499"}],"curies":[{"name":"wp","href":"https:\/\/api.w.org\/{rel}","templated":true}]}}