{"id":104442,"date":"2025-11-20T19:03:16","date_gmt":"2025-11-20T19:03:16","guid":{"rendered":"https:\/\/lovme.pt\/?post_type=product&p=104442"},"modified":"2026-02-19T20:07:14","modified_gmt":"2026-02-19T20:07:14","slug":"kiiroo-vibrador-de-bolso-masculino-powershot","status":"publish","type":"product","link":"https:\/\/lovme.pt\/index.php\/produto\/kiiroo-vibrador-de-bolso-masculino-powershot\/","title":{"rendered":"KIIROO &#8211; VIBRADOR DE BOLSO MASCULINO POWERSHOT"},"content":{"rendered":"<p>Prazer do seu jeito. Pequeno o suficiente para levar para qualquer lugar, discreto o suficiente para passar despercebido e totalmente \u00e0 prova d\u00e1gua, o vibrador masculino <strong>PowerShot<\/strong> se adapta \u00e0 sua vida sem perder o ritmo. O corpo de silicone macio do <strong>PowerShot<\/strong> \u00e9 flex\u00edvel, permitindo que voc\u00ea controle a press\u00e3o para uma sensa\u00e7\u00e3o mais personalizada, independentemente do seu tamanho. O design deslizante do PowerShot permite que ele deslize pela capa do masturbador, de modo que os motores duplos proporcionam vibra\u00e7\u00f5es intensas a cada cent\u00edmetro.<\/p>\n<ul>\n<li><u>Design compacto<\/u> : cabe discretamente na sua m\u00e3o, bolsa ou gaveta, a PowerShot prova que grandes coisas v\u00eam em embalagens pequenas.<\/li>\n<li><u>Motores independentes<\/u> : dois motores potentes trabalham de forma independente ou sincronizada, proporcionando intensidade em camadas exatamente onde voc\u00ea deseja.<\/li>\n<li><u>Integra\u00e7\u00e3o do aplicativo:<\/u> conecte-se ao aplicativo FeelConnect para aproveitar controle sem esfor\u00e7o, modos personalizados e prazer compartilhado, onde quer que voc\u00ea esteja.<\/li>\n<li><u>Muito ativo<\/u> : <strong>o PowerShot<\/strong> foi projetado para a vida em movimento: este vibrador masculino de bolso pesa apenas 270 g, o que o torna o companheiro de viagem perfeito.<\/li>\n<li><u>Despercebido<\/u> : com seu design compacto e estojo de transporte discreto, <strong>o PowerShot<\/strong> se encaixa como um mini alto-falante em sua mesa de cabeceira, mantendo sua privacidade intacta.<\/li>\n<li><u>Na \u00e1gua<\/u> : com classifica\u00e7\u00e3o IPX7, <strong>o PowerShot<\/strong> \u00e9 completamente \u00e0 prova d\u00e1gua: leve-o do chuveiro para a banheira para um prazer submers\u00edvel e ininterrupto.<\/li>\n<\/ul>\n<p><u><strong>Treinamento de resist\u00eancia mais inteligente<\/strong><\/u><br \/>Aumente sua resist\u00eancia sexual do seu jeito com o app FeelConnect. Escolha o controle manual ou siga padr\u00f5es guiados para treinar por mais tempo, desbloquear recompensas e acompanhar seu progresso. O treinamento de resist\u00eancia manual permite que voc\u00ea escolha suas pr\u00f3prias configura\u00e7\u00f5es e controle a intensidade. Sem predefini\u00e7\u00f5es, apenas voc\u00ea e o rel\u00f3gio. Com o monitoramento de dados de todos os seus treinos, voc\u00ea pode acompanhar cada segundo do seu desenvolvimento de resist\u00eancia e ver o quanto voc\u00ea progrediu.<\/p>\n<p><u><strong>Especifica\u00e7\u00f5es t\u00e9cnicas:<\/strong><\/u><\/p>\n<ul>\n<li><strong>Dimens\u00f5es<\/strong> : 80 mm \/ 3,14 polegadas x 64 mm \/ 2,5 polegadas &#8211; Tamanho compacto para viagens e armazenamento<\/li>\n<li><strong>Dura\u00e7\u00e3o da bateria<\/strong> : at\u00e9 2 horas &#8211; Recarreg\u00e1vel via USB-C<\/li>\n<li><strong>Motores<\/strong> : 2 independentes &#8211; 5 modos manuais<\/li>\n<li><strong>Conectividade<\/strong> : Bluetooth 5.0 &#8211; alcance sem fio de 30 p\u00e9s<\/li>\n<li><strong>\u00c0 prova d\u00e1gua:<\/strong> classifica\u00e7\u00e3o IPX7 &#8211; totalmente submers\u00edvel<\/li>\n<li><strong><strong>Tempo de carregamento<\/strong> :<\/strong> 90 minutos &#8211; Tecnologia de carregamento r\u00e1pido<\/li>\n<\/ul>\n","protected":false},"excerpt":{"rendered":"<p>KIIROO &#8211; VIBRADOR DE BOLSO MASCULINO POWERSHOT<\/p>\n","protected":false},"featured_media":104443,"template":"","meta":{"_acf_changed":false},"product_brand":[],"product_cat":[17,58,60],"product_tag":[],"class_list":{"0":"post-104442","1":"product","2":"type-product","3":"status-publish","4":"has-post-thumbnail","6":"product_cat-brinquedos-de-bem-estar-sexual","7":"product_cat-masturbadores-para-penis","8":"product_cat-para-eles","9":"yith_product_brand-kiiroo","11":"first","12":"instock","13":"taxable","14":"shipping-taxable","15":"purchasable","16":"product-type-simple"},"acf":[],"yoast_head":"<!-- This site is optimized with the Yoast SEO plugin v27.4 - https:\/\/yoast.com\/product\/yoast-seo-wordpress\/ -->\n<title>KIIROO - VIBRADOR DE BOLSO MASCULINO POWERSHOT - Lovme<\/title>\n<meta name=\"robots\" content=\"index, follow, max-snippet:-1, max-image-preview:large, max-video-preview:-1\" \/>\n<link rel=\"canonical\" href=\"https:\/\/lovme.pt\/index.php\/produto\/kiiroo-vibrador-de-bolso-masculino-powershot\/\" \/>\n<meta property=\"og:locale\" content=\"pt_PT\" \/>\n<meta property=\"og:type\" content=\"article\" \/>\n<meta property=\"og:title\" content=\"KIIROO - VIBRADOR DE BOLSO MASCULINO POWERSHOT - Lovme\" \/>\n<meta property=\"og:description\" content=\"KIIROO - VIBRADOR DE BOLSO MASCULINO POWERSHOT\" \/>\n<meta property=\"og:url\" content=\"https:\/\/lovme.pt\/index.php\/produto\/kiiroo-vibrador-de-bolso-masculino-powershot\/\" \/>\n<meta property=\"og:site_name\" content=\"Lovme\" \/>\n<meta property=\"article:modified_time\" content=\"2026-02-19T20:07:14+00:00\" \/>\n<meta property=\"og:image\" content=\"https:\/\/erki24nd3ub.exactdn.com\/wp-content\/uploads\/dream\/img\/img_216002_430d16696599d5e39984eb4c8a249faf_1.jpg?strip=all\" \/>\n\t<meta property=\"og:image:width\" content=\"900\" \/>\n\t<meta property=\"og:image:height\" content=\"900\" \/>\n\t<meta property=\"og:image:type\" content=\"image\/jpeg\" \/>\n<meta name=\"twitter:card\" content=\"summary_large_image\" \/>\n<meta name=\"twitter:label1\" content=\"Tempo estimado de leitura\" \/>\n\t<meta name=\"twitter:data1\" content=\"2 minutos\" \/>\n<script type=\"application\/ld+json\" class=\"yoast-schema-graph\">{\"@context\":\"https:\\\/\\\/schema.org\",\"@graph\":[{\"@type\":\"WebPage\",\"@id\":\"https:\\\/\\\/lovme.pt\\\/index.php\\\/produto\\\/kiiroo-vibrador-de-bolso-masculino-powershot\\\/\",\"url\":\"https:\\\/\\\/lovme.pt\\\/index.php\\\/produto\\\/kiiroo-vibrador-de-bolso-masculino-powershot\\\/\",\"name\":\"KIIROO - VIBRADOR DE BOLSO MASCULINO POWERSHOT - Lovme\",\"isPartOf\":{\"@id\":\"https:\\\/\\\/lovme.pt\\\/#website\"},\"primaryImageOfPage\":{\"@id\":\"https:\\\/\\\/lovme.pt\\\/index.php\\\/produto\\\/kiiroo-vibrador-de-bolso-masculino-powershot\\\/#primaryimage\"},\"image\":{\"@id\":\"https:\\\/\\\/lovme.pt\\\/index.php\\\/produto\\\/kiiroo-vibrador-de-bolso-masculino-powershot\\\/#primaryimage\"},\"thumbnailUrl\":\"https:\\\/\\\/erki24nd3ub.exactdn.com\\\/wp-content\\\/uploads\\\/dream\\\/img\\\/img_216002_430d16696599d5e39984eb4c8a249faf_1.jpg?strip=all\",\"datePublished\":\"2025-11-20T19:03:16+00:00\",\"dateModified\":\"2026-02-19T20:07:14+00:00\",\"breadcrumb\":{\"@id\":\"https:\\\/\\\/lovme.pt\\\/index.php\\\/produto\\\/kiiroo-vibrador-de-bolso-masculino-powershot\\\/#breadcrumb\"},\"inLanguage\":\"pt-PT\",\"potentialAction\":[{\"@type\":\"ReadAction\",\"target\":[\"https:\\\/\\\/lovme.pt\\\/index.php\\\/produto\\\/kiiroo-vibrador-de-bolso-masculino-powershot\\\/\"]}]},{\"@type\":\"ImageObject\",\"inLanguage\":\"pt-PT\",\"@id\":\"https:\\\/\\\/lovme.pt\\\/index.php\\\/produto\\\/kiiroo-vibrador-de-bolso-masculino-powershot\\\/#primaryimage\",\"url\":\"https:\\\/\\\/erki24nd3ub.exactdn.com\\\/wp-content\\\/uploads\\\/dream\\\/img\\\/img_216002_430d16696599d5e39984eb4c8a249faf_1.jpg?strip=all\",\"contentUrl\":\"https:\\\/\\\/erki24nd3ub.exactdn.com\\\/wp-content\\\/uploads\\\/dream\\\/img\\\/img_216002_430d16696599d5e39984eb4c8a249faf_1.jpg?strip=all\",\"width\":900,\"height\":900},{\"@type\":\"BreadcrumbList\",\"@id\":\"https:\\\/\\\/lovme.pt\\\/index.php\\\/produto\\\/kiiroo-vibrador-de-bolso-masculino-powershot\\\/#breadcrumb\",\"itemListElement\":[{\"@type\":\"ListItem\",\"position\":1,\"name\":\"In\u00edcio\",\"item\":\"https:\\\/\\\/lovme.pt\\\/\"},{\"@type\":\"ListItem\",\"position\":2,\"name\":\"Loja\",\"item\":\"https:\\\/\\\/lovme.pt\\\/index.php\\\/loja\\\/\"},{\"@type\":\"ListItem\",\"position\":3,\"name\":\"KIIROO &#8211; VIBRADOR DE BOLSO MASCULINO POWERSHOT\"}]},{\"@type\":\"WebSite\",\"@id\":\"https:\\\/\\\/lovme.pt\\\/#website\",\"url\":\"https:\\\/\\\/lovme.pt\\\/\",\"name\":\"Lovme Loja Er\u00f3tica N\u00ba1 em Portugal\",\"description\":\"A melhor loja er\u00f3tica de Portugal.\",\"alternateName\":\"Loja Er\u00f3tica Lovme\",\"potentialAction\":[{\"@type\":\"SearchAction\",\"target\":{\"@type\":\"EntryPoint\",\"urlTemplate\":\"https:\\\/\\\/lovme.pt\\\/?s={search_term_string}\"},\"query-input\":{\"@type\":\"PropertyValueSpecification\",\"valueRequired\":true,\"valueName\":\"search_term_string\"}}],\"inLanguage\":\"pt-PT\"}]}<\/script>\n<!-- \/ Yoast SEO plugin. -->","yoast_head_json":{"title":"KIIROO - VIBRADOR DE BOLSO MASCULINO POWERSHOT - Lovme","robots":{"index":"index","follow":"follow","max-snippet":"max-snippet:-1","max-image-preview":"max-image-preview:large","max-video-preview":"max-video-preview:-1"},"canonical":"https:\/\/lovme.pt\/index.php\/produto\/kiiroo-vibrador-de-bolso-masculino-powershot\/","og_locale":"pt_PT","og_type":"article","og_title":"KIIROO - VIBRADOR DE BOLSO MASCULINO POWERSHOT - Lovme","og_description":"KIIROO - VIBRADOR DE BOLSO MASCULINO POWERSHOT","og_url":"https:\/\/lovme.pt\/index.php\/produto\/kiiroo-vibrador-de-bolso-masculino-powershot\/","og_site_name":"Lovme","article_modified_time":"2026-02-19T20:07:14+00:00","og_image":[{"width":900,"height":900,"url":"https:\/\/erki24nd3ub.exactdn.com\/wp-content\/uploads\/dream\/img\/img_216002_430d16696599d5e39984eb4c8a249faf_1.jpg?strip=all","type":"image\/jpeg"}],"twitter_card":"summary_large_image","twitter_misc":{"Tempo estimado de leitura":"2 minutos"},"schema":{"@context":"https:\/\/schema.org","@graph":[{"@type":"WebPage","@id":"https:\/\/lovme.pt\/index.php\/produto\/kiiroo-vibrador-de-bolso-masculino-powershot\/","url":"https:\/\/lovme.pt\/index.php\/produto\/kiiroo-vibrador-de-bolso-masculino-powershot\/","name":"KIIROO - VIBRADOR DE BOLSO MASCULINO POWERSHOT - Lovme","isPartOf":{"@id":"https:\/\/lovme.pt\/#website"},"primaryImageOfPage":{"@id":"https:\/\/lovme.pt\/index.php\/produto\/kiiroo-vibrador-de-bolso-masculino-powershot\/#primaryimage"},"image":{"@id":"https:\/\/lovme.pt\/index.php\/produto\/kiiroo-vibrador-de-bolso-masculino-powershot\/#primaryimage"},"thumbnailUrl":"https:\/\/erki24nd3ub.exactdn.com\/wp-content\/uploads\/dream\/img\/img_216002_430d16696599d5e39984eb4c8a249faf_1.jpg?strip=all","datePublished":"2025-11-20T19:03:16+00:00","dateModified":"2026-02-19T20:07:14+00:00","breadcrumb":{"@id":"https:\/\/lovme.pt\/index.php\/produto\/kiiroo-vibrador-de-bolso-masculino-powershot\/#breadcrumb"},"inLanguage":"pt-PT","potentialAction":[{"@type":"ReadAction","target":["https:\/\/lovme.pt\/index.php\/produto\/kiiroo-vibrador-de-bolso-masculino-powershot\/"]}]},{"@type":"ImageObject","inLanguage":"pt-PT","@id":"https:\/\/lovme.pt\/index.php\/produto\/kiiroo-vibrador-de-bolso-masculino-powershot\/#primaryimage","url":"https:\/\/erki24nd3ub.exactdn.com\/wp-content\/uploads\/dream\/img\/img_216002_430d16696599d5e39984eb4c8a249faf_1.jpg?strip=all","contentUrl":"https:\/\/erki24nd3ub.exactdn.com\/wp-content\/uploads\/dream\/img\/img_216002_430d16696599d5e39984eb4c8a249faf_1.jpg?strip=all","width":900,"height":900},{"@type":"BreadcrumbList","@id":"https:\/\/lovme.pt\/index.php\/produto\/kiiroo-vibrador-de-bolso-masculino-powershot\/#breadcrumb","itemListElement":[{"@type":"ListItem","position":1,"name":"In\u00edcio","item":"https:\/\/lovme.pt\/"},{"@type":"ListItem","position":2,"name":"Loja","item":"https:\/\/lovme.pt\/index.php\/loja\/"},{"@type":"ListItem","position":3,"name":"KIIROO &#8211; VIBRADOR DE BOLSO MASCULINO POWERSHOT"}]},{"@type":"WebSite","@id":"https:\/\/lovme.pt\/#website","url":"https:\/\/lovme.pt\/","name":"Lovme Loja Er\u00f3tica N\u00ba1 em Portugal","description":"A melhor loja er\u00f3tica de Portugal.","alternateName":"Loja Er\u00f3tica Lovme","potentialAction":[{"@type":"SearchAction","target":{"@type":"EntryPoint","urlTemplate":"https:\/\/lovme.pt\/?s={search_term_string}"},"query-input":{"@type":"PropertyValueSpecification","valueRequired":true,"valueName":"search_term_string"}}],"inLanguage":"pt-PT"}]}},"_links":{"self":[{"href":"https:\/\/lovme.pt\/index.php\/wp-json\/wp\/v2\/product\/104442","targetHints":{"allow":["GET"]}}],"collection":[{"href":"https:\/\/lovme.pt\/index.php\/wp-json\/wp\/v2\/product"}],"about":[{"href":"https:\/\/lovme.pt\/index.php\/wp-json\/wp\/v2\/types\/product"}],"wp:featuredmedia":[{"embeddable":true,"href":"https:\/\/lovme.pt\/index.php\/wp-json\/wp\/v2\/media\/104443"}],"wp:attachment":[{"href":"https:\/\/lovme.pt\/index.php\/wp-json\/wp\/v2\/media?parent=104442"}],"wp:term":[{"taxonomy":"product_brand","embeddable":true,"href":"https:\/\/lovme.pt\/index.php\/wp-json\/wp\/v2\/product_brand?post=104442"},{"taxonomy":"product_cat","embeddable":true,"href":"https:\/\/lovme.pt\/index.php\/wp-json\/wp\/v2\/product_cat?post=104442"},{"taxonomy":"product_tag","embeddable":true,"href":"https:\/\/lovme.pt\/index.php\/wp-json\/wp\/v2\/product_tag?post=104442"}],"curies":[{"name":"wp","href":"https:\/\/api.w.org\/{rel}","templated":true}]}}