{"id":104371,"date":"2025-11-14T00:12:42","date_gmt":"2025-11-14T00:12:42","guid":{"rendered":"https:\/\/lovme.pt\/?post_type=product&#038;p=104371"},"modified":"2026-02-19T20:11:16","modified_gmt":"2026-02-19T20:11:16","slug":"bijoux-indiscrets-sex-au-naturel-vulva-balm-hidratante-calmante-30-ml","status":"publish","type":"product","link":"https:\/\/lovme.pt\/index.php\/produto\/bijoux-indiscrets-sex-au-naturel-vulva-balm-hidratante-calmante-30-ml\/","title":{"rendered":"BIJOUX INDISCRETS &#8211; SEX AU NATUREL VULVA BALM HIDRATANTE CALMANTE 30 ML"},"content":{"rendered":"<p>Nosso b\u00e1lsamo vulvar \u00e9 perfeito para o bem-estar \u00edntimo e o conforto di\u00e1rio. Ele acalma e protege a pele mais delicada, aliviando o ressecamento, a irrita\u00e7\u00e3o e o desconforto \u2014 especialmente durante as altera\u00e7\u00f5es hormonais. Mais do que uma solu\u00e7\u00e3o r\u00e1pida, ele nutre profundamente e fortalece a barreira natural da pele, deixando-a macia, flex\u00edvel e cuidada. Um b\u00e1lsamo vulvar \u00e9 essencial para voc\u00ea se sentir bem com o seu corpo, todos os dias.<\/p>\n<p> <strong>Acalma e protege a vulva<\/strong>  A pele delicada da vulva \u00e9 mais vulner\u00e1vel \u00e0 irrita\u00e7\u00e3o e precisa de cuidados suaves e protetores todos os dias.<\/p>\n<p> <strong>Alivia a secura, a irrita\u00e7\u00e3o e o desconforto<\/strong>  As altera\u00e7\u00f5es hormonais, como as que ocorrem durante a perimenopausa, podem deixar a vulva sens\u00edvel, e o al\u00edvio imediato restaura o conforto.<\/p>\n<p> <strong>Com aloe vera, camomila e centella asi\u00e1tica<\/strong>  esses extratos naturais s\u00e3o conhecidos por suas propriedades calmantes, anti-inflamat\u00f3rias e protetoras da pele.<\/p>\n<p> <strong>Nutre com manteiga de karit\u00e9 e \u00f3leos bot\u00e2nicos<\/strong>  A hidrata\u00e7\u00e3o profunda refor\u00e7a a barreira natural da pele, mantendo-a macia, flex\u00edvel e resistente ao longo do tempo.<\/p>\n<p> <u><strong>CARACTER\u00cdSTICAS<\/strong><\/u> :<\/p>\n<ul>\n<li> B\u00e1lsamo vaginal hidratante e calmante<\/li>\n<li> Conte\u00fado: 30 ml<\/li>\n<li> Livre de glicerina e parabenos.<\/li>\n<li> Livre de fragr\u00e2ncias e corantes.<\/li>\n<li> Livre de desreguladores end\u00f3crinos<\/li>\n<li> Vegan<\/li>\n<li> <strong>Ingredientes<\/strong> : \u00d3LEO DE PRUNUS AMYGDALUS DULCIS, CERA DE EUPHORBIA CERIFERA (CERA DE CANDLILLA), \u00d3LEO DE GLYCINE SOJA, MANTEIGA DE BUTYROSPERMUM PARKII, \u00d3LEO DE OLEA EUROPAEA, \u00d3LEO DE PERSEA GRATISSIMA, \u00d3LEO DE SEMENTE DE SIMMONDSIA CHINENSIS, AMIDO DE ORYZA SATIVA, EXTRATO DE CENTELLA ASIATICA, EXTRATO DE CALENDULA OFFICINALIS, EXTRATO DE MATRICARIA CHAMOMILLA RECUTITA, TOCOFEROL, BETA-SITOSTEROL, ESQUALENO.<\/li>\n<\/ul>\n","protected":false},"excerpt":{"rendered":"<p>BIJOUX INDISCRETS &#8211; SEX AU NATUREL VULVA BALM HIDRATANTE CALMANTE 30 ML<\/p>\n","protected":false},"featured_media":104372,"template":"","meta":{"_acf_changed":false},"product_brand":[],"product_cat":[49,51],"product_tag":[],"class_list":{"0":"post-104371","1":"product","2":"type-product","3":"status-publish","4":"has-post-thumbnail","6":"product_cat-cosmeticos","7":"product_cat-oleos-de-massagem","8":"yith_product_brand-bijoux-indiscretsbijoux-au-naturel","9":"yith_product_brand-bijoux-indiscrets","11":"first","12":"instock","13":"taxable","14":"shipping-taxable","15":"purchasable","16":"product-type-simple"},"acf":[],"yoast_head":"<!-- This site is optimized with the Yoast SEO plugin v27.4 - https:\/\/yoast.com\/product\/yoast-seo-wordpress\/ -->\n<title>BIJOUX INDISCRETS - SEX AU NATUREL VULVA BALM HIDRATANTE CALMANTE 30 ML - Lovme<\/title>\n<meta name=\"robots\" content=\"index, follow, max-snippet:-1, max-image-preview:large, max-video-preview:-1\" \/>\n<link rel=\"canonical\" href=\"https:\/\/lovme.pt\/index.php\/produto\/bijoux-indiscrets-sex-au-naturel-vulva-balm-hidratante-calmante-30-ml\/\" \/>\n<meta property=\"og:locale\" content=\"pt_PT\" \/>\n<meta property=\"og:type\" content=\"article\" \/>\n<meta property=\"og:title\" content=\"BIJOUX INDISCRETS - SEX AU NATUREL VULVA BALM HIDRATANTE CALMANTE 30 ML - Lovme\" \/>\n<meta property=\"og:description\" content=\"BIJOUX INDISCRETS - SEX AU NATUREL VULVA BALM HIDRATANTE CALMANTE 30 ML\" \/>\n<meta property=\"og:url\" content=\"https:\/\/lovme.pt\/index.php\/produto\/bijoux-indiscrets-sex-au-naturel-vulva-balm-hidratante-calmante-30-ml\/\" \/>\n<meta property=\"og:site_name\" content=\"Lovme\" \/>\n<meta property=\"article:modified_time\" content=\"2026-02-19T20:11:16+00:00\" \/>\n<meta property=\"og:image\" content=\"https:\/\/erki24nd3ub.exactdn.com\/wp-content\/uploads\/dream\/img\/img_217063_86956400d46aabc84df9c498c826cd60_1.jpg?strip=all\" \/>\n\t<meta property=\"og:image:width\" content=\"900\" \/>\n\t<meta property=\"og:image:height\" content=\"900\" \/>\n\t<meta property=\"og:image:type\" content=\"image\/jpeg\" \/>\n<meta name=\"twitter:card\" content=\"summary_large_image\" \/>\n<meta name=\"twitter:label1\" content=\"Tempo estimado de leitura\" \/>\n\t<meta name=\"twitter:data1\" content=\"1 minuto\" \/>\n<script type=\"application\/ld+json\" class=\"yoast-schema-graph\">{\"@context\":\"https:\\\/\\\/schema.org\",\"@graph\":[{\"@type\":\"WebPage\",\"@id\":\"https:\\\/\\\/lovme.pt\\\/index.php\\\/produto\\\/bijoux-indiscrets-sex-au-naturel-vulva-balm-hidratante-calmante-30-ml\\\/\",\"url\":\"https:\\\/\\\/lovme.pt\\\/index.php\\\/produto\\\/bijoux-indiscrets-sex-au-naturel-vulva-balm-hidratante-calmante-30-ml\\\/\",\"name\":\"BIJOUX INDISCRETS - SEX AU NATUREL VULVA BALM HIDRATANTE CALMANTE 30 ML - Lovme\",\"isPartOf\":{\"@id\":\"https:\\\/\\\/lovme.pt\\\/#website\"},\"primaryImageOfPage\":{\"@id\":\"https:\\\/\\\/lovme.pt\\\/index.php\\\/produto\\\/bijoux-indiscrets-sex-au-naturel-vulva-balm-hidratante-calmante-30-ml\\\/#primaryimage\"},\"image\":{\"@id\":\"https:\\\/\\\/lovme.pt\\\/index.php\\\/produto\\\/bijoux-indiscrets-sex-au-naturel-vulva-balm-hidratante-calmante-30-ml\\\/#primaryimage\"},\"thumbnailUrl\":\"https:\\\/\\\/erki24nd3ub.exactdn.com\\\/wp-content\\\/uploads\\\/dream\\\/img\\\/img_217063_86956400d46aabc84df9c498c826cd60_1.jpg?strip=all\",\"datePublished\":\"2025-11-14T00:12:42+00:00\",\"dateModified\":\"2026-02-19T20:11:16+00:00\",\"breadcrumb\":{\"@id\":\"https:\\\/\\\/lovme.pt\\\/index.php\\\/produto\\\/bijoux-indiscrets-sex-au-naturel-vulva-balm-hidratante-calmante-30-ml\\\/#breadcrumb\"},\"inLanguage\":\"pt-PT\",\"potentialAction\":[{\"@type\":\"ReadAction\",\"target\":[\"https:\\\/\\\/lovme.pt\\\/index.php\\\/produto\\\/bijoux-indiscrets-sex-au-naturel-vulva-balm-hidratante-calmante-30-ml\\\/\"]}]},{\"@type\":\"ImageObject\",\"inLanguage\":\"pt-PT\",\"@id\":\"https:\\\/\\\/lovme.pt\\\/index.php\\\/produto\\\/bijoux-indiscrets-sex-au-naturel-vulva-balm-hidratante-calmante-30-ml\\\/#primaryimage\",\"url\":\"https:\\\/\\\/erki24nd3ub.exactdn.com\\\/wp-content\\\/uploads\\\/dream\\\/img\\\/img_217063_86956400d46aabc84df9c498c826cd60_1.jpg?strip=all\",\"contentUrl\":\"https:\\\/\\\/erki24nd3ub.exactdn.com\\\/wp-content\\\/uploads\\\/dream\\\/img\\\/img_217063_86956400d46aabc84df9c498c826cd60_1.jpg?strip=all\",\"width\":900,\"height\":900},{\"@type\":\"BreadcrumbList\",\"@id\":\"https:\\\/\\\/lovme.pt\\\/index.php\\\/produto\\\/bijoux-indiscrets-sex-au-naturel-vulva-balm-hidratante-calmante-30-ml\\\/#breadcrumb\",\"itemListElement\":[{\"@type\":\"ListItem\",\"position\":1,\"name\":\"In\u00edcio\",\"item\":\"https:\\\/\\\/lovme.pt\\\/\"},{\"@type\":\"ListItem\",\"position\":2,\"name\":\"Loja\",\"item\":\"https:\\\/\\\/lovme.pt\\\/index.php\\\/loja\\\/\"},{\"@type\":\"ListItem\",\"position\":3,\"name\":\"BIJOUX INDISCRETS &#8211; SEX AU NATUREL VULVA BALM HIDRATANTE CALMANTE 30 ML\"}]},{\"@type\":\"WebSite\",\"@id\":\"https:\\\/\\\/lovme.pt\\\/#website\",\"url\":\"https:\\\/\\\/lovme.pt\\\/\",\"name\":\"Lovme Loja Er\u00f3tica N\u00ba1 em Portugal\",\"description\":\"A melhor loja er\u00f3tica de Portugal.\",\"alternateName\":\"Loja Er\u00f3tica Lovme\",\"potentialAction\":[{\"@type\":\"SearchAction\",\"target\":{\"@type\":\"EntryPoint\",\"urlTemplate\":\"https:\\\/\\\/lovme.pt\\\/?s={search_term_string}\"},\"query-input\":{\"@type\":\"PropertyValueSpecification\",\"valueRequired\":true,\"valueName\":\"search_term_string\"}}],\"inLanguage\":\"pt-PT\"}]}<\/script>\n<!-- \/ Yoast SEO plugin. -->","yoast_head_json":{"title":"BIJOUX INDISCRETS - SEX AU NATUREL VULVA BALM HIDRATANTE CALMANTE 30 ML - Lovme","robots":{"index":"index","follow":"follow","max-snippet":"max-snippet:-1","max-image-preview":"max-image-preview:large","max-video-preview":"max-video-preview:-1"},"canonical":"https:\/\/lovme.pt\/index.php\/produto\/bijoux-indiscrets-sex-au-naturel-vulva-balm-hidratante-calmante-30-ml\/","og_locale":"pt_PT","og_type":"article","og_title":"BIJOUX INDISCRETS - SEX AU NATUREL VULVA BALM HIDRATANTE CALMANTE 30 ML - Lovme","og_description":"BIJOUX INDISCRETS - SEX AU NATUREL VULVA BALM HIDRATANTE CALMANTE 30 ML","og_url":"https:\/\/lovme.pt\/index.php\/produto\/bijoux-indiscrets-sex-au-naturel-vulva-balm-hidratante-calmante-30-ml\/","og_site_name":"Lovme","article_modified_time":"2026-02-19T20:11:16+00:00","og_image":[{"width":900,"height":900,"url":"https:\/\/erki24nd3ub.exactdn.com\/wp-content\/uploads\/dream\/img\/img_217063_86956400d46aabc84df9c498c826cd60_1.jpg?strip=all","type":"image\/jpeg"}],"twitter_card":"summary_large_image","twitter_misc":{"Tempo estimado de leitura":"1 minuto"},"schema":{"@context":"https:\/\/schema.org","@graph":[{"@type":"WebPage","@id":"https:\/\/lovme.pt\/index.php\/produto\/bijoux-indiscrets-sex-au-naturel-vulva-balm-hidratante-calmante-30-ml\/","url":"https:\/\/lovme.pt\/index.php\/produto\/bijoux-indiscrets-sex-au-naturel-vulva-balm-hidratante-calmante-30-ml\/","name":"BIJOUX INDISCRETS - SEX AU NATUREL VULVA BALM HIDRATANTE CALMANTE 30 ML - Lovme","isPartOf":{"@id":"https:\/\/lovme.pt\/#website"},"primaryImageOfPage":{"@id":"https:\/\/lovme.pt\/index.php\/produto\/bijoux-indiscrets-sex-au-naturel-vulva-balm-hidratante-calmante-30-ml\/#primaryimage"},"image":{"@id":"https:\/\/lovme.pt\/index.php\/produto\/bijoux-indiscrets-sex-au-naturel-vulva-balm-hidratante-calmante-30-ml\/#primaryimage"},"thumbnailUrl":"https:\/\/erki24nd3ub.exactdn.com\/wp-content\/uploads\/dream\/img\/img_217063_86956400d46aabc84df9c498c826cd60_1.jpg?strip=all","datePublished":"2025-11-14T00:12:42+00:00","dateModified":"2026-02-19T20:11:16+00:00","breadcrumb":{"@id":"https:\/\/lovme.pt\/index.php\/produto\/bijoux-indiscrets-sex-au-naturel-vulva-balm-hidratante-calmante-30-ml\/#breadcrumb"},"inLanguage":"pt-PT","potentialAction":[{"@type":"ReadAction","target":["https:\/\/lovme.pt\/index.php\/produto\/bijoux-indiscrets-sex-au-naturel-vulva-balm-hidratante-calmante-30-ml\/"]}]},{"@type":"ImageObject","inLanguage":"pt-PT","@id":"https:\/\/lovme.pt\/index.php\/produto\/bijoux-indiscrets-sex-au-naturel-vulva-balm-hidratante-calmante-30-ml\/#primaryimage","url":"https:\/\/erki24nd3ub.exactdn.com\/wp-content\/uploads\/dream\/img\/img_217063_86956400d46aabc84df9c498c826cd60_1.jpg?strip=all","contentUrl":"https:\/\/erki24nd3ub.exactdn.com\/wp-content\/uploads\/dream\/img\/img_217063_86956400d46aabc84df9c498c826cd60_1.jpg?strip=all","width":900,"height":900},{"@type":"BreadcrumbList","@id":"https:\/\/lovme.pt\/index.php\/produto\/bijoux-indiscrets-sex-au-naturel-vulva-balm-hidratante-calmante-30-ml\/#breadcrumb","itemListElement":[{"@type":"ListItem","position":1,"name":"In\u00edcio","item":"https:\/\/lovme.pt\/"},{"@type":"ListItem","position":2,"name":"Loja","item":"https:\/\/lovme.pt\/index.php\/loja\/"},{"@type":"ListItem","position":3,"name":"BIJOUX INDISCRETS &#8211; SEX AU NATUREL VULVA BALM HIDRATANTE CALMANTE 30 ML"}]},{"@type":"WebSite","@id":"https:\/\/lovme.pt\/#website","url":"https:\/\/lovme.pt\/","name":"Lovme Loja Er\u00f3tica N\u00ba1 em Portugal","description":"A melhor loja er\u00f3tica de Portugal.","alternateName":"Loja Er\u00f3tica Lovme","potentialAction":[{"@type":"SearchAction","target":{"@type":"EntryPoint","urlTemplate":"https:\/\/lovme.pt\/?s={search_term_string}"},"query-input":{"@type":"PropertyValueSpecification","valueRequired":true,"valueName":"search_term_string"}}],"inLanguage":"pt-PT"}]}},"_links":{"self":[{"href":"https:\/\/lovme.pt\/index.php\/wp-json\/wp\/v2\/product\/104371","targetHints":{"allow":["GET"]}}],"collection":[{"href":"https:\/\/lovme.pt\/index.php\/wp-json\/wp\/v2\/product"}],"about":[{"href":"https:\/\/lovme.pt\/index.php\/wp-json\/wp\/v2\/types\/product"}],"wp:featuredmedia":[{"embeddable":true,"href":"https:\/\/lovme.pt\/index.php\/wp-json\/wp\/v2\/media\/104372"}],"wp:attachment":[{"href":"https:\/\/lovme.pt\/index.php\/wp-json\/wp\/v2\/media?parent=104371"}],"wp:term":[{"taxonomy":"product_brand","embeddable":true,"href":"https:\/\/lovme.pt\/index.php\/wp-json\/wp\/v2\/product_brand?post=104371"},{"taxonomy":"product_cat","embeddable":true,"href":"https:\/\/lovme.pt\/index.php\/wp-json\/wp\/v2\/product_cat?post=104371"},{"taxonomy":"product_tag","embeddable":true,"href":"https:\/\/lovme.pt\/index.php\/wp-json\/wp\/v2\/product_tag?post=104371"}],"curies":[{"name":"wp","href":"https:\/\/api.w.org\/{rel}","templated":true}]}}