{"id":104348,"date":"2025-11-14T00:03:03","date_gmt":"2025-11-14T00:03:03","guid":{"rendered":"https:\/\/lovme.pt\/?post_type=product&#038;p=104348"},"modified":"2026-02-19T20:03:57","modified_gmt":"2026-02-19T20:03:57","slug":"bijoux-indiscrets-oleo-anal-calmante-para-sexo-lento-15-ml","status":"publish","type":"product","link":"https:\/\/lovme.pt\/index.php\/produto\/bijoux-indiscrets-oleo-anal-calmante-para-sexo-lento-15-ml\/","title":{"rendered":"BIJOUX INDISCRETS &#8211; \u00d3LEO ANAL CALMANTE PARA SEXO LENTO 15 ML"},"content":{"rendered":"<p>Inspirada em um antigo rem\u00e9dio para hemorroidas, esta prepara\u00e7\u00e3o de azeite de oliva com sementes de alfarroba, \u00f3leos bot\u00e2nicos e extratos de plantas, mima as \u00e1reas mais sens\u00edveis antes e depois da intimidade. Enriquecida com cal\u00eandula, camomila e centella asi\u00e1tica, acalma, repara e promove a recupera\u00e7\u00e3o natural, enquanto os \u00f3leos de am\u00eandoa doce, oliva, abacate e jojoba proporcionam conforto e hidrata\u00e7\u00e3o duradouros.<\/p>\n<p> <strong>Inspirado em um rem\u00e9dio ancestral<\/strong>  Baseado em uma receita tradicional mediterr\u00e2nea usada para aliviar hemorroidas, onde o azeite de oliva infundido com sementes de alfarroba acalma e repara a pele sens\u00edvel.<\/p>\n<p> <strong>Acalma e repara<\/strong>  O azeite de oliva infundido com sementes de alfarroba, cal\u00eandula, camomila e centella asi\u00e1tica ajuda a acalmar a irrita\u00e7\u00e3o, reduzir a vermelhid\u00e3o e auxiliar na recupera\u00e7\u00e3o natural da pele ap\u00f3s o sexo anal.<\/p>\n<p> <strong>Base bot\u00e2nica nutritiva<\/strong>  Formulada com \u00f3leos de am\u00eandoa doce, oliva, abacate e jojoba, proporciona hidrata\u00e7\u00e3o profunda e elasticidade, mantendo a pele sens\u00edvel macia e protegida.<\/p>\n<p> <strong>Cuidados antes e depois<\/strong>  Desenvolvido para uso antes e depois da pr\u00e1tica anal, com o objetivo de preparar, proteger e restaurar a \u00e1rea, aumentando o conforto e reduzindo a sensibilidade p\u00f3s-brincadeira.<\/p>\n<p> <strong>F\u00f3rmula segura e respeitosa<\/strong>  100% natural, vegana e livre de parabenos, silicones e fragr\u00e2ncias sint\u00e9ticas. Compat\u00edvel com brinquedos sexuais, mas pode danificar preservativos de l\u00e1tex.<\/p>\n<p> <strong>Textura sedosa<\/strong>  Sua mistura equilibrada de \u00f3leos proporciona um deslizamento suave e sensual que \u00e9 absorvido gradualmente, deixando a pele nutrida, mas n\u00e3o pegajosa.<\/p>\n<p> <u><strong>CARACTER\u00cdSTICAS<\/strong><\/u> :<\/p>\n<ul>\n<li> \u00d3leo anal calmante<\/li>\n<li> Tamanho: 15 ml<\/li>\n<li> Idiomas: EN, FR, ES, DE, IT, NL, PT, RU, ZH, AR<\/li>\n<li> <span style=\"font-size: 13px;\">Validade: 6 meses ap\u00f3s a abertura.<\/span><\/li>\n<li> <span style=\"font-size: 13px;\">Compat\u00edvel com brinquedos sexuais. Pode danificar preservativos de l\u00e1tex e poliisopreno; seguro para uso com preservativos de poliuretano.<\/span><\/li>\n<li> <strong>Ingredientes<\/strong> : \u00d3LEO DE FRUTA DE OLEA EUROPAEA, \u00d3LEO DE GLYCINE SOJA, EXTRATO DE SEMENTE DE CERATONIA SILIQUA, EXTRATO DE CALENDULA OFFICINALIS, EXTRATO DE FOLHA DE ALOE BARBADENSIS, EXTRATO DE MATRICARIA CHAMOMILLA, \u00d3LEO DE SEMENTE DE HELIANTHUS ANNUUS, EXTRATO DE CENTELLA ASIATICA, \u00d3LEO DE MENTHA PIPERITA, EXTRATO DE FLOR DE HYPERICUM PERFORATUM, \u00d3LEO DE FOLHA DE ROSMARINUS OFFICINALIS, \u00d3LEO DE LAVANDULA ANGUSTIFOLIA, MENTOL, BETA-SITOSTEROL, ESQUALENO, TOCOFEROL, ACETATO DE LINALILA, BETA-CARIOFILENO, LINALOL, PINENO, LIMONENO, C\u00c2NFORA, TERPINEOL.<\/li>\n<\/ul>\n","protected":false},"excerpt":{"rendered":"<p>BIJOUX INDISCRETS &#8211; \u00d3LEO ANAL CALMANTE PARA SEXO LENTO 15 ML<\/p>\n","protected":false},"featured_media":104349,"template":"","meta":{"_acf_changed":false},"product_brand":[],"product_cat":[49,51],"product_tag":[],"class_list":{"0":"post-104348","1":"product","2":"type-product","3":"status-publish","4":"has-post-thumbnail","6":"product_cat-cosmeticos","7":"product_cat-oleos-de-massagem","8":"yith_product_brand-bijoux-indiscrets","9":"yith_product_brand-bijoux-indiscretsbijoux-slow-sex","11":"first","12":"instock","13":"taxable","14":"shipping-taxable","15":"purchasable","16":"product-type-simple"},"acf":[],"yoast_head":"<!-- This site is optimized with the Yoast SEO plugin v27.4 - https:\/\/yoast.com\/product\/yoast-seo-wordpress\/ -->\n<title>BIJOUX INDISCRETS - \u00d3LEO ANAL CALMANTE PARA SEXO LENTO 15 ML - Lovme<\/title>\n<meta name=\"robots\" content=\"index, follow, max-snippet:-1, max-image-preview:large, max-video-preview:-1\" \/>\n<link rel=\"canonical\" href=\"https:\/\/lovme.pt\/index.php\/produto\/bijoux-indiscrets-oleo-anal-calmante-para-sexo-lento-15-ml\/\" \/>\n<meta property=\"og:locale\" content=\"pt_PT\" \/>\n<meta property=\"og:type\" content=\"article\" \/>\n<meta property=\"og:title\" content=\"BIJOUX INDISCRETS - \u00d3LEO ANAL CALMANTE PARA SEXO LENTO 15 ML - Lovme\" \/>\n<meta property=\"og:description\" content=\"BIJOUX INDISCRETS - \u00d3LEO ANAL CALMANTE PARA SEXO LENTO 15 ML\" \/>\n<meta property=\"og:url\" content=\"https:\/\/lovme.pt\/index.php\/produto\/bijoux-indiscrets-oleo-anal-calmante-para-sexo-lento-15-ml\/\" \/>\n<meta property=\"og:site_name\" content=\"Lovme\" \/>\n<meta property=\"article:modified_time\" content=\"2026-02-19T20:03:57+00:00\" \/>\n<meta property=\"og:image\" content=\"https:\/\/erki24nd3ub.exactdn.com\/wp-content\/uploads\/dream\/img\/img_217060_2fe0e21d5817d6276006f4e48a33f620_1.jpg?strip=all\" \/>\n\t<meta property=\"og:image:width\" content=\"900\" \/>\n\t<meta property=\"og:image:height\" content=\"900\" \/>\n\t<meta property=\"og:image:type\" content=\"image\/jpeg\" \/>\n<meta name=\"twitter:card\" content=\"summary_large_image\" \/>\n<meta name=\"twitter:label1\" content=\"Tempo estimado de leitura\" \/>\n\t<meta name=\"twitter:data1\" content=\"2 minutos\" \/>\n<script type=\"application\/ld+json\" class=\"yoast-schema-graph\">{\"@context\":\"https:\\\/\\\/schema.org\",\"@graph\":[{\"@type\":\"WebPage\",\"@id\":\"https:\\\/\\\/lovme.pt\\\/index.php\\\/produto\\\/bijoux-indiscrets-oleo-anal-calmante-para-sexo-lento-15-ml\\\/\",\"url\":\"https:\\\/\\\/lovme.pt\\\/index.php\\\/produto\\\/bijoux-indiscrets-oleo-anal-calmante-para-sexo-lento-15-ml\\\/\",\"name\":\"BIJOUX INDISCRETS - \u00d3LEO ANAL CALMANTE PARA SEXO LENTO 15 ML - Lovme\",\"isPartOf\":{\"@id\":\"https:\\\/\\\/lovme.pt\\\/#website\"},\"primaryImageOfPage\":{\"@id\":\"https:\\\/\\\/lovme.pt\\\/index.php\\\/produto\\\/bijoux-indiscrets-oleo-anal-calmante-para-sexo-lento-15-ml\\\/#primaryimage\"},\"image\":{\"@id\":\"https:\\\/\\\/lovme.pt\\\/index.php\\\/produto\\\/bijoux-indiscrets-oleo-anal-calmante-para-sexo-lento-15-ml\\\/#primaryimage\"},\"thumbnailUrl\":\"https:\\\/\\\/erki24nd3ub.exactdn.com\\\/wp-content\\\/uploads\\\/dream\\\/img\\\/img_217060_2fe0e21d5817d6276006f4e48a33f620_1.jpg?strip=all\",\"datePublished\":\"2025-11-14T00:03:03+00:00\",\"dateModified\":\"2026-02-19T20:03:57+00:00\",\"breadcrumb\":{\"@id\":\"https:\\\/\\\/lovme.pt\\\/index.php\\\/produto\\\/bijoux-indiscrets-oleo-anal-calmante-para-sexo-lento-15-ml\\\/#breadcrumb\"},\"inLanguage\":\"pt-PT\",\"potentialAction\":[{\"@type\":\"ReadAction\",\"target\":[\"https:\\\/\\\/lovme.pt\\\/index.php\\\/produto\\\/bijoux-indiscrets-oleo-anal-calmante-para-sexo-lento-15-ml\\\/\"]}]},{\"@type\":\"ImageObject\",\"inLanguage\":\"pt-PT\",\"@id\":\"https:\\\/\\\/lovme.pt\\\/index.php\\\/produto\\\/bijoux-indiscrets-oleo-anal-calmante-para-sexo-lento-15-ml\\\/#primaryimage\",\"url\":\"https:\\\/\\\/erki24nd3ub.exactdn.com\\\/wp-content\\\/uploads\\\/dream\\\/img\\\/img_217060_2fe0e21d5817d6276006f4e48a33f620_1.jpg?strip=all\",\"contentUrl\":\"https:\\\/\\\/erki24nd3ub.exactdn.com\\\/wp-content\\\/uploads\\\/dream\\\/img\\\/img_217060_2fe0e21d5817d6276006f4e48a33f620_1.jpg?strip=all\",\"width\":900,\"height\":900},{\"@type\":\"BreadcrumbList\",\"@id\":\"https:\\\/\\\/lovme.pt\\\/index.php\\\/produto\\\/bijoux-indiscrets-oleo-anal-calmante-para-sexo-lento-15-ml\\\/#breadcrumb\",\"itemListElement\":[{\"@type\":\"ListItem\",\"position\":1,\"name\":\"In\u00edcio\",\"item\":\"https:\\\/\\\/lovme.pt\\\/\"},{\"@type\":\"ListItem\",\"position\":2,\"name\":\"Loja\",\"item\":\"https:\\\/\\\/lovme.pt\\\/index.php\\\/loja\\\/\"},{\"@type\":\"ListItem\",\"position\":3,\"name\":\"BIJOUX INDISCRETS &#8211; \u00d3LEO ANAL CALMANTE PARA SEXO LENTO 15 ML\"}]},{\"@type\":\"WebSite\",\"@id\":\"https:\\\/\\\/lovme.pt\\\/#website\",\"url\":\"https:\\\/\\\/lovme.pt\\\/\",\"name\":\"Lovme Loja Er\u00f3tica N\u00ba1 em Portugal\",\"description\":\"A melhor loja er\u00f3tica de Portugal.\",\"alternateName\":\"Loja Er\u00f3tica Lovme\",\"potentialAction\":[{\"@type\":\"SearchAction\",\"target\":{\"@type\":\"EntryPoint\",\"urlTemplate\":\"https:\\\/\\\/lovme.pt\\\/?s={search_term_string}\"},\"query-input\":{\"@type\":\"PropertyValueSpecification\",\"valueRequired\":true,\"valueName\":\"search_term_string\"}}],\"inLanguage\":\"pt-PT\"}]}<\/script>\n<!-- \/ Yoast SEO plugin. -->","yoast_head_json":{"title":"BIJOUX INDISCRETS - \u00d3LEO ANAL CALMANTE PARA SEXO LENTO 15 ML - Lovme","robots":{"index":"index","follow":"follow","max-snippet":"max-snippet:-1","max-image-preview":"max-image-preview:large","max-video-preview":"max-video-preview:-1"},"canonical":"https:\/\/lovme.pt\/index.php\/produto\/bijoux-indiscrets-oleo-anal-calmante-para-sexo-lento-15-ml\/","og_locale":"pt_PT","og_type":"article","og_title":"BIJOUX INDISCRETS - \u00d3LEO ANAL CALMANTE PARA SEXO LENTO 15 ML - Lovme","og_description":"BIJOUX INDISCRETS - \u00d3LEO ANAL CALMANTE PARA SEXO LENTO 15 ML","og_url":"https:\/\/lovme.pt\/index.php\/produto\/bijoux-indiscrets-oleo-anal-calmante-para-sexo-lento-15-ml\/","og_site_name":"Lovme","article_modified_time":"2026-02-19T20:03:57+00:00","og_image":[{"width":900,"height":900,"url":"https:\/\/erki24nd3ub.exactdn.com\/wp-content\/uploads\/dream\/img\/img_217060_2fe0e21d5817d6276006f4e48a33f620_1.jpg?strip=all","type":"image\/jpeg"}],"twitter_card":"summary_large_image","twitter_misc":{"Tempo estimado de leitura":"2 minutos"},"schema":{"@context":"https:\/\/schema.org","@graph":[{"@type":"WebPage","@id":"https:\/\/lovme.pt\/index.php\/produto\/bijoux-indiscrets-oleo-anal-calmante-para-sexo-lento-15-ml\/","url":"https:\/\/lovme.pt\/index.php\/produto\/bijoux-indiscrets-oleo-anal-calmante-para-sexo-lento-15-ml\/","name":"BIJOUX INDISCRETS - \u00d3LEO ANAL CALMANTE PARA SEXO LENTO 15 ML - Lovme","isPartOf":{"@id":"https:\/\/lovme.pt\/#website"},"primaryImageOfPage":{"@id":"https:\/\/lovme.pt\/index.php\/produto\/bijoux-indiscrets-oleo-anal-calmante-para-sexo-lento-15-ml\/#primaryimage"},"image":{"@id":"https:\/\/lovme.pt\/index.php\/produto\/bijoux-indiscrets-oleo-anal-calmante-para-sexo-lento-15-ml\/#primaryimage"},"thumbnailUrl":"https:\/\/erki24nd3ub.exactdn.com\/wp-content\/uploads\/dream\/img\/img_217060_2fe0e21d5817d6276006f4e48a33f620_1.jpg?strip=all","datePublished":"2025-11-14T00:03:03+00:00","dateModified":"2026-02-19T20:03:57+00:00","breadcrumb":{"@id":"https:\/\/lovme.pt\/index.php\/produto\/bijoux-indiscrets-oleo-anal-calmante-para-sexo-lento-15-ml\/#breadcrumb"},"inLanguage":"pt-PT","potentialAction":[{"@type":"ReadAction","target":["https:\/\/lovme.pt\/index.php\/produto\/bijoux-indiscrets-oleo-anal-calmante-para-sexo-lento-15-ml\/"]}]},{"@type":"ImageObject","inLanguage":"pt-PT","@id":"https:\/\/lovme.pt\/index.php\/produto\/bijoux-indiscrets-oleo-anal-calmante-para-sexo-lento-15-ml\/#primaryimage","url":"https:\/\/erki24nd3ub.exactdn.com\/wp-content\/uploads\/dream\/img\/img_217060_2fe0e21d5817d6276006f4e48a33f620_1.jpg?strip=all","contentUrl":"https:\/\/erki24nd3ub.exactdn.com\/wp-content\/uploads\/dream\/img\/img_217060_2fe0e21d5817d6276006f4e48a33f620_1.jpg?strip=all","width":900,"height":900},{"@type":"BreadcrumbList","@id":"https:\/\/lovme.pt\/index.php\/produto\/bijoux-indiscrets-oleo-anal-calmante-para-sexo-lento-15-ml\/#breadcrumb","itemListElement":[{"@type":"ListItem","position":1,"name":"In\u00edcio","item":"https:\/\/lovme.pt\/"},{"@type":"ListItem","position":2,"name":"Loja","item":"https:\/\/lovme.pt\/index.php\/loja\/"},{"@type":"ListItem","position":3,"name":"BIJOUX INDISCRETS &#8211; \u00d3LEO ANAL CALMANTE PARA SEXO LENTO 15 ML"}]},{"@type":"WebSite","@id":"https:\/\/lovme.pt\/#website","url":"https:\/\/lovme.pt\/","name":"Lovme Loja Er\u00f3tica N\u00ba1 em Portugal","description":"A melhor loja er\u00f3tica de Portugal.","alternateName":"Loja Er\u00f3tica Lovme","potentialAction":[{"@type":"SearchAction","target":{"@type":"EntryPoint","urlTemplate":"https:\/\/lovme.pt\/?s={search_term_string}"},"query-input":{"@type":"PropertyValueSpecification","valueRequired":true,"valueName":"search_term_string"}}],"inLanguage":"pt-PT"}]}},"_links":{"self":[{"href":"https:\/\/lovme.pt\/index.php\/wp-json\/wp\/v2\/product\/104348","targetHints":{"allow":["GET"]}}],"collection":[{"href":"https:\/\/lovme.pt\/index.php\/wp-json\/wp\/v2\/product"}],"about":[{"href":"https:\/\/lovme.pt\/index.php\/wp-json\/wp\/v2\/types\/product"}],"wp:featuredmedia":[{"embeddable":true,"href":"https:\/\/lovme.pt\/index.php\/wp-json\/wp\/v2\/media\/104349"}],"wp:attachment":[{"href":"https:\/\/lovme.pt\/index.php\/wp-json\/wp\/v2\/media?parent=104348"}],"wp:term":[{"taxonomy":"product_brand","embeddable":true,"href":"https:\/\/lovme.pt\/index.php\/wp-json\/wp\/v2\/product_brand?post=104348"},{"taxonomy":"product_cat","embeddable":true,"href":"https:\/\/lovme.pt\/index.php\/wp-json\/wp\/v2\/product_cat?post=104348"},{"taxonomy":"product_tag","embeddable":true,"href":"https:\/\/lovme.pt\/index.php\/wp-json\/wp\/v2\/product_tag?post=104348"}],"curies":[{"name":"wp","href":"https:\/\/api.w.org\/{rel}","templated":true}]}}