{"id":104321,"date":"2025-11-11T18:45:54","date_gmt":"2025-11-11T18:45:54","guid":{"rendered":"https:\/\/lovme.pt\/?post_type=product&p=104321"},"modified":"2026-02-19T20:11:26","modified_gmt":"2026-02-19T20:11:26","slug":"cobeco-big-boy-golden-xxl-45-tabs-2","status":"publish","type":"product","link":"https:\/\/lovme.pt\/index.php\/produto\/cobeco-big-boy-golden-xxl-45-tabs-2\/","title":{"rendered":"COBECO &#8211; BIG BOY GOLDEN XXL 45 TABS"},"content":{"rendered":"<p>Estimula os \u00f3rg\u00e3os genitais masculinos e a pot\u00eancia sexual.<\/p>\n<p>Caracter\u00edsticas:<\/p>\n<ul>\n<li>Estimula os \u00f3rg\u00e3os sexuais masculinos<\/li>\n<li>Melhora a atividade hormonal<\/li>\n<li>Estimula o poder sexual<\/li>\n<\/ul>\n<p>Big Boy Golden XXL estimula os \u00f3rg\u00e3os sexuais masculinos. Esses comprimidos exclusivos cont\u00eam uma mistura equilibrada de ingredientes, especialmente selecionados para aumentar a masculinidade. O fluxo sangu\u00edneo para e no p\u00eanis ir\u00e1 melhorar, o que otimiza o tamanho da ere\u00e7\u00e3o. Al\u00e9m disso, Big Boy Golden XXL tamb\u00e9m cont\u00e9m v\u00e1rios ingredientes ativos que promovem o poder, a lux\u00faria, a pot\u00eancia e a libido.<\/p>\n<p>* Este produto cont\u00e9m uma etiqueta com instru\u00e7\u00f5es fornecidas nos seguintes idiomas: \/en\/de\/fr\/es\/it\/nl\/<\/p>\n","protected":false},"excerpt":{"rendered":"<p>EMBALAGEM DISPON\u00cdVEL EM: \/pt\/de\/fr\/es\/it\/nl\/<\/p>\n","protected":false},"featured_media":104322,"template":"","meta":{"_acf_changed":false},"product_brand":[],"product_cat":[49,52,70],"product_tag":[],"class_list":{"0":"post-104321","1":"product","2":"type-product","3":"status-publish","4":"has-post-thumbnail","6":"product_cat-cosmeticos","7":"product_cat-estimulantes","8":"product_cat-saude","9":"yith_product_brand-cobeco-pharmacobeco-big-boy","10":"yith_product_brand-cobeco-pharma","12":"first","13":"instock","14":"taxable","15":"shipping-taxable","16":"purchasable","17":"product-type-simple"},"acf":[],"yoast_head":"<!-- This site is optimized with the Yoast SEO plugin v27.4 - https:\/\/yoast.com\/product\/yoast-seo-wordpress\/ -->\n<title>COBECO - BIG BOY GOLDEN XXL 45 TABS - Lovme<\/title>\n<meta name=\"robots\" content=\"index, follow, max-snippet:-1, max-image-preview:large, max-video-preview:-1\" \/>\n<link rel=\"canonical\" href=\"https:\/\/lovme.pt\/index.php\/produto\/cobeco-big-boy-golden-xxl-45-tabs-2\/\" \/>\n<meta property=\"og:locale\" content=\"pt_PT\" \/>\n<meta property=\"og:type\" content=\"article\" \/>\n<meta property=\"og:title\" content=\"COBECO - BIG BOY GOLDEN XXL 45 TABS - Lovme\" \/>\n<meta property=\"og:description\" content=\"EMBALAGEM DISPON\u00cdVEL EM: \/pt\/de\/fr\/es\/it\/nl\/\" \/>\n<meta property=\"og:url\" content=\"https:\/\/lovme.pt\/index.php\/produto\/cobeco-big-boy-golden-xxl-45-tabs-2\/\" \/>\n<meta property=\"og:site_name\" content=\"Lovme\" \/>\n<meta property=\"article:modified_time\" content=\"2026-02-19T20:11:26+00:00\" \/>\n<meta property=\"og:image\" content=\"https:\/\/erki24nd3ub.exactdn.com\/wp-content\/uploads\/dream\/img\/img_216277_24f0ae04730e61c53f609a831ba5c023_1.jpg?strip=all\" \/>\n\t<meta property=\"og:image:width\" content=\"461\" \/>\n\t<meta property=\"og:image:height\" content=\"461\" \/>\n\t<meta property=\"og:image:type\" content=\"image\/jpeg\" \/>\n<meta name=\"twitter:card\" content=\"summary_large_image\" \/>\n<meta name=\"twitter:label1\" content=\"Tempo estimado de leitura\" \/>\n\t<meta name=\"twitter:data1\" content=\"1 minuto\" \/>\n<script type=\"application\/ld+json\" class=\"yoast-schema-graph\">{\"@context\":\"https:\\\/\\\/schema.org\",\"@graph\":[{\"@type\":\"WebPage\",\"@id\":\"https:\\\/\\\/lovme.pt\\\/index.php\\\/produto\\\/cobeco-big-boy-golden-xxl-45-tabs-2\\\/\",\"url\":\"https:\\\/\\\/lovme.pt\\\/index.php\\\/produto\\\/cobeco-big-boy-golden-xxl-45-tabs-2\\\/\",\"name\":\"COBECO - BIG BOY GOLDEN XXL 45 TABS - Lovme\",\"isPartOf\":{\"@id\":\"https:\\\/\\\/lovme.pt\\\/#website\"},\"primaryImageOfPage\":{\"@id\":\"https:\\\/\\\/lovme.pt\\\/index.php\\\/produto\\\/cobeco-big-boy-golden-xxl-45-tabs-2\\\/#primaryimage\"},\"image\":{\"@id\":\"https:\\\/\\\/lovme.pt\\\/index.php\\\/produto\\\/cobeco-big-boy-golden-xxl-45-tabs-2\\\/#primaryimage\"},\"thumbnailUrl\":\"https:\\\/\\\/erki24nd3ub.exactdn.com\\\/wp-content\\\/uploads\\\/dream\\\/img\\\/img_216277_24f0ae04730e61c53f609a831ba5c023_1.jpg?strip=all\",\"datePublished\":\"2025-11-11T18:45:54+00:00\",\"dateModified\":\"2026-02-19T20:11:26+00:00\",\"breadcrumb\":{\"@id\":\"https:\\\/\\\/lovme.pt\\\/index.php\\\/produto\\\/cobeco-big-boy-golden-xxl-45-tabs-2\\\/#breadcrumb\"},\"inLanguage\":\"pt-PT\",\"potentialAction\":[{\"@type\":\"ReadAction\",\"target\":[\"https:\\\/\\\/lovme.pt\\\/index.php\\\/produto\\\/cobeco-big-boy-golden-xxl-45-tabs-2\\\/\"]}]},{\"@type\":\"ImageObject\",\"inLanguage\":\"pt-PT\",\"@id\":\"https:\\\/\\\/lovme.pt\\\/index.php\\\/produto\\\/cobeco-big-boy-golden-xxl-45-tabs-2\\\/#primaryimage\",\"url\":\"https:\\\/\\\/erki24nd3ub.exactdn.com\\\/wp-content\\\/uploads\\\/dream\\\/img\\\/img_216277_24f0ae04730e61c53f609a831ba5c023_1.jpg?strip=all\",\"contentUrl\":\"https:\\\/\\\/erki24nd3ub.exactdn.com\\\/wp-content\\\/uploads\\\/dream\\\/img\\\/img_216277_24f0ae04730e61c53f609a831ba5c023_1.jpg?strip=all\",\"width\":461,\"height\":461},{\"@type\":\"BreadcrumbList\",\"@id\":\"https:\\\/\\\/lovme.pt\\\/index.php\\\/produto\\\/cobeco-big-boy-golden-xxl-45-tabs-2\\\/#breadcrumb\",\"itemListElement\":[{\"@type\":\"ListItem\",\"position\":1,\"name\":\"In\u00edcio\",\"item\":\"https:\\\/\\\/lovme.pt\\\/\"},{\"@type\":\"ListItem\",\"position\":2,\"name\":\"Loja\",\"item\":\"https:\\\/\\\/lovme.pt\\\/index.php\\\/loja\\\/\"},{\"@type\":\"ListItem\",\"position\":3,\"name\":\"COBECO &#8211; BIG BOY GOLDEN XXL 45 TABS\"}]},{\"@type\":\"WebSite\",\"@id\":\"https:\\\/\\\/lovme.pt\\\/#website\",\"url\":\"https:\\\/\\\/lovme.pt\\\/\",\"name\":\"Lovme Loja Er\u00f3tica N\u00ba1 em Portugal\",\"description\":\"A melhor loja er\u00f3tica de Portugal.\",\"alternateName\":\"Loja Er\u00f3tica Lovme\",\"potentialAction\":[{\"@type\":\"SearchAction\",\"target\":{\"@type\":\"EntryPoint\",\"urlTemplate\":\"https:\\\/\\\/lovme.pt\\\/?s={search_term_string}\"},\"query-input\":{\"@type\":\"PropertyValueSpecification\",\"valueRequired\":true,\"valueName\":\"search_term_string\"}}],\"inLanguage\":\"pt-PT\"}]}<\/script>\n<!-- \/ Yoast SEO plugin. -->","yoast_head_json":{"title":"COBECO - BIG BOY GOLDEN XXL 45 TABS - Lovme","robots":{"index":"index","follow":"follow","max-snippet":"max-snippet:-1","max-image-preview":"max-image-preview:large","max-video-preview":"max-video-preview:-1"},"canonical":"https:\/\/lovme.pt\/index.php\/produto\/cobeco-big-boy-golden-xxl-45-tabs-2\/","og_locale":"pt_PT","og_type":"article","og_title":"COBECO - BIG BOY GOLDEN XXL 45 TABS - Lovme","og_description":"EMBALAGEM DISPON\u00cdVEL EM: \/pt\/de\/fr\/es\/it\/nl\/","og_url":"https:\/\/lovme.pt\/index.php\/produto\/cobeco-big-boy-golden-xxl-45-tabs-2\/","og_site_name":"Lovme","article_modified_time":"2026-02-19T20:11:26+00:00","og_image":[{"width":461,"height":461,"url":"https:\/\/erki24nd3ub.exactdn.com\/wp-content\/uploads\/dream\/img\/img_216277_24f0ae04730e61c53f609a831ba5c023_1.jpg?strip=all","type":"image\/jpeg"}],"twitter_card":"summary_large_image","twitter_misc":{"Tempo estimado de leitura":"1 minuto"},"schema":{"@context":"https:\/\/schema.org","@graph":[{"@type":"WebPage","@id":"https:\/\/lovme.pt\/index.php\/produto\/cobeco-big-boy-golden-xxl-45-tabs-2\/","url":"https:\/\/lovme.pt\/index.php\/produto\/cobeco-big-boy-golden-xxl-45-tabs-2\/","name":"COBECO - BIG BOY GOLDEN XXL 45 TABS - Lovme","isPartOf":{"@id":"https:\/\/lovme.pt\/#website"},"primaryImageOfPage":{"@id":"https:\/\/lovme.pt\/index.php\/produto\/cobeco-big-boy-golden-xxl-45-tabs-2\/#primaryimage"},"image":{"@id":"https:\/\/lovme.pt\/index.php\/produto\/cobeco-big-boy-golden-xxl-45-tabs-2\/#primaryimage"},"thumbnailUrl":"https:\/\/erki24nd3ub.exactdn.com\/wp-content\/uploads\/dream\/img\/img_216277_24f0ae04730e61c53f609a831ba5c023_1.jpg?strip=all","datePublished":"2025-11-11T18:45:54+00:00","dateModified":"2026-02-19T20:11:26+00:00","breadcrumb":{"@id":"https:\/\/lovme.pt\/index.php\/produto\/cobeco-big-boy-golden-xxl-45-tabs-2\/#breadcrumb"},"inLanguage":"pt-PT","potentialAction":[{"@type":"ReadAction","target":["https:\/\/lovme.pt\/index.php\/produto\/cobeco-big-boy-golden-xxl-45-tabs-2\/"]}]},{"@type":"ImageObject","inLanguage":"pt-PT","@id":"https:\/\/lovme.pt\/index.php\/produto\/cobeco-big-boy-golden-xxl-45-tabs-2\/#primaryimage","url":"https:\/\/erki24nd3ub.exactdn.com\/wp-content\/uploads\/dream\/img\/img_216277_24f0ae04730e61c53f609a831ba5c023_1.jpg?strip=all","contentUrl":"https:\/\/erki24nd3ub.exactdn.com\/wp-content\/uploads\/dream\/img\/img_216277_24f0ae04730e61c53f609a831ba5c023_1.jpg?strip=all","width":461,"height":461},{"@type":"BreadcrumbList","@id":"https:\/\/lovme.pt\/index.php\/produto\/cobeco-big-boy-golden-xxl-45-tabs-2\/#breadcrumb","itemListElement":[{"@type":"ListItem","position":1,"name":"In\u00edcio","item":"https:\/\/lovme.pt\/"},{"@type":"ListItem","position":2,"name":"Loja","item":"https:\/\/lovme.pt\/index.php\/loja\/"},{"@type":"ListItem","position":3,"name":"COBECO &#8211; BIG BOY GOLDEN XXL 45 TABS"}]},{"@type":"WebSite","@id":"https:\/\/lovme.pt\/#website","url":"https:\/\/lovme.pt\/","name":"Lovme Loja Er\u00f3tica N\u00ba1 em Portugal","description":"A melhor loja er\u00f3tica de Portugal.","alternateName":"Loja Er\u00f3tica Lovme","potentialAction":[{"@type":"SearchAction","target":{"@type":"EntryPoint","urlTemplate":"https:\/\/lovme.pt\/?s={search_term_string}"},"query-input":{"@type":"PropertyValueSpecification","valueRequired":true,"valueName":"search_term_string"}}],"inLanguage":"pt-PT"}]}},"_links":{"self":[{"href":"https:\/\/lovme.pt\/index.php\/wp-json\/wp\/v2\/product\/104321","targetHints":{"allow":["GET"]}}],"collection":[{"href":"https:\/\/lovme.pt\/index.php\/wp-json\/wp\/v2\/product"}],"about":[{"href":"https:\/\/lovme.pt\/index.php\/wp-json\/wp\/v2\/types\/product"}],"wp:featuredmedia":[{"embeddable":true,"href":"https:\/\/lovme.pt\/index.php\/wp-json\/wp\/v2\/media\/104322"}],"wp:attachment":[{"href":"https:\/\/lovme.pt\/index.php\/wp-json\/wp\/v2\/media?parent=104321"}],"wp:term":[{"taxonomy":"product_brand","embeddable":true,"href":"https:\/\/lovme.pt\/index.php\/wp-json\/wp\/v2\/product_brand?post=104321"},{"taxonomy":"product_cat","embeddable":true,"href":"https:\/\/lovme.pt\/index.php\/wp-json\/wp\/v2\/product_cat?post=104321"},{"taxonomy":"product_tag","embeddable":true,"href":"https:\/\/lovme.pt\/index.php\/wp-json\/wp\/v2\/product_tag?post=104321"}],"curies":[{"name":"wp","href":"https:\/\/api.w.org\/{rel}","templated":true}]}}