{"id":104276,"date":"2025-11-10T21:39:37","date_gmt":"2025-11-10T21:39:37","guid":{"rendered":"https:\/\/lovme.pt\/?post_type=product&#038;p=104276"},"modified":"2026-02-19T20:23:24","modified_gmt":"2026-02-19T20:23:24","slug":"leg-avenue-body-regata-com-botoes-de-rede-e-virilha-tamanho-unico-preto","status":"publish","type":"product","link":"https:\/\/lovme.pt\/index.php\/produto\/leg-avenue-body-regata-com-botoes-de-rede-e-virilha-tamanho-unico-preto\/","title":{"rendered":"LEG AVENUE &#8211; BODY DE TIRANTES TIPO TANGA DE REJILLA TALLA \u00daNICA NEGRO"},"content":{"rendered":"<p>Este body em rede arrast\u00e3o, que se ajusta perfeitamente ao corpo, da Leg Avenue \u00e9 um item essencial para qualquer esta\u00e7\u00e3o. Perfeito para usar por baixo de uma jaqueta jeans ou blazer longo, \u00e9 o complemento perfeito para qualquer look ousado e pronto para festivais. O fecho de press\u00e3o facilita o uso e o corte frente \u00fanica o mant\u00e9m confort\u00e1vel e vers\u00e1til. Dispon\u00edvel em preto, vermelho e branco, voc\u00ea pode combinar esta pe\u00e7a essencial com qualquer outra pe\u00e7a do seu guarda-roupa.<\/p>\n<p> <u><strong>Materiais e Cuidados<\/strong><\/u><\/p>\n<ul>\n<li> M\u00e1ximo de 30 graus com cuidado<\/li>\n<li> N\u00e3o engomar<\/li>\n<li> N\u00e3o usar alvejante com cloro<\/li>\n<li> N\u00e3o lavar a seco<\/li>\n<\/ul>\n<p> <u><strong>Avenida das Pernas<\/strong><\/u><\/p>\n<p> Pioneiras em lingerie sexy, meias-cal\u00e7as e fantasias incr\u00edveis. Aqui, tudo gira em torno de voc\u00ea! Sabemos que cada corpo \u00e9 \u00fanico e acreditamos que todas as mulheres devem estar lindas e se sentir fant\u00e1sticas, independentemente do tamanho ou do corpo. \u00c9 por isso que nossos designs sempre se concentram em destacar seus melhores atributos. E falamos s\u00e9rio quando falamos de tecidos ultramacios e elasticidade de ponta. Conforto e estilo? Com certeza!<\/p>\n<p> A Leg Avenue \u00e9 cheia de paix\u00e3o, divers\u00e3o e autoexpress\u00e3o. Queremos que voc\u00ea seja completamente voc\u00ea mesma, com um toque de descontra\u00e7\u00e3o e muita confian\u00e7a. Descubra como nossas lingeries, meias e fantasias elevam seu visual a outro patamar. Juntos, buscamos o fant\u00e1stico e provamos que estilo n\u00e3o tem tamanho.<\/p>\n","protected":false},"excerpt":{"rendered":"<p>LEG AVENUE &#8211; Body Regata com Bot\u00f5es de Rede e Virilha, Tamanho \u00danico, Preto<\/p>\n","protected":false},"featured_media":104279,"template":"","meta":{"_acf_changed":false},"product_brand":[],"product_cat":[47,66],"product_tag":[],"class_list":{"0":"post-104276","1":"product","2":"type-product","3":"status-publish","4":"has-post-thumbnail","6":"product_cat-lingerie","7":"product_cat-lingerie-feminina","8":"yith_product_brand-leg-avenue","9":"yith_product_brand-leg-avenueleg-avenue-bodystockings","11":"first","12":"instock","13":"taxable","14":"shipping-taxable","15":"purchasable","16":"product-type-variable","17":"has-default-attributes"},"acf":[],"yoast_head":"<!-- This site is optimized with the Yoast SEO plugin v27.3 - https:\/\/yoast.com\/product\/yoast-seo-wordpress\/ -->\n<title>LEG AVENUE - BODY DE TIRANTES TIPO TANGA DE REJILLA TALLA \u00daNICA NEGRO - Lovme<\/title>\n<meta name=\"robots\" content=\"index, follow, max-snippet:-1, max-image-preview:large, max-video-preview:-1\" \/>\n<link rel=\"canonical\" href=\"https:\/\/lovme.pt\/index.php\/produto\/leg-avenue-body-regata-com-botoes-de-rede-e-virilha-tamanho-unico-preto\/\" \/>\n<meta property=\"og:locale\" content=\"pt_PT\" \/>\n<meta property=\"og:type\" content=\"article\" \/>\n<meta property=\"og:title\" content=\"LEG AVENUE - BODY DE TIRANTES TIPO TANGA DE REJILLA TALLA \u00daNICA NEGRO - Lovme\" \/>\n<meta property=\"og:description\" content=\"LEG AVENUE - Body Regata com Bot\u00f5es de Rede e Virilha, Tamanho \u00danico, Preto\" \/>\n<meta property=\"og:url\" content=\"https:\/\/lovme.pt\/index.php\/produto\/leg-avenue-body-regata-com-botoes-de-rede-e-virilha-tamanho-unico-preto\/\" \/>\n<meta property=\"og:site_name\" content=\"Lovme\" \/>\n<meta property=\"article:modified_time\" content=\"2026-02-19T20:23:24+00:00\" \/>\n<meta property=\"og:image\" content=\"https:\/\/erki24nd3ub.exactdn.com\/wp-content\/uploads\/dream\/img\/img_216253_e065768f659d2d218790ee14ea5e32ec_1.jpg?strip=all\" \/>\n\t<meta property=\"og:image:width\" content=\"900\" \/>\n\t<meta property=\"og:image:height\" content=\"900\" \/>\n\t<meta property=\"og:image:type\" content=\"image\/jpeg\" \/>\n<meta name=\"twitter:card\" content=\"summary_large_image\" \/>\n<meta name=\"twitter:label1\" content=\"Tempo estimado de leitura\" \/>\n\t<meta name=\"twitter:data1\" content=\"1 minuto\" \/>\n<script type=\"application\/ld+json\" class=\"yoast-schema-graph\">{\"@context\":\"https:\\\/\\\/schema.org\",\"@graph\":[{\"@type\":\"WebPage\",\"@id\":\"https:\\\/\\\/lovme.pt\\\/index.php\\\/produto\\\/leg-avenue-body-regata-com-botoes-de-rede-e-virilha-tamanho-unico-preto\\\/\",\"url\":\"https:\\\/\\\/lovme.pt\\\/index.php\\\/produto\\\/leg-avenue-body-regata-com-botoes-de-rede-e-virilha-tamanho-unico-preto\\\/\",\"name\":\"LEG AVENUE - BODY DE TIRANTES TIPO TANGA DE REJILLA TALLA \u00daNICA NEGRO - Lovme\",\"isPartOf\":{\"@id\":\"https:\\\/\\\/lovme.pt\\\/#website\"},\"primaryImageOfPage\":{\"@id\":\"https:\\\/\\\/lovme.pt\\\/index.php\\\/produto\\\/leg-avenue-body-regata-com-botoes-de-rede-e-virilha-tamanho-unico-preto\\\/#primaryimage\"},\"image\":{\"@id\":\"https:\\\/\\\/lovme.pt\\\/index.php\\\/produto\\\/leg-avenue-body-regata-com-botoes-de-rede-e-virilha-tamanho-unico-preto\\\/#primaryimage\"},\"thumbnailUrl\":\"https:\\\/\\\/erki24nd3ub.exactdn.com\\\/wp-content\\\/uploads\\\/dream\\\/img\\\/img_216253_e065768f659d2d218790ee14ea5e32ec_1.jpg?strip=all\",\"datePublished\":\"2025-11-10T21:39:37+00:00\",\"dateModified\":\"2026-02-19T20:23:24+00:00\",\"breadcrumb\":{\"@id\":\"https:\\\/\\\/lovme.pt\\\/index.php\\\/produto\\\/leg-avenue-body-regata-com-botoes-de-rede-e-virilha-tamanho-unico-preto\\\/#breadcrumb\"},\"inLanguage\":\"pt-PT\",\"potentialAction\":[{\"@type\":\"ReadAction\",\"target\":[\"https:\\\/\\\/lovme.pt\\\/index.php\\\/produto\\\/leg-avenue-body-regata-com-botoes-de-rede-e-virilha-tamanho-unico-preto\\\/\"]}]},{\"@type\":\"ImageObject\",\"inLanguage\":\"pt-PT\",\"@id\":\"https:\\\/\\\/lovme.pt\\\/index.php\\\/produto\\\/leg-avenue-body-regata-com-botoes-de-rede-e-virilha-tamanho-unico-preto\\\/#primaryimage\",\"url\":\"https:\\\/\\\/erki24nd3ub.exactdn.com\\\/wp-content\\\/uploads\\\/dream\\\/img\\\/img_216253_e065768f659d2d218790ee14ea5e32ec_1.jpg?strip=all\",\"contentUrl\":\"https:\\\/\\\/erki24nd3ub.exactdn.com\\\/wp-content\\\/uploads\\\/dream\\\/img\\\/img_216253_e065768f659d2d218790ee14ea5e32ec_1.jpg?strip=all\",\"width\":900,\"height\":900},{\"@type\":\"BreadcrumbList\",\"@id\":\"https:\\\/\\\/lovme.pt\\\/index.php\\\/produto\\\/leg-avenue-body-regata-com-botoes-de-rede-e-virilha-tamanho-unico-preto\\\/#breadcrumb\",\"itemListElement\":[{\"@type\":\"ListItem\",\"position\":1,\"name\":\"In\u00edcio\",\"item\":\"https:\\\/\\\/lovme.pt\\\/\"},{\"@type\":\"ListItem\",\"position\":2,\"name\":\"Loja\",\"item\":\"https:\\\/\\\/lovme.pt\\\/index.php\\\/loja\\\/\"},{\"@type\":\"ListItem\",\"position\":3,\"name\":\"LEG AVENUE &#8211; BODY DE TIRANTES TIPO TANGA DE REJILLA TALLA \u00daNICA NEGRO\"}]},{\"@type\":\"WebSite\",\"@id\":\"https:\\\/\\\/lovme.pt\\\/#website\",\"url\":\"https:\\\/\\\/lovme.pt\\\/\",\"name\":\"Lovme Loja Er\u00f3tica N\u00ba1 em Portugal\",\"description\":\"A melhor loja er\u00f3tica de Portugal.\",\"alternateName\":\"Loja Er\u00f3tica Lovme\",\"potentialAction\":[{\"@type\":\"SearchAction\",\"target\":{\"@type\":\"EntryPoint\",\"urlTemplate\":\"https:\\\/\\\/lovme.pt\\\/?s={search_term_string}\"},\"query-input\":{\"@type\":\"PropertyValueSpecification\",\"valueRequired\":true,\"valueName\":\"search_term_string\"}}],\"inLanguage\":\"pt-PT\"}]}<\/script>\n<!-- \/ Yoast SEO plugin. -->","yoast_head_json":{"title":"LEG AVENUE - BODY DE TIRANTES TIPO TANGA DE REJILLA TALLA \u00daNICA NEGRO - Lovme","robots":{"index":"index","follow":"follow","max-snippet":"max-snippet:-1","max-image-preview":"max-image-preview:large","max-video-preview":"max-video-preview:-1"},"canonical":"https:\/\/lovme.pt\/index.php\/produto\/leg-avenue-body-regata-com-botoes-de-rede-e-virilha-tamanho-unico-preto\/","og_locale":"pt_PT","og_type":"article","og_title":"LEG AVENUE - BODY DE TIRANTES TIPO TANGA DE REJILLA TALLA \u00daNICA NEGRO - Lovme","og_description":"LEG AVENUE - Body Regata com Bot\u00f5es de Rede e Virilha, Tamanho \u00danico, Preto","og_url":"https:\/\/lovme.pt\/index.php\/produto\/leg-avenue-body-regata-com-botoes-de-rede-e-virilha-tamanho-unico-preto\/","og_site_name":"Lovme","article_modified_time":"2026-02-19T20:23:24+00:00","og_image":[{"width":900,"height":900,"url":"https:\/\/erki24nd3ub.exactdn.com\/wp-content\/uploads\/dream\/img\/img_216253_e065768f659d2d218790ee14ea5e32ec_1.jpg?strip=all","type":"image\/jpeg"}],"twitter_card":"summary_large_image","twitter_misc":{"Tempo estimado de leitura":"1 minuto"},"schema":{"@context":"https:\/\/schema.org","@graph":[{"@type":"WebPage","@id":"https:\/\/lovme.pt\/index.php\/produto\/leg-avenue-body-regata-com-botoes-de-rede-e-virilha-tamanho-unico-preto\/","url":"https:\/\/lovme.pt\/index.php\/produto\/leg-avenue-body-regata-com-botoes-de-rede-e-virilha-tamanho-unico-preto\/","name":"LEG AVENUE - BODY DE TIRANTES TIPO TANGA DE REJILLA TALLA \u00daNICA NEGRO - Lovme","isPartOf":{"@id":"https:\/\/lovme.pt\/#website"},"primaryImageOfPage":{"@id":"https:\/\/lovme.pt\/index.php\/produto\/leg-avenue-body-regata-com-botoes-de-rede-e-virilha-tamanho-unico-preto\/#primaryimage"},"image":{"@id":"https:\/\/lovme.pt\/index.php\/produto\/leg-avenue-body-regata-com-botoes-de-rede-e-virilha-tamanho-unico-preto\/#primaryimage"},"thumbnailUrl":"https:\/\/erki24nd3ub.exactdn.com\/wp-content\/uploads\/dream\/img\/img_216253_e065768f659d2d218790ee14ea5e32ec_1.jpg?strip=all","datePublished":"2025-11-10T21:39:37+00:00","dateModified":"2026-02-19T20:23:24+00:00","breadcrumb":{"@id":"https:\/\/lovme.pt\/index.php\/produto\/leg-avenue-body-regata-com-botoes-de-rede-e-virilha-tamanho-unico-preto\/#breadcrumb"},"inLanguage":"pt-PT","potentialAction":[{"@type":"ReadAction","target":["https:\/\/lovme.pt\/index.php\/produto\/leg-avenue-body-regata-com-botoes-de-rede-e-virilha-tamanho-unico-preto\/"]}]},{"@type":"ImageObject","inLanguage":"pt-PT","@id":"https:\/\/lovme.pt\/index.php\/produto\/leg-avenue-body-regata-com-botoes-de-rede-e-virilha-tamanho-unico-preto\/#primaryimage","url":"https:\/\/erki24nd3ub.exactdn.com\/wp-content\/uploads\/dream\/img\/img_216253_e065768f659d2d218790ee14ea5e32ec_1.jpg?strip=all","contentUrl":"https:\/\/erki24nd3ub.exactdn.com\/wp-content\/uploads\/dream\/img\/img_216253_e065768f659d2d218790ee14ea5e32ec_1.jpg?strip=all","width":900,"height":900},{"@type":"BreadcrumbList","@id":"https:\/\/lovme.pt\/index.php\/produto\/leg-avenue-body-regata-com-botoes-de-rede-e-virilha-tamanho-unico-preto\/#breadcrumb","itemListElement":[{"@type":"ListItem","position":1,"name":"In\u00edcio","item":"https:\/\/lovme.pt\/"},{"@type":"ListItem","position":2,"name":"Loja","item":"https:\/\/lovme.pt\/index.php\/loja\/"},{"@type":"ListItem","position":3,"name":"LEG AVENUE &#8211; BODY DE TIRANTES TIPO TANGA DE REJILLA TALLA \u00daNICA NEGRO"}]},{"@type":"WebSite","@id":"https:\/\/lovme.pt\/#website","url":"https:\/\/lovme.pt\/","name":"Lovme Loja Er\u00f3tica N\u00ba1 em Portugal","description":"A melhor loja er\u00f3tica de Portugal.","alternateName":"Loja Er\u00f3tica Lovme","potentialAction":[{"@type":"SearchAction","target":{"@type":"EntryPoint","urlTemplate":"https:\/\/lovme.pt\/?s={search_term_string}"},"query-input":{"@type":"PropertyValueSpecification","valueRequired":true,"valueName":"search_term_string"}}],"inLanguage":"pt-PT"}]}},"_links":{"self":[{"href":"https:\/\/lovme.pt\/index.php\/wp-json\/wp\/v2\/product\/104276","targetHints":{"allow":["GET"]}}],"collection":[{"href":"https:\/\/lovme.pt\/index.php\/wp-json\/wp\/v2\/product"}],"about":[{"href":"https:\/\/lovme.pt\/index.php\/wp-json\/wp\/v2\/types\/product"}],"wp:featuredmedia":[{"embeddable":true,"href":"https:\/\/lovme.pt\/index.php\/wp-json\/wp\/v2\/media\/104279"}],"wp:attachment":[{"href":"https:\/\/lovme.pt\/index.php\/wp-json\/wp\/v2\/media?parent=104276"}],"wp:term":[{"taxonomy":"product_brand","embeddable":true,"href":"https:\/\/lovme.pt\/index.php\/wp-json\/wp\/v2\/product_brand?post=104276"},{"taxonomy":"product_cat","embeddable":true,"href":"https:\/\/lovme.pt\/index.php\/wp-json\/wp\/v2\/product_cat?post=104276"},{"taxonomy":"product_tag","embeddable":true,"href":"https:\/\/lovme.pt\/index.php\/wp-json\/wp\/v2\/product_tag?post=104276"}],"curies":[{"name":"wp","href":"https:\/\/api.w.org\/{rel}","templated":true}]}}