{"id":104134,"date":"2025-10-31T12:06:18","date_gmt":"2025-10-31T12:06:18","guid":{"rendered":"https:\/\/lovme.pt\/?post_type=product&p=104134"},"modified":"2026-02-19T20:05:47","modified_gmt":"2026-02-19T20:05:47","slug":"pjur-espuma-refrescante-organica-frescante-vegano-sem-enxague-150-ml","status":"publish","type":"product","link":"https:\/\/lovme.pt\/index.php\/produto\/pjur-espuma-refrescante-organica-frescante-vegano-sem-enxague-150-ml\/","title":{"rendered":"PJUR &#8211; ESPUMA REFRESCANTE ORG\u00c2NICA FRESCANTE VEGANO SEM ENX\u00c1GUE 150 ML"},"content":{"rendered":"<p><strong>ESPUMA REFRESCANTE<\/strong> &#8211; Sentir-se revigorada \u00e9 f\u00e1cil: <strong>pjur ORGANIC Fresh<\/strong> transforma qualquer len\u00e7o de papel em um len\u00e7o de limpeza macio e \u00famido instantaneamente, para que voc\u00ea possa limpar, cuidar e refrescar sua pele sem enxaguar. A espuma refrescante sem fragr\u00e2ncia \u00e9 ideal para o cuidado di\u00e1rio e o frescor da sua \u00e1rea \u00edntima externa, deixando voc\u00ea com uma sensa\u00e7\u00e3o duradoura de limpeza sempre que precisar.<\/p>\n<p>Sua f\u00f3rmula extra suave, com um complexo surfactante \u00e0 base de plantas e 99% de ingredientes naturais e veganos, \u00e9 t\u00e3o suave que permanece na pele. Sua f\u00f3rmula revitalizante com \u00f3leo vegetal ajuda a prevenir o ressecamento, fortalece a barreira natural da pele e proporciona hidrata\u00e7\u00e3o duradoura para manter a pele sedosa, macia, cuidada e equilibrada.<\/p>\n<p>Formulado para se adaptar ao n\u00edvel de pH da \u00e1rea \u00edntima e dermatologicamente testado, pjur ORGANIC Fresh \u00e9 adequado at\u00e9 mesmo para peles sens\u00edveis.<\/p>\n<p>Como parte da linha pjur ORGANIC, este produto \u00e9 o complemento ideal para ORGANIC Touch e ORGANIC Fresh, criando um conceito hol\u00edstico para cuidados \u00edntimos naturais que permite que voc\u00ea se sinta bem em cada encontro \u00edntimo.<\/p>\n<ul>\n<li>Transforme qualquer len\u00e7o em um len\u00e7o de limpeza refrescante.<\/li>\n<li>Formulado para ser suave na pele, n\u00e3o requer enx\u00e1gue.<\/li>\n<li>F\u00f3rmula extra suave com um complexo surfactante derivado de plantas e 99% de ingredientes veganos naturais.<\/li>\n<li>F\u00f3rmula de cuidado revitalizante com \u00f3leo derivado de plantas que ajuda a prevenir o ressecamento e fortalece a barreira natural da pele.<\/li>\n<li>Proporciona hidrata\u00e7\u00e3o intensa e duradoura, deixando a pele macia e cuidada.<\/li>\n<\/ul>\n<p><u><strong>CARACTER\u00cdSTICAS<\/strong><\/u> :<\/p>\n<ul>\n<li>Tipo: Espuma Refrescante<\/li>\n<li>Ingredientes: \u00c1gua, glicerina, lauroilmetil isetionato de s\u00f3dio, lactato de s\u00f3dio, niacinamida, benzoato de s\u00f3dio, \u00e1cido l\u00e1ctico, cocamidopropil beta\u00edna, dissuccinato de etilenodiamina triss\u00f3dico, lauril sulfato, \u00e1cido c\u00edtrico, semente de helianthus annuus (girassol), extrato de esporocarpo de tremella fuciformis.<\/li>\n<li>Tamanho: 150ML<\/li>\n<li>Idiomas: DE, EN, FR<\/li>\n<\/ul>\n","protected":false},"excerpt":{"rendered":"<p>PJUR &#8211; ESPUMA REFRESCANTE ORG\u00c2NICA FRESCANTE VEGANO SEM ENX\u00c1GUE 150 ML<\/p>\n","protected":false},"featured_media":104135,"template":"","meta":{"_acf_changed":false},"product_brand":[],"product_cat":[49,55,72],"product_tag":[],"class_list":{"0":"post-104134","1":"product","2":"type-product","3":"status-publish","4":"has-post-thumbnail","6":"product_cat-cosmeticos","7":"product_cat-cuidado-de-brinquedos","8":"product_cat-higiene-intima","9":"yith_product_brand-pjur","11":"first","12":"instock","13":"taxable","14":"shipping-taxable","15":"purchasable","16":"product-type-simple"},"acf":[],"yoast_head":"<!-- This site is optimized with the Yoast SEO plugin v27.3 - https:\/\/yoast.com\/product\/yoast-seo-wordpress\/ -->\n<title>PJUR - ESPUMA REFRESCANTE ORG\u00c2NICA FRESCANTE VEGANO SEM ENX\u00c1GUE 150 ML - Lovme<\/title>\n<meta name=\"robots\" content=\"index, follow, max-snippet:-1, max-image-preview:large, max-video-preview:-1\" \/>\n<link rel=\"canonical\" href=\"https:\/\/lovme.pt\/index.php\/produto\/pjur-espuma-refrescante-organica-frescante-vegano-sem-enxague-150-ml\/\" \/>\n<meta property=\"og:locale\" content=\"pt_PT\" \/>\n<meta property=\"og:type\" content=\"article\" \/>\n<meta property=\"og:title\" content=\"PJUR - ESPUMA REFRESCANTE ORG\u00c2NICA FRESCANTE VEGANO SEM ENX\u00c1GUE 150 ML - Lovme\" \/>\n<meta property=\"og:description\" content=\"PJUR - ESPUMA REFRESCANTE ORG\u00c2NICA FRESCANTE VEGANO SEM ENX\u00c1GUE 150 ML\" \/>\n<meta property=\"og:url\" content=\"https:\/\/lovme.pt\/index.php\/produto\/pjur-espuma-refrescante-organica-frescante-vegano-sem-enxague-150-ml\/\" \/>\n<meta property=\"og:site_name\" content=\"Lovme\" \/>\n<meta property=\"article:modified_time\" content=\"2026-02-19T20:05:47+00:00\" \/>\n<meta property=\"og:image\" content=\"https:\/\/erki24nd3ub.exactdn.com\/wp-content\/uploads\/dream\/img\/img_216215_38ded1475830db0877105928753b5511_1.jpg?strip=all\" \/>\n\t<meta property=\"og:image:width\" content=\"900\" \/>\n\t<meta property=\"og:image:height\" content=\"900\" \/>\n\t<meta property=\"og:image:type\" content=\"image\/jpeg\" \/>\n<meta name=\"twitter:card\" content=\"summary_large_image\" \/>\n<meta name=\"twitter:label1\" content=\"Tempo estimado de leitura\" \/>\n\t<meta name=\"twitter:data1\" content=\"2 minutos\" \/>\n<script type=\"application\/ld+json\" class=\"yoast-schema-graph\">{\"@context\":\"https:\\\/\\\/schema.org\",\"@graph\":[{\"@type\":\"WebPage\",\"@id\":\"https:\\\/\\\/lovme.pt\\\/index.php\\\/produto\\\/pjur-espuma-refrescante-organica-frescante-vegano-sem-enxague-150-ml\\\/\",\"url\":\"https:\\\/\\\/lovme.pt\\\/index.php\\\/produto\\\/pjur-espuma-refrescante-organica-frescante-vegano-sem-enxague-150-ml\\\/\",\"name\":\"PJUR - ESPUMA REFRESCANTE ORG\u00c2NICA FRESCANTE VEGANO SEM ENX\u00c1GUE 150 ML - Lovme\",\"isPartOf\":{\"@id\":\"https:\\\/\\\/lovme.pt\\\/#website\"},\"primaryImageOfPage\":{\"@id\":\"https:\\\/\\\/lovme.pt\\\/index.php\\\/produto\\\/pjur-espuma-refrescante-organica-frescante-vegano-sem-enxague-150-ml\\\/#primaryimage\"},\"image\":{\"@id\":\"https:\\\/\\\/lovme.pt\\\/index.php\\\/produto\\\/pjur-espuma-refrescante-organica-frescante-vegano-sem-enxague-150-ml\\\/#primaryimage\"},\"thumbnailUrl\":\"https:\\\/\\\/erki24nd3ub.exactdn.com\\\/wp-content\\\/uploads\\\/dream\\\/img\\\/img_216215_38ded1475830db0877105928753b5511_1.jpg?strip=all\",\"datePublished\":\"2025-10-31T12:06:18+00:00\",\"dateModified\":\"2026-02-19T20:05:47+00:00\",\"breadcrumb\":{\"@id\":\"https:\\\/\\\/lovme.pt\\\/index.php\\\/produto\\\/pjur-espuma-refrescante-organica-frescante-vegano-sem-enxague-150-ml\\\/#breadcrumb\"},\"inLanguage\":\"pt-PT\",\"potentialAction\":[{\"@type\":\"ReadAction\",\"target\":[\"https:\\\/\\\/lovme.pt\\\/index.php\\\/produto\\\/pjur-espuma-refrescante-organica-frescante-vegano-sem-enxague-150-ml\\\/\"]}]},{\"@type\":\"ImageObject\",\"inLanguage\":\"pt-PT\",\"@id\":\"https:\\\/\\\/lovme.pt\\\/index.php\\\/produto\\\/pjur-espuma-refrescante-organica-frescante-vegano-sem-enxague-150-ml\\\/#primaryimage\",\"url\":\"https:\\\/\\\/erki24nd3ub.exactdn.com\\\/wp-content\\\/uploads\\\/dream\\\/img\\\/img_216215_38ded1475830db0877105928753b5511_1.jpg?strip=all\",\"contentUrl\":\"https:\\\/\\\/erki24nd3ub.exactdn.com\\\/wp-content\\\/uploads\\\/dream\\\/img\\\/img_216215_38ded1475830db0877105928753b5511_1.jpg?strip=all\",\"width\":900,\"height\":900},{\"@type\":\"BreadcrumbList\",\"@id\":\"https:\\\/\\\/lovme.pt\\\/index.php\\\/produto\\\/pjur-espuma-refrescante-organica-frescante-vegano-sem-enxague-150-ml\\\/#breadcrumb\",\"itemListElement\":[{\"@type\":\"ListItem\",\"position\":1,\"name\":\"In\u00edcio\",\"item\":\"https:\\\/\\\/lovme.pt\\\/\"},{\"@type\":\"ListItem\",\"position\":2,\"name\":\"Loja\",\"item\":\"https:\\\/\\\/lovme.pt\\\/index.php\\\/loja\\\/\"},{\"@type\":\"ListItem\",\"position\":3,\"name\":\"PJUR &#8211; ESPUMA REFRESCANTE ORG\u00c2NICA FRESCANTE VEGANO SEM ENX\u00c1GUE 150 ML\"}]},{\"@type\":\"WebSite\",\"@id\":\"https:\\\/\\\/lovme.pt\\\/#website\",\"url\":\"https:\\\/\\\/lovme.pt\\\/\",\"name\":\"Lovme Loja Er\u00f3tica N\u00ba1 em Portugal\",\"description\":\"A melhor loja er\u00f3tica de Portugal.\",\"alternateName\":\"Loja Er\u00f3tica Lovme\",\"potentialAction\":[{\"@type\":\"SearchAction\",\"target\":{\"@type\":\"EntryPoint\",\"urlTemplate\":\"https:\\\/\\\/lovme.pt\\\/?s={search_term_string}\"},\"query-input\":{\"@type\":\"PropertyValueSpecification\",\"valueRequired\":true,\"valueName\":\"search_term_string\"}}],\"inLanguage\":\"pt-PT\"}]}<\/script>\n<!-- \/ Yoast SEO plugin. -->","yoast_head_json":{"title":"PJUR - ESPUMA REFRESCANTE ORG\u00c2NICA FRESCANTE VEGANO SEM ENX\u00c1GUE 150 ML - Lovme","robots":{"index":"index","follow":"follow","max-snippet":"max-snippet:-1","max-image-preview":"max-image-preview:large","max-video-preview":"max-video-preview:-1"},"canonical":"https:\/\/lovme.pt\/index.php\/produto\/pjur-espuma-refrescante-organica-frescante-vegano-sem-enxague-150-ml\/","og_locale":"pt_PT","og_type":"article","og_title":"PJUR - ESPUMA REFRESCANTE ORG\u00c2NICA FRESCANTE VEGANO SEM ENX\u00c1GUE 150 ML - Lovme","og_description":"PJUR - ESPUMA REFRESCANTE ORG\u00c2NICA FRESCANTE VEGANO SEM ENX\u00c1GUE 150 ML","og_url":"https:\/\/lovme.pt\/index.php\/produto\/pjur-espuma-refrescante-organica-frescante-vegano-sem-enxague-150-ml\/","og_site_name":"Lovme","article_modified_time":"2026-02-19T20:05:47+00:00","og_image":[{"width":900,"height":900,"url":"https:\/\/erki24nd3ub.exactdn.com\/wp-content\/uploads\/dream\/img\/img_216215_38ded1475830db0877105928753b5511_1.jpg?strip=all","type":"image\/jpeg"}],"twitter_card":"summary_large_image","twitter_misc":{"Tempo estimado de leitura":"2 minutos"},"schema":{"@context":"https:\/\/schema.org","@graph":[{"@type":"WebPage","@id":"https:\/\/lovme.pt\/index.php\/produto\/pjur-espuma-refrescante-organica-frescante-vegano-sem-enxague-150-ml\/","url":"https:\/\/lovme.pt\/index.php\/produto\/pjur-espuma-refrescante-organica-frescante-vegano-sem-enxague-150-ml\/","name":"PJUR - ESPUMA REFRESCANTE ORG\u00c2NICA FRESCANTE VEGANO SEM ENX\u00c1GUE 150 ML - Lovme","isPartOf":{"@id":"https:\/\/lovme.pt\/#website"},"primaryImageOfPage":{"@id":"https:\/\/lovme.pt\/index.php\/produto\/pjur-espuma-refrescante-organica-frescante-vegano-sem-enxague-150-ml\/#primaryimage"},"image":{"@id":"https:\/\/lovme.pt\/index.php\/produto\/pjur-espuma-refrescante-organica-frescante-vegano-sem-enxague-150-ml\/#primaryimage"},"thumbnailUrl":"https:\/\/erki24nd3ub.exactdn.com\/wp-content\/uploads\/dream\/img\/img_216215_38ded1475830db0877105928753b5511_1.jpg?strip=all","datePublished":"2025-10-31T12:06:18+00:00","dateModified":"2026-02-19T20:05:47+00:00","breadcrumb":{"@id":"https:\/\/lovme.pt\/index.php\/produto\/pjur-espuma-refrescante-organica-frescante-vegano-sem-enxague-150-ml\/#breadcrumb"},"inLanguage":"pt-PT","potentialAction":[{"@type":"ReadAction","target":["https:\/\/lovme.pt\/index.php\/produto\/pjur-espuma-refrescante-organica-frescante-vegano-sem-enxague-150-ml\/"]}]},{"@type":"ImageObject","inLanguage":"pt-PT","@id":"https:\/\/lovme.pt\/index.php\/produto\/pjur-espuma-refrescante-organica-frescante-vegano-sem-enxague-150-ml\/#primaryimage","url":"https:\/\/erki24nd3ub.exactdn.com\/wp-content\/uploads\/dream\/img\/img_216215_38ded1475830db0877105928753b5511_1.jpg?strip=all","contentUrl":"https:\/\/erki24nd3ub.exactdn.com\/wp-content\/uploads\/dream\/img\/img_216215_38ded1475830db0877105928753b5511_1.jpg?strip=all","width":900,"height":900},{"@type":"BreadcrumbList","@id":"https:\/\/lovme.pt\/index.php\/produto\/pjur-espuma-refrescante-organica-frescante-vegano-sem-enxague-150-ml\/#breadcrumb","itemListElement":[{"@type":"ListItem","position":1,"name":"In\u00edcio","item":"https:\/\/lovme.pt\/"},{"@type":"ListItem","position":2,"name":"Loja","item":"https:\/\/lovme.pt\/index.php\/loja\/"},{"@type":"ListItem","position":3,"name":"PJUR &#8211; ESPUMA REFRESCANTE ORG\u00c2NICA FRESCANTE VEGANO SEM ENX\u00c1GUE 150 ML"}]},{"@type":"WebSite","@id":"https:\/\/lovme.pt\/#website","url":"https:\/\/lovme.pt\/","name":"Lovme Loja Er\u00f3tica N\u00ba1 em Portugal","description":"A melhor loja er\u00f3tica de Portugal.","alternateName":"Loja Er\u00f3tica Lovme","potentialAction":[{"@type":"SearchAction","target":{"@type":"EntryPoint","urlTemplate":"https:\/\/lovme.pt\/?s={search_term_string}"},"query-input":{"@type":"PropertyValueSpecification","valueRequired":true,"valueName":"search_term_string"}}],"inLanguage":"pt-PT"}]}},"_links":{"self":[{"href":"https:\/\/lovme.pt\/index.php\/wp-json\/wp\/v2\/product\/104134","targetHints":{"allow":["GET"]}}],"collection":[{"href":"https:\/\/lovme.pt\/index.php\/wp-json\/wp\/v2\/product"}],"about":[{"href":"https:\/\/lovme.pt\/index.php\/wp-json\/wp\/v2\/types\/product"}],"wp:featuredmedia":[{"embeddable":true,"href":"https:\/\/lovme.pt\/index.php\/wp-json\/wp\/v2\/media\/104135"}],"wp:attachment":[{"href":"https:\/\/lovme.pt\/index.php\/wp-json\/wp\/v2\/media?parent=104134"}],"wp:term":[{"taxonomy":"product_brand","embeddable":true,"href":"https:\/\/lovme.pt\/index.php\/wp-json\/wp\/v2\/product_brand?post=104134"},{"taxonomy":"product_cat","embeddable":true,"href":"https:\/\/lovme.pt\/index.php\/wp-json\/wp\/v2\/product_cat?post=104134"},{"taxonomy":"product_tag","embeddable":true,"href":"https:\/\/lovme.pt\/index.php\/wp-json\/wp\/v2\/product_tag?post=104134"}],"curies":[{"name":"wp","href":"https:\/\/api.w.org\/{rel}","templated":true}]}}