{"id":104027,"date":"2025-10-15T23:51:10","date_gmt":"2025-10-15T23:51:10","guid":{"rendered":"https:\/\/lovme.pt\/?post_type=product&p=104027"},"modified":"2026-02-19T20:09:23","modified_gmt":"2026-02-19T20:09:23","slug":"lelo-enigma-duplo-vibrador-sonico-point-g-cyber-roxo","status":"publish","type":"product","link":"https:\/\/lovme.pt\/index.php\/produto\/lelo-enigma-duplo-vibrador-sonico-point-g-cyber-roxo\/","title":{"rendered":"LELO &#8211; ENIGMA DUPLO VIBRADOR S\u00d4NICO POINT G CYBER ROXO"},"content":{"rendered":"<p>Apresentamos um novo e espetacular vibrador de ponto A que oferece uma maneira completamente nova de experimentar orgasmos. A nova tecnologia DeepSonic\u2122 foca no ponto A (aquele ponto dif\u00edcil de encontrar, localizado um pouco atr\u00e1s do ponto G), gra\u00e7as \u00e0 exclusiva ponta s\u00f4nica localizada na parte inferior inser\u00edvel. O resultado \u00e9 um orgasmo intenso no ponto A, seguido por uma libera\u00e7\u00e3o emocional profunda e incompar\u00e1vel. Como se isso n\u00e3o bastasse, <strong>o ENIGMA\u2122 Double Sonic<\/strong> estimula o clit\u00f3ris com ondas s\u00f4nicas enquanto vibra para estimular o ponto G.<\/p>\n<p> O vibrador <strong>ENIGMA\u2122 Double Sonic<\/strong> para ponto A \u00e9 a mais recente adi\u00e7\u00e3o \u00e0 linha LELO ENIGMA\u2122. Com ele, apresentamos a tecnologia DeepSonic\u2122, que se concentra no ponto A, frequentemente negligenciado. Ele tamb\u00e9m possui oito modos de prazer e dois modos exclusivos de controle do aplicativo que voc\u00ea pode usar ao se conectar ao aplicativo LELO. Gra\u00e7as \u00e0 sua ponta s\u00f4nica especial, localizada na cauda inser\u00edvel, o ENIGMA\u2122 Double Sonic estimula uma zona er\u00f3gena mais ampla para atingir o ponto A com suas ondas s\u00f4nicas profundas e proporcionar orgasmos vaginais mais intensos. Ele tamb\u00e9m envia ondas s\u00f4nicas para o clit\u00f3ris, bem como vibra\u00e7\u00f5es para o ponto G.<\/p>\n<\/p>\n<p> TECNOLOGIA DEEPSONIC\u2122: As ondas s\u00f4nicas alcan\u00e7am muito mais profundamente, onde nenhum outro brinquedo sexual consegue alcan\u00e7ar, e atingem o poderoso e org\u00e1stico ponto A com facilidade.<\/p>\n<p> TECNOLOGIA SENSONIC\u2122: Sem fazer contato direto, o ENIGMA\u2122 Double Sonic oferece estimula\u00e7\u00e3o clitoriana r\u00e1pida e prazerosa para imenso prazer.<\/p>\n<p> ESTIMULADOR INTERNO ERGON\u00d4MICO: Possui uma ponta s\u00f4nica especial na parte superior que envia ondas sonoras profundas para o ponto A para uma sensa\u00e7\u00e3o totalmente nova, bem como vibra\u00e7\u00f5es para estimular o ponto G.<\/p>\n<p> CONECTADO AO APLICATIVO: Com o aplicativo LELO, voc\u00ea pode desbloquear dois modos exclusivos: \u00abFINISH ME OFF\u00bb e \u00abOUT OF CONTROL\u00bb, e experimentar controlar o motor de forma independente.<\/p>\n<\/p>\n<p> <u><strong>CARACTER\u00cdSTICAS<\/strong><\/u> :<\/p>\n<ul>\n<li> GARANTIA DE SEGURAN\u00c7A ISO 3533 Renda-se ao prazer com brinquedos fabricados de acordo com os mais altos padr\u00f5es de seguran\u00e7a<\/li>\n<li> 8 MODOS, desde toques suaves at\u00e9 pulsos muito emocionantes<\/li>\n<li> CONECTADO AO APP conecte o dispositivo para configurar seu prazer com o aplicativo LELO<\/li>\n<li> MAIOR DURA\u00c7\u00c3O DA BATERIA, maior tempo de prazer<\/li>\n<li> 100% \u00c0 PROVA D\u00c1GUA, perfeito para banho e chuveiro<\/li>\n<li> SILICONE EXTRA MACIO: Silicone de alta qualidade com toque sedoso<\/li>\n<\/ul>\n<p> <strong>Como funciona a tecnologia DeepSonic?<\/strong> <strong>O ENIGMA* Double Sonic<\/strong> estimula uma zona er\u00f3gena mais ampla e penetra mais profundamente, atingindo a zona er\u00f3gena do f\u00f3rnice anterior, tamb\u00e9m conhecida como ponto A. Este ponto, localizado alguns cent\u00edmetros atr\u00e1s do ponto G, tamb\u00e9m \u00e9 conhecido como pr\u00f3stata feminina. Quando estimulado, aumenta a lubrifica\u00e7\u00e3o vaginal e a possibilidade de atingir o orgasmo. <strong>O ENIGMA Double Sonic<\/strong> possui uma ponta s\u00f4nica especial na parte superior da cauda inser\u00edvel que envia ondas s\u00f4nicas para o ponto A. Dessa forma, proporciona orgasmos vaginais mais intensos e prazer imersivo para todos os tipos de corpo.<\/p>\n<p> <strong><u>DETALHES DO PRODUTO:<\/u><\/strong><\/p>\n<ul>\n<li> Materiais: Silicone biocompat\u00edvel e pl\u00e1stico ABS<\/li>\n<li> Acabamento: Liso<\/li>\n<li> Tamanho: 107 x 50 x 183 mm<\/li>\n<li> Comprimento inser\u00edvel: 140 mm<\/li>\n<li> Peso: 195 g<\/li>\n<li> Bateria: \u00edon de l\u00edtio 520 mAh 3,7 V<\/li>\n<li> Carregamento: at\u00e9 2 horas a 5,0 V 500 mA<\/li>\n<li> Pot\u00eancia nominal:\n<ul>\n<li> Entrada: 5 V 2,6 W<\/li>\n<li> Sa\u00edda: 3,7 V 1,8 W<\/li>\n<\/ul>\n<\/li>\n<li> Tempo de uso: at\u00e9 2 horas<\/li>\n<li> Tempo de espera: 90 dias<\/li>\n<li> Frequ\u00eancia: 64 Hz \/ 103 Hz<\/li>\n<li> Desligado: desliga automaticamente ap\u00f3s 20 minutos<\/li>\n<li> N\u00edvel de ru\u00eddo m\u00e1x.: <63 dB<\/li>\n<li> Interface: 3 bot\u00f5es<\/li>\n<\/ul>\n","protected":false},"excerpt":{"rendered":"<p>LELO &#8211; ENIGMA DUPLO VIBRADOR S\u00d4NICO POINT G CYBER ROXO<\/p>\n","protected":false},"featured_media":104028,"template":"","meta":{"_acf_changed":false},"product_brand":[],"product_cat":[17,61,76],"product_tag":[],"class_list":{"0":"post-104027","1":"product","2":"type-product","3":"status-publish","4":"has-post-thumbnail","6":"product_cat-brinquedos-de-bem-estar-sexual","7":"product_cat-para-elas","8":"product_cat-vibradores","9":"yith_product_brand-lelo","11":"first","12":"instock","13":"taxable","14":"shipping-taxable","15":"purchasable","16":"product-type-simple"},"acf":[],"yoast_head":"<!-- This site is optimized with the Yoast SEO plugin v27.4 - https:\/\/yoast.com\/product\/yoast-seo-wordpress\/ -->\n<title>LELO - ENIGMA DUPLO VIBRADOR S\u00d4NICO POINT G CYBER ROXO - Lovme<\/title>\n<meta name=\"robots\" content=\"index, follow, max-snippet:-1, max-image-preview:large, max-video-preview:-1\" \/>\n<link rel=\"canonical\" href=\"https:\/\/lovme.pt\/index.php\/produto\/lelo-enigma-duplo-vibrador-sonico-point-g-cyber-roxo\/\" \/>\n<meta property=\"og:locale\" content=\"pt_PT\" \/>\n<meta property=\"og:type\" content=\"article\" \/>\n<meta property=\"og:title\" content=\"LELO - ENIGMA DUPLO VIBRADOR S\u00d4NICO POINT G CYBER ROXO - Lovme\" \/>\n<meta property=\"og:description\" content=\"LELO - ENIGMA DUPLO VIBRADOR S\u00d4NICO POINT G CYBER ROXO\" \/>\n<meta property=\"og:url\" content=\"https:\/\/lovme.pt\/index.php\/produto\/lelo-enigma-duplo-vibrador-sonico-point-g-cyber-roxo\/\" \/>\n<meta property=\"og:site_name\" content=\"Lovme\" \/>\n<meta property=\"article:modified_time\" content=\"2026-02-19T20:09:23+00:00\" \/>\n<meta property=\"og:image\" content=\"https:\/\/erki24nd3ub.exactdn.com\/wp-content\/uploads\/dream\/img\/img_216177_e5df3000635fe82f058086c497e4f4bf_1.jpg?strip=all\" \/>\n\t<meta property=\"og:image:width\" content=\"900\" \/>\n\t<meta property=\"og:image:height\" content=\"900\" \/>\n\t<meta property=\"og:image:type\" content=\"image\/jpeg\" \/>\n<meta name=\"twitter:card\" content=\"summary_large_image\" \/>\n<meta name=\"twitter:label1\" content=\"Tempo estimado de leitura\" \/>\n\t<meta name=\"twitter:data1\" content=\"3 minutos\" \/>\n<script type=\"application\/ld+json\" class=\"yoast-schema-graph\">{\"@context\":\"https:\\\/\\\/schema.org\",\"@graph\":[{\"@type\":\"WebPage\",\"@id\":\"https:\\\/\\\/lovme.pt\\\/index.php\\\/produto\\\/lelo-enigma-duplo-vibrador-sonico-point-g-cyber-roxo\\\/\",\"url\":\"https:\\\/\\\/lovme.pt\\\/index.php\\\/produto\\\/lelo-enigma-duplo-vibrador-sonico-point-g-cyber-roxo\\\/\",\"name\":\"LELO - ENIGMA DUPLO VIBRADOR S\u00d4NICO POINT G CYBER ROXO - Lovme\",\"isPartOf\":{\"@id\":\"https:\\\/\\\/lovme.pt\\\/#website\"},\"primaryImageOfPage\":{\"@id\":\"https:\\\/\\\/lovme.pt\\\/index.php\\\/produto\\\/lelo-enigma-duplo-vibrador-sonico-point-g-cyber-roxo\\\/#primaryimage\"},\"image\":{\"@id\":\"https:\\\/\\\/lovme.pt\\\/index.php\\\/produto\\\/lelo-enigma-duplo-vibrador-sonico-point-g-cyber-roxo\\\/#primaryimage\"},\"thumbnailUrl\":\"https:\\\/\\\/erki24nd3ub.exactdn.com\\\/wp-content\\\/uploads\\\/dream\\\/img\\\/img_216177_e5df3000635fe82f058086c497e4f4bf_1.jpg?strip=all\",\"datePublished\":\"2025-10-15T23:51:10+00:00\",\"dateModified\":\"2026-02-19T20:09:23+00:00\",\"breadcrumb\":{\"@id\":\"https:\\\/\\\/lovme.pt\\\/index.php\\\/produto\\\/lelo-enigma-duplo-vibrador-sonico-point-g-cyber-roxo\\\/#breadcrumb\"},\"inLanguage\":\"pt-PT\",\"potentialAction\":[{\"@type\":\"ReadAction\",\"target\":[\"https:\\\/\\\/lovme.pt\\\/index.php\\\/produto\\\/lelo-enigma-duplo-vibrador-sonico-point-g-cyber-roxo\\\/\"]}]},{\"@type\":\"ImageObject\",\"inLanguage\":\"pt-PT\",\"@id\":\"https:\\\/\\\/lovme.pt\\\/index.php\\\/produto\\\/lelo-enigma-duplo-vibrador-sonico-point-g-cyber-roxo\\\/#primaryimage\",\"url\":\"https:\\\/\\\/erki24nd3ub.exactdn.com\\\/wp-content\\\/uploads\\\/dream\\\/img\\\/img_216177_e5df3000635fe82f058086c497e4f4bf_1.jpg?strip=all\",\"contentUrl\":\"https:\\\/\\\/erki24nd3ub.exactdn.com\\\/wp-content\\\/uploads\\\/dream\\\/img\\\/img_216177_e5df3000635fe82f058086c497e4f4bf_1.jpg?strip=all\",\"width\":900,\"height\":900},{\"@type\":\"BreadcrumbList\",\"@id\":\"https:\\\/\\\/lovme.pt\\\/index.php\\\/produto\\\/lelo-enigma-duplo-vibrador-sonico-point-g-cyber-roxo\\\/#breadcrumb\",\"itemListElement\":[{\"@type\":\"ListItem\",\"position\":1,\"name\":\"In\u00edcio\",\"item\":\"https:\\\/\\\/lovme.pt\\\/\"},{\"@type\":\"ListItem\",\"position\":2,\"name\":\"Loja\",\"item\":\"https:\\\/\\\/lovme.pt\\\/index.php\\\/loja\\\/\"},{\"@type\":\"ListItem\",\"position\":3,\"name\":\"LELO &#8211; ENIGMA DUPLO VIBRADOR S\u00d4NICO POINT G CYBER ROXO\"}]},{\"@type\":\"WebSite\",\"@id\":\"https:\\\/\\\/lovme.pt\\\/#website\",\"url\":\"https:\\\/\\\/lovme.pt\\\/\",\"name\":\"Lovme Loja Er\u00f3tica N\u00ba1 em Portugal\",\"description\":\"A melhor loja er\u00f3tica de Portugal.\",\"alternateName\":\"Loja Er\u00f3tica Lovme\",\"potentialAction\":[{\"@type\":\"SearchAction\",\"target\":{\"@type\":\"EntryPoint\",\"urlTemplate\":\"https:\\\/\\\/lovme.pt\\\/?s={search_term_string}\"},\"query-input\":{\"@type\":\"PropertyValueSpecification\",\"valueRequired\":true,\"valueName\":\"search_term_string\"}}],\"inLanguage\":\"pt-PT\"}]}<\/script>\n<!-- \/ Yoast SEO plugin. -->","yoast_head_json":{"title":"LELO - ENIGMA DUPLO VIBRADOR S\u00d4NICO POINT G CYBER ROXO - Lovme","robots":{"index":"index","follow":"follow","max-snippet":"max-snippet:-1","max-image-preview":"max-image-preview:large","max-video-preview":"max-video-preview:-1"},"canonical":"https:\/\/lovme.pt\/index.php\/produto\/lelo-enigma-duplo-vibrador-sonico-point-g-cyber-roxo\/","og_locale":"pt_PT","og_type":"article","og_title":"LELO - ENIGMA DUPLO VIBRADOR S\u00d4NICO POINT G CYBER ROXO - Lovme","og_description":"LELO - ENIGMA DUPLO VIBRADOR S\u00d4NICO POINT G CYBER ROXO","og_url":"https:\/\/lovme.pt\/index.php\/produto\/lelo-enigma-duplo-vibrador-sonico-point-g-cyber-roxo\/","og_site_name":"Lovme","article_modified_time":"2026-02-19T20:09:23+00:00","og_image":[{"width":900,"height":900,"url":"https:\/\/erki24nd3ub.exactdn.com\/wp-content\/uploads\/dream\/img\/img_216177_e5df3000635fe82f058086c497e4f4bf_1.jpg?strip=all","type":"image\/jpeg"}],"twitter_card":"summary_large_image","twitter_misc":{"Tempo estimado de leitura":"3 minutos"},"schema":{"@context":"https:\/\/schema.org","@graph":[{"@type":"WebPage","@id":"https:\/\/lovme.pt\/index.php\/produto\/lelo-enigma-duplo-vibrador-sonico-point-g-cyber-roxo\/","url":"https:\/\/lovme.pt\/index.php\/produto\/lelo-enigma-duplo-vibrador-sonico-point-g-cyber-roxo\/","name":"LELO - ENIGMA DUPLO VIBRADOR S\u00d4NICO POINT G CYBER ROXO - Lovme","isPartOf":{"@id":"https:\/\/lovme.pt\/#website"},"primaryImageOfPage":{"@id":"https:\/\/lovme.pt\/index.php\/produto\/lelo-enigma-duplo-vibrador-sonico-point-g-cyber-roxo\/#primaryimage"},"image":{"@id":"https:\/\/lovme.pt\/index.php\/produto\/lelo-enigma-duplo-vibrador-sonico-point-g-cyber-roxo\/#primaryimage"},"thumbnailUrl":"https:\/\/erki24nd3ub.exactdn.com\/wp-content\/uploads\/dream\/img\/img_216177_e5df3000635fe82f058086c497e4f4bf_1.jpg?strip=all","datePublished":"2025-10-15T23:51:10+00:00","dateModified":"2026-02-19T20:09:23+00:00","breadcrumb":{"@id":"https:\/\/lovme.pt\/index.php\/produto\/lelo-enigma-duplo-vibrador-sonico-point-g-cyber-roxo\/#breadcrumb"},"inLanguage":"pt-PT","potentialAction":[{"@type":"ReadAction","target":["https:\/\/lovme.pt\/index.php\/produto\/lelo-enigma-duplo-vibrador-sonico-point-g-cyber-roxo\/"]}]},{"@type":"ImageObject","inLanguage":"pt-PT","@id":"https:\/\/lovme.pt\/index.php\/produto\/lelo-enigma-duplo-vibrador-sonico-point-g-cyber-roxo\/#primaryimage","url":"https:\/\/erki24nd3ub.exactdn.com\/wp-content\/uploads\/dream\/img\/img_216177_e5df3000635fe82f058086c497e4f4bf_1.jpg?strip=all","contentUrl":"https:\/\/erki24nd3ub.exactdn.com\/wp-content\/uploads\/dream\/img\/img_216177_e5df3000635fe82f058086c497e4f4bf_1.jpg?strip=all","width":900,"height":900},{"@type":"BreadcrumbList","@id":"https:\/\/lovme.pt\/index.php\/produto\/lelo-enigma-duplo-vibrador-sonico-point-g-cyber-roxo\/#breadcrumb","itemListElement":[{"@type":"ListItem","position":1,"name":"In\u00edcio","item":"https:\/\/lovme.pt\/"},{"@type":"ListItem","position":2,"name":"Loja","item":"https:\/\/lovme.pt\/index.php\/loja\/"},{"@type":"ListItem","position":3,"name":"LELO &#8211; ENIGMA DUPLO VIBRADOR S\u00d4NICO POINT G CYBER ROXO"}]},{"@type":"WebSite","@id":"https:\/\/lovme.pt\/#website","url":"https:\/\/lovme.pt\/","name":"Lovme Loja Er\u00f3tica N\u00ba1 em Portugal","description":"A melhor loja er\u00f3tica de Portugal.","alternateName":"Loja Er\u00f3tica Lovme","potentialAction":[{"@type":"SearchAction","target":{"@type":"EntryPoint","urlTemplate":"https:\/\/lovme.pt\/?s={search_term_string}"},"query-input":{"@type":"PropertyValueSpecification","valueRequired":true,"valueName":"search_term_string"}}],"inLanguage":"pt-PT"}]}},"_links":{"self":[{"href":"https:\/\/lovme.pt\/index.php\/wp-json\/wp\/v2\/product\/104027","targetHints":{"allow":["GET"]}}],"collection":[{"href":"https:\/\/lovme.pt\/index.php\/wp-json\/wp\/v2\/product"}],"about":[{"href":"https:\/\/lovme.pt\/index.php\/wp-json\/wp\/v2\/types\/product"}],"wp:featuredmedia":[{"embeddable":true,"href":"https:\/\/lovme.pt\/index.php\/wp-json\/wp\/v2\/media\/104028"}],"wp:attachment":[{"href":"https:\/\/lovme.pt\/index.php\/wp-json\/wp\/v2\/media?parent=104027"}],"wp:term":[{"taxonomy":"product_brand","embeddable":true,"href":"https:\/\/lovme.pt\/index.php\/wp-json\/wp\/v2\/product_brand?post=104027"},{"taxonomy":"product_cat","embeddable":true,"href":"https:\/\/lovme.pt\/index.php\/wp-json\/wp\/v2\/product_cat?post=104027"},{"taxonomy":"product_tag","embeddable":true,"href":"https:\/\/lovme.pt\/index.php\/wp-json\/wp\/v2\/product_tag?post=104027"}],"curies":[{"name":"wp","href":"https:\/\/api.w.org\/{rel}","templated":true}]}}