{"id":104015,"date":"2025-10-15T23:50:18","date_gmt":"2025-10-15T23:50:18","guid":{"rendered":"https:\/\/lovme.pt\/?post_type=product&p=104015"},"modified":"2026-02-19T20:09:23","modified_gmt":"2026-02-19T20:09:23","slug":"lelo-enigma-wave-massageador-de-tripla-vibracao-cyber-roxo","status":"publish","type":"product","link":"https:\/\/lovme.pt\/index.php\/produto\/lelo-enigma-wave-massageador-de-tripla-vibracao-cyber-roxo\/","title":{"rendered":"LELO &#8211; ENIGMA WAVE MASSAGEADOR DE TRIPLA VIBRA\u00c7\u00c3O CYBER ROXO"},"content":{"rendered":"<p>Conhe\u00e7a o espetacular massageador s\u00f4nico de tripla a\u00e7\u00e3o que mudar\u00e1 completamente sua maneira de pensar sobre orgasmos combinados. O ENIGMA Wave\u2122 possui todos os atributos da lend\u00e1ria linha ENIGMA\u2122, mas o que o diferencia de outros dispositivos \u00e9 que ele apresenta a exclusiva tecnologia WaveMotion\u2122 para estimula\u00e7\u00e3o do ponto G que vai te hipnotizar. Este vibrador triplo permite que voc\u00ea desfrute simultaneamente de uma poderosa estimula\u00e7\u00e3o de ondas s\u00f4nicas no seu clit\u00f3ris, enquanto a cauda inser\u00edvel vibra e se move dentro de voc\u00ea usando nossa tecnologia patenteada WaveMotion\u2122, para que voc\u00ea possa desfrutar de uma experi\u00eancia completa.<\/p>\n<p> Com oito modos de prazer, tr\u00eas motores potentes e um design atualizado, o ENIGMA Wave\u2122 \u00e9 o dispositivo de prazer ideal para quem busca uma estimula\u00e7\u00e3o tripla incompar\u00e1vel. Feito de silicone biocompat\u00edvel de alta qualidade, este dispositivo oferece estimula\u00e7\u00e3o clitoriana exclusiva com a tecnologia SenSonic\u2122 e uma massagem espetacular no ponto G gra\u00e7as \u00e0 tecnologia WaveMotion\u2122. O primeiro motor \u00e9 respons\u00e1vel pela estimula\u00e7\u00e3o das ondas internas, o segundo pelas vibra\u00e7\u00f5es sensacionais e o terceiro, gra\u00e7as \u00e0 tecnologia SenSonic\u2122, emite pulsos s\u00f4nicos que ressoam profundamente na estrutura interna do clit\u00f3ris, proporcionando uma sensa\u00e7\u00e3o completamente nova.<\/p>\n<\/p>\n<p> TR\u00caS MOTORES PARA O TRIPLO DE PRAZER: Tr\u00eas motores potentes proporcionam sensa\u00e7\u00f5es que alcan\u00e7am tanto a \u00e1rea interna quanto a externa.<\/p>\n<p> TECNOLOGIA WAVEMOTION\u2122: <strong>O ENIGMA Wave\u2122<\/strong> se move como uma onda sutil, combinando estimula\u00e7\u00e3o interna satisfat\u00f3ria com sensa\u00e7\u00f5es profundas, provocativas e estimulantes. divers\u00e3o.<\/p>\n<p> TECNOLOGIA SENSONIC\u2122: Sem contato direto, as ondas sonoras do <strong>ENIGMA Wave\u2122<\/strong> oferecem estimula\u00e7\u00e3o r\u00e1pida e prazerosa ao clit\u00f3ris para um prazer imenso.<\/p>\n<p> ESTIMULADOR INTERNO ERGON\u00d4MICO: Um estimulador totalmente flex\u00edvel que envia vibra\u00e7\u00f5es ultrapoderosas ao seu ponto G.<\/p>\n<\/p>\n<p> <u><strong>CARACTER\u00cdSTICAS<\/strong><\/u> :<\/p>\n<ul>\n<li> GARANTIA DE SEGURAN\u00c7A ISO 3533: Renda-se ao prazer com brinquedos fabricados de acordo com os mais altos padr\u00f5es de seguran\u00e7a<\/li>\n<li> 8 N\u00cdVEIS, desde toques suaves at\u00e9 pulsos altamente excitantes<\/li>\n<li> PROJETADO PARA SEU CONFORTO se ajusta ao seu corpo como uma luva<\/li>\n<li> BATERIA DE LONGA DURA\u00c7\u00c3O para maior prazer<\/li>\n<li> 100% \u00c0 PROVA D\u00c1GUA, perfeito para banho e duche<\/li>\n<li> SILICONE ULTRA MACIO silicone de alta qualidade com toque sedoso<\/li>\n<\/ul>\n<p> <strong>Como funciona a estimula\u00e7\u00e3o tripla<\/strong> : Com a tecnologia patenteada WaveMotion\u2122 e tr\u00eas motores sincronizados, o ENIGMA Wave\u2122 se move como uma onda sutil, combinando estimula\u00e7\u00e3o interna satisfat\u00f3ria com sensa\u00e7\u00f5es profundas, provocantes e divertidas. Imita realisticamente o movimento dos dedos: sua cauda inser\u00edvel gira dentro de voc\u00ea enquanto simultaneamente transmite vibra\u00e7\u00f5es da cabe\u00e7a, proporcionando satisfa\u00e7\u00e3o ao ponto G. O primeiro motor \u00e9 respons\u00e1vel pela estimula\u00e7\u00e3o da onda interna, o segundo pelas vibra\u00e7\u00f5es sensacionais e o terceiro, gra\u00e7as \u00e0 tecnologia SenSonic\u2122, emite pulsos s\u00f4nicos que ressoam profundamente na estrutura interna do clit\u00f3ris, proporcionando uma sensa\u00e7\u00e3o completamente nova.<\/p>\n<\/p>\n<p> <u><strong>DETALHES DO PRODUTO:<\/strong><\/u><\/p>\n<ul>\n<li> Material: Silicone biocompat\u00edvel e pl\u00e1stico ABS<\/li>\n<li> Cores: Preto, Cyber ??Purple<\/li>\n<li> Interface: 3 bot\u00f5es e 2 LEDs<\/li>\n<li> Desligado: desliga automaticamente ap\u00f3s 20 minutos<\/li>\n<li> Freq\u00fc\u00eancia:\n<ul>\n<li> Motor de onda: 65 Hz<\/li>\n<li> Motor de vibra\u00e7\u00e3o: 130 Hz<\/li>\n<li> Mecanismo motor: 1,3 Hz<\/li>\n<\/ul>\n<\/li>\n<li> Bateria: 850 mAh 3,7 V \u00edon de l\u00edtio<\/li>\n<li> Tempo de uso: at\u00e9 2 horas<\/li>\n<li> Tempo de espera: at\u00e9 90 dias<\/li>\n<li> Tamanho: 106 x 50 x 182 mm<\/li>\n<li> Comprimento inser\u00edvel: 140 mm<\/li>\n<li> Peso (apenas produto): 201 g<\/li>\n<\/ul>\n","protected":false},"excerpt":{"rendered":"<p>LELO &#8211; ENIGMA WAVE MASSAGEADOR DE TRIPLA VIBRA\u00c7\u00c3O CYBER ROXO<\/p>\n","protected":false},"featured_media":104016,"template":"","meta":{"_acf_changed":false},"product_brand":[],"product_cat":[17,61,76],"product_tag":[],"class_list":{"0":"post-104015","1":"product","2":"type-product","3":"status-publish","4":"has-post-thumbnail","6":"product_cat-brinquedos-de-bem-estar-sexual","7":"product_cat-para-elas","8":"product_cat-vibradores","9":"yith_product_brand-lelo","11":"first","12":"instock","13":"taxable","14":"shipping-taxable","15":"purchasable","16":"product-type-simple"},"acf":[],"yoast_head":"<!-- This site is optimized with the Yoast SEO plugin v27.4 - https:\/\/yoast.com\/product\/yoast-seo-wordpress\/ -->\n<title>LELO - ENIGMA WAVE MASSAGEADOR DE TRIPLA VIBRA\u00c7\u00c3O CYBER ROXO - Lovme<\/title>\n<meta name=\"robots\" content=\"index, follow, max-snippet:-1, max-image-preview:large, max-video-preview:-1\" \/>\n<link rel=\"canonical\" href=\"https:\/\/lovme.pt\/index.php\/produto\/lelo-enigma-wave-massageador-de-tripla-vibracao-cyber-roxo\/\" \/>\n<meta property=\"og:locale\" content=\"pt_PT\" \/>\n<meta property=\"og:type\" content=\"article\" \/>\n<meta property=\"og:title\" content=\"LELO - ENIGMA WAVE MASSAGEADOR DE TRIPLA VIBRA\u00c7\u00c3O CYBER ROXO - Lovme\" \/>\n<meta property=\"og:description\" content=\"LELO - ENIGMA WAVE MASSAGEADOR DE TRIPLA VIBRA\u00c7\u00c3O CYBER ROXO\" \/>\n<meta property=\"og:url\" content=\"https:\/\/lovme.pt\/index.php\/produto\/lelo-enigma-wave-massageador-de-tripla-vibracao-cyber-roxo\/\" \/>\n<meta property=\"og:site_name\" content=\"Lovme\" \/>\n<meta property=\"article:modified_time\" content=\"2026-02-19T20:09:23+00:00\" \/>\n<meta property=\"og:image\" content=\"https:\/\/erki24nd3ub.exactdn.com\/wp-content\/uploads\/dream\/img\/img_216167_172c423420eff7ae8cc45cfbcb954bce_1.jpg?strip=all\" \/>\n\t<meta property=\"og:image:width\" content=\"900\" \/>\n\t<meta property=\"og:image:height\" content=\"900\" \/>\n\t<meta property=\"og:image:type\" content=\"image\/jpeg\" \/>\n<meta name=\"twitter:card\" content=\"summary_large_image\" \/>\n<meta name=\"twitter:label1\" content=\"Tempo estimado de leitura\" \/>\n\t<meta name=\"twitter:data1\" content=\"3 minutos\" \/>\n<script type=\"application\/ld+json\" class=\"yoast-schema-graph\">{\"@context\":\"https:\\\/\\\/schema.org\",\"@graph\":[{\"@type\":\"WebPage\",\"@id\":\"https:\\\/\\\/lovme.pt\\\/index.php\\\/produto\\\/lelo-enigma-wave-massageador-de-tripla-vibracao-cyber-roxo\\\/\",\"url\":\"https:\\\/\\\/lovme.pt\\\/index.php\\\/produto\\\/lelo-enigma-wave-massageador-de-tripla-vibracao-cyber-roxo\\\/\",\"name\":\"LELO - ENIGMA WAVE MASSAGEADOR DE TRIPLA VIBRA\u00c7\u00c3O CYBER ROXO - Lovme\",\"isPartOf\":{\"@id\":\"https:\\\/\\\/lovme.pt\\\/#website\"},\"primaryImageOfPage\":{\"@id\":\"https:\\\/\\\/lovme.pt\\\/index.php\\\/produto\\\/lelo-enigma-wave-massageador-de-tripla-vibracao-cyber-roxo\\\/#primaryimage\"},\"image\":{\"@id\":\"https:\\\/\\\/lovme.pt\\\/index.php\\\/produto\\\/lelo-enigma-wave-massageador-de-tripla-vibracao-cyber-roxo\\\/#primaryimage\"},\"thumbnailUrl\":\"https:\\\/\\\/erki24nd3ub.exactdn.com\\\/wp-content\\\/uploads\\\/dream\\\/img\\\/img_216167_172c423420eff7ae8cc45cfbcb954bce_1.jpg?strip=all\",\"datePublished\":\"2025-10-15T23:50:18+00:00\",\"dateModified\":\"2026-02-19T20:09:23+00:00\",\"breadcrumb\":{\"@id\":\"https:\\\/\\\/lovme.pt\\\/index.php\\\/produto\\\/lelo-enigma-wave-massageador-de-tripla-vibracao-cyber-roxo\\\/#breadcrumb\"},\"inLanguage\":\"pt-PT\",\"potentialAction\":[{\"@type\":\"ReadAction\",\"target\":[\"https:\\\/\\\/lovme.pt\\\/index.php\\\/produto\\\/lelo-enigma-wave-massageador-de-tripla-vibracao-cyber-roxo\\\/\"]}]},{\"@type\":\"ImageObject\",\"inLanguage\":\"pt-PT\",\"@id\":\"https:\\\/\\\/lovme.pt\\\/index.php\\\/produto\\\/lelo-enigma-wave-massageador-de-tripla-vibracao-cyber-roxo\\\/#primaryimage\",\"url\":\"https:\\\/\\\/erki24nd3ub.exactdn.com\\\/wp-content\\\/uploads\\\/dream\\\/img\\\/img_216167_172c423420eff7ae8cc45cfbcb954bce_1.jpg?strip=all\",\"contentUrl\":\"https:\\\/\\\/erki24nd3ub.exactdn.com\\\/wp-content\\\/uploads\\\/dream\\\/img\\\/img_216167_172c423420eff7ae8cc45cfbcb954bce_1.jpg?strip=all\",\"width\":900,\"height\":900},{\"@type\":\"BreadcrumbList\",\"@id\":\"https:\\\/\\\/lovme.pt\\\/index.php\\\/produto\\\/lelo-enigma-wave-massageador-de-tripla-vibracao-cyber-roxo\\\/#breadcrumb\",\"itemListElement\":[{\"@type\":\"ListItem\",\"position\":1,\"name\":\"In\u00edcio\",\"item\":\"https:\\\/\\\/lovme.pt\\\/\"},{\"@type\":\"ListItem\",\"position\":2,\"name\":\"Loja\",\"item\":\"https:\\\/\\\/lovme.pt\\\/index.php\\\/loja\\\/\"},{\"@type\":\"ListItem\",\"position\":3,\"name\":\"LELO &#8211; ENIGMA WAVE MASSAGEADOR DE TRIPLA VIBRA\u00c7\u00c3O CYBER ROXO\"}]},{\"@type\":\"WebSite\",\"@id\":\"https:\\\/\\\/lovme.pt\\\/#website\",\"url\":\"https:\\\/\\\/lovme.pt\\\/\",\"name\":\"Lovme Loja Er\u00f3tica N\u00ba1 em Portugal\",\"description\":\"A melhor loja er\u00f3tica de Portugal.\",\"alternateName\":\"Loja Er\u00f3tica Lovme\",\"potentialAction\":[{\"@type\":\"SearchAction\",\"target\":{\"@type\":\"EntryPoint\",\"urlTemplate\":\"https:\\\/\\\/lovme.pt\\\/?s={search_term_string}\"},\"query-input\":{\"@type\":\"PropertyValueSpecification\",\"valueRequired\":true,\"valueName\":\"search_term_string\"}}],\"inLanguage\":\"pt-PT\"}]}<\/script>\n<!-- \/ Yoast SEO plugin. -->","yoast_head_json":{"title":"LELO - ENIGMA WAVE MASSAGEADOR DE TRIPLA VIBRA\u00c7\u00c3O CYBER ROXO - Lovme","robots":{"index":"index","follow":"follow","max-snippet":"max-snippet:-1","max-image-preview":"max-image-preview:large","max-video-preview":"max-video-preview:-1"},"canonical":"https:\/\/lovme.pt\/index.php\/produto\/lelo-enigma-wave-massageador-de-tripla-vibracao-cyber-roxo\/","og_locale":"pt_PT","og_type":"article","og_title":"LELO - ENIGMA WAVE MASSAGEADOR DE TRIPLA VIBRA\u00c7\u00c3O CYBER ROXO - Lovme","og_description":"LELO - ENIGMA WAVE MASSAGEADOR DE TRIPLA VIBRA\u00c7\u00c3O CYBER ROXO","og_url":"https:\/\/lovme.pt\/index.php\/produto\/lelo-enigma-wave-massageador-de-tripla-vibracao-cyber-roxo\/","og_site_name":"Lovme","article_modified_time":"2026-02-19T20:09:23+00:00","og_image":[{"width":900,"height":900,"url":"https:\/\/erki24nd3ub.exactdn.com\/wp-content\/uploads\/dream\/img\/img_216167_172c423420eff7ae8cc45cfbcb954bce_1.jpg?strip=all","type":"image\/jpeg"}],"twitter_card":"summary_large_image","twitter_misc":{"Tempo estimado de leitura":"3 minutos"},"schema":{"@context":"https:\/\/schema.org","@graph":[{"@type":"WebPage","@id":"https:\/\/lovme.pt\/index.php\/produto\/lelo-enigma-wave-massageador-de-tripla-vibracao-cyber-roxo\/","url":"https:\/\/lovme.pt\/index.php\/produto\/lelo-enigma-wave-massageador-de-tripla-vibracao-cyber-roxo\/","name":"LELO - ENIGMA WAVE MASSAGEADOR DE TRIPLA VIBRA\u00c7\u00c3O CYBER ROXO - Lovme","isPartOf":{"@id":"https:\/\/lovme.pt\/#website"},"primaryImageOfPage":{"@id":"https:\/\/lovme.pt\/index.php\/produto\/lelo-enigma-wave-massageador-de-tripla-vibracao-cyber-roxo\/#primaryimage"},"image":{"@id":"https:\/\/lovme.pt\/index.php\/produto\/lelo-enigma-wave-massageador-de-tripla-vibracao-cyber-roxo\/#primaryimage"},"thumbnailUrl":"https:\/\/erki24nd3ub.exactdn.com\/wp-content\/uploads\/dream\/img\/img_216167_172c423420eff7ae8cc45cfbcb954bce_1.jpg?strip=all","datePublished":"2025-10-15T23:50:18+00:00","dateModified":"2026-02-19T20:09:23+00:00","breadcrumb":{"@id":"https:\/\/lovme.pt\/index.php\/produto\/lelo-enigma-wave-massageador-de-tripla-vibracao-cyber-roxo\/#breadcrumb"},"inLanguage":"pt-PT","potentialAction":[{"@type":"ReadAction","target":["https:\/\/lovme.pt\/index.php\/produto\/lelo-enigma-wave-massageador-de-tripla-vibracao-cyber-roxo\/"]}]},{"@type":"ImageObject","inLanguage":"pt-PT","@id":"https:\/\/lovme.pt\/index.php\/produto\/lelo-enigma-wave-massageador-de-tripla-vibracao-cyber-roxo\/#primaryimage","url":"https:\/\/erki24nd3ub.exactdn.com\/wp-content\/uploads\/dream\/img\/img_216167_172c423420eff7ae8cc45cfbcb954bce_1.jpg?strip=all","contentUrl":"https:\/\/erki24nd3ub.exactdn.com\/wp-content\/uploads\/dream\/img\/img_216167_172c423420eff7ae8cc45cfbcb954bce_1.jpg?strip=all","width":900,"height":900},{"@type":"BreadcrumbList","@id":"https:\/\/lovme.pt\/index.php\/produto\/lelo-enigma-wave-massageador-de-tripla-vibracao-cyber-roxo\/#breadcrumb","itemListElement":[{"@type":"ListItem","position":1,"name":"In\u00edcio","item":"https:\/\/lovme.pt\/"},{"@type":"ListItem","position":2,"name":"Loja","item":"https:\/\/lovme.pt\/index.php\/loja\/"},{"@type":"ListItem","position":3,"name":"LELO &#8211; ENIGMA WAVE MASSAGEADOR DE TRIPLA VIBRA\u00c7\u00c3O CYBER ROXO"}]},{"@type":"WebSite","@id":"https:\/\/lovme.pt\/#website","url":"https:\/\/lovme.pt\/","name":"Lovme Loja Er\u00f3tica N\u00ba1 em Portugal","description":"A melhor loja er\u00f3tica de Portugal.","alternateName":"Loja Er\u00f3tica Lovme","potentialAction":[{"@type":"SearchAction","target":{"@type":"EntryPoint","urlTemplate":"https:\/\/lovme.pt\/?s={search_term_string}"},"query-input":{"@type":"PropertyValueSpecification","valueRequired":true,"valueName":"search_term_string"}}],"inLanguage":"pt-PT"}]}},"_links":{"self":[{"href":"https:\/\/lovme.pt\/index.php\/wp-json\/wp\/v2\/product\/104015","targetHints":{"allow":["GET"]}}],"collection":[{"href":"https:\/\/lovme.pt\/index.php\/wp-json\/wp\/v2\/product"}],"about":[{"href":"https:\/\/lovme.pt\/index.php\/wp-json\/wp\/v2\/types\/product"}],"wp:featuredmedia":[{"embeddable":true,"href":"https:\/\/lovme.pt\/index.php\/wp-json\/wp\/v2\/media\/104016"}],"wp:attachment":[{"href":"https:\/\/lovme.pt\/index.php\/wp-json\/wp\/v2\/media?parent=104015"}],"wp:term":[{"taxonomy":"product_brand","embeddable":true,"href":"https:\/\/lovme.pt\/index.php\/wp-json\/wp\/v2\/product_brand?post=104015"},{"taxonomy":"product_cat","embeddable":true,"href":"https:\/\/lovme.pt\/index.php\/wp-json\/wp\/v2\/product_cat?post=104015"},{"taxonomy":"product_tag","embeddable":true,"href":"https:\/\/lovme.pt\/index.php\/wp-json\/wp\/v2\/product_tag?post=104015"}],"curies":[{"name":"wp","href":"https:\/\/api.w.org\/{rel}","templated":true}]}}