{"id":103537,"date":"2025-10-03T16:03:36","date_gmt":"2025-10-03T16:03:36","guid":{"rendered":"https:\/\/lovme.pt\/?post_type=product&p=103537"},"modified":"2026-02-19T20:01:43","modified_gmt":"2026-02-19T20:01:43","slug":"control-lubrificante-aquafeel-com-acido-hialuronico-80-ml","status":"publish","type":"product","link":"https:\/\/lovme.pt\/index.php\/produto\/control-lubrificante-aquafeel-com-acido-hialuronico-80-ml\/","title":{"rendered":"CONTROL &#8211; LUBRIFICANTE AQUAFEEL COM \u00c1CIDO HIALUR\u00d4NICO 80 ML"},"content":{"rendered":"<p>Fresco e natural, para uma experi\u00eancia \u00edntima confort\u00e1vel. Gel \u00edntimo AquaFeel com \u00e1cido hialur\u00f4nico. Sua f\u00f3rmula \u00e0 base de \u00e1gua, com 99% de ingredientes naturais, oferece uma textura transparente, suave e n\u00e3o oleosa que hidrata e proporciona uma sensa\u00e7\u00e3o \u00fanica de frescor. Desenvolvido para cuidar da sua pele e potencializar seus momentos de prazer com total seguran\u00e7a, \u00e9 compat\u00edvel com preservativos e minimiza o risco de irrita\u00e7\u00e3o.<\/p>\n<p><u><strong>CARACTER\u00cdSTICAS<\/strong><\/u> :<\/p>\n<ul>\n<li><strong data-end=\"302\" data-start=\"235\">Formato:<\/strong> 80 ml (tubo)<\/li>\n<li><strong data-end=\"302\" data-start=\"235\">Composi\u00e7\u00e3o:<\/strong> F\u00f3rmula \u00e0 base de \u00e1gua, 99% de ingredientes naturais, com \u00e1cido hialur\u00f4nico<\/li>\n<li><strong data-end=\"302\" data-start=\"235\">Efeito:<\/strong> Hidratante, lubrificante, reduz o atrito<\/li>\n<li><strong data-end=\"302\" data-start=\"235\">Textura:<\/strong> Transparente, suave e n\u00e3o oleosa<\/li>\n<li><strong data-end=\"302\" data-start=\"235\">Cor:<\/strong> Transparente<\/li>\n<li><strong data-end=\"302\" data-start=\"235\">Aroma\/Sabor:<\/strong> Neutro (sem perfume ou sabor adicionado)<\/li>\n<li><strong data-end=\"302\" data-start=\"235\">Caracter\u00edsticas:<\/strong> Compat\u00edvel com preservativos, minimiza o risco de alergia\/irrita\u00e7\u00e3o.<\/li>\n<\/ul>\n","protected":false},"excerpt":{"rendered":"<p>CONTROL &#8211; LUBRIFICANTE AQUAFEEL COM \u00c1CIDO HIALUR\u00d4NICO 80 ML<\/p>\n","protected":false},"featured_media":103538,"template":"","meta":{"_acf_changed":false},"product_brand":[],"product_cat":[49,53,88],"product_tag":[],"class_list":{"0":"post-103537","1":"product","2":"type-product","3":"status-publish","4":"has-post-thumbnail","6":"product_cat-cosmeticos","7":"product_cat-lubrificantes-intimos","8":"product_cat-novidades","9":"yith_product_brand-control","10":"yith_product_brand-controlcontrol-lubes","12":"first","13":"instock","14":"taxable","15":"shipping-taxable","16":"purchasable","17":"product-type-simple"},"acf":[],"yoast_head":"<!-- This site is optimized with the Yoast SEO plugin v27.4 - https:\/\/yoast.com\/product\/yoast-seo-wordpress\/ -->\n<title>CONTROL - LUBRIFICANTE AQUAFEEL COM \u00c1CIDO HIALUR\u00d4NICO 80 ML - Lovme<\/title>\n<meta name=\"robots\" content=\"index, follow, max-snippet:-1, max-image-preview:large, max-video-preview:-1\" \/>\n<link rel=\"canonical\" href=\"https:\/\/lovme.pt\/index.php\/produto\/control-lubrificante-aquafeel-com-acido-hialuronico-80-ml\/\" \/>\n<meta property=\"og:locale\" content=\"pt_PT\" \/>\n<meta property=\"og:type\" content=\"article\" \/>\n<meta property=\"og:title\" content=\"CONTROL - LUBRIFICANTE AQUAFEEL COM \u00c1CIDO HIALUR\u00d4NICO 80 ML - Lovme\" \/>\n<meta property=\"og:description\" content=\"CONTROL - LUBRIFICANTE AQUAFEEL COM \u00c1CIDO HIALUR\u00d4NICO 80 ML\" \/>\n<meta property=\"og:url\" content=\"https:\/\/lovme.pt\/index.php\/produto\/control-lubrificante-aquafeel-com-acido-hialuronico-80-ml\/\" \/>\n<meta property=\"og:site_name\" content=\"Lovme\" \/>\n<meta property=\"article:modified_time\" content=\"2026-02-19T20:01:43+00:00\" \/>\n<meta property=\"og:image\" content=\"https:\/\/erki24nd3ub.exactdn.com\/wp-content\/uploads\/dream\/img\/img_215668_673e24a878821214d36f9aea994a4133_1.jpg?strip=all\" \/>\n\t<meta property=\"og:image:width\" content=\"900\" \/>\n\t<meta property=\"og:image:height\" content=\"900\" \/>\n\t<meta property=\"og:image:type\" content=\"image\/jpeg\" \/>\n<meta name=\"twitter:card\" content=\"summary_large_image\" \/>\n<meta name=\"twitter:label1\" content=\"Tempo estimado de leitura\" \/>\n\t<meta name=\"twitter:data1\" content=\"1 minuto\" \/>\n<script type=\"application\/ld+json\" class=\"yoast-schema-graph\">{\"@context\":\"https:\\\/\\\/schema.org\",\"@graph\":[{\"@type\":\"WebPage\",\"@id\":\"https:\\\/\\\/lovme.pt\\\/index.php\\\/produto\\\/control-lubrificante-aquafeel-com-acido-hialuronico-80-ml\\\/\",\"url\":\"https:\\\/\\\/lovme.pt\\\/index.php\\\/produto\\\/control-lubrificante-aquafeel-com-acido-hialuronico-80-ml\\\/\",\"name\":\"CONTROL - LUBRIFICANTE AQUAFEEL COM \u00c1CIDO HIALUR\u00d4NICO 80 ML - Lovme\",\"isPartOf\":{\"@id\":\"https:\\\/\\\/lovme.pt\\\/#website\"},\"primaryImageOfPage\":{\"@id\":\"https:\\\/\\\/lovme.pt\\\/index.php\\\/produto\\\/control-lubrificante-aquafeel-com-acido-hialuronico-80-ml\\\/#primaryimage\"},\"image\":{\"@id\":\"https:\\\/\\\/lovme.pt\\\/index.php\\\/produto\\\/control-lubrificante-aquafeel-com-acido-hialuronico-80-ml\\\/#primaryimage\"},\"thumbnailUrl\":\"https:\\\/\\\/erki24nd3ub.exactdn.com\\\/wp-content\\\/uploads\\\/dream\\\/img\\\/img_215668_673e24a878821214d36f9aea994a4133_1.jpg?strip=all\",\"datePublished\":\"2025-10-03T16:03:36+00:00\",\"dateModified\":\"2026-02-19T20:01:43+00:00\",\"breadcrumb\":{\"@id\":\"https:\\\/\\\/lovme.pt\\\/index.php\\\/produto\\\/control-lubrificante-aquafeel-com-acido-hialuronico-80-ml\\\/#breadcrumb\"},\"inLanguage\":\"pt-PT\",\"potentialAction\":[{\"@type\":\"ReadAction\",\"target\":[\"https:\\\/\\\/lovme.pt\\\/index.php\\\/produto\\\/control-lubrificante-aquafeel-com-acido-hialuronico-80-ml\\\/\"]}]},{\"@type\":\"ImageObject\",\"inLanguage\":\"pt-PT\",\"@id\":\"https:\\\/\\\/lovme.pt\\\/index.php\\\/produto\\\/control-lubrificante-aquafeel-com-acido-hialuronico-80-ml\\\/#primaryimage\",\"url\":\"https:\\\/\\\/erki24nd3ub.exactdn.com\\\/wp-content\\\/uploads\\\/dream\\\/img\\\/img_215668_673e24a878821214d36f9aea994a4133_1.jpg?strip=all\",\"contentUrl\":\"https:\\\/\\\/erki24nd3ub.exactdn.com\\\/wp-content\\\/uploads\\\/dream\\\/img\\\/img_215668_673e24a878821214d36f9aea994a4133_1.jpg?strip=all\",\"width\":900,\"height\":900},{\"@type\":\"BreadcrumbList\",\"@id\":\"https:\\\/\\\/lovme.pt\\\/index.php\\\/produto\\\/control-lubrificante-aquafeel-com-acido-hialuronico-80-ml\\\/#breadcrumb\",\"itemListElement\":[{\"@type\":\"ListItem\",\"position\":1,\"name\":\"In\u00edcio\",\"item\":\"https:\\\/\\\/lovme.pt\\\/\"},{\"@type\":\"ListItem\",\"position\":2,\"name\":\"Loja\",\"item\":\"https:\\\/\\\/lovme.pt\\\/index.php\\\/loja\\\/\"},{\"@type\":\"ListItem\",\"position\":3,\"name\":\"CONTROL &#8211; LUBRIFICANTE AQUAFEEL COM \u00c1CIDO HIALUR\u00d4NICO 80 ML\"}]},{\"@type\":\"WebSite\",\"@id\":\"https:\\\/\\\/lovme.pt\\\/#website\",\"url\":\"https:\\\/\\\/lovme.pt\\\/\",\"name\":\"Lovme Loja Er\u00f3tica N\u00ba1 em Portugal\",\"description\":\"A melhor loja er\u00f3tica de Portugal.\",\"alternateName\":\"Loja Er\u00f3tica Lovme\",\"potentialAction\":[{\"@type\":\"SearchAction\",\"target\":{\"@type\":\"EntryPoint\",\"urlTemplate\":\"https:\\\/\\\/lovme.pt\\\/?s={search_term_string}\"},\"query-input\":{\"@type\":\"PropertyValueSpecification\",\"valueRequired\":true,\"valueName\":\"search_term_string\"}}],\"inLanguage\":\"pt-PT\"}]}<\/script>\n<!-- \/ Yoast SEO plugin. -->","yoast_head_json":{"title":"CONTROL - LUBRIFICANTE AQUAFEEL COM \u00c1CIDO HIALUR\u00d4NICO 80 ML - Lovme","robots":{"index":"index","follow":"follow","max-snippet":"max-snippet:-1","max-image-preview":"max-image-preview:large","max-video-preview":"max-video-preview:-1"},"canonical":"https:\/\/lovme.pt\/index.php\/produto\/control-lubrificante-aquafeel-com-acido-hialuronico-80-ml\/","og_locale":"pt_PT","og_type":"article","og_title":"CONTROL - LUBRIFICANTE AQUAFEEL COM \u00c1CIDO HIALUR\u00d4NICO 80 ML - Lovme","og_description":"CONTROL - LUBRIFICANTE AQUAFEEL COM \u00c1CIDO HIALUR\u00d4NICO 80 ML","og_url":"https:\/\/lovme.pt\/index.php\/produto\/control-lubrificante-aquafeel-com-acido-hialuronico-80-ml\/","og_site_name":"Lovme","article_modified_time":"2026-02-19T20:01:43+00:00","og_image":[{"width":900,"height":900,"url":"https:\/\/erki24nd3ub.exactdn.com\/wp-content\/uploads\/dream\/img\/img_215668_673e24a878821214d36f9aea994a4133_1.jpg?strip=all","type":"image\/jpeg"}],"twitter_card":"summary_large_image","twitter_misc":{"Tempo estimado de leitura":"1 minuto"},"schema":{"@context":"https:\/\/schema.org","@graph":[{"@type":"WebPage","@id":"https:\/\/lovme.pt\/index.php\/produto\/control-lubrificante-aquafeel-com-acido-hialuronico-80-ml\/","url":"https:\/\/lovme.pt\/index.php\/produto\/control-lubrificante-aquafeel-com-acido-hialuronico-80-ml\/","name":"CONTROL - LUBRIFICANTE AQUAFEEL COM \u00c1CIDO HIALUR\u00d4NICO 80 ML - Lovme","isPartOf":{"@id":"https:\/\/lovme.pt\/#website"},"primaryImageOfPage":{"@id":"https:\/\/lovme.pt\/index.php\/produto\/control-lubrificante-aquafeel-com-acido-hialuronico-80-ml\/#primaryimage"},"image":{"@id":"https:\/\/lovme.pt\/index.php\/produto\/control-lubrificante-aquafeel-com-acido-hialuronico-80-ml\/#primaryimage"},"thumbnailUrl":"https:\/\/erki24nd3ub.exactdn.com\/wp-content\/uploads\/dream\/img\/img_215668_673e24a878821214d36f9aea994a4133_1.jpg?strip=all","datePublished":"2025-10-03T16:03:36+00:00","dateModified":"2026-02-19T20:01:43+00:00","breadcrumb":{"@id":"https:\/\/lovme.pt\/index.php\/produto\/control-lubrificante-aquafeel-com-acido-hialuronico-80-ml\/#breadcrumb"},"inLanguage":"pt-PT","potentialAction":[{"@type":"ReadAction","target":["https:\/\/lovme.pt\/index.php\/produto\/control-lubrificante-aquafeel-com-acido-hialuronico-80-ml\/"]}]},{"@type":"ImageObject","inLanguage":"pt-PT","@id":"https:\/\/lovme.pt\/index.php\/produto\/control-lubrificante-aquafeel-com-acido-hialuronico-80-ml\/#primaryimage","url":"https:\/\/erki24nd3ub.exactdn.com\/wp-content\/uploads\/dream\/img\/img_215668_673e24a878821214d36f9aea994a4133_1.jpg?strip=all","contentUrl":"https:\/\/erki24nd3ub.exactdn.com\/wp-content\/uploads\/dream\/img\/img_215668_673e24a878821214d36f9aea994a4133_1.jpg?strip=all","width":900,"height":900},{"@type":"BreadcrumbList","@id":"https:\/\/lovme.pt\/index.php\/produto\/control-lubrificante-aquafeel-com-acido-hialuronico-80-ml\/#breadcrumb","itemListElement":[{"@type":"ListItem","position":1,"name":"In\u00edcio","item":"https:\/\/lovme.pt\/"},{"@type":"ListItem","position":2,"name":"Loja","item":"https:\/\/lovme.pt\/index.php\/loja\/"},{"@type":"ListItem","position":3,"name":"CONTROL &#8211; LUBRIFICANTE AQUAFEEL COM \u00c1CIDO HIALUR\u00d4NICO 80 ML"}]},{"@type":"WebSite","@id":"https:\/\/lovme.pt\/#website","url":"https:\/\/lovme.pt\/","name":"Lovme Loja Er\u00f3tica N\u00ba1 em Portugal","description":"A melhor loja er\u00f3tica de Portugal.","alternateName":"Loja Er\u00f3tica Lovme","potentialAction":[{"@type":"SearchAction","target":{"@type":"EntryPoint","urlTemplate":"https:\/\/lovme.pt\/?s={search_term_string}"},"query-input":{"@type":"PropertyValueSpecification","valueRequired":true,"valueName":"search_term_string"}}],"inLanguage":"pt-PT"}]}},"_links":{"self":[{"href":"https:\/\/lovme.pt\/index.php\/wp-json\/wp\/v2\/product\/103537","targetHints":{"allow":["GET"]}}],"collection":[{"href":"https:\/\/lovme.pt\/index.php\/wp-json\/wp\/v2\/product"}],"about":[{"href":"https:\/\/lovme.pt\/index.php\/wp-json\/wp\/v2\/types\/product"}],"wp:featuredmedia":[{"embeddable":true,"href":"https:\/\/lovme.pt\/index.php\/wp-json\/wp\/v2\/media\/103538"}],"wp:attachment":[{"href":"https:\/\/lovme.pt\/index.php\/wp-json\/wp\/v2\/media?parent=103537"}],"wp:term":[{"taxonomy":"product_brand","embeddable":true,"href":"https:\/\/lovme.pt\/index.php\/wp-json\/wp\/v2\/product_brand?post=103537"},{"taxonomy":"product_cat","embeddable":true,"href":"https:\/\/lovme.pt\/index.php\/wp-json\/wp\/v2\/product_cat?post=103537"},{"taxonomy":"product_tag","embeddable":true,"href":"https:\/\/lovme.pt\/index.php\/wp-json\/wp\/v2\/product_tag?post=103537"}],"curies":[{"name":"wp","href":"https:\/\/api.w.org\/{rel}","templated":true}]}}