{"id":102816,"date":"2025-10-01T03:19:49","date_gmt":"2025-10-01T03:19:49","guid":{"rendered":"https:\/\/lovme.pt\/?post_type=product&p=102816"},"modified":"2026-02-19T20:23:01","modified_gmt":"2026-02-19T20:23:01","slug":"armony-x-power-grande-massager-e-vibrador-7-vibracoes-preto","status":"publish","type":"product","link":"https:\/\/lovme.pt\/index.php\/produto\/armony-x-power-grande-massager-e-vibrador-7-vibracoes-preto\/","title":{"rendered":"ARMONY &#8211; X POWER GRANDE MASSAGER E VIBRADOR 7 VIBRA\u00c7\u00d5ES PRETO"},"content":{"rendered":"<p>Apresentando o <strong>massageador e vibrador Armony X Power Large<\/strong> , o companheiro definitivo para relaxamento indulgente e prazer sensual. Feito com os melhores materiais e tecnologia de ponta, este dispositivo elegante e moderno foi projetado para elevar suas experi\u00eancias \u00edntimas a novos patamares.<\/p>\n<p>Constru\u00eddo com silicone premium e materiais ABS, o massageador Armony apresenta uma sensa\u00e7\u00e3o luxuosa, garantindo durabilidade e seguran\u00e7a. Seu elegante tom violeta acrescenta um toque de sofistica\u00e7\u00e3o \u00e0 sua cole\u00e7\u00e3o de acess\u00f3rios \u00edntimos.<\/p>\n<p>No centro deste dispositivo requintado est\u00e1 a sua flexibilidade, tanto em design como em fun\u00e7\u00e3o. A cabe\u00e7a flex\u00edvel dobra-se e adapta-se aos contornos do seu corpo, permitindo uma estimula\u00e7\u00e3o precisa e uma massagem direcionada onde quiser. Quer procure um al\u00edvio reconfortante ap\u00f3s um longo dia ou explore novas sensa\u00e7\u00f5es, o massajador Armony adapta-se facilmente \u00e0s suas necessidades.<\/p>\n<p>Com sua constru\u00e7\u00e3o \u00e0 prova d\u2019\u00e1gua, o Massageador Armony convida voc\u00ea a explorar o prazer ilimitado. Leve as suas sess\u00f5es de relaxamento para a banheira ou duche e mergulhe em experi\u00eancias sensuais no abra\u00e7o reconfortante da \u00e1gua morna. Deixe suas preocupa\u00e7\u00f5es desaparecerem enquanto voc\u00ea mergulha em um mundo de sensa\u00e7\u00f5es prazerosas.<\/p>\n<p>Equipado com bateria recarreg\u00e1vel, o Massageador Armony garante prazer ininterrupto sempre que lhe apetecer. Diga adeus \u00e0s baterias descart\u00e1veis e ol\u00e1 ao prazer sustent\u00e1vel com a conveni\u00eancia do carregamento USB. Basta conectar o cabo USB inclu\u00eddo para ligar seu dispositivo e voc\u00ea estar\u00e1 pronto para embarcar em uma jornada de explora\u00e7\u00e3o sensual.<\/p>\n<p>Com 7 padr\u00f5es de vibra\u00e7\u00e3o fortes para escolher, o massageador Armony oferece uma ampla gama de sensa\u00e7\u00f5es para se adequar ao seu humor e prefer\u00eancias.<\/p>\n<p>Delicie-se com a melhor combina\u00e7\u00e3o de relaxamento e prazer com o massageador e vibrador grande Armony X Power. Impecavelmente fabricado, infinitamente vers\u00e1til e com um design requintado, este dispositivo estabelece o padr\u00e3o para o deleite \u00edntimo. Descubra hoje um mundo de del\u00edcias sensuais e eleve suas experi\u00eancias \u00edntimas com o massageador Armony.<\/p>\n<p>\u00a0<\/p>\n<p><strong>ARM\u00d4NIO<\/strong><br \/>Bem-vindo ao <strong>ARMONY<\/strong> , onde prazer e qualidade se fundem para criar uma experi\u00eancia \u00fanica no mundo dos brinquedos er\u00f3ticos. A nossa marca \u00e9 especializada no fabrico de vibradores e brinquedos de alta qualidade para homens e mulheres, meticulosamente concebidos para aumentar o prazer e a intimidade. De vibradores sofisticados a estimuladores sensuais, cada produto <strong>ARMONY<\/strong> \u00e9 projetado com aten\u00e7\u00e3o aos detalhes e com o compromisso de proporcionar uma experi\u00eancia de satisfa\u00e7\u00e3o incompar\u00e1vel. Orgulhamo-nos de oferecer uma gama diversificada de produtos que v\u00e3o do cl\u00e1ssico ao inovador, sempre com foco na qualidade, na seguran\u00e7a e na explora\u00e7\u00e3o do prazer. Descubra um mundo de sensa\u00e7\u00f5es er\u00f3ticas com <strong>ARMONY<\/strong> , onde o prazer se torna uma forma de arte.<\/p>\n","protected":false},"excerpt":{"rendered":"<p>ARMONY &#8211; X POWER GRANDE MASSAGER E VIBRADOR 7 VIBRA\u00c7\u00d5ES PRETO<\/p>\n","protected":false},"featured_media":102817,"template":"","meta":{"_acf_changed":false},"product_brand":[],"product_cat":[17,76],"product_tag":[],"class_list":{"0":"post-102816","1":"product","2":"type-product","3":"status-publish","4":"has-post-thumbnail","6":"product_cat-brinquedos-de-bem-estar-sexual","7":"product_cat-vibradores","8":"yith_product_brand-armony","9":"yith_product_brand-armonyarmony-massagers","11":"first","12":"instock","13":"taxable","14":"shipping-taxable","15":"purchasable","16":"product-type-simple"},"acf":[],"yoast_head":"<!-- This site is optimized with the Yoast SEO plugin v27.4 - https:\/\/yoast.com\/product\/yoast-seo-wordpress\/ -->\n<title>ARMONY - X POWER GRANDE MASSAGER E VIBRADOR 7 VIBRA\u00c7\u00d5ES PRETO - Lovme<\/title>\n<meta name=\"robots\" content=\"index, follow, max-snippet:-1, max-image-preview:large, max-video-preview:-1\" \/>\n<link rel=\"canonical\" href=\"https:\/\/lovme.pt\/index.php\/produto\/armony-x-power-grande-massager-e-vibrador-7-vibracoes-preto\/\" \/>\n<meta property=\"og:locale\" content=\"pt_PT\" \/>\n<meta property=\"og:type\" content=\"article\" \/>\n<meta property=\"og:title\" content=\"ARMONY - X POWER GRANDE MASSAGER E VIBRADOR 7 VIBRA\u00c7\u00d5ES PRETO - Lovme\" \/>\n<meta property=\"og:description\" content=\"ARMONY - X POWER GRANDE MASSAGER E VIBRADOR 7 VIBRA\u00c7\u00d5ES PRETO\" \/>\n<meta property=\"og:url\" content=\"https:\/\/lovme.pt\/index.php\/produto\/armony-x-power-grande-massager-e-vibrador-7-vibracoes-preto\/\" \/>\n<meta property=\"og:site_name\" content=\"Lovme\" \/>\n<meta property=\"article:modified_time\" content=\"2026-02-19T20:23:01+00:00\" \/>\n<meta property=\"og:image\" content=\"https:\/\/erki24nd3ub.exactdn.com\/wp-content\/uploads\/dream\/img\/img_182868_11d1469f0f612a8b28430d994463576a_1.jpg?strip=all\" \/>\n\t<meta property=\"og:image:width\" content=\"800\" \/>\n\t<meta property=\"og:image:height\" content=\"800\" \/>\n\t<meta property=\"og:image:type\" content=\"image\/jpeg\" \/>\n<meta name=\"twitter:card\" content=\"summary_large_image\" \/>\n<meta name=\"twitter:label1\" content=\"Tempo estimado de leitura\" \/>\n\t<meta name=\"twitter:data1\" content=\"2 minutos\" \/>\n<script type=\"application\/ld+json\" class=\"yoast-schema-graph\">{\"@context\":\"https:\\\/\\\/schema.org\",\"@graph\":[{\"@type\":\"WebPage\",\"@id\":\"https:\\\/\\\/lovme.pt\\\/index.php\\\/produto\\\/armony-x-power-grande-massager-e-vibrador-7-vibracoes-preto\\\/\",\"url\":\"https:\\\/\\\/lovme.pt\\\/index.php\\\/produto\\\/armony-x-power-grande-massager-e-vibrador-7-vibracoes-preto\\\/\",\"name\":\"ARMONY - X POWER GRANDE MASSAGER E VIBRADOR 7 VIBRA\u00c7\u00d5ES PRETO - Lovme\",\"isPartOf\":{\"@id\":\"https:\\\/\\\/lovme.pt\\\/#website\"},\"primaryImageOfPage\":{\"@id\":\"https:\\\/\\\/lovme.pt\\\/index.php\\\/produto\\\/armony-x-power-grande-massager-e-vibrador-7-vibracoes-preto\\\/#primaryimage\"},\"image\":{\"@id\":\"https:\\\/\\\/lovme.pt\\\/index.php\\\/produto\\\/armony-x-power-grande-massager-e-vibrador-7-vibracoes-preto\\\/#primaryimage\"},\"thumbnailUrl\":\"https:\\\/\\\/erki24nd3ub.exactdn.com\\\/wp-content\\\/uploads\\\/dream\\\/img\\\/img_182868_11d1469f0f612a8b28430d994463576a_1.jpg?strip=all\",\"datePublished\":\"2025-10-01T03:19:49+00:00\",\"dateModified\":\"2026-02-19T20:23:01+00:00\",\"breadcrumb\":{\"@id\":\"https:\\\/\\\/lovme.pt\\\/index.php\\\/produto\\\/armony-x-power-grande-massager-e-vibrador-7-vibracoes-preto\\\/#breadcrumb\"},\"inLanguage\":\"pt-PT\",\"potentialAction\":[{\"@type\":\"ReadAction\",\"target\":[\"https:\\\/\\\/lovme.pt\\\/index.php\\\/produto\\\/armony-x-power-grande-massager-e-vibrador-7-vibracoes-preto\\\/\"]}]},{\"@type\":\"ImageObject\",\"inLanguage\":\"pt-PT\",\"@id\":\"https:\\\/\\\/lovme.pt\\\/index.php\\\/produto\\\/armony-x-power-grande-massager-e-vibrador-7-vibracoes-preto\\\/#primaryimage\",\"url\":\"https:\\\/\\\/erki24nd3ub.exactdn.com\\\/wp-content\\\/uploads\\\/dream\\\/img\\\/img_182868_11d1469f0f612a8b28430d994463576a_1.jpg?strip=all\",\"contentUrl\":\"https:\\\/\\\/erki24nd3ub.exactdn.com\\\/wp-content\\\/uploads\\\/dream\\\/img\\\/img_182868_11d1469f0f612a8b28430d994463576a_1.jpg?strip=all\",\"width\":800,\"height\":800},{\"@type\":\"BreadcrumbList\",\"@id\":\"https:\\\/\\\/lovme.pt\\\/index.php\\\/produto\\\/armony-x-power-grande-massager-e-vibrador-7-vibracoes-preto\\\/#breadcrumb\",\"itemListElement\":[{\"@type\":\"ListItem\",\"position\":1,\"name\":\"In\u00edcio\",\"item\":\"https:\\\/\\\/lovme.pt\\\/\"},{\"@type\":\"ListItem\",\"position\":2,\"name\":\"Loja\",\"item\":\"https:\\\/\\\/lovme.pt\\\/index.php\\\/loja\\\/\"},{\"@type\":\"ListItem\",\"position\":3,\"name\":\"ARMONY &#8211; X POWER GRANDE MASSAGER E VIBRADOR 7 VIBRA\u00c7\u00d5ES PRETO\"}]},{\"@type\":\"WebSite\",\"@id\":\"https:\\\/\\\/lovme.pt\\\/#website\",\"url\":\"https:\\\/\\\/lovme.pt\\\/\",\"name\":\"Lovme Loja Er\u00f3tica N\u00ba1 em Portugal\",\"description\":\"A melhor loja er\u00f3tica de Portugal.\",\"alternateName\":\"Loja Er\u00f3tica Lovme\",\"potentialAction\":[{\"@type\":\"SearchAction\",\"target\":{\"@type\":\"EntryPoint\",\"urlTemplate\":\"https:\\\/\\\/lovme.pt\\\/?s={search_term_string}\"},\"query-input\":{\"@type\":\"PropertyValueSpecification\",\"valueRequired\":true,\"valueName\":\"search_term_string\"}}],\"inLanguage\":\"pt-PT\"}]}<\/script>\n<!-- \/ Yoast SEO plugin. -->","yoast_head_json":{"title":"ARMONY - X POWER GRANDE MASSAGER E VIBRADOR 7 VIBRA\u00c7\u00d5ES PRETO - Lovme","robots":{"index":"index","follow":"follow","max-snippet":"max-snippet:-1","max-image-preview":"max-image-preview:large","max-video-preview":"max-video-preview:-1"},"canonical":"https:\/\/lovme.pt\/index.php\/produto\/armony-x-power-grande-massager-e-vibrador-7-vibracoes-preto\/","og_locale":"pt_PT","og_type":"article","og_title":"ARMONY - X POWER GRANDE MASSAGER E VIBRADOR 7 VIBRA\u00c7\u00d5ES PRETO - Lovme","og_description":"ARMONY - X POWER GRANDE MASSAGER E VIBRADOR 7 VIBRA\u00c7\u00d5ES PRETO","og_url":"https:\/\/lovme.pt\/index.php\/produto\/armony-x-power-grande-massager-e-vibrador-7-vibracoes-preto\/","og_site_name":"Lovme","article_modified_time":"2026-02-19T20:23:01+00:00","og_image":[{"width":800,"height":800,"url":"https:\/\/erki24nd3ub.exactdn.com\/wp-content\/uploads\/dream\/img\/img_182868_11d1469f0f612a8b28430d994463576a_1.jpg?strip=all","type":"image\/jpeg"}],"twitter_card":"summary_large_image","twitter_misc":{"Tempo estimado de leitura":"2 minutos"},"schema":{"@context":"https:\/\/schema.org","@graph":[{"@type":"WebPage","@id":"https:\/\/lovme.pt\/index.php\/produto\/armony-x-power-grande-massager-e-vibrador-7-vibracoes-preto\/","url":"https:\/\/lovme.pt\/index.php\/produto\/armony-x-power-grande-massager-e-vibrador-7-vibracoes-preto\/","name":"ARMONY - X POWER GRANDE MASSAGER E VIBRADOR 7 VIBRA\u00c7\u00d5ES PRETO - Lovme","isPartOf":{"@id":"https:\/\/lovme.pt\/#website"},"primaryImageOfPage":{"@id":"https:\/\/lovme.pt\/index.php\/produto\/armony-x-power-grande-massager-e-vibrador-7-vibracoes-preto\/#primaryimage"},"image":{"@id":"https:\/\/lovme.pt\/index.php\/produto\/armony-x-power-grande-massager-e-vibrador-7-vibracoes-preto\/#primaryimage"},"thumbnailUrl":"https:\/\/erki24nd3ub.exactdn.com\/wp-content\/uploads\/dream\/img\/img_182868_11d1469f0f612a8b28430d994463576a_1.jpg?strip=all","datePublished":"2025-10-01T03:19:49+00:00","dateModified":"2026-02-19T20:23:01+00:00","breadcrumb":{"@id":"https:\/\/lovme.pt\/index.php\/produto\/armony-x-power-grande-massager-e-vibrador-7-vibracoes-preto\/#breadcrumb"},"inLanguage":"pt-PT","potentialAction":[{"@type":"ReadAction","target":["https:\/\/lovme.pt\/index.php\/produto\/armony-x-power-grande-massager-e-vibrador-7-vibracoes-preto\/"]}]},{"@type":"ImageObject","inLanguage":"pt-PT","@id":"https:\/\/lovme.pt\/index.php\/produto\/armony-x-power-grande-massager-e-vibrador-7-vibracoes-preto\/#primaryimage","url":"https:\/\/erki24nd3ub.exactdn.com\/wp-content\/uploads\/dream\/img\/img_182868_11d1469f0f612a8b28430d994463576a_1.jpg?strip=all","contentUrl":"https:\/\/erki24nd3ub.exactdn.com\/wp-content\/uploads\/dream\/img\/img_182868_11d1469f0f612a8b28430d994463576a_1.jpg?strip=all","width":800,"height":800},{"@type":"BreadcrumbList","@id":"https:\/\/lovme.pt\/index.php\/produto\/armony-x-power-grande-massager-e-vibrador-7-vibracoes-preto\/#breadcrumb","itemListElement":[{"@type":"ListItem","position":1,"name":"In\u00edcio","item":"https:\/\/lovme.pt\/"},{"@type":"ListItem","position":2,"name":"Loja","item":"https:\/\/lovme.pt\/index.php\/loja\/"},{"@type":"ListItem","position":3,"name":"ARMONY &#8211; X POWER GRANDE MASSAGER E VIBRADOR 7 VIBRA\u00c7\u00d5ES PRETO"}]},{"@type":"WebSite","@id":"https:\/\/lovme.pt\/#website","url":"https:\/\/lovme.pt\/","name":"Lovme Loja Er\u00f3tica N\u00ba1 em Portugal","description":"A melhor loja er\u00f3tica de Portugal.","alternateName":"Loja Er\u00f3tica Lovme","potentialAction":[{"@type":"SearchAction","target":{"@type":"EntryPoint","urlTemplate":"https:\/\/lovme.pt\/?s={search_term_string}"},"query-input":{"@type":"PropertyValueSpecification","valueRequired":true,"valueName":"search_term_string"}}],"inLanguage":"pt-PT"}]}},"_links":{"self":[{"href":"https:\/\/lovme.pt\/index.php\/wp-json\/wp\/v2\/product\/102816","targetHints":{"allow":["GET"]}}],"collection":[{"href":"https:\/\/lovme.pt\/index.php\/wp-json\/wp\/v2\/product"}],"about":[{"href":"https:\/\/lovme.pt\/index.php\/wp-json\/wp\/v2\/types\/product"}],"wp:featuredmedia":[{"embeddable":true,"href":"https:\/\/lovme.pt\/index.php\/wp-json\/wp\/v2\/media\/102817"}],"wp:attachment":[{"href":"https:\/\/lovme.pt\/index.php\/wp-json\/wp\/v2\/media?parent=102816"}],"wp:term":[{"taxonomy":"product_brand","embeddable":true,"href":"https:\/\/lovme.pt\/index.php\/wp-json\/wp\/v2\/product_brand?post=102816"},{"taxonomy":"product_cat","embeddable":true,"href":"https:\/\/lovme.pt\/index.php\/wp-json\/wp\/v2\/product_cat?post=102816"},{"taxonomy":"product_tag","embeddable":true,"href":"https:\/\/lovme.pt\/index.php\/wp-json\/wp\/v2\/product_tag?post=102816"}],"curies":[{"name":"wp","href":"https:\/\/api.w.org\/{rel}","templated":true}]}}