{"id":101770,"date":"2025-10-01T03:08:30","date_gmt":"2025-10-01T03:08:30","guid":{"rendered":"https:\/\/lovme.pt\/?post_type=product&p=101770"},"modified":"2026-02-19T20:22:26","modified_gmt":"2026-02-19T20:22:26","slug":"mob-dngeon-pink-chain-harness-tamanho-unico-y","status":"publish","type":"product","link":"https:\/\/lovme.pt\/index.php\/produto\/mob-dngeon-pink-chain-harness-tamanho-unico-y\/","title":{"rendered":"MOB &#8211; DNGEON PINK CHAIN HARNESS TAMANHO \u00daNICO Y"},"content":{"rendered":"<p>Entre na eleg\u00e2ncia ousada com o Arn\u00eas de Corrente Cruzada DNGEON \u2014 uma fus\u00e3o marcante de estilo, sensualidade e artesanato \u00e9tico. Feito \u00e0 m\u00e3o na Col\u00f4mbia por artes\u00e3s habilidosas, este arn\u00eas n\u00e3o s\u00f3 eleva o seu visual, como tamb\u00e9m apoia comunidades onde as mulheres s\u00e3o as principais provedoras. Com seu acabamento elegante em couro sint\u00e9tico e atraentes detalhes em argolas de metal, este arn\u00eas combina charme e funcionalidade, oferecendo um ajuste firme sem abrir m\u00e3o do conforto.<\/p>\n<p> Projetado com inspira\u00e7\u00e3o global \u2014 do calor sul-americano \u00e0 modernidade canadense \u2014, \u00e9 uma pe\u00e7a verdadeiramente marcante para quem usa com confian\u00e7a e consci\u00eancia. Produzido com fontes de energia renov\u00e1veis, ele tamb\u00e9m reflete um compromisso com o meio ambiente. Dispon\u00edvel em cores novas e vibrantes, este arn\u00eas convida voc\u00ea a renovar seu guarda-roupa, ao mesmo tempo em que abra\u00e7a a sofistica\u00e7\u00e3o l\u00fadica e o estilo sustent\u00e1vel.<\/p>\n<p> <u><strong>Material<\/strong><\/u><\/p>\n<ul>\n<li> Couro PU  Metal<\/li>\n<\/ul>\n<p> <u><strong>Sobre a marca<\/strong><\/u><\/p>\n<p> A MaleBasics foi fundada em 2003 a partir da necessidade de oferecer aos homens a marca perfeita para qualquer tipo de roupa \u00edntima que eles prefiram. De roupas esportivas a tangas, cuecas sensuais e trajes de banho; todas as op\u00e7\u00f5es que um homem poderia desejar. N\u00e3o s\u00e3o apenas as mulheres que querem ficar bem em suas roupas \u00edntimas. A MaleBasics entende que os homens querem parecer sensuais e confiantes em suas roupas \u00edntimas. Ao oferecer uma sele\u00e7\u00e3o s\u00f3lida, a marca garante que eles podem fazer exatamente isso. De cuecas boxer confort\u00e1veis a tangas ou tangas justas, os homens t\u00eam uma variedade de op\u00e7\u00f5es para se vestir em qualquer ocasi\u00e3o.<\/p>\n","protected":false},"excerpt":{"rendered":"<p>MOB &#8211; DNGEON PINK CHAIN HARNESS TAMANHO \u00daNICO Y<\/p>\n","protected":false},"featured_media":101771,"template":"","meta":{"_acf_changed":false},"product_brand":[],"product_cat":[47,67],"product_tag":[],"class_list":{"0":"post-101770","1":"product","2":"type-product","3":"status-publish","4":"has-post-thumbnail","6":"product_cat-lingerie","7":"product_cat-lingerie-masculina","8":"yith_product_brand-mob","10":"first","11":"instock","12":"taxable","13":"shipping-taxable","14":"purchasable","15":"product-type-simple"},"acf":[],"yoast_head":"<!-- This site is optimized with the Yoast SEO plugin v27.4 - https:\/\/yoast.com\/product\/yoast-seo-wordpress\/ -->\n<title>MOB - DNGEON PINK CHAIN HARNESS TAMANHO \u00daNICO Y - Lovme<\/title>\n<meta name=\"robots\" content=\"index, follow, max-snippet:-1, max-image-preview:large, max-video-preview:-1\" \/>\n<link rel=\"canonical\" href=\"https:\/\/lovme.pt\/index.php\/produto\/mob-dngeon-pink-chain-harness-tamanho-unico-y\/\" \/>\n<meta property=\"og:locale\" content=\"pt_PT\" \/>\n<meta property=\"og:type\" content=\"article\" \/>\n<meta property=\"og:title\" content=\"MOB - DNGEON PINK CHAIN HARNESS TAMANHO \u00daNICO Y - Lovme\" \/>\n<meta property=\"og:description\" content=\"MOB - DNGEON PINK CHAIN HARNESS TAMANHO \u00daNICO Y\" \/>\n<meta property=\"og:url\" content=\"https:\/\/lovme.pt\/index.php\/produto\/mob-dngeon-pink-chain-harness-tamanho-unico-y\/\" \/>\n<meta property=\"og:site_name\" content=\"Lovme\" \/>\n<meta property=\"article:modified_time\" content=\"2026-02-19T20:22:26+00:00\" \/>\n<meta property=\"og:image\" content=\"https:\/\/erki24nd3ub.exactdn.com\/wp-content\/uploads\/dream\/img\/img_206620_de0d1b84c32152bf2ef3440b0fdf003f_1.jpg?strip=all\" \/>\n\t<meta property=\"og:image:width\" content=\"900\" \/>\n\t<meta property=\"og:image:height\" content=\"900\" \/>\n\t<meta property=\"og:image:type\" content=\"image\/jpeg\" \/>\n<meta name=\"twitter:card\" content=\"summary_large_image\" \/>\n<meta name=\"twitter:label1\" content=\"Tempo estimado de leitura\" \/>\n\t<meta name=\"twitter:data1\" content=\"1 minuto\" \/>\n<script type=\"application\/ld+json\" class=\"yoast-schema-graph\">{\"@context\":\"https:\\\/\\\/schema.org\",\"@graph\":[{\"@type\":\"WebPage\",\"@id\":\"https:\\\/\\\/lovme.pt\\\/index.php\\\/produto\\\/mob-dngeon-pink-chain-harness-tamanho-unico-y\\\/\",\"url\":\"https:\\\/\\\/lovme.pt\\\/index.php\\\/produto\\\/mob-dngeon-pink-chain-harness-tamanho-unico-y\\\/\",\"name\":\"MOB - DNGEON PINK CHAIN HARNESS TAMANHO \u00daNICO Y - Lovme\",\"isPartOf\":{\"@id\":\"https:\\\/\\\/lovme.pt\\\/#website\"},\"primaryImageOfPage\":{\"@id\":\"https:\\\/\\\/lovme.pt\\\/index.php\\\/produto\\\/mob-dngeon-pink-chain-harness-tamanho-unico-y\\\/#primaryimage\"},\"image\":{\"@id\":\"https:\\\/\\\/lovme.pt\\\/index.php\\\/produto\\\/mob-dngeon-pink-chain-harness-tamanho-unico-y\\\/#primaryimage\"},\"thumbnailUrl\":\"https:\\\/\\\/erki24nd3ub.exactdn.com\\\/wp-content\\\/uploads\\\/dream\\\/img\\\/img_206620_de0d1b84c32152bf2ef3440b0fdf003f_1.jpg?strip=all\",\"datePublished\":\"2025-10-01T03:08:30+00:00\",\"dateModified\":\"2026-02-19T20:22:26+00:00\",\"breadcrumb\":{\"@id\":\"https:\\\/\\\/lovme.pt\\\/index.php\\\/produto\\\/mob-dngeon-pink-chain-harness-tamanho-unico-y\\\/#breadcrumb\"},\"inLanguage\":\"pt-PT\",\"potentialAction\":[{\"@type\":\"ReadAction\",\"target\":[\"https:\\\/\\\/lovme.pt\\\/index.php\\\/produto\\\/mob-dngeon-pink-chain-harness-tamanho-unico-y\\\/\"]}]},{\"@type\":\"ImageObject\",\"inLanguage\":\"pt-PT\",\"@id\":\"https:\\\/\\\/lovme.pt\\\/index.php\\\/produto\\\/mob-dngeon-pink-chain-harness-tamanho-unico-y\\\/#primaryimage\",\"url\":\"https:\\\/\\\/erki24nd3ub.exactdn.com\\\/wp-content\\\/uploads\\\/dream\\\/img\\\/img_206620_de0d1b84c32152bf2ef3440b0fdf003f_1.jpg?strip=all\",\"contentUrl\":\"https:\\\/\\\/erki24nd3ub.exactdn.com\\\/wp-content\\\/uploads\\\/dream\\\/img\\\/img_206620_de0d1b84c32152bf2ef3440b0fdf003f_1.jpg?strip=all\",\"width\":900,\"height\":900},{\"@type\":\"BreadcrumbList\",\"@id\":\"https:\\\/\\\/lovme.pt\\\/index.php\\\/produto\\\/mob-dngeon-pink-chain-harness-tamanho-unico-y\\\/#breadcrumb\",\"itemListElement\":[{\"@type\":\"ListItem\",\"position\":1,\"name\":\"In\u00edcio\",\"item\":\"https:\\\/\\\/lovme.pt\\\/\"},{\"@type\":\"ListItem\",\"position\":2,\"name\":\"Loja\",\"item\":\"https:\\\/\\\/lovme.pt\\\/index.php\\\/loja\\\/\"},{\"@type\":\"ListItem\",\"position\":3,\"name\":\"MOB &#8211; DNGEON PINK CHAIN HARNESS TAMANHO \u00daNICO Y\"}]},{\"@type\":\"WebSite\",\"@id\":\"https:\\\/\\\/lovme.pt\\\/#website\",\"url\":\"https:\\\/\\\/lovme.pt\\\/\",\"name\":\"Lovme Loja Er\u00f3tica N\u00ba1 em Portugal\",\"description\":\"A melhor loja er\u00f3tica de Portugal.\",\"alternateName\":\"Loja Er\u00f3tica Lovme\",\"potentialAction\":[{\"@type\":\"SearchAction\",\"target\":{\"@type\":\"EntryPoint\",\"urlTemplate\":\"https:\\\/\\\/lovme.pt\\\/?s={search_term_string}\"},\"query-input\":{\"@type\":\"PropertyValueSpecification\",\"valueRequired\":true,\"valueName\":\"search_term_string\"}}],\"inLanguage\":\"pt-PT\"}]}<\/script>\n<!-- \/ Yoast SEO plugin. -->","yoast_head_json":{"title":"MOB - DNGEON PINK CHAIN HARNESS TAMANHO \u00daNICO Y - Lovme","robots":{"index":"index","follow":"follow","max-snippet":"max-snippet:-1","max-image-preview":"max-image-preview:large","max-video-preview":"max-video-preview:-1"},"canonical":"https:\/\/lovme.pt\/index.php\/produto\/mob-dngeon-pink-chain-harness-tamanho-unico-y\/","og_locale":"pt_PT","og_type":"article","og_title":"MOB - DNGEON PINK CHAIN HARNESS TAMANHO \u00daNICO Y - Lovme","og_description":"MOB - DNGEON PINK CHAIN HARNESS TAMANHO \u00daNICO Y","og_url":"https:\/\/lovme.pt\/index.php\/produto\/mob-dngeon-pink-chain-harness-tamanho-unico-y\/","og_site_name":"Lovme","article_modified_time":"2026-02-19T20:22:26+00:00","og_image":[{"width":900,"height":900,"url":"https:\/\/erki24nd3ub.exactdn.com\/wp-content\/uploads\/dream\/img\/img_206620_de0d1b84c32152bf2ef3440b0fdf003f_1.jpg?strip=all","type":"image\/jpeg"}],"twitter_card":"summary_large_image","twitter_misc":{"Tempo estimado de leitura":"1 minuto"},"schema":{"@context":"https:\/\/schema.org","@graph":[{"@type":"WebPage","@id":"https:\/\/lovme.pt\/index.php\/produto\/mob-dngeon-pink-chain-harness-tamanho-unico-y\/","url":"https:\/\/lovme.pt\/index.php\/produto\/mob-dngeon-pink-chain-harness-tamanho-unico-y\/","name":"MOB - DNGEON PINK CHAIN HARNESS TAMANHO \u00daNICO Y - Lovme","isPartOf":{"@id":"https:\/\/lovme.pt\/#website"},"primaryImageOfPage":{"@id":"https:\/\/lovme.pt\/index.php\/produto\/mob-dngeon-pink-chain-harness-tamanho-unico-y\/#primaryimage"},"image":{"@id":"https:\/\/lovme.pt\/index.php\/produto\/mob-dngeon-pink-chain-harness-tamanho-unico-y\/#primaryimage"},"thumbnailUrl":"https:\/\/erki24nd3ub.exactdn.com\/wp-content\/uploads\/dream\/img\/img_206620_de0d1b84c32152bf2ef3440b0fdf003f_1.jpg?strip=all","datePublished":"2025-10-01T03:08:30+00:00","dateModified":"2026-02-19T20:22:26+00:00","breadcrumb":{"@id":"https:\/\/lovme.pt\/index.php\/produto\/mob-dngeon-pink-chain-harness-tamanho-unico-y\/#breadcrumb"},"inLanguage":"pt-PT","potentialAction":[{"@type":"ReadAction","target":["https:\/\/lovme.pt\/index.php\/produto\/mob-dngeon-pink-chain-harness-tamanho-unico-y\/"]}]},{"@type":"ImageObject","inLanguage":"pt-PT","@id":"https:\/\/lovme.pt\/index.php\/produto\/mob-dngeon-pink-chain-harness-tamanho-unico-y\/#primaryimage","url":"https:\/\/erki24nd3ub.exactdn.com\/wp-content\/uploads\/dream\/img\/img_206620_de0d1b84c32152bf2ef3440b0fdf003f_1.jpg?strip=all","contentUrl":"https:\/\/erki24nd3ub.exactdn.com\/wp-content\/uploads\/dream\/img\/img_206620_de0d1b84c32152bf2ef3440b0fdf003f_1.jpg?strip=all","width":900,"height":900},{"@type":"BreadcrumbList","@id":"https:\/\/lovme.pt\/index.php\/produto\/mob-dngeon-pink-chain-harness-tamanho-unico-y\/#breadcrumb","itemListElement":[{"@type":"ListItem","position":1,"name":"In\u00edcio","item":"https:\/\/lovme.pt\/"},{"@type":"ListItem","position":2,"name":"Loja","item":"https:\/\/lovme.pt\/index.php\/loja\/"},{"@type":"ListItem","position":3,"name":"MOB &#8211; DNGEON PINK CHAIN HARNESS TAMANHO \u00daNICO Y"}]},{"@type":"WebSite","@id":"https:\/\/lovme.pt\/#website","url":"https:\/\/lovme.pt\/","name":"Lovme Loja Er\u00f3tica N\u00ba1 em Portugal","description":"A melhor loja er\u00f3tica de Portugal.","alternateName":"Loja Er\u00f3tica Lovme","potentialAction":[{"@type":"SearchAction","target":{"@type":"EntryPoint","urlTemplate":"https:\/\/lovme.pt\/?s={search_term_string}"},"query-input":{"@type":"PropertyValueSpecification","valueRequired":true,"valueName":"search_term_string"}}],"inLanguage":"pt-PT"}]}},"_links":{"self":[{"href":"https:\/\/lovme.pt\/index.php\/wp-json\/wp\/v2\/product\/101770","targetHints":{"allow":["GET"]}}],"collection":[{"href":"https:\/\/lovme.pt\/index.php\/wp-json\/wp\/v2\/product"}],"about":[{"href":"https:\/\/lovme.pt\/index.php\/wp-json\/wp\/v2\/types\/product"}],"wp:featuredmedia":[{"embeddable":true,"href":"https:\/\/lovme.pt\/index.php\/wp-json\/wp\/v2\/media\/101771"}],"wp:attachment":[{"href":"https:\/\/lovme.pt\/index.php\/wp-json\/wp\/v2\/media?parent=101770"}],"wp:term":[{"taxonomy":"product_brand","embeddable":true,"href":"https:\/\/lovme.pt\/index.php\/wp-json\/wp\/v2\/product_brand?post=101770"},{"taxonomy":"product_cat","embeddable":true,"href":"https:\/\/lovme.pt\/index.php\/wp-json\/wp\/v2\/product_cat?post=101770"},{"taxonomy":"product_tag","embeddable":true,"href":"https:\/\/lovme.pt\/index.php\/wp-json\/wp\/v2\/product_tag?post=101770"}],"curies":[{"name":"wp","href":"https:\/\/api.w.org\/{rel}","templated":true}]}}