{"id":10165,"date":"2025-09-30T20:10:46","date_gmt":"2025-09-30T20:10:46","guid":{"rendered":"https:\/\/lovme.pt\/?post_type=product&#038;p=10165"},"modified":"2026-04-14T12:37:57","modified_gmt":"2026-04-14T12:37:57","slug":"fantasy-x-tensions-cabine-de-alimentacao-de-silicone-extremo","status":"publish","type":"product","link":"https:\/\/lovme.pt\/index.php\/produto\/fantasy-x-tensions-cabine-de-alimentacao-de-silicone-extremo\/","title":{"rendered":"FANTASY X- TENSIONS &#8211; CABINE DE ALIMENTA\u00c7\u00c3O DE SILICONE EXTREMO"},"content":{"rendered":"<p>Transforme seu p&ecirc;nis em uma m&aacute;quina de prazer instant&acirc;neo com as incr&iacute;veis tens&otilde;es Fantasy X. Agora voc&ecirc; pode ser todo o homem que pode ser e satisfazer sua parceira com este potenciador de ere&ccedil;&atilde;o f&aacute;cil de usar. Desenvolvido como uma alternativa n&atilde;o cir&uacute;rgica segura, acess&iacute;vel e para procedimentos m&eacute;dicos caros e p&iacute;lulas, sua tens&atilde;o Fantasy X lhe dar&aacute; a maior, mais espessa e mais satisfat&oacute;ria vara de prazer que voc&ecirc; j&aacute; imaginou! Perfeito para homens com disfun&ccedil;&atilde;o er&eacute;til e problemas de desempenho intermedi&aacute;rio, seu novo intensificador fornecer&aacute; resultados que ambos os parceiros v&atilde;o adorar!<\/p>\n<p>O Extreme Silicone Power Cage &eacute; o melhor intensificador de ere&ccedil;&atilde;o! Com esta gaiola de p&ecirc;nis enrolada confortavelmente em cada cent&iacute;metro de sua masculinidade, voc&ecirc; manter&aacute; ere&ccedil;&otilde;es duras como uma rocha e prolongar&aacute; a divers&atilde;o enquanto estimula sua parceira. A al&ccedil;a de bola prolonga a ejacula&ccedil;&atilde;o para cl&iacute;max explosivos, enquanto a gaiola deixa seu pau aberto para sentir todas as sensa&ccedil;&otilde;es e ainda desfrutar do toque natural de seu amante. Voc&ecirc; vai desfrutar de ere&ccedil;&otilde;es grossas e latejantes e seu parceiro vai adorar as sensa&ccedil;&otilde;es adicionais da gaiola. O estimulador de clit&oacute;ris vibrat&oacute;rio fornece estimula&ccedil;&atilde;o direta ao seu ponto mais sens&iacute;vel. Apenas um clique da poderosa micro vibra&ccedil;&atilde;o &agrave; prova d&#039;&aacute;gua e voc&ecirc; os far&aacute; gozar com mais for&ccedil;a do que nunca!<\/p>\n<p>A limpeza &eacute; um piscar de olhos ap&oacute;s a divers&atilde;o com o limpador de brinquedos inclu&iacute;do e &aacute;gua morna. Um tamanho serve para a maioria. Este n&atilde;o &eacute; um preservativo.<\/p>\n<p>+ O melhor estimulador de ere&ccedil;&atilde;o de casais<\/p>\n<p>+ A gaiola de silicone Hygienic Elite fornece sensa&ccedil;&otilde;es extras<\/p>\n<p>+ Poderoso estimulador clitoriano vibrat&oacute;rio<\/p>\n<p>+ Prolonga a Divers&atilde;o como um Anel de P&ecirc;nis<\/p>\n<p>+ Livre de ftalato<\/p>\n<p>+ Pilhas, lo&ccedil;&atilde;o corporal &uacute;mida e limpador gr&aacute;tis<\/p>\n<p>&nbsp;<\/p>\n<p style=\"text-align: center\">\n<p>&nbsp;<\/p>\n","protected":false},"excerpt":{"rendered":"<p>FANTASY X- TENSIONS &#8211; CABINE DE ALIMENTA\u00c7\u00c3O DE SILICONE EXTREMO<\/p>\n","protected":false},"featured_media":65710,"template":"","meta":{"_acf_changed":false},"product_brand":[],"product_cat":[17,60],"product_tag":[],"class_list":{"0":"post-10165","1":"product","2":"type-product","3":"status-publish","4":"has-post-thumbnail","6":"product_cat-brinquedos-de-bem-estar-sexual","7":"product_cat-para-eles","8":"yith_product_brand-pipedreamsfantasy-x-tensions","10":"first","11":"instock","12":"taxable","13":"shipping-taxable","14":"purchasable","15":"product-type-simple"},"acf":[],"yoast_head":"<!-- This site is optimized with the Yoast SEO plugin v27.4 - https:\/\/yoast.com\/product\/yoast-seo-wordpress\/ -->\n<title>FANTASY X- TENSIONS - CABINE DE ALIMENTA\u00c7\u00c3O DE SILICONE EXTREMO - Lovme<\/title>\n<meta name=\"robots\" content=\"index, follow, max-snippet:-1, max-image-preview:large, max-video-preview:-1\" \/>\n<link rel=\"canonical\" href=\"https:\/\/lovme.pt\/index.php\/produto\/fantasy-x-tensions-cabine-de-alimentacao-de-silicone-extremo\/\" \/>\n<meta property=\"og:locale\" content=\"pt_PT\" \/>\n<meta property=\"og:type\" content=\"article\" \/>\n<meta property=\"og:title\" content=\"FANTASY X- TENSIONS - CABINE DE ALIMENTA\u00c7\u00c3O DE SILICONE EXTREMO - Lovme\" \/>\n<meta property=\"og:description\" content=\"FANTASY X- TENSIONS - CABINE DE ALIMENTA\u00c7\u00c3O DE SILICONE EXTREMO\" \/>\n<meta property=\"og:url\" content=\"https:\/\/lovme.pt\/index.php\/produto\/fantasy-x-tensions-cabine-de-alimentacao-de-silicone-extremo\/\" \/>\n<meta property=\"og:site_name\" content=\"Lovme\" \/>\n<meta property=\"article:modified_time\" content=\"2026-04-14T12:37:57+00:00\" \/>\n<meta property=\"og:image\" content=\"https:\/\/erki24nd3ub.exactdn.com\/wp-content\/uploads\/dream\/img\/img_25642_c765a8b39a836159b15b412b30db5b2b_1.jpg?strip=all\" \/>\n\t<meta property=\"og:image:width\" content=\"899\" \/>\n\t<meta property=\"og:image:height\" content=\"900\" \/>\n\t<meta property=\"og:image:type\" content=\"image\/jpeg\" \/>\n<meta name=\"twitter:card\" content=\"summary_large_image\" \/>\n<meta name=\"twitter:label1\" content=\"Tempo estimado de leitura\" \/>\n\t<meta name=\"twitter:data1\" content=\"2 minutos\" \/>\n<script type=\"application\/ld+json\" class=\"yoast-schema-graph\">{\"@context\":\"https:\\\/\\\/schema.org\",\"@graph\":[{\"@type\":\"WebPage\",\"@id\":\"https:\\\/\\\/lovme.pt\\\/index.php\\\/produto\\\/fantasy-x-tensions-cabine-de-alimentacao-de-silicone-extremo\\\/\",\"url\":\"https:\\\/\\\/lovme.pt\\\/index.php\\\/produto\\\/fantasy-x-tensions-cabine-de-alimentacao-de-silicone-extremo\\\/\",\"name\":\"FANTASY X- TENSIONS - CABINE DE ALIMENTA\u00c7\u00c3O DE SILICONE EXTREMO - Lovme\",\"isPartOf\":{\"@id\":\"https:\\\/\\\/lovme.pt\\\/#website\"},\"primaryImageOfPage\":{\"@id\":\"https:\\\/\\\/lovme.pt\\\/index.php\\\/produto\\\/fantasy-x-tensions-cabine-de-alimentacao-de-silicone-extremo\\\/#primaryimage\"},\"image\":{\"@id\":\"https:\\\/\\\/lovme.pt\\\/index.php\\\/produto\\\/fantasy-x-tensions-cabine-de-alimentacao-de-silicone-extremo\\\/#primaryimage\"},\"thumbnailUrl\":\"https:\\\/\\\/erki24nd3ub.exactdn.com\\\/wp-content\\\/uploads\\\/dream\\\/img\\\/img_25642_c765a8b39a836159b15b412b30db5b2b_1.jpg?strip=all\",\"datePublished\":\"2025-09-30T20:10:46+00:00\",\"dateModified\":\"2026-04-14T12:37:57+00:00\",\"breadcrumb\":{\"@id\":\"https:\\\/\\\/lovme.pt\\\/index.php\\\/produto\\\/fantasy-x-tensions-cabine-de-alimentacao-de-silicone-extremo\\\/#breadcrumb\"},\"inLanguage\":\"pt-PT\",\"potentialAction\":[{\"@type\":\"ReadAction\",\"target\":[\"https:\\\/\\\/lovme.pt\\\/index.php\\\/produto\\\/fantasy-x-tensions-cabine-de-alimentacao-de-silicone-extremo\\\/\"]}]},{\"@type\":\"ImageObject\",\"inLanguage\":\"pt-PT\",\"@id\":\"https:\\\/\\\/lovme.pt\\\/index.php\\\/produto\\\/fantasy-x-tensions-cabine-de-alimentacao-de-silicone-extremo\\\/#primaryimage\",\"url\":\"https:\\\/\\\/erki24nd3ub.exactdn.com\\\/wp-content\\\/uploads\\\/dream\\\/img\\\/img_25642_c765a8b39a836159b15b412b30db5b2b_1.jpg?strip=all\",\"contentUrl\":\"https:\\\/\\\/erki24nd3ub.exactdn.com\\\/wp-content\\\/uploads\\\/dream\\\/img\\\/img_25642_c765a8b39a836159b15b412b30db5b2b_1.jpg?strip=all\",\"width\":899,\"height\":900},{\"@type\":\"BreadcrumbList\",\"@id\":\"https:\\\/\\\/lovme.pt\\\/index.php\\\/produto\\\/fantasy-x-tensions-cabine-de-alimentacao-de-silicone-extremo\\\/#breadcrumb\",\"itemListElement\":[{\"@type\":\"ListItem\",\"position\":1,\"name\":\"In\u00edcio\",\"item\":\"https:\\\/\\\/lovme.pt\\\/\"},{\"@type\":\"ListItem\",\"position\":2,\"name\":\"Loja\",\"item\":\"https:\\\/\\\/lovme.pt\\\/index.php\\\/loja\\\/\"},{\"@type\":\"ListItem\",\"position\":3,\"name\":\"FANTASY X- TENSIONS &#8211; CABINE DE ALIMENTA\u00c7\u00c3O DE SILICONE EXTREMO\"}]},{\"@type\":\"WebSite\",\"@id\":\"https:\\\/\\\/lovme.pt\\\/#website\",\"url\":\"https:\\\/\\\/lovme.pt\\\/\",\"name\":\"Lovme Loja Er\u00f3tica N\u00ba1 em Portugal\",\"description\":\"A melhor loja er\u00f3tica de Portugal.\",\"alternateName\":\"Loja Er\u00f3tica Lovme\",\"potentialAction\":[{\"@type\":\"SearchAction\",\"target\":{\"@type\":\"EntryPoint\",\"urlTemplate\":\"https:\\\/\\\/lovme.pt\\\/?s={search_term_string}\"},\"query-input\":{\"@type\":\"PropertyValueSpecification\",\"valueRequired\":true,\"valueName\":\"search_term_string\"}}],\"inLanguage\":\"pt-PT\"}]}<\/script>\n<!-- \/ Yoast SEO plugin. -->","yoast_head_json":{"title":"FANTASY X- TENSIONS - CABINE DE ALIMENTA\u00c7\u00c3O DE SILICONE EXTREMO - Lovme","robots":{"index":"index","follow":"follow","max-snippet":"max-snippet:-1","max-image-preview":"max-image-preview:large","max-video-preview":"max-video-preview:-1"},"canonical":"https:\/\/lovme.pt\/index.php\/produto\/fantasy-x-tensions-cabine-de-alimentacao-de-silicone-extremo\/","og_locale":"pt_PT","og_type":"article","og_title":"FANTASY X- TENSIONS - CABINE DE ALIMENTA\u00c7\u00c3O DE SILICONE EXTREMO - Lovme","og_description":"FANTASY X- TENSIONS - CABINE DE ALIMENTA\u00c7\u00c3O DE SILICONE EXTREMO","og_url":"https:\/\/lovme.pt\/index.php\/produto\/fantasy-x-tensions-cabine-de-alimentacao-de-silicone-extremo\/","og_site_name":"Lovme","article_modified_time":"2026-04-14T12:37:57+00:00","og_image":[{"width":899,"height":900,"url":"https:\/\/erki24nd3ub.exactdn.com\/wp-content\/uploads\/dream\/img\/img_25642_c765a8b39a836159b15b412b30db5b2b_1.jpg?strip=all","type":"image\/jpeg"}],"twitter_card":"summary_large_image","twitter_misc":{"Tempo estimado de leitura":"2 minutos"},"schema":{"@context":"https:\/\/schema.org","@graph":[{"@type":"WebPage","@id":"https:\/\/lovme.pt\/index.php\/produto\/fantasy-x-tensions-cabine-de-alimentacao-de-silicone-extremo\/","url":"https:\/\/lovme.pt\/index.php\/produto\/fantasy-x-tensions-cabine-de-alimentacao-de-silicone-extremo\/","name":"FANTASY X- TENSIONS - CABINE DE ALIMENTA\u00c7\u00c3O DE SILICONE EXTREMO - Lovme","isPartOf":{"@id":"https:\/\/lovme.pt\/#website"},"primaryImageOfPage":{"@id":"https:\/\/lovme.pt\/index.php\/produto\/fantasy-x-tensions-cabine-de-alimentacao-de-silicone-extremo\/#primaryimage"},"image":{"@id":"https:\/\/lovme.pt\/index.php\/produto\/fantasy-x-tensions-cabine-de-alimentacao-de-silicone-extremo\/#primaryimage"},"thumbnailUrl":"https:\/\/erki24nd3ub.exactdn.com\/wp-content\/uploads\/dream\/img\/img_25642_c765a8b39a836159b15b412b30db5b2b_1.jpg?strip=all","datePublished":"2025-09-30T20:10:46+00:00","dateModified":"2026-04-14T12:37:57+00:00","breadcrumb":{"@id":"https:\/\/lovme.pt\/index.php\/produto\/fantasy-x-tensions-cabine-de-alimentacao-de-silicone-extremo\/#breadcrumb"},"inLanguage":"pt-PT","potentialAction":[{"@type":"ReadAction","target":["https:\/\/lovme.pt\/index.php\/produto\/fantasy-x-tensions-cabine-de-alimentacao-de-silicone-extremo\/"]}]},{"@type":"ImageObject","inLanguage":"pt-PT","@id":"https:\/\/lovme.pt\/index.php\/produto\/fantasy-x-tensions-cabine-de-alimentacao-de-silicone-extremo\/#primaryimage","url":"https:\/\/erki24nd3ub.exactdn.com\/wp-content\/uploads\/dream\/img\/img_25642_c765a8b39a836159b15b412b30db5b2b_1.jpg?strip=all","contentUrl":"https:\/\/erki24nd3ub.exactdn.com\/wp-content\/uploads\/dream\/img\/img_25642_c765a8b39a836159b15b412b30db5b2b_1.jpg?strip=all","width":899,"height":900},{"@type":"BreadcrumbList","@id":"https:\/\/lovme.pt\/index.php\/produto\/fantasy-x-tensions-cabine-de-alimentacao-de-silicone-extremo\/#breadcrumb","itemListElement":[{"@type":"ListItem","position":1,"name":"In\u00edcio","item":"https:\/\/lovme.pt\/"},{"@type":"ListItem","position":2,"name":"Loja","item":"https:\/\/lovme.pt\/index.php\/loja\/"},{"@type":"ListItem","position":3,"name":"FANTASY X- TENSIONS &#8211; CABINE DE ALIMENTA\u00c7\u00c3O DE SILICONE EXTREMO"}]},{"@type":"WebSite","@id":"https:\/\/lovme.pt\/#website","url":"https:\/\/lovme.pt\/","name":"Lovme Loja Er\u00f3tica N\u00ba1 em Portugal","description":"A melhor loja er\u00f3tica de Portugal.","alternateName":"Loja Er\u00f3tica Lovme","potentialAction":[{"@type":"SearchAction","target":{"@type":"EntryPoint","urlTemplate":"https:\/\/lovme.pt\/?s={search_term_string}"},"query-input":{"@type":"PropertyValueSpecification","valueRequired":true,"valueName":"search_term_string"}}],"inLanguage":"pt-PT"}]}},"_links":{"self":[{"href":"https:\/\/lovme.pt\/index.php\/wp-json\/wp\/v2\/product\/10165","targetHints":{"allow":["GET"]}}],"collection":[{"href":"https:\/\/lovme.pt\/index.php\/wp-json\/wp\/v2\/product"}],"about":[{"href":"https:\/\/lovme.pt\/index.php\/wp-json\/wp\/v2\/types\/product"}],"wp:featuredmedia":[{"embeddable":true,"href":"https:\/\/lovme.pt\/index.php\/wp-json\/wp\/v2\/media\/65710"}],"wp:attachment":[{"href":"https:\/\/lovme.pt\/index.php\/wp-json\/wp\/v2\/media?parent=10165"}],"wp:term":[{"taxonomy":"product_brand","embeddable":true,"href":"https:\/\/lovme.pt\/index.php\/wp-json\/wp\/v2\/product_brand?post=10165"},{"taxonomy":"product_cat","embeddable":true,"href":"https:\/\/lovme.pt\/index.php\/wp-json\/wp\/v2\/product_cat?post=10165"},{"taxonomy":"product_tag","embeddable":true,"href":"https:\/\/lovme.pt\/index.php\/wp-json\/wp\/v2\/product_tag?post=10165"}],"curies":[{"name":"wp","href":"https:\/\/api.w.org\/{rel}","templated":true}]}}