{"id":101635,"date":"2025-10-01T03:07:32","date_gmt":"2025-10-01T03:07:32","guid":{"rendered":"https:\/\/lovme.pt\/?post_type=product&p=101635"},"modified":"2026-02-19T20:22:25","modified_gmt":"2026-02-19T20:22:25","slug":"mob-dngeon-jockstrap-rosa-tamanho-unico-2","status":"publish","type":"product","link":"https:\/\/lovme.pt\/index.php\/produto\/mob-dngeon-jockstrap-rosa-tamanho-unico-2\/","title":{"rendered":"MOB &#8211; DNGEON JOCKSTRAP ROSA TAMANHO \u00daNICO"},"content":{"rendered":"<p>Abrace uma mistura de charme ousado e conforto incompar\u00e1vel com a Jockstrap Dngeon Ring Mounted. Esta pe\u00e7a meticulosamente trabalhada irradia sofistica\u00e7\u00e3o com sua suntuosa textura de couro sint\u00e9tico, dispon\u00edvel em uma paleta de tons cl\u00e1ssicos e contempor\u00e2neos. A parte frontal \u00e9 adornada com um bojo cheio, meticulosamente projetado para proporcionar uma eleva\u00e7\u00e3o suave \u00e0 sua masculinidade, alcan\u00e7ando o equil\u00edbrio perfeito entre suporte e apelo visual. O design ousado \u00e9 ainda mais real\u00e7ado por argolas de metal graciosamente posicionadas nos quadris, oferecendo um toque de estilo vanguardista. Uma parte traseira cuidadosamente exposta garante respirabilidade ideal, mantendo voc\u00ea fresco e confort\u00e1vel em qualquer aventura. Criada eticamente na Col\u00f4mbia por uma equipe de mulheres dedicadas chefes de fam\u00edlia e alimentada por energia renov\u00e1vel, esta jockstrap fala muito sobre o compromisso da Dngeon com o luxo sustent\u00e1vel. Desenhada no Canad\u00e1, cada costura ressoa com qualidade e inova\u00e7\u00e3o, garantindo que voc\u00ea n\u00e3o apenas use um produto, mas experimente uma sensa\u00e7\u00e3o.<\/p>\n<p> <u><strong>Material<\/strong><\/u><\/p>\n<ul>\n<li> Couro PU  Metal<\/li>\n<\/ul>\n<p> <u><strong>Sobre a marca<\/strong><\/u><\/p>\n<p> A MaleBasics foi fundada em 2003 a partir da necessidade de oferecer aos homens a marca perfeita para qualquer tipo de roupa \u00edntima que eles prefiram. De roupas esportivas a tangas, cuecas sensuais e trajes de banho; todas as op\u00e7\u00f5es que um homem poderia desejar. N\u00e3o s\u00e3o apenas as mulheres que querem ficar bem em suas roupas \u00edntimas. A MaleBasics entende que os homens querem parecer sensuais e confiantes em suas roupas \u00edntimas. Ao oferecer uma sele\u00e7\u00e3o s\u00f3lida, a marca garante que eles podem fazer exatamente isso. De cuecas boxer confort\u00e1veis a tangas ou tangas justas, os homens t\u00eam uma variedade de op\u00e7\u00f5es para se vestir em qualquer ocasi\u00e3o.<\/p>\n","protected":false},"excerpt":{"rendered":"<p>MOB &#8211; DNGEON JOCKSTRAP ROSA TAMANHO \u00daNICO<\/p>\n","protected":false},"featured_media":101636,"template":"","meta":{"_acf_changed":false},"product_brand":[],"product_cat":[47,67],"product_tag":[],"class_list":{"0":"post-101635","1":"product","2":"type-product","3":"status-publish","4":"has-post-thumbnail","6":"product_cat-lingerie","7":"product_cat-lingerie-masculina","8":"yith_product_brand-mob","10":"first","11":"instock","12":"taxable","13":"shipping-taxable","14":"purchasable","15":"product-type-simple"},"acf":[],"yoast_head":"<!-- This site is optimized with the Yoast SEO plugin v27.4 - https:\/\/yoast.com\/product\/yoast-seo-wordpress\/ -->\n<title>MOB - DNGEON JOCKSTRAP ROSA TAMANHO \u00daNICO - Lovme<\/title>\n<meta name=\"robots\" content=\"index, follow, max-snippet:-1, max-image-preview:large, max-video-preview:-1\" \/>\n<link rel=\"canonical\" href=\"https:\/\/lovme.pt\/index.php\/produto\/mob-dngeon-jockstrap-rosa-tamanho-unico-2\/\" \/>\n<meta property=\"og:locale\" content=\"pt_PT\" \/>\n<meta property=\"og:type\" content=\"article\" \/>\n<meta property=\"og:title\" content=\"MOB - DNGEON JOCKSTRAP ROSA TAMANHO \u00daNICO - Lovme\" \/>\n<meta property=\"og:description\" content=\"MOB - DNGEON JOCKSTRAP ROSA TAMANHO \u00daNICO\" \/>\n<meta property=\"og:url\" content=\"https:\/\/lovme.pt\/index.php\/produto\/mob-dngeon-jockstrap-rosa-tamanho-unico-2\/\" \/>\n<meta property=\"og:site_name\" content=\"Lovme\" \/>\n<meta property=\"article:modified_time\" content=\"2026-02-19T20:22:25+00:00\" \/>\n<meta property=\"og:image\" content=\"https:\/\/erki24nd3ub.exactdn.com\/wp-content\/uploads\/dream\/img\/img_206607_d6d396851947b999b871ac633cbb9cb1_1.jpg?strip=all\" \/>\n\t<meta property=\"og:image:width\" content=\"900\" \/>\n\t<meta property=\"og:image:height\" content=\"900\" \/>\n\t<meta property=\"og:image:type\" content=\"image\/jpeg\" \/>\n<meta name=\"twitter:card\" content=\"summary_large_image\" \/>\n<meta name=\"twitter:label1\" content=\"Tempo estimado de leitura\" \/>\n\t<meta name=\"twitter:data1\" content=\"1 minuto\" \/>\n<script type=\"application\/ld+json\" class=\"yoast-schema-graph\">{\"@context\":\"https:\\\/\\\/schema.org\",\"@graph\":[{\"@type\":\"WebPage\",\"@id\":\"https:\\\/\\\/lovme.pt\\\/index.php\\\/produto\\\/mob-dngeon-jockstrap-rosa-tamanho-unico-2\\\/\",\"url\":\"https:\\\/\\\/lovme.pt\\\/index.php\\\/produto\\\/mob-dngeon-jockstrap-rosa-tamanho-unico-2\\\/\",\"name\":\"MOB - DNGEON JOCKSTRAP ROSA TAMANHO \u00daNICO - Lovme\",\"isPartOf\":{\"@id\":\"https:\\\/\\\/lovme.pt\\\/#website\"},\"primaryImageOfPage\":{\"@id\":\"https:\\\/\\\/lovme.pt\\\/index.php\\\/produto\\\/mob-dngeon-jockstrap-rosa-tamanho-unico-2\\\/#primaryimage\"},\"image\":{\"@id\":\"https:\\\/\\\/lovme.pt\\\/index.php\\\/produto\\\/mob-dngeon-jockstrap-rosa-tamanho-unico-2\\\/#primaryimage\"},\"thumbnailUrl\":\"https:\\\/\\\/erki24nd3ub.exactdn.com\\\/wp-content\\\/uploads\\\/dream\\\/img\\\/img_206607_d6d396851947b999b871ac633cbb9cb1_1.jpg?strip=all\",\"datePublished\":\"2025-10-01T03:07:32+00:00\",\"dateModified\":\"2026-02-19T20:22:25+00:00\",\"breadcrumb\":{\"@id\":\"https:\\\/\\\/lovme.pt\\\/index.php\\\/produto\\\/mob-dngeon-jockstrap-rosa-tamanho-unico-2\\\/#breadcrumb\"},\"inLanguage\":\"pt-PT\",\"potentialAction\":[{\"@type\":\"ReadAction\",\"target\":[\"https:\\\/\\\/lovme.pt\\\/index.php\\\/produto\\\/mob-dngeon-jockstrap-rosa-tamanho-unico-2\\\/\"]}]},{\"@type\":\"ImageObject\",\"inLanguage\":\"pt-PT\",\"@id\":\"https:\\\/\\\/lovme.pt\\\/index.php\\\/produto\\\/mob-dngeon-jockstrap-rosa-tamanho-unico-2\\\/#primaryimage\",\"url\":\"https:\\\/\\\/erki24nd3ub.exactdn.com\\\/wp-content\\\/uploads\\\/dream\\\/img\\\/img_206607_d6d396851947b999b871ac633cbb9cb1_1.jpg?strip=all\",\"contentUrl\":\"https:\\\/\\\/erki24nd3ub.exactdn.com\\\/wp-content\\\/uploads\\\/dream\\\/img\\\/img_206607_d6d396851947b999b871ac633cbb9cb1_1.jpg?strip=all\",\"width\":900,\"height\":900},{\"@type\":\"BreadcrumbList\",\"@id\":\"https:\\\/\\\/lovme.pt\\\/index.php\\\/produto\\\/mob-dngeon-jockstrap-rosa-tamanho-unico-2\\\/#breadcrumb\",\"itemListElement\":[{\"@type\":\"ListItem\",\"position\":1,\"name\":\"In\u00edcio\",\"item\":\"https:\\\/\\\/lovme.pt\\\/\"},{\"@type\":\"ListItem\",\"position\":2,\"name\":\"Loja\",\"item\":\"https:\\\/\\\/lovme.pt\\\/index.php\\\/loja\\\/\"},{\"@type\":\"ListItem\",\"position\":3,\"name\":\"MOB &#8211; DNGEON JOCKSTRAP ROSA TAMANHO \u00daNICO\"}]},{\"@type\":\"WebSite\",\"@id\":\"https:\\\/\\\/lovme.pt\\\/#website\",\"url\":\"https:\\\/\\\/lovme.pt\\\/\",\"name\":\"Lovme Loja Er\u00f3tica N\u00ba1 em Portugal\",\"description\":\"A melhor loja er\u00f3tica de Portugal.\",\"alternateName\":\"Loja Er\u00f3tica Lovme\",\"potentialAction\":[{\"@type\":\"SearchAction\",\"target\":{\"@type\":\"EntryPoint\",\"urlTemplate\":\"https:\\\/\\\/lovme.pt\\\/?s={search_term_string}\"},\"query-input\":{\"@type\":\"PropertyValueSpecification\",\"valueRequired\":true,\"valueName\":\"search_term_string\"}}],\"inLanguage\":\"pt-PT\"}]}<\/script>\n<!-- \/ Yoast SEO plugin. -->","yoast_head_json":{"title":"MOB - DNGEON JOCKSTRAP ROSA TAMANHO \u00daNICO - Lovme","robots":{"index":"index","follow":"follow","max-snippet":"max-snippet:-1","max-image-preview":"max-image-preview:large","max-video-preview":"max-video-preview:-1"},"canonical":"https:\/\/lovme.pt\/index.php\/produto\/mob-dngeon-jockstrap-rosa-tamanho-unico-2\/","og_locale":"pt_PT","og_type":"article","og_title":"MOB - DNGEON JOCKSTRAP ROSA TAMANHO \u00daNICO - Lovme","og_description":"MOB - DNGEON JOCKSTRAP ROSA TAMANHO \u00daNICO","og_url":"https:\/\/lovme.pt\/index.php\/produto\/mob-dngeon-jockstrap-rosa-tamanho-unico-2\/","og_site_name":"Lovme","article_modified_time":"2026-02-19T20:22:25+00:00","og_image":[{"width":900,"height":900,"url":"https:\/\/erki24nd3ub.exactdn.com\/wp-content\/uploads\/dream\/img\/img_206607_d6d396851947b999b871ac633cbb9cb1_1.jpg?strip=all","type":"image\/jpeg"}],"twitter_card":"summary_large_image","twitter_misc":{"Tempo estimado de leitura":"1 minuto"},"schema":{"@context":"https:\/\/schema.org","@graph":[{"@type":"WebPage","@id":"https:\/\/lovme.pt\/index.php\/produto\/mob-dngeon-jockstrap-rosa-tamanho-unico-2\/","url":"https:\/\/lovme.pt\/index.php\/produto\/mob-dngeon-jockstrap-rosa-tamanho-unico-2\/","name":"MOB - DNGEON JOCKSTRAP ROSA TAMANHO \u00daNICO - Lovme","isPartOf":{"@id":"https:\/\/lovme.pt\/#website"},"primaryImageOfPage":{"@id":"https:\/\/lovme.pt\/index.php\/produto\/mob-dngeon-jockstrap-rosa-tamanho-unico-2\/#primaryimage"},"image":{"@id":"https:\/\/lovme.pt\/index.php\/produto\/mob-dngeon-jockstrap-rosa-tamanho-unico-2\/#primaryimage"},"thumbnailUrl":"https:\/\/erki24nd3ub.exactdn.com\/wp-content\/uploads\/dream\/img\/img_206607_d6d396851947b999b871ac633cbb9cb1_1.jpg?strip=all","datePublished":"2025-10-01T03:07:32+00:00","dateModified":"2026-02-19T20:22:25+00:00","breadcrumb":{"@id":"https:\/\/lovme.pt\/index.php\/produto\/mob-dngeon-jockstrap-rosa-tamanho-unico-2\/#breadcrumb"},"inLanguage":"pt-PT","potentialAction":[{"@type":"ReadAction","target":["https:\/\/lovme.pt\/index.php\/produto\/mob-dngeon-jockstrap-rosa-tamanho-unico-2\/"]}]},{"@type":"ImageObject","inLanguage":"pt-PT","@id":"https:\/\/lovme.pt\/index.php\/produto\/mob-dngeon-jockstrap-rosa-tamanho-unico-2\/#primaryimage","url":"https:\/\/erki24nd3ub.exactdn.com\/wp-content\/uploads\/dream\/img\/img_206607_d6d396851947b999b871ac633cbb9cb1_1.jpg?strip=all","contentUrl":"https:\/\/erki24nd3ub.exactdn.com\/wp-content\/uploads\/dream\/img\/img_206607_d6d396851947b999b871ac633cbb9cb1_1.jpg?strip=all","width":900,"height":900},{"@type":"BreadcrumbList","@id":"https:\/\/lovme.pt\/index.php\/produto\/mob-dngeon-jockstrap-rosa-tamanho-unico-2\/#breadcrumb","itemListElement":[{"@type":"ListItem","position":1,"name":"In\u00edcio","item":"https:\/\/lovme.pt\/"},{"@type":"ListItem","position":2,"name":"Loja","item":"https:\/\/lovme.pt\/index.php\/loja\/"},{"@type":"ListItem","position":3,"name":"MOB &#8211; DNGEON JOCKSTRAP ROSA TAMANHO \u00daNICO"}]},{"@type":"WebSite","@id":"https:\/\/lovme.pt\/#website","url":"https:\/\/lovme.pt\/","name":"Lovme Loja Er\u00f3tica N\u00ba1 em Portugal","description":"A melhor loja er\u00f3tica de Portugal.","alternateName":"Loja Er\u00f3tica Lovme","potentialAction":[{"@type":"SearchAction","target":{"@type":"EntryPoint","urlTemplate":"https:\/\/lovme.pt\/?s={search_term_string}"},"query-input":{"@type":"PropertyValueSpecification","valueRequired":true,"valueName":"search_term_string"}}],"inLanguage":"pt-PT"}]}},"_links":{"self":[{"href":"https:\/\/lovme.pt\/index.php\/wp-json\/wp\/v2\/product\/101635","targetHints":{"allow":["GET"]}}],"collection":[{"href":"https:\/\/lovme.pt\/index.php\/wp-json\/wp\/v2\/product"}],"about":[{"href":"https:\/\/lovme.pt\/index.php\/wp-json\/wp\/v2\/types\/product"}],"wp:featuredmedia":[{"embeddable":true,"href":"https:\/\/lovme.pt\/index.php\/wp-json\/wp\/v2\/media\/101636"}],"wp:attachment":[{"href":"https:\/\/lovme.pt\/index.php\/wp-json\/wp\/v2\/media?parent=101635"}],"wp:term":[{"taxonomy":"product_brand","embeddable":true,"href":"https:\/\/lovme.pt\/index.php\/wp-json\/wp\/v2\/product_brand?post=101635"},{"taxonomy":"product_cat","embeddable":true,"href":"https:\/\/lovme.pt\/index.php\/wp-json\/wp\/v2\/product_cat?post=101635"},{"taxonomy":"product_tag","embeddable":true,"href":"https:\/\/lovme.pt\/index.php\/wp-json\/wp\/v2\/product_tag?post=101635"}],"curies":[{"name":"wp","href":"https:\/\/api.w.org\/{rel}","templated":true}]}}