{"id":101228,"date":"2025-10-01T03:04:11","date_gmt":"2025-10-01T03:04:11","guid":{"rendered":"https:\/\/lovme.pt\/?post_type=product&p=101228"},"modified":"2026-02-19T20:22:20","modified_gmt":"2026-02-19T20:22:20","slug":"armony-anabiosis-vaginal-haltere-3-niveis-azul","status":"publish","type":"product","link":"https:\/\/lovme.pt\/index.php\/produto\/armony-anabiosis-vaginal-haltere-3-niveis-azul\/","title":{"rendered":"ARMONY &#8211; ANABIOSIS VAGINAL HALTERE 3 N\u00cdVEIS AZUL"},"content":{"rendered":"<p>Sabemos que poucas coisas s\u00e3o melhores do que um bom orgasmo e a import\u00e2ncia de manter uma boa sa\u00fade sexual pelas suas in\u00fameras vantagens, pois melhora o fluxo sangu\u00edneo, melhora o humor, promove o sono, mant\u00e9m o c\u00e9rebro saud\u00e1vel, \u00e9 um analg\u00e9sico natural, reduz o stress , al\u00e9m de proporcionar bem-estar e melhorar a sa\u00fade emocional.<\/p>\n<p>Temos consci\u00eancia de tudo isto, por isso com a gama de brinquedos Armony iremos ajud\u00e1-lo a consegui-lo!<\/p>\n<p>\u00a0<\/p>\n<p><u><strong>Caracter\u00edsticas<\/strong><\/u><\/p>\n<ul>\n<li>Material: Silicone ABS<\/li>\n<li>Inclui 3 tipos diferentes de pesos<\/li>\n<li>Cor azul<\/li>\n<\/ul>\n<p>\u00a0<\/p>\n<p><strong>ARM\u00d4NIO<\/strong><br \/>Bem-vindo ao <strong>ARMONY<\/strong> , onde prazer e qualidade se fundem para criar uma experi\u00eancia \u00fanica no mundo dos brinquedos er\u00f3ticos. A nossa marca \u00e9 especializada no fabrico de vibradores e brinquedos de alta qualidade para homens e mulheres, meticulosamente concebidos para aumentar o prazer e a intimidade. De vibradores sofisticados a estimuladores sensuais, cada produto <strong>ARMONY<\/strong> \u00e9 projetado com aten\u00e7\u00e3o aos detalhes e com o compromisso de proporcionar uma experi\u00eancia de satisfa\u00e7\u00e3o incompar\u00e1vel. Orgulhamo-nos de oferecer uma gama diversificada de produtos que v\u00e3o do cl\u00e1ssico ao inovador, sempre com foco na qualidade, na seguran\u00e7a e na explora\u00e7\u00e3o do prazer. Descubra um mundo de sensa\u00e7\u00f5es er\u00f3ticas com <strong>ARMONY<\/strong> , onde o prazer se torna uma forma de arte.<\/p>\n","protected":false},"excerpt":{"rendered":"<p>ARMONY &#8211; ANABIOSIS VAGINAL HALTERE 3 N\u00cdVEIS AZUL<\/p>\n","protected":false},"featured_media":101229,"template":"","meta":{"_acf_changed":false},"product_brand":[],"product_cat":[54,17,61],"product_tag":[],"class_list":{"0":"post-101228","1":"product","2":"type-product","3":"status-publish","4":"has-post-thumbnail","6":"product_cat-bolas-chinesas","7":"product_cat-brinquedos-de-bem-estar-sexual","8":"product_cat-para-elas","9":"yith_product_brand-armony","10":"yith_product_brand-armonyarmony-wearables","12":"first","13":"instock","14":"taxable","15":"shipping-taxable","16":"purchasable","17":"product-type-simple"},"acf":[],"yoast_head":"<!-- This site is optimized with the Yoast SEO plugin v27.3 - https:\/\/yoast.com\/product\/yoast-seo-wordpress\/ -->\n<title>ARMONY - ANABIOSIS VAGINAL HALTERE 3 N\u00cdVEIS AZUL - Lovme<\/title>\n<meta name=\"robots\" content=\"index, follow, max-snippet:-1, max-image-preview:large, max-video-preview:-1\" \/>\n<link rel=\"canonical\" href=\"https:\/\/lovme.pt\/index.php\/produto\/armony-anabiosis-vaginal-haltere-3-niveis-azul\/\" \/>\n<meta property=\"og:locale\" content=\"pt_PT\" \/>\n<meta property=\"og:type\" content=\"article\" \/>\n<meta property=\"og:title\" content=\"ARMONY - ANABIOSIS VAGINAL HALTERE 3 N\u00cdVEIS AZUL - Lovme\" \/>\n<meta property=\"og:description\" content=\"ARMONY - ANABIOSIS VAGINAL HALTERE 3 N\u00cdVEIS AZUL\" \/>\n<meta property=\"og:url\" content=\"https:\/\/lovme.pt\/index.php\/produto\/armony-anabiosis-vaginal-haltere-3-niveis-azul\/\" \/>\n<meta property=\"og:site_name\" content=\"Lovme\" \/>\n<meta property=\"article:modified_time\" content=\"2026-02-19T20:22:20+00:00\" \/>\n<meta property=\"og:image\" content=\"https:\/\/erki24nd3ub.exactdn.com\/wp-content\/uploads\/dream\/img\/img_182942_aaec2510f0a9b18960ac266f97ae302a_1.jpg?strip=all\" \/>\n\t<meta property=\"og:image:width\" content=\"800\" \/>\n\t<meta property=\"og:image:height\" content=\"800\" \/>\n\t<meta property=\"og:image:type\" content=\"image\/jpeg\" \/>\n<meta name=\"twitter:card\" content=\"summary_large_image\" \/>\n<meta name=\"twitter:label1\" content=\"Tempo estimado de leitura\" \/>\n\t<meta name=\"twitter:data1\" content=\"1 minuto\" \/>\n<script type=\"application\/ld+json\" class=\"yoast-schema-graph\">{\"@context\":\"https:\\\/\\\/schema.org\",\"@graph\":[{\"@type\":\"WebPage\",\"@id\":\"https:\\\/\\\/lovme.pt\\\/index.php\\\/produto\\\/armony-anabiosis-vaginal-haltere-3-niveis-azul\\\/\",\"url\":\"https:\\\/\\\/lovme.pt\\\/index.php\\\/produto\\\/armony-anabiosis-vaginal-haltere-3-niveis-azul\\\/\",\"name\":\"ARMONY - ANABIOSIS VAGINAL HALTERE 3 N\u00cdVEIS AZUL - Lovme\",\"isPartOf\":{\"@id\":\"https:\\\/\\\/lovme.pt\\\/#website\"},\"primaryImageOfPage\":{\"@id\":\"https:\\\/\\\/lovme.pt\\\/index.php\\\/produto\\\/armony-anabiosis-vaginal-haltere-3-niveis-azul\\\/#primaryimage\"},\"image\":{\"@id\":\"https:\\\/\\\/lovme.pt\\\/index.php\\\/produto\\\/armony-anabiosis-vaginal-haltere-3-niveis-azul\\\/#primaryimage\"},\"thumbnailUrl\":\"https:\\\/\\\/erki24nd3ub.exactdn.com\\\/wp-content\\\/uploads\\\/dream\\\/img\\\/img_182942_aaec2510f0a9b18960ac266f97ae302a_1.jpg?strip=all\",\"datePublished\":\"2025-10-01T03:04:11+00:00\",\"dateModified\":\"2026-02-19T20:22:20+00:00\",\"breadcrumb\":{\"@id\":\"https:\\\/\\\/lovme.pt\\\/index.php\\\/produto\\\/armony-anabiosis-vaginal-haltere-3-niveis-azul\\\/#breadcrumb\"},\"inLanguage\":\"pt-PT\",\"potentialAction\":[{\"@type\":\"ReadAction\",\"target\":[\"https:\\\/\\\/lovme.pt\\\/index.php\\\/produto\\\/armony-anabiosis-vaginal-haltere-3-niveis-azul\\\/\"]}]},{\"@type\":\"ImageObject\",\"inLanguage\":\"pt-PT\",\"@id\":\"https:\\\/\\\/lovme.pt\\\/index.php\\\/produto\\\/armony-anabiosis-vaginal-haltere-3-niveis-azul\\\/#primaryimage\",\"url\":\"https:\\\/\\\/erki24nd3ub.exactdn.com\\\/wp-content\\\/uploads\\\/dream\\\/img\\\/img_182942_aaec2510f0a9b18960ac266f97ae302a_1.jpg?strip=all\",\"contentUrl\":\"https:\\\/\\\/erki24nd3ub.exactdn.com\\\/wp-content\\\/uploads\\\/dream\\\/img\\\/img_182942_aaec2510f0a9b18960ac266f97ae302a_1.jpg?strip=all\",\"width\":800,\"height\":800},{\"@type\":\"BreadcrumbList\",\"@id\":\"https:\\\/\\\/lovme.pt\\\/index.php\\\/produto\\\/armony-anabiosis-vaginal-haltere-3-niveis-azul\\\/#breadcrumb\",\"itemListElement\":[{\"@type\":\"ListItem\",\"position\":1,\"name\":\"In\u00edcio\",\"item\":\"https:\\\/\\\/lovme.pt\\\/\"},{\"@type\":\"ListItem\",\"position\":2,\"name\":\"Loja\",\"item\":\"https:\\\/\\\/lovme.pt\\\/index.php\\\/loja\\\/\"},{\"@type\":\"ListItem\",\"position\":3,\"name\":\"ARMONY &#8211; ANABIOSIS VAGINAL HALTERE 3 N\u00cdVEIS AZUL\"}]},{\"@type\":\"WebSite\",\"@id\":\"https:\\\/\\\/lovme.pt\\\/#website\",\"url\":\"https:\\\/\\\/lovme.pt\\\/\",\"name\":\"Lovme Loja Er\u00f3tica N\u00ba1 em Portugal\",\"description\":\"A melhor loja er\u00f3tica de Portugal.\",\"alternateName\":\"Loja Er\u00f3tica Lovme\",\"potentialAction\":[{\"@type\":\"SearchAction\",\"target\":{\"@type\":\"EntryPoint\",\"urlTemplate\":\"https:\\\/\\\/lovme.pt\\\/?s={search_term_string}\"},\"query-input\":{\"@type\":\"PropertyValueSpecification\",\"valueRequired\":true,\"valueName\":\"search_term_string\"}}],\"inLanguage\":\"pt-PT\"}]}<\/script>\n<!-- \/ Yoast SEO plugin. -->","yoast_head_json":{"title":"ARMONY - ANABIOSIS VAGINAL HALTERE 3 N\u00cdVEIS AZUL - Lovme","robots":{"index":"index","follow":"follow","max-snippet":"max-snippet:-1","max-image-preview":"max-image-preview:large","max-video-preview":"max-video-preview:-1"},"canonical":"https:\/\/lovme.pt\/index.php\/produto\/armony-anabiosis-vaginal-haltere-3-niveis-azul\/","og_locale":"pt_PT","og_type":"article","og_title":"ARMONY - ANABIOSIS VAGINAL HALTERE 3 N\u00cdVEIS AZUL - Lovme","og_description":"ARMONY - ANABIOSIS VAGINAL HALTERE 3 N\u00cdVEIS AZUL","og_url":"https:\/\/lovme.pt\/index.php\/produto\/armony-anabiosis-vaginal-haltere-3-niveis-azul\/","og_site_name":"Lovme","article_modified_time":"2026-02-19T20:22:20+00:00","og_image":[{"width":800,"height":800,"url":"https:\/\/erki24nd3ub.exactdn.com\/wp-content\/uploads\/dream\/img\/img_182942_aaec2510f0a9b18960ac266f97ae302a_1.jpg?strip=all","type":"image\/jpeg"}],"twitter_card":"summary_large_image","twitter_misc":{"Tempo estimado de leitura":"1 minuto"},"schema":{"@context":"https:\/\/schema.org","@graph":[{"@type":"WebPage","@id":"https:\/\/lovme.pt\/index.php\/produto\/armony-anabiosis-vaginal-haltere-3-niveis-azul\/","url":"https:\/\/lovme.pt\/index.php\/produto\/armony-anabiosis-vaginal-haltere-3-niveis-azul\/","name":"ARMONY - ANABIOSIS VAGINAL HALTERE 3 N\u00cdVEIS AZUL - Lovme","isPartOf":{"@id":"https:\/\/lovme.pt\/#website"},"primaryImageOfPage":{"@id":"https:\/\/lovme.pt\/index.php\/produto\/armony-anabiosis-vaginal-haltere-3-niveis-azul\/#primaryimage"},"image":{"@id":"https:\/\/lovme.pt\/index.php\/produto\/armony-anabiosis-vaginal-haltere-3-niveis-azul\/#primaryimage"},"thumbnailUrl":"https:\/\/erki24nd3ub.exactdn.com\/wp-content\/uploads\/dream\/img\/img_182942_aaec2510f0a9b18960ac266f97ae302a_1.jpg?strip=all","datePublished":"2025-10-01T03:04:11+00:00","dateModified":"2026-02-19T20:22:20+00:00","breadcrumb":{"@id":"https:\/\/lovme.pt\/index.php\/produto\/armony-anabiosis-vaginal-haltere-3-niveis-azul\/#breadcrumb"},"inLanguage":"pt-PT","potentialAction":[{"@type":"ReadAction","target":["https:\/\/lovme.pt\/index.php\/produto\/armony-anabiosis-vaginal-haltere-3-niveis-azul\/"]}]},{"@type":"ImageObject","inLanguage":"pt-PT","@id":"https:\/\/lovme.pt\/index.php\/produto\/armony-anabiosis-vaginal-haltere-3-niveis-azul\/#primaryimage","url":"https:\/\/erki24nd3ub.exactdn.com\/wp-content\/uploads\/dream\/img\/img_182942_aaec2510f0a9b18960ac266f97ae302a_1.jpg?strip=all","contentUrl":"https:\/\/erki24nd3ub.exactdn.com\/wp-content\/uploads\/dream\/img\/img_182942_aaec2510f0a9b18960ac266f97ae302a_1.jpg?strip=all","width":800,"height":800},{"@type":"BreadcrumbList","@id":"https:\/\/lovme.pt\/index.php\/produto\/armony-anabiosis-vaginal-haltere-3-niveis-azul\/#breadcrumb","itemListElement":[{"@type":"ListItem","position":1,"name":"In\u00edcio","item":"https:\/\/lovme.pt\/"},{"@type":"ListItem","position":2,"name":"Loja","item":"https:\/\/lovme.pt\/index.php\/loja\/"},{"@type":"ListItem","position":3,"name":"ARMONY &#8211; ANABIOSIS VAGINAL HALTERE 3 N\u00cdVEIS AZUL"}]},{"@type":"WebSite","@id":"https:\/\/lovme.pt\/#website","url":"https:\/\/lovme.pt\/","name":"Lovme Loja Er\u00f3tica N\u00ba1 em Portugal","description":"A melhor loja er\u00f3tica de Portugal.","alternateName":"Loja Er\u00f3tica Lovme","potentialAction":[{"@type":"SearchAction","target":{"@type":"EntryPoint","urlTemplate":"https:\/\/lovme.pt\/?s={search_term_string}"},"query-input":{"@type":"PropertyValueSpecification","valueRequired":true,"valueName":"search_term_string"}}],"inLanguage":"pt-PT"}]}},"_links":{"self":[{"href":"https:\/\/lovme.pt\/index.php\/wp-json\/wp\/v2\/product\/101228","targetHints":{"allow":["GET"]}}],"collection":[{"href":"https:\/\/lovme.pt\/index.php\/wp-json\/wp\/v2\/product"}],"about":[{"href":"https:\/\/lovme.pt\/index.php\/wp-json\/wp\/v2\/types\/product"}],"wp:featuredmedia":[{"embeddable":true,"href":"https:\/\/lovme.pt\/index.php\/wp-json\/wp\/v2\/media\/101229"}],"wp:attachment":[{"href":"https:\/\/lovme.pt\/index.php\/wp-json\/wp\/v2\/media?parent=101228"}],"wp:term":[{"taxonomy":"product_brand","embeddable":true,"href":"https:\/\/lovme.pt\/index.php\/wp-json\/wp\/v2\/product_brand?post=101228"},{"taxonomy":"product_cat","embeddable":true,"href":"https:\/\/lovme.pt\/index.php\/wp-json\/wp\/v2\/product_cat?post=101228"},{"taxonomy":"product_tag","embeddable":true,"href":"https:\/\/lovme.pt\/index.php\/wp-json\/wp\/v2\/product_tag?post=101228"}],"curies":[{"name":"wp","href":"https:\/\/api.w.org\/{rel}","templated":true}]}}