{"id":10065,"date":"2025-09-30T20:10:41","date_gmt":"2025-09-30T20:10:41","guid":{"rendered":"https:\/\/lovme.pt\/?post_type=product&#038;p=10065"},"modified":"2026-04-14T12:37:37","modified_gmt":"2026-04-14T12:37:37","slug":"fantasy-x-tensions-extensao-vibratoria-real-feel-2-preta","status":"publish","type":"product","link":"https:\/\/lovme.pt\/index.php\/produto\/fantasy-x-tensions-extensao-vibratoria-real-feel-2-preta\/","title":{"rendered":"FANTASY X- TENSIONS &#8211; EXTENS\u00c3O VIBRAT\u00d3RIA REAL FEEL 2 PRETA"},"content":{"rendered":"<p>Transforme seu p&ecirc;nis em uma m&aacute;quina de prazer instant&acirc;neo com as incr&iacute;veis tens&otilde;es Fantasy X. Agora voc&ecirc; pode ser todo homem que puder e satisfazer sua parceira com este intensificador de ere&ccedil;&atilde;o f&aacute;cil de usar. Desenvolvido como uma alternativa segura, acess&iacute;vel e n&atilde;o cir&uacute;rgica a procedimentos m&eacute;dicos e p&iacute;lulas caras, seu Fantasy X-tension lhe dar&aacute; a maior, mais espessa e mais satisfat&oacute;ria vara de prazer que voc&ecirc; j&aacute; imaginou! Perfeito para homens com disfun&ccedil;&atilde;o er&eacute;til e problemas de desempenho intermedi&aacute;rios, seu novo intensificador proporcionar&aacute; resultados que ambos os parceiros ir&atilde;o adorar!<\/p>\n<p>Intensifique o prazer para voc&ecirc;s dois e adicione cent&iacute;metros instantaneamente com a extens&atilde;o Vibrating Real Feel 2 ?! Com a al&ccedil;a da bola bem enrolada em voc&ecirc;, voc&ecirc; prolongar&aacute; a ejacula&ccedil;&atilde;o para o cl&iacute;max mais explosivo que voc&ecirc; j&aacute; imaginou. Seu parceiro desfrutar&aacute; de uma penetra&ccedil;&atilde;o mais profunda com a extens&atilde;o de 2 ? na ponta, enquanto a haste ultra-realista torna voc&ecirc; 33% mais grosso ao redor. A poderosa microvibra&ccedil;&atilde;o &agrave; prova d&#039;&aacute;gua eleva as coisas &agrave; medida que os min&uacute;sculos estimuladores do clit&oacute;ris proporcionam sensa&ccedil;&otilde;es de formigamento direto no ponto mais sens&iacute;vel do seu amante. Esta extens&atilde;o realista &eacute; super el&aacute;stica para acomodar a maioria dos tamanhos, &eacute; apertada o suficiente para ajudar voc&ecirc; a durar mais e o material Fanta Flesh supermacio parece uma segunda pele &#8211; s&oacute; que melhor! Experimente no duche ou no spa e transforme a hora do banho num momento de prazer!<\/p>\n<p>A limpeza &eacute; muito f&aacute;cil depois da divers&atilde;o com o limpador de brinquedos inclu&iacute;do e &aacute;gua morna. Tamanho &uacute;nico cabe na maioria. Isto n&atilde;o &eacute; um preservativo.<\/p>\n<ul>\n<li>+ Extens&atilde;o de 2? (51 mm)<\/li>\n<li>+ Adiciona 33% de circunfer&ecirc;ncia<\/li>\n<li>+ Fanta-Flesh ultra-realista<\/li>\n<li>+ Poderosa bala &agrave; prova d&#039;&aacute;gua<\/li>\n<li>+ A al&ccedil;a esf&eacute;rica prolonga a ejacula&ccedil;&atilde;o e mant&eacute;m a extens&atilde;o no lugar<\/li>\n<li>+ Livre de ftalatos<\/li>\n<li>+ Inclui baterias GRATUITAS<\/li>\n<\/ul>\n<p>&nbsp;<\/p>\n<p style=\"text-align: center\">\n","protected":false},"excerpt":{"rendered":"<p>FANTASY X- TENSIONS &#8211; EXTENS\u00c3O VIBRAT\u00d3RIA REAL FEEL 2 PRETA<\/p>\n","protected":false},"featured_media":65690,"template":"","meta":{"_acf_changed":false},"product_brand":[],"product_cat":[17,60],"product_tag":[],"class_list":{"0":"post-10065","1":"product","2":"type-product","3":"status-publish","4":"has-post-thumbnail","6":"product_cat-brinquedos-de-bem-estar-sexual","7":"product_cat-para-eles","8":"yith_product_brand-pipedreamsfantasy-x-tensions","10":"first","11":"instock","12":"taxable","13":"shipping-taxable","14":"purchasable","15":"product-type-simple"},"acf":[],"yoast_head":"<!-- This site is optimized with the Yoast SEO plugin v27.4 - https:\/\/yoast.com\/product\/yoast-seo-wordpress\/ -->\n<title>FANTASY X- TENSIONS - EXTENS\u00c3O VIBRAT\u00d3RIA REAL FEEL 2 PRETA - Lovme<\/title>\n<meta name=\"robots\" content=\"index, follow, max-snippet:-1, max-image-preview:large, max-video-preview:-1\" \/>\n<link rel=\"canonical\" href=\"https:\/\/lovme.pt\/index.php\/produto\/fantasy-x-tensions-extensao-vibratoria-real-feel-2-preta\/\" \/>\n<meta property=\"og:locale\" content=\"pt_PT\" \/>\n<meta property=\"og:type\" content=\"article\" \/>\n<meta property=\"og:title\" content=\"FANTASY X- TENSIONS - EXTENS\u00c3O VIBRAT\u00d3RIA REAL FEEL 2 PRETA - Lovme\" \/>\n<meta property=\"og:description\" content=\"FANTASY X- TENSIONS - EXTENS\u00c3O VIBRAT\u00d3RIA REAL FEEL 2 PRETA\" \/>\n<meta property=\"og:url\" content=\"https:\/\/lovme.pt\/index.php\/produto\/fantasy-x-tensions-extensao-vibratoria-real-feel-2-preta\/\" \/>\n<meta property=\"og:site_name\" content=\"Lovme\" \/>\n<meta property=\"article:modified_time\" content=\"2026-04-14T12:37:37+00:00\" \/>\n<meta property=\"og:image\" content=\"https:\/\/erki24nd3ub.exactdn.com\/wp-content\/uploads\/dream\/img\/img_25251_a02a2a894725ee2e9e4c2a764927b767_1.jpg?strip=all\" \/>\n\t<meta property=\"og:image:width\" content=\"876\" \/>\n\t<meta property=\"og:image:height\" content=\"876\" \/>\n\t<meta property=\"og:image:type\" content=\"image\/jpeg\" \/>\n<meta name=\"twitter:card\" content=\"summary_large_image\" \/>\n<meta name=\"twitter:label1\" content=\"Tempo estimado de leitura\" \/>\n\t<meta name=\"twitter:data1\" content=\"2 minutos\" \/>\n<script type=\"application\/ld+json\" class=\"yoast-schema-graph\">{\"@context\":\"https:\\\/\\\/schema.org\",\"@graph\":[{\"@type\":\"WebPage\",\"@id\":\"https:\\\/\\\/lovme.pt\\\/index.php\\\/produto\\\/fantasy-x-tensions-extensao-vibratoria-real-feel-2-preta\\\/\",\"url\":\"https:\\\/\\\/lovme.pt\\\/index.php\\\/produto\\\/fantasy-x-tensions-extensao-vibratoria-real-feel-2-preta\\\/\",\"name\":\"FANTASY X- TENSIONS - EXTENS\u00c3O VIBRAT\u00d3RIA REAL FEEL 2 PRETA - Lovme\",\"isPartOf\":{\"@id\":\"https:\\\/\\\/lovme.pt\\\/#website\"},\"primaryImageOfPage\":{\"@id\":\"https:\\\/\\\/lovme.pt\\\/index.php\\\/produto\\\/fantasy-x-tensions-extensao-vibratoria-real-feel-2-preta\\\/#primaryimage\"},\"image\":{\"@id\":\"https:\\\/\\\/lovme.pt\\\/index.php\\\/produto\\\/fantasy-x-tensions-extensao-vibratoria-real-feel-2-preta\\\/#primaryimage\"},\"thumbnailUrl\":\"https:\\\/\\\/erki24nd3ub.exactdn.com\\\/wp-content\\\/uploads\\\/dream\\\/img\\\/img_25251_a02a2a894725ee2e9e4c2a764927b767_1.jpg?strip=all\",\"datePublished\":\"2025-09-30T20:10:41+00:00\",\"dateModified\":\"2026-04-14T12:37:37+00:00\",\"breadcrumb\":{\"@id\":\"https:\\\/\\\/lovme.pt\\\/index.php\\\/produto\\\/fantasy-x-tensions-extensao-vibratoria-real-feel-2-preta\\\/#breadcrumb\"},\"inLanguage\":\"pt-PT\",\"potentialAction\":[{\"@type\":\"ReadAction\",\"target\":[\"https:\\\/\\\/lovme.pt\\\/index.php\\\/produto\\\/fantasy-x-tensions-extensao-vibratoria-real-feel-2-preta\\\/\"]}]},{\"@type\":\"ImageObject\",\"inLanguage\":\"pt-PT\",\"@id\":\"https:\\\/\\\/lovme.pt\\\/index.php\\\/produto\\\/fantasy-x-tensions-extensao-vibratoria-real-feel-2-preta\\\/#primaryimage\",\"url\":\"https:\\\/\\\/erki24nd3ub.exactdn.com\\\/wp-content\\\/uploads\\\/dream\\\/img\\\/img_25251_a02a2a894725ee2e9e4c2a764927b767_1.jpg?strip=all\",\"contentUrl\":\"https:\\\/\\\/erki24nd3ub.exactdn.com\\\/wp-content\\\/uploads\\\/dream\\\/img\\\/img_25251_a02a2a894725ee2e9e4c2a764927b767_1.jpg?strip=all\",\"width\":876,\"height\":876},{\"@type\":\"BreadcrumbList\",\"@id\":\"https:\\\/\\\/lovme.pt\\\/index.php\\\/produto\\\/fantasy-x-tensions-extensao-vibratoria-real-feel-2-preta\\\/#breadcrumb\",\"itemListElement\":[{\"@type\":\"ListItem\",\"position\":1,\"name\":\"In\u00edcio\",\"item\":\"https:\\\/\\\/lovme.pt\\\/\"},{\"@type\":\"ListItem\",\"position\":2,\"name\":\"Loja\",\"item\":\"https:\\\/\\\/lovme.pt\\\/index.php\\\/loja\\\/\"},{\"@type\":\"ListItem\",\"position\":3,\"name\":\"FANTASY X- TENSIONS &#8211; EXTENS\u00c3O VIBRAT\u00d3RIA REAL FEEL 2 PRETA\"}]},{\"@type\":\"WebSite\",\"@id\":\"https:\\\/\\\/lovme.pt\\\/#website\",\"url\":\"https:\\\/\\\/lovme.pt\\\/\",\"name\":\"Lovme Loja Er\u00f3tica N\u00ba1 em Portugal\",\"description\":\"A melhor loja er\u00f3tica de Portugal.\",\"alternateName\":\"Loja Er\u00f3tica Lovme\",\"potentialAction\":[{\"@type\":\"SearchAction\",\"target\":{\"@type\":\"EntryPoint\",\"urlTemplate\":\"https:\\\/\\\/lovme.pt\\\/?s={search_term_string}\"},\"query-input\":{\"@type\":\"PropertyValueSpecification\",\"valueRequired\":true,\"valueName\":\"search_term_string\"}}],\"inLanguage\":\"pt-PT\"}]}<\/script>\n<!-- \/ Yoast SEO plugin. -->","yoast_head_json":{"title":"FANTASY X- TENSIONS - EXTENS\u00c3O VIBRAT\u00d3RIA REAL FEEL 2 PRETA - Lovme","robots":{"index":"index","follow":"follow","max-snippet":"max-snippet:-1","max-image-preview":"max-image-preview:large","max-video-preview":"max-video-preview:-1"},"canonical":"https:\/\/lovme.pt\/index.php\/produto\/fantasy-x-tensions-extensao-vibratoria-real-feel-2-preta\/","og_locale":"pt_PT","og_type":"article","og_title":"FANTASY X- TENSIONS - EXTENS\u00c3O VIBRAT\u00d3RIA REAL FEEL 2 PRETA - Lovme","og_description":"FANTASY X- TENSIONS - EXTENS\u00c3O VIBRAT\u00d3RIA REAL FEEL 2 PRETA","og_url":"https:\/\/lovme.pt\/index.php\/produto\/fantasy-x-tensions-extensao-vibratoria-real-feel-2-preta\/","og_site_name":"Lovme","article_modified_time":"2026-04-14T12:37:37+00:00","og_image":[{"width":876,"height":876,"url":"https:\/\/erki24nd3ub.exactdn.com\/wp-content\/uploads\/dream\/img\/img_25251_a02a2a894725ee2e9e4c2a764927b767_1.jpg?strip=all","type":"image\/jpeg"}],"twitter_card":"summary_large_image","twitter_misc":{"Tempo estimado de leitura":"2 minutos"},"schema":{"@context":"https:\/\/schema.org","@graph":[{"@type":"WebPage","@id":"https:\/\/lovme.pt\/index.php\/produto\/fantasy-x-tensions-extensao-vibratoria-real-feel-2-preta\/","url":"https:\/\/lovme.pt\/index.php\/produto\/fantasy-x-tensions-extensao-vibratoria-real-feel-2-preta\/","name":"FANTASY X- TENSIONS - EXTENS\u00c3O VIBRAT\u00d3RIA REAL FEEL 2 PRETA - Lovme","isPartOf":{"@id":"https:\/\/lovme.pt\/#website"},"primaryImageOfPage":{"@id":"https:\/\/lovme.pt\/index.php\/produto\/fantasy-x-tensions-extensao-vibratoria-real-feel-2-preta\/#primaryimage"},"image":{"@id":"https:\/\/lovme.pt\/index.php\/produto\/fantasy-x-tensions-extensao-vibratoria-real-feel-2-preta\/#primaryimage"},"thumbnailUrl":"https:\/\/erki24nd3ub.exactdn.com\/wp-content\/uploads\/dream\/img\/img_25251_a02a2a894725ee2e9e4c2a764927b767_1.jpg?strip=all","datePublished":"2025-09-30T20:10:41+00:00","dateModified":"2026-04-14T12:37:37+00:00","breadcrumb":{"@id":"https:\/\/lovme.pt\/index.php\/produto\/fantasy-x-tensions-extensao-vibratoria-real-feel-2-preta\/#breadcrumb"},"inLanguage":"pt-PT","potentialAction":[{"@type":"ReadAction","target":["https:\/\/lovme.pt\/index.php\/produto\/fantasy-x-tensions-extensao-vibratoria-real-feel-2-preta\/"]}]},{"@type":"ImageObject","inLanguage":"pt-PT","@id":"https:\/\/lovme.pt\/index.php\/produto\/fantasy-x-tensions-extensao-vibratoria-real-feel-2-preta\/#primaryimage","url":"https:\/\/erki24nd3ub.exactdn.com\/wp-content\/uploads\/dream\/img\/img_25251_a02a2a894725ee2e9e4c2a764927b767_1.jpg?strip=all","contentUrl":"https:\/\/erki24nd3ub.exactdn.com\/wp-content\/uploads\/dream\/img\/img_25251_a02a2a894725ee2e9e4c2a764927b767_1.jpg?strip=all","width":876,"height":876},{"@type":"BreadcrumbList","@id":"https:\/\/lovme.pt\/index.php\/produto\/fantasy-x-tensions-extensao-vibratoria-real-feel-2-preta\/#breadcrumb","itemListElement":[{"@type":"ListItem","position":1,"name":"In\u00edcio","item":"https:\/\/lovme.pt\/"},{"@type":"ListItem","position":2,"name":"Loja","item":"https:\/\/lovme.pt\/index.php\/loja\/"},{"@type":"ListItem","position":3,"name":"FANTASY X- TENSIONS &#8211; EXTENS\u00c3O VIBRAT\u00d3RIA REAL FEEL 2 PRETA"}]},{"@type":"WebSite","@id":"https:\/\/lovme.pt\/#website","url":"https:\/\/lovme.pt\/","name":"Lovme Loja Er\u00f3tica N\u00ba1 em Portugal","description":"A melhor loja er\u00f3tica de Portugal.","alternateName":"Loja Er\u00f3tica Lovme","potentialAction":[{"@type":"SearchAction","target":{"@type":"EntryPoint","urlTemplate":"https:\/\/lovme.pt\/?s={search_term_string}"},"query-input":{"@type":"PropertyValueSpecification","valueRequired":true,"valueName":"search_term_string"}}],"inLanguage":"pt-PT"}]}},"_links":{"self":[{"href":"https:\/\/lovme.pt\/index.php\/wp-json\/wp\/v2\/product\/10065","targetHints":{"allow":["GET"]}}],"collection":[{"href":"https:\/\/lovme.pt\/index.php\/wp-json\/wp\/v2\/product"}],"about":[{"href":"https:\/\/lovme.pt\/index.php\/wp-json\/wp\/v2\/types\/product"}],"wp:featuredmedia":[{"embeddable":true,"href":"https:\/\/lovme.pt\/index.php\/wp-json\/wp\/v2\/media\/65690"}],"wp:attachment":[{"href":"https:\/\/lovme.pt\/index.php\/wp-json\/wp\/v2\/media?parent=10065"}],"wp:term":[{"taxonomy":"product_brand","embeddable":true,"href":"https:\/\/lovme.pt\/index.php\/wp-json\/wp\/v2\/product_brand?post=10065"},{"taxonomy":"product_cat","embeddable":true,"href":"https:\/\/lovme.pt\/index.php\/wp-json\/wp\/v2\/product_cat?post=10065"},{"taxonomy":"product_tag","embeddable":true,"href":"https:\/\/lovme.pt\/index.php\/wp-json\/wp\/v2\/product_tag?post=10065"}],"curies":[{"name":"wp","href":"https:\/\/api.w.org\/{rel}","templated":true}]}}