{"id":118466,"date":"2026-04-10T19:37:45","date_gmt":"2026-04-10T19:37:45","guid":{"rendered":"https:\/\/lovme.pt\/?page_id=118466"},"modified":"2026-04-10T19:42:50","modified_gmt":"2026-04-10T19:42:50","slug":"sugador-de-clitoris","status":"publish","type":"page","link":"https:\/\/lovme.pt\/index.php\/sugador-de-clitoris\/","title":{"rendered":"Sugador de Clit\u00f3ris"},"content":{"rendered":"","protected":false},"excerpt":{"rendered":"","protected":false},"author":3,"featured_media":0,"parent":0,"menu_order":0,"comment_status":"closed","ping_status":"closed","template":"","meta":{"_acf_changed":false,"footnotes":""},"class_list":["post-118466","page","type-page","status-publish","hentry"],"acf":[],"yoast_head":"<!-- This site is optimized with the Yoast SEO plugin v27.4 - https:\/\/yoast.com\/product\/yoast-seo-wordpress\/ -->\n<title>Sugador de Clit\u00f3ris L\u00edder de Vendas<\/title>\n<meta name=\"description\" content=\"Se ainda est\u00e1s na d\u00favida se deves investir num destes brinquedos, aqui est\u00e3o os principais benef\u00edcios relatados pelas nossas clientes:\" \/>\n<meta name=\"robots\" content=\"index, follow, max-snippet:-1, max-image-preview:large, max-video-preview:-1\" \/>\n<link rel=\"canonical\" href=\"https:\/\/lovme.pt\/index.php\/sugador-de-clitoris\/\" \/>\n<meta property=\"og:locale\" content=\"pt_PT\" \/>\n<meta property=\"og:type\" content=\"article\" \/>\n<meta property=\"og:title\" content=\"Sugador de Clit\u00f3ris L\u00edder de Vendas\" \/>\n<meta property=\"og:description\" content=\"Se ainda est\u00e1s na d\u00favida se deves investir num destes brinquedos, aqui est\u00e3o os principais benef\u00edcios relatados pelas nossas clientes:\" \/>\n<meta property=\"og:url\" content=\"https:\/\/lovme.pt\/index.php\/sugador-de-clitoris\/\" \/>\n<meta property=\"og:site_name\" content=\"Lovme\" \/>\n<meta property=\"article:modified_time\" content=\"2026-04-10T19:42:50+00:00\" \/>\n<meta name=\"twitter:card\" content=\"summary_large_image\" \/>\n<meta name=\"twitter:label1\" content=\"Tempo estimado de leitura\" \/>\n\t<meta name=\"twitter:data1\" content=\"3 minutos\" \/>\n<script type=\"application\/ld+json\" class=\"yoast-schema-graph\">{\"@context\":\"https:\\\/\\\/schema.org\",\"@graph\":[{\"@type\":\"WebPage\",\"@id\":\"https:\\\/\\\/lovme.pt\\\/index.php\\\/sugador-de-clitoris\\\/\",\"url\":\"https:\\\/\\\/lovme.pt\\\/index.php\\\/sugador-de-clitoris\\\/\",\"name\":\"Sugador de Clit\u00f3ris L\u00edder de Vendas\",\"isPartOf\":{\"@id\":\"https:\\\/\\\/lovme.pt\\\/#website\"},\"datePublished\":\"2026-04-10T19:37:45+00:00\",\"dateModified\":\"2026-04-10T19:42:50+00:00\",\"description\":\"Se ainda est\u00e1s na d\u00favida se deves investir num destes brinquedos, aqui est\u00e3o os principais benef\u00edcios relatados pelas nossas clientes:\",\"breadcrumb\":{\"@id\":\"https:\\\/\\\/lovme.pt\\\/index.php\\\/sugador-de-clitoris\\\/#breadcrumb\"},\"inLanguage\":\"pt-PT\",\"potentialAction\":[{\"@type\":\"ReadAction\",\"target\":[\"https:\\\/\\\/lovme.pt\\\/index.php\\\/sugador-de-clitoris\\\/\"]}]},{\"@type\":\"BreadcrumbList\",\"@id\":\"https:\\\/\\\/lovme.pt\\\/index.php\\\/sugador-de-clitoris\\\/#breadcrumb\",\"itemListElement\":[{\"@type\":\"ListItem\",\"position\":1,\"name\":\"In\u00edcio\",\"item\":\"https:\\\/\\\/lovme.pt\\\/\"},{\"@type\":\"ListItem\",\"position\":2,\"name\":\"Sugador de Clit\u00f3ris\"}]},{\"@type\":\"WebSite\",\"@id\":\"https:\\\/\\\/lovme.pt\\\/#website\",\"url\":\"https:\\\/\\\/lovme.pt\\\/\",\"name\":\"Lovme Loja Er\u00f3tica N\u00ba1 em Portugal\",\"description\":\"A melhor loja er\u00f3tica de Portugal.\",\"alternateName\":\"Loja Er\u00f3tica Lovme\",\"potentialAction\":[{\"@type\":\"SearchAction\",\"target\":{\"@type\":\"EntryPoint\",\"urlTemplate\":\"https:\\\/\\\/lovme.pt\\\/?s={search_term_string}\"},\"query-input\":{\"@type\":\"PropertyValueSpecification\",\"valueRequired\":true,\"valueName\":\"search_term_string\"}}],\"inLanguage\":\"pt-PT\"}]}<\/script>\n<!-- \/ Yoast SEO plugin. -->","yoast_head_json":{"title":"Sugador de Clit\u00f3ris L\u00edder de Vendas","description":"Se ainda est\u00e1s na d\u00favida se deves investir num destes brinquedos, aqui est\u00e3o os principais benef\u00edcios relatados pelas nossas clientes:","robots":{"index":"index","follow":"follow","max-snippet":"max-snippet:-1","max-image-preview":"max-image-preview:large","max-video-preview":"max-video-preview:-1"},"canonical":"https:\/\/lovme.pt\/index.php\/sugador-de-clitoris\/","og_locale":"pt_PT","og_type":"article","og_title":"Sugador de Clit\u00f3ris L\u00edder de Vendas","og_description":"Se ainda est\u00e1s na d\u00favida se deves investir num destes brinquedos, aqui est\u00e3o os principais benef\u00edcios relatados pelas nossas clientes:","og_url":"https:\/\/lovme.pt\/index.php\/sugador-de-clitoris\/","og_site_name":"Lovme","article_modified_time":"2026-04-10T19:42:50+00:00","twitter_card":"summary_large_image","twitter_misc":{"Tempo estimado de leitura":"3 minutos"},"schema":{"@context":"https:\/\/schema.org","@graph":[{"@type":"WebPage","@id":"https:\/\/lovme.pt\/index.php\/sugador-de-clitoris\/","url":"https:\/\/lovme.pt\/index.php\/sugador-de-clitoris\/","name":"Sugador de Clit\u00f3ris L\u00edder de Vendas","isPartOf":{"@id":"https:\/\/lovme.pt\/#website"},"datePublished":"2026-04-10T19:37:45+00:00","dateModified":"2026-04-10T19:42:50+00:00","description":"Se ainda est\u00e1s na d\u00favida se deves investir num destes brinquedos, aqui est\u00e3o os principais benef\u00edcios relatados pelas nossas clientes:","breadcrumb":{"@id":"https:\/\/lovme.pt\/index.php\/sugador-de-clitoris\/#breadcrumb"},"inLanguage":"pt-PT","potentialAction":[{"@type":"ReadAction","target":["https:\/\/lovme.pt\/index.php\/sugador-de-clitoris\/"]}]},{"@type":"BreadcrumbList","@id":"https:\/\/lovme.pt\/index.php\/sugador-de-clitoris\/#breadcrumb","itemListElement":[{"@type":"ListItem","position":1,"name":"In\u00edcio","item":"https:\/\/lovme.pt\/"},{"@type":"ListItem","position":2,"name":"Sugador de Clit\u00f3ris"}]},{"@type":"WebSite","@id":"https:\/\/lovme.pt\/#website","url":"https:\/\/lovme.pt\/","name":"Lovme Loja Er\u00f3tica N\u00ba1 em Portugal","description":"A melhor loja er\u00f3tica de Portugal.","alternateName":"Loja Er\u00f3tica Lovme","potentialAction":[{"@type":"SearchAction","target":{"@type":"EntryPoint","urlTemplate":"https:\/\/lovme.pt\/?s={search_term_string}"},"query-input":{"@type":"PropertyValueSpecification","valueRequired":true,"valueName":"search_term_string"}}],"inLanguage":"pt-PT"}]}},"_links":{"self":[{"href":"https:\/\/lovme.pt\/index.php\/wp-json\/wp\/v2\/pages\/118466","targetHints":{"allow":["GET"]}}],"collection":[{"href":"https:\/\/lovme.pt\/index.php\/wp-json\/wp\/v2\/pages"}],"about":[{"href":"https:\/\/lovme.pt\/index.php\/wp-json\/wp\/v2\/types\/page"}],"author":[{"embeddable":true,"href":"https:\/\/lovme.pt\/index.php\/wp-json\/wp\/v2\/users\/3"}],"replies":[{"embeddable":true,"href":"https:\/\/lovme.pt\/index.php\/wp-json\/wp\/v2\/comments?post=118466"}],"version-history":[{"count":5,"href":"https:\/\/lovme.pt\/index.php\/wp-json\/wp\/v2\/pages\/118466\/revisions"}],"predecessor-version":[{"id":118473,"href":"https:\/\/lovme.pt\/index.php\/wp-json\/wp\/v2\/pages\/118466\/revisions\/118473"}],"wp:attachment":[{"href":"https:\/\/lovme.pt\/index.php\/wp-json\/wp\/v2\/media?parent=118466"}],"curies":[{"name":"wp","href":"https:\/\/api.w.org\/{rel}","templated":true}]}}